{"id":1074,"date":"2025-08-25T09:51:51","date_gmt":"2025-08-25T07:51:51","guid":{"rendered":"https:\/\/vozolpuff.de\/?post_type=product&#038;p=1074"},"modified":"2026-04-26T04:52:06","modified_gmt":"2026-04-26T02:52:06","slug":"vozol-gear-power-20000-double-apple-ice","status":"publish","type":"product","link":"https:\/\/vozolpuff.de\/hu\/termek\/vozol-gear-power-20000-double-apple-ice\/","title":{"rendered":"Vozol Gear Power 20000 dupla alma j\u00e9g"},"content":{"rendered":"<h2 class=\"text-xl font-bold text-text-100 mt-1 -mb-0.5\">Vozol Gear Power 20000 Double Apple Ice eldobhat\u00f3 vape<\/h2>\n<p class=\"whitespace-normal break-words\">\u00c9lvezze a piros \u00e9s z\u00f6ld alma kombin\u00e1ci\u00f3j\u00e1t friss\u00edt\u0151en h\u0171s\u00edt\u0151 \u00edzzel a Vozol Gear Power 20000 Double Apple Ice-ban. Ez az innovat\u00edv eldobhat\u00f3 e-cigaretta rugalmas haszn\u00e1lati idej\u00e9vel \u00e9s korszer\u0171 funkci\u00f3ival ny\u0171g\u00f6z le. Az intelligens kijelz\u0151 folyamatosan t\u00e1j\u00e9koztatja \u00d6nt az aktu\u00e1lis \u00e1llapotr\u00f3l.<\/p>\n<h3 class=\"text-lg font-bold text-text-100 mt-1 -mb-1.5\">M\u0171szaki jellemz\u0151k:<\/h3>\n<p class=\"whitespace-normal break-words\"><strong>Bizony\u00edtott S.i.L.C. technol\u00f3gia:<\/strong> Garant\u00e1ltan egyenletes min\u0151s\u00e9g \u00e9s \u00edz tisztas\u00e1g<\/p>\n<p class=\"whitespace-normal break-words\"><strong>V\u00e1ltoz\u00f3 felhaszn\u00e1l\u00e1si m\u00f3dok:<\/strong> D\u00f6nts\u00f6n a hossz\u00fa \u00e9lettartam\u00fa 20,000 vagy a nagy teljes\u00edtm\u00e9ny\u0171 12,000 h\u00faz\u00e1s k\u00f6z\u00f6tt<\/p>\n<p class=\"whitespace-normal break-words\"><strong>Professzion\u00e1lis h\u00e1l\u00f3s rendszer:<\/strong> Maximaliz\u00e1lja az \u00edzkihozatal \u00e9s a g\u0151z min\u0151s\u00e9g\u00e9t<\/p>\n<p class=\"whitespace-normal break-words\"><strong>Intelligens kijelz\u0151 funkci\u00f3:<\/strong> Az akkumul\u00e1tor \u00e9s a t\u00f6lt\u00f6tts\u00e9gi szint adatainak \u00e1lland\u00f3 kijelz\u00e9se<\/p>\n<p class=\"whitespace-normal break-words\"><strong>Pr\u00e9mium folyad\u00e9ktart\u00e1ly:<\/strong> 20mL tartalom bizony\u00edtottan 5% (50mg) nikotin koncentr\u00e1ci\u00f3val<\/p>\n<h3 class=\"text-lg font-bold text-text-100 mt-1 -mb-1.5\">Fedezzen fel t\u00f6bb VOZOL VAPE-t a vozolpuff-on<\/h3>\n<p class=\"whitespace-normal break-words\">Tov\u00e1bbi pr\u00e9mium term\u00e9kek a <strong><a class=\"underline\" href=\"https:\/\/vozolpuff.de\/hu\/\">vozolpuff.de<\/a><\/strong>, fedezze fel a <strong><a class=\"underline\" href=\"https:\/\/vozolpuff.de\/hu\/product-category\/vozol-vape\/\">VOZOL VAPE<\/a><\/strong> szekci\u00f3ban, vagy b\u00f6ng\u00e9szhet az \u00f6sszes <strong><a class=\"underline\" href=\"https:\/\/vozolpuff.de\/hu\/product-category\/vozol-vape\/vozol-gear-power-20000\/\">Vozol Gear Power 20000<\/a><\/strong> \u00cdzv\u00e1laszt\u00e9k.<\/p>","protected":false},"excerpt":{"rendered":"<p>A Vozol Gear Power 20000 Double Apple Ice eldobhat\u00f3 vape a piros \u00e9s z\u00f6ld alm\u00e1t \u00f6tv\u00f6zi a h\u0171v\u00f6s frissess\u00e9ggel. Az S.i.L.C. technol\u00f3gia \u00e9s a 650mAh-s akkumul\u00e1tor 12 000-20 000 slukkot tesz lehet\u0151v\u00e9 v\u00e1ltoz\u00f3 \u00fczemm\u00f3dokban. Az intelligens kijelz\u0151 mutatja az akkumul\u00e1tor \u00e9s a t\u00f6lt\u00f6tts\u00e9gi szintet az optim\u00e1lis haszn\u00e1lat \u00e9rdek\u00e9ben.<\/p>","protected":false},"featured_media":1076,"comment_status":"open","ping_status":"closed","template":"","meta":{"_acf_changed":false},"product_brand":[],"product_cat":[33],"product_tag":[],"class_list":{"0":"post-1074","1":"product","2":"type-product","3":"status-publish","4":"has-post-thumbnail","6":"product_cat-vozol-gear-power-20000","8":"first","9":"instock","10":"shipping-taxable","11":"purchasable","12":"product-type-variable"},"acf":[],"_links":{"self":[{"href":"https:\/\/vozolpuff.de\/hu\/wp-json\/wp\/v2\/product\/1074","targetHints":{"allow":["GET"]}}],"collection":[{"href":"https:\/\/vozolpuff.de\/hu\/wp-json\/wp\/v2\/product"}],"about":[{"href":"https:\/\/vozolpuff.de\/hu\/wp-json\/wp\/v2\/types\/product"}],"replies":[{"embeddable":true,"href":"https:\/\/vozolpuff.de\/hu\/wp-json\/wp\/v2\/comments?post=1074"}],"wp:featuredmedia":[{"embeddable":true,"href":"https:\/\/vozolpuff.de\/hu\/wp-json\/wp\/v2\/media\/1076"}],"wp:attachment":[{"href":"https:\/\/vozolpuff.de\/hu\/wp-json\/wp\/v2\/media?parent=1074"}],"wp:term":[{"taxonomy":"product_brand","embeddable":true,"href":"https:\/\/vozolpuff.de\/hu\/wp-json\/wp\/v2\/product_brand?post=1074"},{"taxonomy":"product_cat","embeddable":true,"href":"https:\/\/vozolpuff.de\/hu\/wp-json\/wp\/v2\/product_cat?post=1074"},{"taxonomy":"product_tag","embeddable":true,"href":"https:\/\/vozolpuff.de\/hu\/wp-json\/wp\/v2\/product_tag?post=1074"}],"curies":[{"name":"wp","href":"https:\/\/api.w.org\/{rel}","templated":true}]}}