{"id":1080,"date":"2025-08-25T09:57:43","date_gmt":"2025-08-25T07:57:43","guid":{"rendered":"https:\/\/vozolpuff.de\/?post_type=product&#038;p=1080"},"modified":"2026-04-26T04:51:59","modified_gmt":"2026-04-26T02:51:59","slug":"vozol-gear-power-20000-lavafire","status":"publish","type":"product","link":"https:\/\/vozolpuff.de\/hu\/termek\/vozol-gear-power-20000-lavafire\/","title":{"rendered":"Vozol Gear Power 20000 Lavafire"},"content":{"rendered":"<h2 class=\"text-xl font-bold text-text-100 mt-1 -mb-0.5\">Vozol Gear Power 20000 Lavafire eldobhat\u00f3 vape<\/h2>\n<p class=\"whitespace-normal break-words\">A Vozol Gear Power 20000 Lavafire a tr\u00f3pusi anan\u00e1sz, az \u00e9des eper \u00e9s a kr\u00e9mes k\u00f3kusz kombin\u00e1ci\u00f3j\u00e1val egzotikus \u00edz\u00e9lm\u00e9nyt ny\u00fajt. A leny\u0171g\u00f6z\u0151, 12 000-20 000 puffol\u00e1sos hat\u00f3t\u00e1vols\u00e1g\u00e1val \u00e9s a forradalmi S.i.L.C Mesh technol\u00f3gi\u00e1val \u00faj m\u00e9rc\u00e9t \u00e1ll\u00edt fel az eldobhat\u00f3 vape szegmensben. Az er\u0151teljes 650mAh-s akkumul\u00e1tor megb\u00edzhat\u00f3 teljes\u00edtm\u00e9nyt biztos\u00edt az utols\u00f3 slukkig.<\/p>\n<h3 class=\"text-lg font-bold text-text-100 mt-1 -mb-1.5\">A term\u00e9k jellemz\u0151i:<\/h3>\n<p class=\"whitespace-normal break-words\"><strong>Magasan fejlett S.i.L.C. technol\u00f3gia:<\/strong> Kiv\u00e9telesen tiszta \u00e9s intenz\u00edv \u00edzreprodukci\u00f3t tesz lehet\u0151v\u00e9<\/p>\n<p class=\"whitespace-normal break-words\"><strong>Kett\u0151s \u00fczemm\u00f3d\u00fa funkcionalit\u00e1s:<\/strong> V\u00e1lasszon a tart\u00f3s 20.000 vagy az intenz\u00edv 12.000 slukk k\u00f6z\u00f6tt.<\/p>\n<p class=\"whitespace-normal break-words\"><strong>Optimaliz\u00e1lt tekercskialak\u00edt\u00e1s:<\/strong> Jelent\u0151sen n\u00f6veli mind az \u00edz intenzit\u00e1s\u00e1t, mind a g\u0151z mennyis\u00e9g\u00e9t.<\/p>\n<p class=\"whitespace-normal break-words\"><strong>Teljes kijelz\u0151integr\u00e1ci\u00f3:<\/strong> Vil\u00e1gosan megjelen\u00edti az \u00f6sszes fontos m\u0171k\u00f6d\u00e9si adatot<\/p>\n<p class=\"whitespace-normal break-words\"><strong>Nagy kapacit\u00e1s\u00fa rendszer:<\/strong> 20ml e-folyad\u00e9k k\u00e9szlet 5% (50mg) nikotin er\u0151ss\u00e9ggel<\/p>\n<h3 class=\"text-lg font-bold text-text-100 mt-1 -mb-1.5\">Fedezzen fel t\u00f6bb VOZOL VAPE-t a vozolpuff-on<\/h3>\n<p class=\"whitespace-normal break-words\">Tekintse meg a t\u00f6bbi innov\u00e1ci\u00f3t a <strong><a class=\"underline\" href=\"https:\/\/vozolpuff.de\/hu\/\">vozolpuff.de<\/a><\/strong> fedezze fel a <strong><a class=\"underline\" href=\"https:\/\/vozolpuff.de\/hu\/product-category\/vozol-vape\/\">VOZOL VAPE<\/a><\/strong> term\u00e9kcsal\u00e1d vagy v\u00e1lasszon a teljes <strong><a class=\"underline\" href=\"https:\/\/vozolpuff.de\/hu\/product-category\/vozol-vape\/vozol-gear-power-20000\/\">Vozol Gear Power 20000<\/a><\/strong> Gy\u0171jtem\u00e9ny.<\/p>","protected":false},"excerpt":{"rendered":"<p>A Vozol Gear Power 20000 Lavafire eldobhat\u00f3 vape a tr\u00f3pusi anan\u00e1szt, az \u00e9des epret \u00e9s a kr\u00e9mes k\u00f3kuszdi\u00f3t \u00f6tv\u00f6zi. Az S.i.L.C. h\u00e1l\u00f3s technol\u00f3gia \u00e9s a 650mAh-s akkumul\u00e1tor 12 000-20 000 slukkot k\u00edn\u00e1l k\u00e9t \u00fczemm\u00f3dban. A teljes kijelz\u0151 integr\u00e1ci\u00f3 minden m\u0171k\u00f6d\u00e9si adatot mutat.<\/p>","protected":false},"featured_media":1082,"comment_status":"open","ping_status":"closed","template":"","meta":{"_acf_changed":false},"product_brand":[],"product_cat":[33],"product_tag":[],"class_list":{"0":"post-1080","1":"product","2":"type-product","3":"status-publish","4":"has-post-thumbnail","6":"product_cat-vozol-gear-power-20000","8":"first","9":"instock","10":"shipping-taxable","11":"purchasable","12":"product-type-variable"},"acf":[],"_links":{"self":[{"href":"https:\/\/vozolpuff.de\/hu\/wp-json\/wp\/v2\/product\/1080","targetHints":{"allow":["GET"]}}],"collection":[{"href":"https:\/\/vozolpuff.de\/hu\/wp-json\/wp\/v2\/product"}],"about":[{"href":"https:\/\/vozolpuff.de\/hu\/wp-json\/wp\/v2\/types\/product"}],"replies":[{"embeddable":true,"href":"https:\/\/vozolpuff.de\/hu\/wp-json\/wp\/v2\/comments?post=1080"}],"wp:featuredmedia":[{"embeddable":true,"href":"https:\/\/vozolpuff.de\/hu\/wp-json\/wp\/v2\/media\/1082"}],"wp:attachment":[{"href":"https:\/\/vozolpuff.de\/hu\/wp-json\/wp\/v2\/media?parent=1080"}],"wp:term":[{"taxonomy":"product_brand","embeddable":true,"href":"https:\/\/vozolpuff.de\/hu\/wp-json\/wp\/v2\/product_brand?post=1080"},{"taxonomy":"product_cat","embeddable":true,"href":"https:\/\/vozolpuff.de\/hu\/wp-json\/wp\/v2\/product_cat?post=1080"},{"taxonomy":"product_tag","embeddable":true,"href":"https:\/\/vozolpuff.de\/hu\/wp-json\/wp\/v2\/product_tag?post=1080"}],"curies":[{"name":"wp","href":"https:\/\/api.w.org\/{rel}","templated":true}]}}