{"id":1087,"date":"2025-08-25T10:01:06","date_gmt":"2025-08-25T08:01:06","guid":{"rendered":"https:\/\/vozolpuff.de\/?post_type=product&#038;p=1087"},"modified":"2026-04-26T04:51:53","modified_gmt":"2026-04-26T02:51:53","slug":"vozol-gear-power-20000-blueberry-storm","status":"publish","type":"product","link":"https:\/\/vozolpuff.de\/hu\/termek\/vozol-gear-power-20000-blueberry-storm\/","title":{"rendered":"Vozol Gear Power 20000 \u00e1fonya vihar"},"content":{"rendered":"<h2 class=\"text-xl font-bold text-text-100 mt-1 -mb-0.5\">Vozol Gear Power 20000 Blueberry Storm eldobhat\u00f3 vape<\/h2>\n<p class=\"whitespace-normal break-words\">Tapasztald meg a Blueberry Storm izgalmas \u00edz\u00e9t a Vozol Gear Power 20000-zal, egy kiv\u00e9teles eldobhat\u00f3 e-cigarett\u00e1val, amely az \u00e9des \u00e1fony\u00e1t viharos \u00edzprofillal \u00e9s a legmodernebb vaping technol\u00f3gi\u00e1val \u00f6tv\u00f6zi. A kett\u0151s h\u00e1l\u00f3s tekercsrendszer p\u00e1ratlan \u00edzkifejl\u0151d\u00e9st biztos\u00edt minden egyes haszn\u00e1lat sor\u00e1n.<\/p>\n<h3 class=\"text-lg font-bold text-text-100 mt-1 -mb-1.5\">Felszerelts\u00e9gi jellemz\u0151k:<\/h3>\n<p class=\"whitespace-normal break-words\"><strong>Prec\u00edz S.i.L.C. technol\u00f3gia:<\/strong> Biztos\u00edtja az egyenletes g\u0151zmin\u0151s\u00e9get \u00e9s a tiszta \u00edz\u00e9lm\u00e9nyt<\/p>\n<p class=\"whitespace-normal break-words\"><strong>Intelligens \u00fczemm\u00f3dok:<\/strong> Haszn\u00e1ljon 20 000 f\u00faj\u00e1st takar\u00e9kos \u00fczemm\u00f3dban vagy 12 000 f\u00faj\u00e1st nagy teljes\u00edtm\u00e9ny\u0171 \u00fczemm\u00f3dban.<\/p>\n<p class=\"whitespace-normal break-words\"><strong>Fejlett h\u00e1l\u00f3s technol\u00f3gia:<\/strong> Jelent\u0151sen jav\u00edtja az \u00edz\u00e1tvitelt \u00e9s a g\u0151ztermel\u00e9st.<\/p>\n<p class=\"whitespace-normal break-words\"><strong>Interakt\u00edv LED kijelz\u0151:<\/strong> \u00c1lland\u00f3 ellen\u0151rz\u00e9st biztos\u00edt az \u00f6sszes eszk\u00f6zparam\u00e9ter felett<\/p>\n<p class=\"whitespace-normal break-words\"><strong>T\u00e9rfogat e-folyad\u00e9k tart\u00e1ly:<\/strong> 20ml kapacit\u00e1s\u00fa, professzion\u00e1lis 5% (50mg) nikotin formul\u00e1val.<\/p>\n<h3 class=\"text-lg font-bold text-text-100 mt-1 -mb-1.5\">Fedezzen fel t\u00f6bb VOZOL VAPE-t a vozolpuff-on<\/h3>\n<p class=\"whitespace-normal break-words\">Fedezze fel teljes k\u00edn\u00e1latunkat a <strong><a class=\"underline\" href=\"https:\/\/vozolpuff.de\/hu\/\">vozolpuff.de<\/a><\/strong>l\u00e1togasson el a <strong><a class=\"underline\" href=\"https:\/\/vozolpuff.de\/hu\/product-category\/vozol-vape\/\">VOZOL VAPE<\/a><\/strong> oszt\u00e1ly vagy fedezze fel az \u00f6sszes <strong><a class=\"underline\" href=\"https:\/\/vozolpuff.de\/hu\/product-category\/vozol-vape\/vozol-gear-power-20000\/\">Vozol Gear Power 20000<\/a><\/strong> \u00cdzek.<\/p>","protected":false},"excerpt":{"rendered":"<p>A Vozol Gear Power 20000 Blueberry Storm eldobhat\u00f3 vape intenz\u00edv \u00e1fonya \u00edzt k\u00edn\u00e1l viharos jelleggel. Az S.i.L.C technol\u00f3gia \u00e9s a kett\u0151s h\u00e1l\u00f3s rendszer 12 000-20 000 sz\u00edv\u00e1st biztos\u00edt k\u00e9t \u00fczemm\u00f3dban. LED kijelz\u0151 mutatja az \u00f6sszes k\u00e9sz\u00fcl\u00e9k param\u00e9tert az optim\u00e1lis vez\u00e9rl\u00e9s \u00e9rdek\u00e9ben.<\/p>","protected":false},"featured_media":1089,"comment_status":"open","ping_status":"closed","template":"","meta":{"_acf_changed":false},"product_brand":[],"product_cat":[33],"product_tag":[],"class_list":{"0":"post-1087","1":"product","2":"type-product","3":"status-publish","4":"has-post-thumbnail","6":"product_cat-vozol-gear-power-20000","8":"first","9":"instock","10":"shipping-taxable","11":"purchasable","12":"product-type-variable"},"acf":[],"_links":{"self":[{"href":"https:\/\/vozolpuff.de\/hu\/wp-json\/wp\/v2\/product\/1087","targetHints":{"allow":["GET"]}}],"collection":[{"href":"https:\/\/vozolpuff.de\/hu\/wp-json\/wp\/v2\/product"}],"about":[{"href":"https:\/\/vozolpuff.de\/hu\/wp-json\/wp\/v2\/types\/product"}],"replies":[{"embeddable":true,"href":"https:\/\/vozolpuff.de\/hu\/wp-json\/wp\/v2\/comments?post=1087"}],"wp:featuredmedia":[{"embeddable":true,"href":"https:\/\/vozolpuff.de\/hu\/wp-json\/wp\/v2\/media\/1089"}],"wp:attachment":[{"href":"https:\/\/vozolpuff.de\/hu\/wp-json\/wp\/v2\/media?parent=1087"}],"wp:term":[{"taxonomy":"product_brand","embeddable":true,"href":"https:\/\/vozolpuff.de\/hu\/wp-json\/wp\/v2\/product_brand?post=1087"},{"taxonomy":"product_cat","embeddable":true,"href":"https:\/\/vozolpuff.de\/hu\/wp-json\/wp\/v2\/product_cat?post=1087"},{"taxonomy":"product_tag","embeddable":true,"href":"https:\/\/vozolpuff.de\/hu\/wp-json\/wp\/v2\/product_tag?post=1087"}],"curies":[{"name":"wp","href":"https:\/\/api.w.org\/{rel}","templated":true}]}}