{"id":1093,"date":"2025-08-25T10:04:01","date_gmt":"2025-08-25T08:04:01","guid":{"rendered":"https:\/\/vozolpuff.de\/?post_type=product&#038;p=1093"},"modified":"2026-04-26T04:51:46","modified_gmt":"2026-04-26T02:51:46","slug":"vozol-gear-power-20000-blue-mojito","status":"publish","type":"product","link":"https:\/\/vozolpuff.de\/hu\/termek\/vozol-gear-power-20000-blue-mojito\/","title":{"rendered":"Vozol Gear Power 20000 k\u00e9k Mojito"},"content":{"rendered":"<h2 class=\"text-xl font-bold text-text-100 mt-1 -mb-0.5\">Vozol Gear Power 20000 Blue Mojito k\u00e9k Mojito eldobhat\u00f3 vape<\/h2>\n<p class=\"whitespace-normal break-words\">A Vozol Gear Power 20000 Blue Mojito egy klasszikus kokt\u00e9l friss\u00edt\u0151 \u00edz\u00e9t hozza el a p\u00e1rolg\u00e1s vil\u00e1g\u00e1ba. Ez a kifinomult eldobhat\u00f3 vape leny\u0171g\u00f6z innovat\u00edv technol\u00f3gi\u00e1j\u00e1val \u00e9s a k\u00e9t k\u00fcl\u00f6nb\u00f6z\u0151 teljes\u00edtm\u00e9ny \u00fczemm\u00f3d k\u00f6z\u00f6tti rugalmas v\u00e1lt\u00e1ssal. Az \u00e1ttekinthet\u0151 kijelz\u0151nek k\u00f6sz\u00f6nhet\u0151en mindig teljes kontrollt biztos\u00edt.<\/p>\n<h3 class=\"text-lg font-bold text-text-100 mt-1 -mb-1.5\">Alapvet\u0151 funkci\u00f3k:<\/h3>\n<p class=\"whitespace-normal break-words\"><strong>Forradalmi S.i.L.C. technol\u00f3gia:<\/strong> P\u00e1ratlan tisztas\u00e1got \u00e9s \u00edzkonzisztenci\u00e1t k\u00edn\u00e1l<\/p>\n<p class=\"whitespace-normal break-words\"><strong>Rugalmas teljes\u00edtm\u00e9nybe\u00e1ll\u00edt\u00e1sok:<\/strong> V\u00e1lasszon a hat\u00e9kony 20,000 vagy a nagy teljes\u00edtm\u00e9ny\u0171 12,000 h\u00faz\u00f3er\u0151 k\u00f6z\u00fcl<\/p>\n<p class=\"whitespace-normal break-words\"><strong>Kett\u0151s h\u00e1l\u00f3s tekercs koncepci\u00f3:<\/strong> Fokozza az \u00edz m\u00e9lys\u00e9g\u00e9t \u00e9s optimaliz\u00e1lja a g\u0151zfejl\u0151d\u00e9st<\/p>\n<p class=\"whitespace-normal break-words\"><strong>Modern kijelz\u0151technol\u00f3gia:<\/strong> Pontos inform\u00e1ci\u00f3t ny\u00fajt az akkumul\u00e1tor \u00e9s a t\u00f6lt\u00f6tts\u00e9gi szintr\u0151l<\/p>\n<p class=\"whitespace-normal break-words\"><strong>Nagy kapacit\u00e1s\u00fa tart\u00e1ly:<\/strong> 20ml e-liquid tartalom, bizony\u00edtottan 5% (50mg) nikotin koncentr\u00e1ci\u00f3val.<\/p>\n<h3 class=\"text-lg font-bold text-text-100 mt-1 -mb-1.5\">Fedezzen fel t\u00f6bb VOZOL VAPE-t a vozolpuff-on<\/h3>\n<p class=\"whitespace-normal break-words\">L\u00e1togasson el a  oldalra. <strong><a class=\"underline\" href=\"https:\/\/vozolpuff.de\/hu\/\">vozolpuff.de<\/a><\/strong> tov\u00e1bbi els\u0151 oszt\u00e1ly\u00fa vaping megold\u00e1sok\u00e9rt, b\u00f6ng\u00e9sszen \u00e1t a <strong><a class=\"underline\" href=\"https:\/\/vozolpuff.de\/hu\/product-category\/vozol-vape\/\">VOZOL VAPE<\/a><\/strong> kateg\u00f3ria vagy fedezze fel a teljes <strong><a class=\"underline\" href=\"https:\/\/vozolpuff.de\/hu\/product-category\/vozol-vape\/vozol-gear-power-20000\/\">Vozol Gear Power 20000<\/a><\/strong> \u00cdzv\u00e1laszt\u00e9k.<\/p>","protected":false},"excerpt":{"rendered":"<p>A Vozol Gear Power 20000 Blue Mojito eldobhat\u00f3 vape friss\u00edt\u0151 kokt\u00e9l \u00edzvil\u00e1got hoz a p\u00e1rologtat\u00e1sba. Az S.i.L.C technol\u00f3gia \u00e9s a kett\u0151s h\u00e1l\u00f3s rendszer 12 000-20 000 sz\u00edv\u00e1st tesz lehet\u0151v\u00e9 rugalmas \u00fczemm\u00f3dokban. A modern kijelz\u0151technol\u00f3gia pontos inform\u00e1ci\u00f3t ny\u00fajt az akkumul\u00e1tor \u00e9s a t\u00f6lt\u00f6tts\u00e9gi szintr\u0151l.<\/p>","protected":false},"featured_media":1095,"comment_status":"open","ping_status":"closed","template":"","meta":{"_acf_changed":false},"product_brand":[],"product_cat":[33],"product_tag":[],"class_list":{"0":"post-1093","1":"product","2":"type-product","3":"status-publish","4":"has-post-thumbnail","6":"product_cat-vozol-gear-power-20000","8":"first","9":"instock","10":"shipping-taxable","11":"purchasable","12":"product-type-variable"},"acf":[],"_links":{"self":[{"href":"https:\/\/vozolpuff.de\/hu\/wp-json\/wp\/v2\/product\/1093","targetHints":{"allow":["GET"]}}],"collection":[{"href":"https:\/\/vozolpuff.de\/hu\/wp-json\/wp\/v2\/product"}],"about":[{"href":"https:\/\/vozolpuff.de\/hu\/wp-json\/wp\/v2\/types\/product"}],"replies":[{"embeddable":true,"href":"https:\/\/vozolpuff.de\/hu\/wp-json\/wp\/v2\/comments?post=1093"}],"wp:featuredmedia":[{"embeddable":true,"href":"https:\/\/vozolpuff.de\/hu\/wp-json\/wp\/v2\/media\/1095"}],"wp:attachment":[{"href":"https:\/\/vozolpuff.de\/hu\/wp-json\/wp\/v2\/media?parent=1093"}],"wp:term":[{"taxonomy":"product_brand","embeddable":true,"href":"https:\/\/vozolpuff.de\/hu\/wp-json\/wp\/v2\/product_brand?post=1093"},{"taxonomy":"product_cat","embeddable":true,"href":"https:\/\/vozolpuff.de\/hu\/wp-json\/wp\/v2\/product_cat?post=1093"},{"taxonomy":"product_tag","embeddable":true,"href":"https:\/\/vozolpuff.de\/hu\/wp-json\/wp\/v2\/product_tag?post=1093"}],"curies":[{"name":"wp","href":"https:\/\/api.w.org\/{rel}","templated":true}]}}