{"id":1104,"date":"2025-08-25T10:09:20","date_gmt":"2025-08-25T08:09:20","guid":{"rendered":"https:\/\/vozolpuff.de\/?post_type=product&#038;p=1104"},"modified":"2026-04-26T04:51:34","modified_gmt":"2026-04-26T02:51:34","slug":"vozol-gear-power-20000-strawberry-kiwi","status":"publish","type":"product","link":"https:\/\/vozolpuff.de\/hu\/termek\/vozol-gear-power-20000-strawberry-kiwi\/","title":{"rendered":"Vozol Gear Power 20000 eper kiwi"},"content":{"rendered":"<h2 class=\"text-xl font-bold text-text-100 mt-1 -mb-0.5\">Vozol Gear Power 20000 Strawberry Kiwi eldobhat\u00f3 e-cigaretta<\/h2>\n<p class=\"whitespace-normal break-words\">A Vozol Gear Power 20000 Strawberry Kiwi \u00f6tv\u00f6zi az \u00e9rett eper \u00e9dess\u00e9g\u00e9t a kiwi egzotikus frissess\u00e9g\u00e9vel, \u00edgy harmonikus \u00edz\u00e9lm\u00e9nyt ny\u00fajt. Ez a pr\u00e9mium eldobhat\u00f3 e-cigaretta rendk\u00edv\u00fcli technol\u00f3gi\u00e1j\u00e1val \u00e9s a teljes\u00edtm\u00e9ny egy\u00e9ni be\u00e1ll\u00edt\u00e1s\u00e1nak lehet\u0151s\u00e9g\u00e9vel t\u0171nik ki. Az intuit\u00edv kijelz\u0151n b\u00e1rmikor t\u00e1j\u00e9koz\u00f3dhat az aktu\u00e1lis \u00e1llapotr\u00f3l.<\/p>\n<h3 class=\"text-lg font-bold text-text-100 mt-1 -mb-1.5\">Term\u00e9kle\u00edr\u00e1sok:<\/h3>\n<p class=\"whitespace-normal break-words\"><strong>Innovat\u00edv S.i.L.C. technol\u00f3gia:<\/strong> A g\u0151zmin\u0151s\u00e9g \u00e9s az \u00edz h\u0171s\u00e9g\u00e9nek legmagasabb sz\u00ednvonal\u00e1t biztos\u00edtja<\/p>\n<p class=\"whitespace-normal break-words\"><strong>T\u00f6bbf\u00e9le \u00fczemm\u00f3d:<\/strong> V\u00e1laszthat 20 000 takar\u00e9kos vagy 12 000 intenz\u00edv h\u00faz\u00e1s k\u00f6z\u00fcl<\/p>\n<p class=\"whitespace-normal break-words\"><strong>Professzion\u00e1lis tekercsrendszer:<\/strong> Optimaliz\u00e1lja a finom gy\u00fcm\u00f6lcs\u00f6s \u00edzek \u00e1tad\u00e1s\u00e1t<\/p>\n<p class=\"whitespace-normal break-words\"><strong>Felhaszn\u00e1l\u00f3bar\u00e1t kijelz\u0151:<\/strong> Vil\u00e1gosan jelen\u00edti meg az akkumul\u00e1tor \u00e9s a folyad\u00e9k adatait<\/p>\n<p class=\"whitespace-normal break-words\"><strong>Nagy t\u00e9rfogat\u00fa kapacit\u00e1s:<\/strong> 20 ml gy\u00fcm\u00f6lcs\u00f6s e-liquid 5% (50 mg) nikotintartalommal<\/p>\n<h3 class=\"text-lg font-bold text-text-100 mt-1 -mb-1.5\">Fedezzen fel t\u00f6bb VOZOL VAPE-t a vozolpuff-on<\/h3>\n<p class=\"whitespace-normal break-words\">Tov\u00e1bbi pr\u00e9mium opci\u00f3kat tal\u00e1lhat a <strong><a class=\"underline\" href=\"https:\/\/vozolpuff.de\/hu\/\">vozolpuff.de<\/a><\/strong>, fedezze fel a <strong><a class=\"underline\" href=\"https:\/\/vozolpuff.de\/hu\/product-category\/vozol-vape\/\">VOZOL VAPE<\/a><\/strong> Term\u00e9ksk\u00e1l\u00e1t, vagy b\u00f6ng\u00e9sszen az eg\u00e9sz <strong><a class=\"underline\" href=\"https:\/\/vozolpuff.de\/hu\/product-category\/vozol-vape\/vozol-gear-power-20000\/\">Vozol Gear Power 20000<\/a><\/strong> Sorozat.<\/p>","protected":false},"excerpt":{"rendered":"<p>A Vozol Gear Power 20000 Strawberry Kiwi eldobhat\u00f3 vape \u00e9des eper \u00e9s egzotikus kiwi frissess\u00e9g\u00e9t \u00f6tv\u00f6zi. Az S.i.L.C technol\u00f3gia \u00e9s a professzion\u00e1lis tekercsrendszer 12 000\u201320 000 slukk alatt optimaliz\u00e1lja a gy\u00fcm\u00f6lcs finom \u00edzjegyeit. A felhaszn\u00e1l\u00f3bar\u00e1t kijelz\u0151n l\u00e1that\u00f3 az akkumul\u00e1tor \u00e9s a folyad\u00e9k \u00e1llapota.<\/p>","protected":false},"featured_media":1106,"comment_status":"open","ping_status":"closed","template":"","meta":{"_acf_changed":false},"product_brand":[],"product_cat":[33],"product_tag":[],"class_list":{"0":"post-1104","1":"product","2":"type-product","3":"status-publish","4":"has-post-thumbnail","6":"product_cat-vozol-gear-power-20000","8":"first","9":"instock","10":"shipping-taxable","11":"purchasable","12":"product-type-variable"},"acf":[],"_links":{"self":[{"href":"https:\/\/vozolpuff.de\/hu\/wp-json\/wp\/v2\/product\/1104","targetHints":{"allow":["GET"]}}],"collection":[{"href":"https:\/\/vozolpuff.de\/hu\/wp-json\/wp\/v2\/product"}],"about":[{"href":"https:\/\/vozolpuff.de\/hu\/wp-json\/wp\/v2\/types\/product"}],"replies":[{"embeddable":true,"href":"https:\/\/vozolpuff.de\/hu\/wp-json\/wp\/v2\/comments?post=1104"}],"wp:featuredmedia":[{"embeddable":true,"href":"https:\/\/vozolpuff.de\/hu\/wp-json\/wp\/v2\/media\/1106"}],"wp:attachment":[{"href":"https:\/\/vozolpuff.de\/hu\/wp-json\/wp\/v2\/media?parent=1104"}],"wp:term":[{"taxonomy":"product_brand","embeddable":true,"href":"https:\/\/vozolpuff.de\/hu\/wp-json\/wp\/v2\/product_brand?post=1104"},{"taxonomy":"product_cat","embeddable":true,"href":"https:\/\/vozolpuff.de\/hu\/wp-json\/wp\/v2\/product_cat?post=1104"},{"taxonomy":"product_tag","embeddable":true,"href":"https:\/\/vozolpuff.de\/hu\/wp-json\/wp\/v2\/product_tag?post=1104"}],"curies":[{"name":"wp","href":"https:\/\/api.w.org\/{rel}","templated":true}]}}