{"id":1110,"date":"2025-08-25T10:12:42","date_gmt":"2025-08-25T08:12:42","guid":{"rendered":"https:\/\/vozolpuff.de\/?post_type=product&#038;p=1110"},"modified":"2026-04-26T04:51:28","modified_gmt":"2026-04-26T02:51:28","slug":"vozol-gear-power-20000-raspberry-watermelon","status":"publish","type":"product","link":"https:\/\/vozolpuff.de\/hu\/termek\/vozol-gear-power-20000-raspberry-watermelon\/","title":{"rendered":"Vozol Gear Power 20000 m\u00e1lna g\u00f6r\u00f6gdinnye"},"content":{"rendered":"<h2 class=\"text-xl font-bold text-text-100 mt-1 -mb-0.5\">Vozol Gear Power 20000 Raspberry Watermelon eldobhat\u00f3 e-cigaretta<\/h2>\n<p class=\"whitespace-normal break-words\">Fedezze fel a savanyk\u00e1s m\u00e1lna \u00e9s az \u00e9des g\u00f6r\u00f6gdinnye t\u00f6k\u00e9letes harm\u00f3ni\u00e1j\u00e1t a Vozol Gear Power 20000 Raspberry Watermelon seg\u00edts\u00e9g\u00e9vel. Ez az els\u0151 oszt\u00e1ly\u00fa eldobhat\u00f3 e-cigaretta nemcsak kiv\u00e9teles \u00edz\u00e9lm\u00e9nyt ny\u00fajt, hanem technikai kiv\u00e1l\u00f3s\u00e1got is, k\u00f6sz\u00f6nhet\u0151en a fejlett h\u00e1l\u00f3s tekercs technol\u00f3gi\u00e1nak \u00e9s a megb\u00edzhat\u00f3 650 mAh-s akkumul\u00e1tornak, amely \u00e1lland\u00f3 teljes\u00edtm\u00e9nyt biztos\u00edt.<\/p>\n<h3 class=\"text-lg font-bold text-text-100 mt-1 -mb-1.5\">F\u0151bb m\u0171szaki adatok:<\/h3>\n<p class=\"whitespace-normal break-words\"><strong>Bizony\u00edtott S.i.L.C. technol\u00f3gia:<\/strong> P\u00e1ratlan g\u0151zmin\u0151s\u00e9get \u00e9s hiteles \u00edz\u00e1tad\u00e1st biztos\u00edt<\/p>\n<p class=\"whitespace-normal break-words\"><strong>Sokoldal\u00fa felhaszn\u00e1l\u00e1si lehet\u0151s\u00e9gek:<\/strong> D\u00f6nts\u00f6n a hossz\u00fa \u00e9lettartam\u00fa 20,000 vagy a nagy teljes\u00edtm\u00e9ny\u0171 12,000 h\u00faz\u00e1s k\u00f6z\u00f6tt<\/p>\n<p class=\"whitespace-normal break-words\"><strong>Optimaliz\u00e1lt h\u00e1l\u00f3s architekt\u00fara:<\/strong> Fokozza a term\u00e9szetes gy\u00fcm\u00f6lcsarom\u00e1kat \u00e9s jav\u00edtja a g\u0151zs\u0171r\u0171s\u00e9get.<\/p>\n<p class=\"whitespace-normal break-words\"><strong>Intelligens \u00e1llapotjelz\u0151:<\/strong> Val\u00f3s idej\u0171 inform\u00e1ci\u00f3kat ny\u00fajt minden fontos eszk\u00f6zadatr\u00f3l<\/p>\n<p class=\"whitespace-normal break-words\"><strong>Nagy kapacit\u00e1s\u00fa kialak\u00edt\u00e1s:<\/strong> 20 ml-es e-liquid tart\u00e1ly kiegyens\u00falyozott 5% (50 mg) nikotin \u00f6sszet\u00e9tel\u0171 folyad\u00e9kkal<\/p>\n<h3 class=\"text-lg font-bold text-text-100 mt-1 -mb-1.5\">Fedezzen fel t\u00f6bb VOZOL VAPE-t a vozolpuff-on<\/h3>\n<p class=\"whitespace-normal break-words\">Tekintse meg teljes term\u00e9kv\u00e1laszt\u00e9kunkat a <strong><a class=\"underline\" href=\"https:\/\/vozolpuff.de\/hu\/\">vozolpuff.de<\/a><\/strong> fedezze fel a <strong><a class=\"underline\" href=\"https:\/\/vozolpuff.de\/hu\/product-category\/vozol-vape\/\">VOZOL VAPE<\/a><\/strong> Szekci\u00f3 vagy fedezze fel az \u00f6sszeset <strong><a class=\"underline\" href=\"https:\/\/vozolpuff.de\/hu\/product-category\/vozol-vape\/vozol-gear-power-20000\/\">Vozol Gear Power 20000<\/a><\/strong> \u00cdzv\u00e1ltozatok.<\/p>","protected":false},"excerpt":{"rendered":"<p>A Vozol Gear Power 20000 Raspberry Watermelon eldobhat\u00f3 vape savanyk\u00e1s m\u00e1ln\u00e1t \u00e9s \u00e9des g\u00f6r\u00f6gdinny\u00e9t kombin\u00e1l. Az S.i.L.C technol\u00f3gia \u00e9s az optimaliz\u00e1lt h\u00e1l\u00f3szerkezet 12 000\u201320 000 slukk alatt fokozza a term\u00e9szetes gy\u00fcm\u00f6lcs\u00f6s \u00edzeket. Az intelligens \u00e1llapotjelz\u0151 val\u00f3s idej\u0171 eszk\u00f6zadatokat ny\u00fajt.<\/p>","protected":false},"featured_media":1112,"comment_status":"open","ping_status":"closed","template":"","meta":{"_acf_changed":false},"product_brand":[],"product_cat":[33],"product_tag":[],"class_list":{"0":"post-1110","1":"product","2":"type-product","3":"status-publish","4":"has-post-thumbnail","6":"product_cat-vozol-gear-power-20000","8":"first","9":"instock","10":"shipping-taxable","11":"purchasable","12":"product-type-variable"},"acf":[],"_links":{"self":[{"href":"https:\/\/vozolpuff.de\/hu\/wp-json\/wp\/v2\/product\/1110","targetHints":{"allow":["GET"]}}],"collection":[{"href":"https:\/\/vozolpuff.de\/hu\/wp-json\/wp\/v2\/product"}],"about":[{"href":"https:\/\/vozolpuff.de\/hu\/wp-json\/wp\/v2\/types\/product"}],"replies":[{"embeddable":true,"href":"https:\/\/vozolpuff.de\/hu\/wp-json\/wp\/v2\/comments?post=1110"}],"wp:featuredmedia":[{"embeddable":true,"href":"https:\/\/vozolpuff.de\/hu\/wp-json\/wp\/v2\/media\/1112"}],"wp:attachment":[{"href":"https:\/\/vozolpuff.de\/hu\/wp-json\/wp\/v2\/media?parent=1110"}],"wp:term":[{"taxonomy":"product_brand","embeddable":true,"href":"https:\/\/vozolpuff.de\/hu\/wp-json\/wp\/v2\/product_brand?post=1110"},{"taxonomy":"product_cat","embeddable":true,"href":"https:\/\/vozolpuff.de\/hu\/wp-json\/wp\/v2\/product_cat?post=1110"},{"taxonomy":"product_tag","embeddable":true,"href":"https:\/\/vozolpuff.de\/hu\/wp-json\/wp\/v2\/product_tag?post=1110"}],"curies":[{"name":"wp","href":"https:\/\/api.w.org\/{rel}","templated":true}]}}