{"id":1116,"date":"2025-08-25T10:28:29","date_gmt":"2025-08-25T08:28:29","guid":{"rendered":"https:\/\/vozolpuff.de\/?post_type=product&#038;p=1116"},"modified":"2026-04-26T04:51:22","modified_gmt":"2026-04-26T02:51:22","slug":"vozol-gear-power-20000-blue-razz-ice","status":"publish","type":"product","link":"https:\/\/vozolpuff.de\/hu\/termek\/vozol-gear-power-20000-blue-razz-ice\/","title":{"rendered":"Vozol Gear Power 20000 k\u00e9k Razz Ice"},"content":{"rendered":"<h2 class=\"text-xl font-bold text-text-100 mt-1 -mb-0.5\">Vozol Gear Power 20000 Blue Razz Ice eldobhat\u00f3 e-cigaretta<\/h2>\n<p class=\"whitespace-normal break-words\">Tapasztald meg a k\u00e9k m\u00e1lna friss\u00edt\u0151 \u00edz\u00e9t j\u00e9ghideg h\u0171t\u00e9ssel a Vozol Gear Power 20000 Blue Razz Ice-ban. Ez a kiv\u00e1l\u00f3 min\u0151s\u00e9g\u0171 eldobhat\u00f3 e-cigaretta az \u00e9des bogy\u00f3s gy\u00fcm\u00f6lcs\u00f6s jegyeket kombin\u00e1lja a h\u0171s\u00edt\u0151 befejez\u00e9ssel, \u00e9s 12 000 \u00e9s 20 000 sz\u00edv\u00e1s k\u00f6z\u00f6tt tiszta g\u0151z\u00e9lm\u00e9nyt k\u00edn\u00e1l. A fejlett S.i.L.C h\u00e1l\u00f3s tekercs technol\u00f3gi\u00e1val, 650mAh-s akkumul\u00e1torral \u00e9s 20ml pr\u00e9mium e-folyad\u00e9kkal felszerelt k\u00e9sz\u00fcl\u00e9k az utols\u00f3 slukkig \u00e1lland\u00f3 \u00edz\u00e9lm\u00e9nyt biztos\u00edt.<\/p>\n<h3 class=\"text-lg font-bold text-text-100 mt-1 -mb-1.5\">Blue Razz Ice Funkcion\u00e1lis jellemz\u0151k:<\/h3>\n<p class=\"whitespace-normal break-words\"><strong>S.i.L.C. Mesh technol\u00f3gia:<\/strong> Optimaliz\u00e1lja a k\u00e9k m\u00e1lna-h\u0171v\u00f6s \u00edzt az intenz\u00edv \u00edzkifejl\u0151d\u00e9s \u00e9rdek\u00e9ben.<\/p>\n<p class=\"whitespace-normal break-words\"><strong>Intelligens energiaell\u00e1t\u00e1si m\u00f3dok:<\/strong> 20.000 slukk gazdas\u00e1gos Eco \u00fczemm\u00f3dban vagy 12.000 er\u0151teljes slukk Power \u00fczemm\u00f3dban<\/p>\n<p class=\"whitespace-normal break-words\"><strong>Dupla h\u00e1l\u00f3s rendszer:<\/strong> Maximaliz\u00e1lja a Blue Razz Ice kombin\u00e1ci\u00f3 \u00edz\u00e9nek m\u00e9lys\u00e9g\u00e9t.<\/p>\n<p class=\"whitespace-normal break-words\"><strong>Intelligens kijelz\u0151:<\/strong> Folyamatosan figyeli az akkumul\u00e1tor \u00e1llapot\u00e1t \u00e9s a folyad\u00e9kfogyaszt\u00e1st<\/p>\n<p class=\"whitespace-normal break-words\"><strong>Pr\u00e9mium e-folyad\u00e9k:<\/strong> 20mL el\u0151re felt\u00f6lt\u00f6tt 5% nikotintartalommal a hosszan tart\u00f3 \u00e9lvezet \u00e9rdek\u00e9ben<\/p>\n<h3 class=\"text-lg font-bold text-text-100 mt-1 -mb-1.5\">Fedezzen fel t\u00f6bb VOZOL VAPE-t a vozolpuff-on<\/h3>\n<p class=\"whitespace-normal break-words\">Fedezzen fel t\u00f6bb pr\u00e9mium g\u0151z\u00f6lg\u0151 term\u00e9ket a <strong><a class=\"underline\" href=\"https:\/\/vozolpuff.de\/hu\/\">Online bolt<\/a><\/strong> vagy b\u00f6ng\u00e9sszen a teljes <strong><a class=\"underline\" href=\"https:\/\/vozolpuff.de\/hu\/product-category\/vozol-vape\/\">VOZOL VAPE kollekci\u00f3<\/a><\/strong>. A n\u00e9pszer\u0171 <strong><a class=\"underline\" href=\"https:\/\/vozolpuff.de\/hu\/product-category\/vozol-vape\/vozol-gear-power-20000\/\">Vozol Gear Power 20000 sorozat<\/a><\/strong> megtal\u00e1lhat\u00f3 sz\u00e9les v\u00e1laszt\u00e9kunkban.<\/p>","protected":false},"excerpt":{"rendered":"<div>\n<div class=\"grid-cols-1 grid gap-2.5 [&amp;_&gt;_*]:min-w-0\">\n<p class=\"whitespace-normal break-words\">Vozol Gear Power 20000 Blue Razz Ice Einweg-Vape mit erfrischendem Himbeer-Eis-Geschmack. S.i.L.C Mesh-Technologie, 12.000-20.000 Z\u00fcge, 650mAh Akku und Smart-Display f\u00fcr optimalen Dampfgenuss in Eco- oder Power-Modus.<\/p>\n<\/div>\n<\/div>\n<div class=\"flex flex-col gap-2 py-2\"><\/div>\n","protected":false},"featured_media":1118,"comment_status":"open","ping_status":"closed","template":"","meta":{"_acf_changed":false},"product_brand":[],"product_cat":[33],"product_tag":[],"class_list":{"0":"post-1116","1":"product","2":"type-product","3":"status-publish","4":"has-post-thumbnail","6":"product_cat-vozol-gear-power-20000","8":"first","9":"instock","10":"shipping-taxable","11":"purchasable","12":"product-type-variable"},"acf":[],"_links":{"self":[{"href":"https:\/\/vozolpuff.de\/hu\/wp-json\/wp\/v2\/product\/1116","targetHints":{"allow":["GET"]}}],"collection":[{"href":"https:\/\/vozolpuff.de\/hu\/wp-json\/wp\/v2\/product"}],"about":[{"href":"https:\/\/vozolpuff.de\/hu\/wp-json\/wp\/v2\/types\/product"}],"replies":[{"embeddable":true,"href":"https:\/\/vozolpuff.de\/hu\/wp-json\/wp\/v2\/comments?post=1116"}],"wp:featuredmedia":[{"embeddable":true,"href":"https:\/\/vozolpuff.de\/hu\/wp-json\/wp\/v2\/media\/1118"}],"wp:attachment":[{"href":"https:\/\/vozolpuff.de\/hu\/wp-json\/wp\/v2\/media?parent=1116"}],"wp:term":[{"taxonomy":"product_brand","embeddable":true,"href":"https:\/\/vozolpuff.de\/hu\/wp-json\/wp\/v2\/product_brand?post=1116"},{"taxonomy":"product_cat","embeddable":true,"href":"https:\/\/vozolpuff.de\/hu\/wp-json\/wp\/v2\/product_cat?post=1116"},{"taxonomy":"product_tag","embeddable":true,"href":"https:\/\/vozolpuff.de\/hu\/wp-json\/wp\/v2\/product_tag?post=1116"}],"curies":[{"name":"wp","href":"https:\/\/api.w.org\/{rel}","templated":true}]}}