{"id":1122,"date":"2025-08-25T10:30:58","date_gmt":"2025-08-25T08:30:58","guid":{"rendered":"https:\/\/vozolpuff.de\/?post_type=product&#038;p=1122"},"modified":"2026-04-26T04:51:16","modified_gmt":"2026-04-26T02:51:16","slug":"vozol-gear-power-20000-strawberry-mango","status":"publish","type":"product","link":"https:\/\/vozolpuff.de\/hu\/termek\/vozol-gear-power-20000-strawberry-mango\/","title":{"rendered":"Vozol Gear Power 20000 eper mang\u00f3"},"content":{"rendered":"<h2 class=\"text-xl font-bold text-text-100 mt-1 -mb-0.5\">Vozol Gear Power 20000 Strawberry Mango eldobhat\u00f3 e-cigaretta<\/h2>\n<p class=\"whitespace-normal break-words\">A Vozol Gear Power 20000 Strawberry Mango a zamatos eper \u00e9dess\u00e9g\u00e9t \u00e9s a tr\u00f3pusi mang\u00f3 egzotikum\u00e1t \u00f6tv\u00f6zi egy ellen\u00e1llhatatlan \u00edz\u00e9lm\u00e9nyben. Ez az innovat\u00edv eldobhat\u00f3 vape kett\u0151s h\u00e1l\u00f3s tekercs technol\u00f3gi\u00e1j\u00e1val ak\u00e1r 20 000 arom\u00e1s slukkot is biztos\u00edt. A 650 mAh-s nagy teljes\u00edtm\u00e9ny\u0171 akkumul\u00e1tor \u00e9s az intelligens LED-kijelz\u0151 megb\u00edzhat\u00f3 teljes\u00edtm\u00e9nyt garant\u00e1l, m\u00edg a 20 ml-es kiv\u00e1l\u00f3 min\u0151s\u00e9g\u0171 e-liquid hossz\u00fa t\u00e1v\u00fa el\u00e9gedetts\u00e9get biztos\u00edt.<\/p>\n<h3 class=\"text-lg font-bold text-text-100 mt-1 -mb-1.5\">Strawberry Mango term\u00e9kjellemz\u0151k:<\/h3>\n<p class=\"whitespace-normal break-words\"><strong>S.i.L.C. tekercs-innov\u00e1ci\u00f3:<\/strong> Fokozza az eper \u00e9s a mang\u00f3 term\u00e9szetes gy\u00fcm\u00f6lcs\u00f6s arom\u00e1it.<\/p>\n<p class=\"whitespace-normal break-words\"><strong>Rugalmas g\u0151z \u00fczemm\u00f3dok:<\/strong> Eco be\u00e1ll\u00edt\u00e1s 20 000 sz\u00edv\u00e1shoz vagy Power m\u00f3d intenz\u00edvebb 12 000 sz\u00edv\u00e1shoz<\/p>\n<p class=\"whitespace-normal break-words\"><strong>Kett\u0151s h\u00e1l\u00f3 technol\u00f3gia:<\/strong> Fokozza a gy\u00fcm\u00f6lcs\u00f6s kombin\u00e1ci\u00f3 \u00edz\u00e9nek intenzit\u00e1s\u00e1t<\/p>\n<p class=\"whitespace-normal break-words\"><strong>Val\u00f3s idej\u0171 kijelz\u00e9s:<\/strong> Az akkumul\u00e1tor \u00e9lettartam\u00e1nak \u00e9s az e-liquid \u00e1llapot\u00e1nak pontos figyelemmel k\u00eds\u00e9r\u00e9se<\/p>\n<p class=\"whitespace-normal break-words\"><strong>Kiv\u00e1l\u00f3 min\u0151s\u00e9g\u0171 t\u00f6ltel\u00e9k:<\/strong> 20 ml pr\u00e9mium folyad\u00e9k 5% (50 mg) nikotintartalommal<\/p>\n<h3 class=\"text-lg font-bold text-text-100 mt-1 -mb-1.5\">Fedezzen fel t\u00f6bb VOZOL VAPE-t a vozolpuff-on<\/h3>\n<p class=\"whitespace-normal break-words\">Fedezzen fel t\u00f6bb pr\u00e9mium g\u0151z\u00f6lg\u0151 term\u00e9ket a <strong><a class=\"underline\" href=\"https:\/\/vozolpuff.de\/hu\/\">Online bolt<\/a><\/strong> vagy b\u00f6ng\u00e9sszen a teljes <strong><a class=\"underline\" href=\"https:\/\/vozolpuff.de\/hu\/product-category\/vozol-vape\/\">VOZOL VAPE kollekci\u00f3<\/a><\/strong>. A n\u00e9pszer\u0171 <strong><a class=\"underline\" href=\"https:\/\/vozolpuff.de\/hu\/product-category\/vozol-vape\/vozol-gear-power-20000\/\">Vozol Gear Power 20000 sorozat<\/a><\/strong> megtal\u00e1lhat\u00f3 sz\u00e9les v\u00e1laszt\u00e9kunkban.<\/p>","protected":false},"excerpt":{"rendered":"<div>\n<div class=\"grid-cols-1 grid gap-2.5 [&amp;_&gt;_*]:min-w-0\">\n<p class=\"whitespace-normal break-words\">Vozol Gear Power 20000 Strawberry Mango Einweg-Vape mit fruchtiger Erdbeer-Mango-Kombination. S.i.L.C Dual-Mesh-Technologie, 12.000-20.000 Z\u00fcge, 650mAh Akku und LED-Display f\u00fcr optimalen Dampfgenuss in Eco- oder Power-Modus.<\/p>\n<\/div>\n<\/div>\n<div class=\"flex flex-col gap-2 py-2\"><\/div>\n","protected":false},"featured_media":1124,"comment_status":"open","ping_status":"closed","template":"","meta":{"_acf_changed":false},"product_brand":[],"product_cat":[33],"product_tag":[],"class_list":{"0":"post-1122","1":"product","2":"type-product","3":"status-publish","4":"has-post-thumbnail","6":"product_cat-vozol-gear-power-20000","8":"first","9":"instock","10":"shipping-taxable","11":"purchasable","12":"product-type-variable"},"acf":[],"_links":{"self":[{"href":"https:\/\/vozolpuff.de\/hu\/wp-json\/wp\/v2\/product\/1122","targetHints":{"allow":["GET"]}}],"collection":[{"href":"https:\/\/vozolpuff.de\/hu\/wp-json\/wp\/v2\/product"}],"about":[{"href":"https:\/\/vozolpuff.de\/hu\/wp-json\/wp\/v2\/types\/product"}],"replies":[{"embeddable":true,"href":"https:\/\/vozolpuff.de\/hu\/wp-json\/wp\/v2\/comments?post=1122"}],"wp:featuredmedia":[{"embeddable":true,"href":"https:\/\/vozolpuff.de\/hu\/wp-json\/wp\/v2\/media\/1124"}],"wp:attachment":[{"href":"https:\/\/vozolpuff.de\/hu\/wp-json\/wp\/v2\/media?parent=1122"}],"wp:term":[{"taxonomy":"product_brand","embeddable":true,"href":"https:\/\/vozolpuff.de\/hu\/wp-json\/wp\/v2\/product_brand?post=1122"},{"taxonomy":"product_cat","embeddable":true,"href":"https:\/\/vozolpuff.de\/hu\/wp-json\/wp\/v2\/product_cat?post=1122"},{"taxonomy":"product_tag","embeddable":true,"href":"https:\/\/vozolpuff.de\/hu\/wp-json\/wp\/v2\/product_tag?post=1122"}],"curies":[{"name":"wp","href":"https:\/\/api.w.org\/{rel}","templated":true}]}}