{"id":1134,"date":"2025-08-25T10:42:28","date_gmt":"2025-08-25T08:42:28","guid":{"rendered":"https:\/\/vozolpuff.de\/?post_type=product&#038;p=1134"},"modified":"2026-04-26T04:51:03","modified_gmt":"2026-04-26T02:51:03","slug":"vozol-gear-power-20000-cherry-lemonade","status":"publish","type":"product","link":"https:\/\/vozolpuff.de\/hu\/termek\/vozol-gear-power-20000-cherry-lemonade\/","title":{"rendered":"Vozol Gear Power 20000 cseresznye limon\u00e1d\u00e9"},"content":{"rendered":"<h2 class=\"text-xl font-bold text-text-100 mt-1 -mb-0.5\">Vozol Gear Power 20000 Cherry Lemonade eldobhat\u00f3 e-cigaretta<\/h2>\n<p class=\"whitespace-normal break-words\">A Vozol Gear Power 20000 Cherry Lemonade az \u00e9des cseresznye \u00e9s a fanyar limon\u00e1d\u00e9 kombin\u00e1ci\u00f3j\u00e1val ny\u00e1ri felfriss\u00fcl\u00e9st ny\u00fajt. Ez a pr\u00e9mium eldobhat\u00f3 e-cigaretta innovat\u00edv kett\u0151s h\u00e1l\u00f3s technol\u00f3gi\u00e1t haszn\u00e1l a kiv\u00e9teles \u00edzh\u0171s\u00e9g \u00e9rdek\u00e9ben, \u00e9s k\u00f6vetkezetesen ak\u00e1r 20 000 teljes \u00e9rt\u00e9k\u0171 sz\u00edv\u00e1st biztos\u00edt. Az er\u0151teljes 650mAh-s akkumul\u00e1tor, az \u00e1ttekinthet\u0151 kijelz\u0151 \u00e9s a 20ml pr\u00e9mium e-folyad\u00e9k minden egyes \u00fcl\u00e9s \u00e9lvezetes \u00e9lm\u00e9nyt ny\u00fajt.<\/p>\n<h3 class=\"text-lg font-bold text-text-100 mt-1 -mb-1.5\">Cherry Lemonade Jellemz\u0151k:<\/h3>\n<p class=\"whitespace-normal break-words\"><strong>S.i.L.C. Technology:<\/strong> T\u00f6k\u00e9letes egyens\u00faly a cseresznye \u00e9dess\u00e9ge \u00e9s a limon\u00e1d\u00e9 frissess\u00e9ge k\u00f6z\u00f6tt.<\/p>\n<p class=\"whitespace-normal break-words\"><strong>V\u00e1ltoz\u00f3 teljes\u00edtm\u00e9ny:<\/strong> Ak\u00e1r 20.000 f\u00faj\u00e1s energiatakar\u00e9kos Eco \u00fczemm\u00f3dban vagy 12.000 f\u00faj\u00e1s nagyteljes\u00edtm\u00e9ny\u0171 Power \u00fczemm\u00f3dban.<\/p>\n<p class=\"whitespace-normal break-words\"><strong>Magasan fejlett tekercsek:<\/strong> Maximaliz\u00e1lja a Cherry Lemonade kever\u00e9k \u00edz\u00e9nek m\u00e9lys\u00e9g\u00e9t.<\/p>\n<p class=\"whitespace-normal break-words\"><strong>Intelligens fel\u00fcgyelet:<\/strong> \u00c9l\u0151 friss\u00edt\u00e9sek az akkumul\u00e1tor \u00e1llapot\u00e1r\u00f3l \u00e9s a folyad\u00e9kszintr\u0151l<\/p>\n<p class=\"whitespace-normal break-words\"><strong>Min\u0151s\u00e9gi e-folyad\u00e9k:<\/strong> 20ml el\u0151re t\u00f6lt\u00f6tt pr\u00e9mium folyad\u00e9k 5% (50mg) nikotintartalommal<\/p>\n<h3 class=\"text-lg font-bold text-text-100 mt-1 -mb-1.5\">Fedezzen fel t\u00f6bb VOZOL VAPE-t a vozolpuff-on<\/h3>\n<p class=\"whitespace-normal break-words\">Fedezzen fel t\u00f6bb pr\u00e9mium g\u0151z\u00f6lg\u0151 term\u00e9ket a <strong><a class=\"underline\" href=\"https:\/\/vozolpuff.de\/hu\/\">Online bolt<\/a><\/strong> vagy b\u00f6ng\u00e9sszen a teljes <strong><a class=\"underline\" href=\"https:\/\/vozolpuff.de\/hu\/product-category\/vozol-vape\/\">VOZOL VAPE kollekci\u00f3<\/a><\/strong>. A n\u00e9pszer\u0171 <strong><a class=\"underline\" href=\"https:\/\/vozolpuff.de\/hu\/product-category\/vozol-vape\/vozol-gear-power-20000\/\">Vozol Gear Power 20000 sorozat<\/a><\/strong> megtal\u00e1lhat\u00f3 sz\u00e9les v\u00e1laszt\u00e9kunkban.<\/p>","protected":false},"excerpt":{"rendered":"<div>\n<div class=\"grid-cols-1 grid gap-2.5 [&amp;_&gt;_*]:min-w-0\">\n<p class=\"whitespace-normal break-words\">Vozol Gear Power 20000 Cherry Lemonade Einweg-Vape mit sommerlicher Kirsch-Limonaden-Kombination. S.i.L.C Doppel-Mesh-Technologie, 12.000-20.000 Z\u00fcge, 650mAh Akku und Display f\u00fcr optimalen Dampfgenuss in Eco- oder Power-Modus.<\/p>\n<\/div>\n<\/div>\n<div class=\"flex flex-col gap-2 py-2\"><\/div>\n","protected":false},"featured_media":1136,"comment_status":"open","ping_status":"closed","template":"","meta":{"_acf_changed":false},"product_brand":[],"product_cat":[33],"product_tag":[],"class_list":{"0":"post-1134","1":"product","2":"type-product","3":"status-publish","4":"has-post-thumbnail","6":"product_cat-vozol-gear-power-20000","8":"first","9":"instock","10":"shipping-taxable","11":"purchasable","12":"product-type-variable"},"acf":[],"_links":{"self":[{"href":"https:\/\/vozolpuff.de\/hu\/wp-json\/wp\/v2\/product\/1134","targetHints":{"allow":["GET"]}}],"collection":[{"href":"https:\/\/vozolpuff.de\/hu\/wp-json\/wp\/v2\/product"}],"about":[{"href":"https:\/\/vozolpuff.de\/hu\/wp-json\/wp\/v2\/types\/product"}],"replies":[{"embeddable":true,"href":"https:\/\/vozolpuff.de\/hu\/wp-json\/wp\/v2\/comments?post=1134"}],"wp:featuredmedia":[{"embeddable":true,"href":"https:\/\/vozolpuff.de\/hu\/wp-json\/wp\/v2\/media\/1136"}],"wp:attachment":[{"href":"https:\/\/vozolpuff.de\/hu\/wp-json\/wp\/v2\/media?parent=1134"}],"wp:term":[{"taxonomy":"product_brand","embeddable":true,"href":"https:\/\/vozolpuff.de\/hu\/wp-json\/wp\/v2\/product_brand?post=1134"},{"taxonomy":"product_cat","embeddable":true,"href":"https:\/\/vozolpuff.de\/hu\/wp-json\/wp\/v2\/product_cat?post=1134"},{"taxonomy":"product_tag","embeddable":true,"href":"https:\/\/vozolpuff.de\/hu\/wp-json\/wp\/v2\/product_tag?post=1134"}],"curies":[{"name":"wp","href":"https:\/\/api.w.org\/{rel}","templated":true}]}}