{"id":1140,"date":"2025-08-25T10:45:10","date_gmt":"2025-08-25T08:45:10","guid":{"rendered":"https:\/\/vozolpuff.de\/?post_type=product&#038;p=1140"},"modified":"2026-04-26T04:50:57","modified_gmt":"2026-04-26T02:50:57","slug":"vozol-gear-power-20000-mixed-berries","status":"publish","type":"product","link":"https:\/\/vozolpuff.de\/hu\/termek\/vozol-gear-power-20000-mixed-berries\/","title":{"rendered":"Vozol Gear Power 20000 vegyes bogy\u00f3s gy\u00fcm\u00f6lcs\u00f6k"},"content":{"rendered":"<h2 class=\"text-xl font-bold text-text-100 mt-1 -mb-0.5\">Vozol Gear Power 20000 Mixed Berries eldobhat\u00f3 e-cigaretta<\/h2>\n<p class=\"whitespace-normal break-words\">Mer\u00fclj el a vegyes bogy\u00f3s gy\u00fcm\u00f6lcs\u00f6k \u00edzvil\u00e1g\u00e1ban a Vozol Gear Power 20000 Mixed Berries term\u00e9kkel. Ez a rendk\u00edv\u00fcli eldobhat\u00f3 vape k\u00fcl\u00f6nb\u00f6z\u0151 bogy\u00f3s gy\u00fcm\u00f6lcs\u00f6ket kombin\u00e1l, hogy \u00f6sszetett, t\u00f6bbr\u00e9teg\u0171 \u00edzprofilt hozzon l\u00e9tre. A forradalmi S.i.L.C h\u00e1l\u00f3s tekercsberendez\u00e9ssel, a hossz\u00fa \u00e9lettartam\u00fa 650mAh akkumul\u00e1torral \u00e9s az informat\u00edv LED-es kezel\u0151fel\u00fclettel 12.000 \u00e9s 20.000 slukk k\u00f6z\u00f6tti tiszta bogy\u00f3s gy\u00fcm\u00f6lcs\u00f6s \u00e9lvezetet k\u00edn\u00e1l.<\/p>\n<h3 class=\"text-lg font-bold text-text-100 mt-1 -mb-1.5\">Mixed Berries Term\u00e9kle\u00edr\u00e1s:<\/h3>\n<p class=\"whitespace-normal break-words\"><strong>S.i.L.C. Mesh innov\u00e1ci\u00f3:<\/strong> Optim\u00e1lisan kibontakoztatja a k\u00fcl\u00f6nb\u00f6z\u0151 bogy\u00f3s gy\u00fcm\u00f6lcs\u00f6k \u00edz\u00e9nek sokf\u00e9les\u00e9g\u00e9t<\/p>\n<p class=\"whitespace-normal break-words\"><strong>Kett\u0151s \u00fczemm\u00f3d\u00fa rendszer:<\/strong> 20.000 \u00edzletes sz\u00edv\u00e1s Eco be\u00e1ll\u00edt\u00e1ssal vagy 12.000 intenz\u00edv sz\u00edv\u00e1s Power be\u00e1ll\u00edt\u00e1ssal<\/p>\n<p class=\"whitespace-normal break-words\"><strong>Fejlett tekercstechnol\u00f3gia:<\/strong> Fokozza a bogy\u00f3s gy\u00fcm\u00f6lcs\u00f6k term\u00e9szetes \u00e9dess\u00e9g\u00e9t<\/p>\n<p class=\"whitespace-normal break-words\"><strong>Pontos kijelz\u00e9s:<\/strong> Pontos \u00e9rt\u00e9keket mutat az akkumul\u00e1tor \u00e9lettartam\u00e1ra \u00e9s az e-folyad\u00e9k fogyaszt\u00e1s\u00e1ra vonatkoz\u00f3an.<\/p>\n<p class=\"whitespace-normal break-words\"><strong>Pr\u00e9mium tartalom:<\/strong> 20ml kiv\u00e1l\u00f3 min\u0151s\u00e9g\u0171 e-folyad\u00e9k 5% nikotintartalommal<\/p>\n<h3 class=\"text-lg font-bold text-text-100 mt-1 -mb-1.5\">Fedezzen fel t\u00f6bb VOZOL VAPE-t a vozolpuff-on<\/h3>\n<p class=\"whitespace-normal break-words\">Fedezzen fel t\u00f6bb pr\u00e9mium g\u0151z\u00f6lg\u0151 term\u00e9ket a <strong><a class=\"underline\" href=\"https:\/\/vozolpuff.de\/hu\/\">Online bolt<\/a><\/strong> vagy b\u00f6ng\u00e9sszen a teljes <strong><a class=\"underline\" href=\"https:\/\/vozolpuff.de\/hu\/product-category\/vozol-vape\/\">VOZOL VAPE kollekci\u00f3<\/a><\/strong>. A n\u00e9pszer\u0171 <strong><a class=\"underline\" href=\"https:\/\/vozolpuff.de\/hu\/product-category\/vozol-vape\/vozol-gear-power-20000\/\">Vozol Gear Power 20000 sorozat<\/a><\/strong> megtal\u00e1lhat\u00f3 sz\u00e9les v\u00e1laszt\u00e9kunkban.<\/p>","protected":false},"excerpt":{"rendered":"<div>\n<div class=\"grid-cols-1 grid gap-2.5 [&amp;_&gt;_*]:min-w-0\">\n<p class=\"whitespace-normal break-words\">Vozol Gear Power 20000 Mixed Berries Einweg-Vape mit vielschichtiger Beerenmischung. S.i.L.C Mesh-Technologie, 12.000-20.000 Z\u00fcge, 650mAh Akku und LED-Display f\u00fcr optimalen Dampfgenuss in Eco- oder Power-Modus.<\/p>\n<\/div>\n<\/div>\n<div class=\"flex flex-col gap-2 py-2\"><\/div>\n","protected":false},"featured_media":1142,"comment_status":"open","ping_status":"closed","template":"","meta":{"_acf_changed":false},"product_brand":[],"product_cat":[33],"product_tag":[],"class_list":{"0":"post-1140","1":"product","2":"type-product","3":"status-publish","4":"has-post-thumbnail","6":"product_cat-vozol-gear-power-20000","8":"first","9":"instock","10":"shipping-taxable","11":"purchasable","12":"product-type-variable"},"acf":[],"_links":{"self":[{"href":"https:\/\/vozolpuff.de\/hu\/wp-json\/wp\/v2\/product\/1140","targetHints":{"allow":["GET"]}}],"collection":[{"href":"https:\/\/vozolpuff.de\/hu\/wp-json\/wp\/v2\/product"}],"about":[{"href":"https:\/\/vozolpuff.de\/hu\/wp-json\/wp\/v2\/types\/product"}],"replies":[{"embeddable":true,"href":"https:\/\/vozolpuff.de\/hu\/wp-json\/wp\/v2\/comments?post=1140"}],"wp:featuredmedia":[{"embeddable":true,"href":"https:\/\/vozolpuff.de\/hu\/wp-json\/wp\/v2\/media\/1142"}],"wp:attachment":[{"href":"https:\/\/vozolpuff.de\/hu\/wp-json\/wp\/v2\/media?parent=1140"}],"wp:term":[{"taxonomy":"product_brand","embeddable":true,"href":"https:\/\/vozolpuff.de\/hu\/wp-json\/wp\/v2\/product_brand?post=1140"},{"taxonomy":"product_cat","embeddable":true,"href":"https:\/\/vozolpuff.de\/hu\/wp-json\/wp\/v2\/product_cat?post=1140"},{"taxonomy":"product_tag","embeddable":true,"href":"https:\/\/vozolpuff.de\/hu\/wp-json\/wp\/v2\/product_tag?post=1140"}],"curies":[{"name":"wp","href":"https:\/\/api.w.org\/{rel}","templated":true}]}}