{"id":1146,"date":"2025-08-25T10:47:37","date_gmt":"2025-08-25T08:47:37","guid":{"rendered":"https:\/\/vozolpuff.de\/?post_type=product&#038;p=1146"},"modified":"2026-04-26T04:50:51","modified_gmt":"2026-04-26T02:50:51","slug":"vozol-gear-power-20000-dragon-fruit-banana-cherry","status":"publish","type":"product","link":"https:\/\/vozolpuff.de\/hu\/termek\/vozol-gear-power-20000-dragon-fruit-banana-cherry\/","title":{"rendered":"Vozol Gear Power 20000 S\u00e1rk\u00e1nygy\u00fcm\u00f6lcs Ban\u00e1n Cseresznye"},"content":{"rendered":"<h2 class=\"text-xl font-bold text-text-100 mt-1 -mb-0.5\">Vozol Gear Power 20000 S\u00e1rk\u00e1nygy\u00fcm\u00f6lcs Ban\u00e1n Cherry eldobhat\u00f3 e-cigaretta<\/h2>\n<p class=\"whitespace-normal break-words\">Tapasztald meg az \u00edzek egzotikus f\u00fazi\u00f3j\u00e1t a Vozol Gear Power 20000 Dragon Fruit Banana Cherryvel. Ez az egyed\u00fcl\u00e1ll\u00f3 eldobhat\u00f3 vape egyes\u00edti a s\u00e1rk\u00e1nygy\u00fcm\u00f6lcs enyhe \u00e9dess\u00e9g\u00e9t, a kr\u00e9mes ban\u00e1nos jegyeket \u00e9s a gy\u00fcm\u00f6lcs\u00f6s csereszny\u00e9s akcentusokat, hogy rendk\u00edv\u00fcli g\u0151z\u00e9lm\u00e9nyt teremtsen. A legmodernebb S.i.L.C. technol\u00f3gia az er\u0151teljes 650mAh akkumul\u00e1torral \u00e9s a 20mL pr\u00e9mium e-folyad\u00e9kkal egy\u00fctt ak\u00e1r 20.000 \u00edzes\u00edtett slukkot biztos\u00edt a legmagasabb min\u0151s\u00e9gben.<\/p>\n<h3 class=\"text-lg font-bold text-text-100 mt-1 -mb-1.5\">S\u00e1rk\u00e1nygy\u00fcm\u00f6lcs Ban\u00e1n Cherry tulajdons\u00e1gok:<\/h3>\n<p class=\"whitespace-normal break-words\"><strong>S.i.L.C. tekercsrendszer:<\/strong> T\u00f6k\u00e9letesen harmoniz\u00e1l a komplex h\u00e1rmas gy\u00fcm\u00f6lcskompoz\u00edci\u00f3val<\/p>\n<p class=\"whitespace-normal break-words\"><strong>Optimaliz\u00e1lt \u00fczemm\u00f3dok:<\/strong> Eco \u00fczemm\u00f3d 20.000 k\u00edm\u00e9letes h\u00faz\u00e1shoz vagy Power \u00fczemm\u00f3d 12.000 er\u0151teljes h\u00faz\u00e1shoz<\/p>\n<p class=\"whitespace-normal break-words\"><strong>Innovat\u00edv h\u00e1l\u00f3s technol\u00f3gia:<\/strong> Kiemeli az egzotikus kever\u00e9k minden egyes gy\u00fcm\u00f6lcs\u00edz\u00e9t.<\/p>\n<p class=\"whitespace-normal break-words\"><strong>Teljes ellen\u0151rz\u00e9s:<\/strong> Az \u00f6sszes fontos k\u00e9sz\u00fcl\u00e9kparam\u00e9ter val\u00f3s idej\u0171 megjelen\u00edt\u00e9se<\/p>\n<p class=\"whitespace-normal break-words\"><strong>Els\u0151 oszt\u00e1ly\u00fa t\u00f6ltel\u00e9k:<\/strong> 20mL min\u0151s\u00e9gi e-folyad\u00e9k 5% (50mg) nikotin er\u0151ss\u00e9ggel<\/p>\n<h3 class=\"text-lg font-bold text-text-100 mt-1 -mb-1.5\">Fedezzen fel t\u00f6bb VOZOL VAPE-t a vozolpuff-on<\/h3>\n<p class=\"whitespace-normal break-words\">Fedezzen fel t\u00f6bb pr\u00e9mium g\u0151z\u00f6lg\u0151 term\u00e9ket a <strong><a class=\"underline\" href=\"https:\/\/vozolpuff.de\/hu\/\">Online bolt<\/a><\/strong> vagy b\u00f6ng\u00e9sszen a teljes <strong><a class=\"underline\" href=\"https:\/\/vozolpuff.de\/hu\/product-category\/vozol-vape\/\">VOZOL VAPE kollekci\u00f3<\/a><\/strong>. A n\u00e9pszer\u0171 <strong><a class=\"underline\" href=\"https:\/\/vozolpuff.de\/hu\/product-category\/vozol-vape\/vozol-gear-power-20000\/\">Vozol Gear Power 20000 sorozat<\/a><\/strong> megtal\u00e1lhat\u00f3 sz\u00e9les v\u00e1laszt\u00e9kunkban.<\/p>","protected":false},"excerpt":{"rendered":"<div>\n<div class=\"grid-cols-1 grid gap-2.5 [&amp;_&gt;_*]:min-w-0\">\n<p class=\"whitespace-normal break-words\">Vozol Gear Power 20000 Dragon Fruit Banana Cherry Einweg-Vape mit exotischer Dreifach-Frucht-Kombination. S.i.L.C Mesh-Technologie, 12.000-20.000 Z\u00fcge, 650mAh Akku und Display f\u00fcr optimalen Dampfgenuss in Eco- oder Power-Modus.<\/p>\n<\/div>\n<\/div>\n<div class=\"flex flex-col gap-2 py-2\"><\/div>\n","protected":false},"featured_media":1148,"comment_status":"open","ping_status":"closed","template":"","meta":{"_acf_changed":false},"product_brand":[],"product_cat":[33],"product_tag":[],"class_list":{"0":"post-1146","1":"product","2":"type-product","3":"status-publish","4":"has-post-thumbnail","6":"product_cat-vozol-gear-power-20000","8":"first","9":"instock","10":"shipping-taxable","11":"purchasable","12":"product-type-variable"},"acf":[],"_links":{"self":[{"href":"https:\/\/vozolpuff.de\/hu\/wp-json\/wp\/v2\/product\/1146","targetHints":{"allow":["GET"]}}],"collection":[{"href":"https:\/\/vozolpuff.de\/hu\/wp-json\/wp\/v2\/product"}],"about":[{"href":"https:\/\/vozolpuff.de\/hu\/wp-json\/wp\/v2\/types\/product"}],"replies":[{"embeddable":true,"href":"https:\/\/vozolpuff.de\/hu\/wp-json\/wp\/v2\/comments?post=1146"}],"wp:featuredmedia":[{"embeddable":true,"href":"https:\/\/vozolpuff.de\/hu\/wp-json\/wp\/v2\/media\/1148"}],"wp:attachment":[{"href":"https:\/\/vozolpuff.de\/hu\/wp-json\/wp\/v2\/media?parent=1146"}],"wp:term":[{"taxonomy":"product_brand","embeddable":true,"href":"https:\/\/vozolpuff.de\/hu\/wp-json\/wp\/v2\/product_brand?post=1146"},{"taxonomy":"product_cat","embeddable":true,"href":"https:\/\/vozolpuff.de\/hu\/wp-json\/wp\/v2\/product_cat?post=1146"},{"taxonomy":"product_tag","embeddable":true,"href":"https:\/\/vozolpuff.de\/hu\/wp-json\/wp\/v2\/product_tag?post=1146"}],"curies":[{"name":"wp","href":"https:\/\/api.w.org\/{rel}","templated":true}]}}