{"id":1152,"date":"2025-08-25T10:51:15","date_gmt":"2025-08-25T08:51:15","guid":{"rendered":"https:\/\/vozolpuff.de\/?post_type=product&#038;p=1152"},"modified":"2026-04-26T04:50:44","modified_gmt":"2026-04-26T02:50:44","slug":"vozol-gear-power-20000-lemon-mint","status":"publish","type":"product","link":"https:\/\/vozolpuff.de\/hu\/termek\/vozol-gear-power-20000-lemon-mint\/","title":{"rendered":"Vozol Gear Power 20000 citromos menta"},"content":{"rendered":"<h2 class=\"text-xl font-bold text-text-100 mt-1 -mb-0.5\">Vozol Gear Power 20000 Lemon Mint eldobhat\u00f3 e-cigaretta<\/h2>\n<p class=\"whitespace-normal break-words\">A Vozol Gear Power 20000 Lemon Mint a friss citrom zamatoss\u00e1g\u00e1t az arom\u00e1s menta h\u0171s\u00edt\u0151 hat\u00e1s\u00e1val \u00f6tv\u00f6zi, hogy egy friss\u00edt\u0151 mindennapi t\u00e1rsat alkosson. Ez a kiv\u00e1l\u00f3 min\u0151s\u00e9g\u0171 eldobhat\u00f3 e-cigaretta a bev\u00e1lt kett\u0151s h\u00e1l\u00f3s tekercs technol\u00f3gi\u00e1t haszn\u00e1lja a teljes \u00e9lettartama alatt egyenletes \u00edzkihord\u00e1s \u00e9rdek\u00e9ben. Hossz\u00fa \u00e9lettartam\u00fa 650mAh akkumul\u00e1tor\u00e1val, vil\u00e1gos LED kijelz\u0151j\u00e9vel \u00e9s 20ml pr\u00e9mium e-folyad\u00e9kkal 12.000-20.000 friss\u00edt\u0151 slukkot k\u00edn\u00e1l.<\/p>\n<h3 class=\"text-lg font-bold text-text-100 mt-1 -mb-1.5\">Citromos menta funkcion\u00e1lis berendez\u00e9s:<\/h3>\n<p class=\"whitespace-normal break-words\"><strong>S.i.L.C. H\u00e1l\u00f3 pontoss\u00e1ga:<\/strong> A citrom frissess\u00e9ge \u00e9s a menta h\u0171v\u00f6ss\u00e9ge t\u00f6k\u00e9letes harm\u00f3ni\u00e1ban van egym\u00e1ssal.<\/p>\n<p class=\"whitespace-normal break-words\"><strong>Adapt\u00edv teljes\u00edtm\u00e9nyszab\u00e1lyoz\u00e1s:<\/strong> 20.000 friss\u00edt\u0151 f\u00faj\u00e1s Eco \u00fczemm\u00f3dban vagy 12.000 Power \u00fczemm\u00f3dban<\/p>\n<p class=\"whitespace-normal break-words\"><strong>Kett\u0151s tekercs architekt\u00fara:<\/strong> Egyenletesen hangs\u00falyozza a citrusf\u00e9l\u00e9k \u00e9s a menta jegyeit.<\/p>\n<p class=\"whitespace-normal break-words\"><strong>Intelligens fel\u00fcgyelet:<\/strong> Az akkumul\u00e1tor \u00e9s a folyad\u00e9kszint folyamatos ellen\u0151rz\u00e9se<\/p>\n<p class=\"whitespace-normal break-words\"><strong>Pr\u00e9mium min\u0151s\u00e9g:<\/strong> 20ml el\u0151re t\u00f6lt\u00f6tt e-folyad\u00e9k 5% nikotin koncentr\u00e1ci\u00f3val<\/p>\n<h3 class=\"text-lg font-bold text-text-100 mt-1 -mb-1.5\">Fedezzen fel t\u00f6bb VOZOL VAPE-t a vozolpuff-on<\/h3>\n<p class=\"whitespace-normal break-words\">Fedezzen fel t\u00f6bb pr\u00e9mium g\u0151z\u00f6lg\u0151 term\u00e9ket a <strong><a class=\"underline\" href=\"https:\/\/vozolpuff.de\/hu\/\">Online bolt<\/a><\/strong> vagy b\u00f6ng\u00e9sszen a teljes <strong><a class=\"underline\" href=\"https:\/\/vozolpuff.de\/hu\/product-category\/vozol-vape\/\">VOZOL VAPE kollekci\u00f3<\/a><\/strong>. A n\u00e9pszer\u0171 <strong><a class=\"underline\" href=\"https:\/\/vozolpuff.de\/hu\/product-category\/vozol-vape\/vozol-gear-power-20000\/\">Vozol Gear Power 20000 sorozat<\/a><\/strong> megtal\u00e1lhat\u00f3 sz\u00e9les v\u00e1laszt\u00e9kunkban.<\/p>","protected":false},"excerpt":{"rendered":"<div>\n<div class=\"grid-cols-1 grid gap-2.5 [&amp;_&gt;_*]:min-w-0\">\n<p class=\"whitespace-normal break-words\">Vozol Gear Power 20000 Lemon Mint Einweg-Vape mit erfrischender Zitronen-Minz-Kombination. S.i.L.C Doppel-Mesh-Technologie, 12.000-20.000 Z\u00fcge, 650mAh Akku und LED-Display f\u00fcr optimalen Dampfgenuss in Eco- oder Power-Modus.<\/p>\n<\/div>\n<\/div>\n<div class=\"flex flex-col gap-2 py-2\"><\/div>\n","protected":false},"featured_media":1155,"comment_status":"open","ping_status":"closed","template":"","meta":{"_acf_changed":false},"product_brand":[],"product_cat":[33],"product_tag":[],"class_list":{"0":"post-1152","1":"product","2":"type-product","3":"status-publish","4":"has-post-thumbnail","6":"product_cat-vozol-gear-power-20000","8":"first","9":"instock","10":"shipping-taxable","11":"purchasable","12":"product-type-variable"},"acf":[],"_links":{"self":[{"href":"https:\/\/vozolpuff.de\/hu\/wp-json\/wp\/v2\/product\/1152","targetHints":{"allow":["GET"]}}],"collection":[{"href":"https:\/\/vozolpuff.de\/hu\/wp-json\/wp\/v2\/product"}],"about":[{"href":"https:\/\/vozolpuff.de\/hu\/wp-json\/wp\/v2\/types\/product"}],"replies":[{"embeddable":true,"href":"https:\/\/vozolpuff.de\/hu\/wp-json\/wp\/v2\/comments?post=1152"}],"wp:featuredmedia":[{"embeddable":true,"href":"https:\/\/vozolpuff.de\/hu\/wp-json\/wp\/v2\/media\/1155"}],"wp:attachment":[{"href":"https:\/\/vozolpuff.de\/hu\/wp-json\/wp\/v2\/media?parent=1152"}],"wp:term":[{"taxonomy":"product_brand","embeddable":true,"href":"https:\/\/vozolpuff.de\/hu\/wp-json\/wp\/v2\/product_brand?post=1152"},{"taxonomy":"product_cat","embeddable":true,"href":"https:\/\/vozolpuff.de\/hu\/wp-json\/wp\/v2\/product_cat?post=1152"},{"taxonomy":"product_tag","embeddable":true,"href":"https:\/\/vozolpuff.de\/hu\/wp-json\/wp\/v2\/product_tag?post=1152"}],"curies":[{"name":"wp","href":"https:\/\/api.w.org\/{rel}","templated":true}]}}