{"id":1158,"date":"2025-08-25T10:53:31","date_gmt":"2025-08-25T08:53:31","guid":{"rendered":"https:\/\/vozolpuff.de\/?post_type=product&#038;p=1158"},"modified":"2026-04-26T04:50:38","modified_gmt":"2026-04-26T02:50:38","slug":"vozol-gear-power-20000-tobacco","status":"publish","type":"product","link":"https:\/\/vozolpuff.de\/hu\/termek\/vozol-gear-power-20000-tobacco\/","title":{"rendered":"Vozol Gear Power 20000 Doh\u00e1ny"},"content":{"rendered":"<h2 class=\"text-xl font-bold text-text-100 mt-1 -mb-0.5\">Vozol Gear Power 20000 doh\u00e1ny eldobhat\u00f3 e-cigaretta<\/h2>\n<p class=\"whitespace-normal break-words\">A klasszikus doh\u00e1ny\u00edzek kedvel\u0151inek a Vozol Gear Power 20000 Tobacco autentikus, testes \u00edz\u00e9lm\u00e9nyt k\u00edn\u00e1l. Ez az eleg\u00e1ns eldobhat\u00f3 e-cigaretta a legmodernebb S.i.L.C. technol\u00f3gi\u00e1val reproduk\u00e1lja a hagyom\u00e1nyos doh\u00e1ny\u00edzek komplexit\u00e1s\u00e1t, \u00e9s ak\u00e1r 20.000 \u00edzletes sz\u00edv\u00e1st biztos\u00edt k\u00f6vetkezetesen. A megb\u00edzhat\u00f3 650mAh-s akkumul\u00e1tor, az informat\u00edv kijelz\u0151 \u00e9s a 20ml kiv\u00e1l\u00f3 min\u0151s\u00e9g\u0171 e-folyad\u00e9k garant\u00e1lja a kompromisszumok n\u00e9lk\u00fcli, hosszan tart\u00f3 \u00e9lvezetet.<\/p>\n<h3 class=\"text-lg font-bold text-text-100 mt-1 -mb-1.5\">Doh\u00e1ny min\u0151s\u00e9gi jellemz\u0151i:<\/h3>\n<p class=\"whitespace-normal break-words\"><strong>S.i.L.C. tekercs szak\u00e9rtelem:<\/strong> Visszaadja a doh\u00e1ny term\u00e9szetes m\u00e9lys\u00e9g\u00e9t \u00e9s \u00f6sszetetts\u00e9g\u00e9t.<\/p>\n<p class=\"whitespace-normal break-words\"><strong>Sokoldal\u00fa \u00fczemm\u00f3dok:<\/strong> 20.000 hiteles sz\u00edv\u00e1s Eco \u00fczemm\u00f3dban vagy 12.000 er\u0151teljes sz\u00edv\u00e1s Power \u00fczemm\u00f3dban<\/p>\n<p class=\"whitespace-normal break-words\"><strong>Speci\u00e1lis h\u00e1l\u00f3s tekercsek:<\/strong> Fokozza a jellegzetes doh\u00e1ny\u00e1rnyalatokat<\/p>\n<p class=\"whitespace-normal break-words\"><strong>Professzion\u00e1lis interf\u00e9sz:<\/strong> Pontos adatokat mutat az akkumul\u00e1tor t\u00f6lt\u00f6tts\u00e9gi \u00e9s fogyaszt\u00e1si szintj\u00e9r\u0151l<\/p>\n<p class=\"whitespace-normal break-words\"><strong>Kiv\u00e1l\u00f3 min\u0151s\u00e9g\u0171 kever\u00e9k:<\/strong> 20ml pr\u00e9mium e-folyad\u00e9k 5% (50mg) nikotintartalommal<\/p>\n<h3 class=\"text-lg font-bold text-text-100 mt-1 -mb-1.5\">Fedezzen fel t\u00f6bb VOZOL VAPE-t a vozolpuff-on<\/h3>\n<p class=\"whitespace-normal break-words\">Fedezzen fel t\u00f6bb pr\u00e9mium g\u0151z\u00f6lg\u0151 term\u00e9ket a <strong><a class=\"underline\" href=\"https:\/\/vozolpuff.de\/hu\/\">Online bolt<\/a><\/strong> vagy b\u00f6ng\u00e9sszen a teljes <strong><a class=\"underline\" href=\"https:\/\/vozolpuff.de\/hu\/product-category\/vozol-vape\/\">VOZOL VAPE kollekci\u00f3<\/a><\/strong>. A n\u00e9pszer\u0171 <strong><a class=\"underline\" href=\"https:\/\/vozolpuff.de\/hu\/product-category\/vozol-vape\/vozol-gear-power-20000\/\">Vozol Gear Power 20000 sorozat<\/a><\/strong> megtal\u00e1lhat\u00f3 sz\u00e9les v\u00e1laszt\u00e9kunkban.<\/p>","protected":false},"excerpt":{"rendered":"<div>\n<div class=\"grid-cols-1 grid gap-2.5 [&amp;_&gt;_*]:min-w-0\">\n<p class=\"whitespace-normal break-words\">Vozol Gear Power 20000 Tobacco Einweg-Vape mit authentischem, vollmundigem Tabakaroma. S.i.L.C Mesh-Technologie, 12.000-20.000 Z\u00fcge, 650mAh Akku und Display f\u00fcr optimalen Dampfgenuss in Eco- oder Power-Modus.<\/p>\n<\/div>\n<\/div>\n<div class=\"flex flex-col gap-2 py-2\"><\/div>\n","protected":false},"featured_media":1160,"comment_status":"open","ping_status":"closed","template":"","meta":{"_acf_changed":false},"product_brand":[],"product_cat":[33],"product_tag":[],"class_list":{"0":"post-1158","1":"product","2":"type-product","3":"status-publish","4":"has-post-thumbnail","6":"product_cat-vozol-gear-power-20000","8":"first","9":"instock","10":"shipping-taxable","11":"purchasable","12":"product-type-variable"},"acf":[],"_links":{"self":[{"href":"https:\/\/vozolpuff.de\/hu\/wp-json\/wp\/v2\/product\/1158","targetHints":{"allow":["GET"]}}],"collection":[{"href":"https:\/\/vozolpuff.de\/hu\/wp-json\/wp\/v2\/product"}],"about":[{"href":"https:\/\/vozolpuff.de\/hu\/wp-json\/wp\/v2\/types\/product"}],"replies":[{"embeddable":true,"href":"https:\/\/vozolpuff.de\/hu\/wp-json\/wp\/v2\/comments?post=1158"}],"wp:featuredmedia":[{"embeddable":true,"href":"https:\/\/vozolpuff.de\/hu\/wp-json\/wp\/v2\/media\/1160"}],"wp:attachment":[{"href":"https:\/\/vozolpuff.de\/hu\/wp-json\/wp\/v2\/media?parent=1158"}],"wp:term":[{"taxonomy":"product_brand","embeddable":true,"href":"https:\/\/vozolpuff.de\/hu\/wp-json\/wp\/v2\/product_brand?post=1158"},{"taxonomy":"product_cat","embeddable":true,"href":"https:\/\/vozolpuff.de\/hu\/wp-json\/wp\/v2\/product_cat?post=1158"},{"taxonomy":"product_tag","embeddable":true,"href":"https:\/\/vozolpuff.de\/hu\/wp-json\/wp\/v2\/product_tag?post=1158"}],"curies":[{"name":"wp","href":"https:\/\/api.w.org\/{rel}","templated":true}]}}