{"id":1162,"date":"2025-08-25T10:55:44","date_gmt":"2025-08-25T08:55:44","guid":{"rendered":"https:\/\/vozolpuff.de\/?post_type=product&#038;p=1162"},"modified":"2026-04-26T04:50:31","modified_gmt":"2026-04-26T02:50:31","slug":"vozol-gear-power-20000-peach-ice","status":"publish","type":"product","link":"https:\/\/vozolpuff.de\/hu\/termek\/vozol-gear-power-20000-peach-ice\/","title":{"rendered":"Vozol Gear Power 20000 barack j\u00e9g"},"content":{"rendered":"<h2 class=\"text-xl font-bold text-text-100 mt-1 -mb-0.5\">Vozol Gear Power 20000 Peach Ice eldobhat\u00f3 e-cigaretta<\/h2>\n<p class=\"whitespace-normal break-words\">A Vozol Gear Power 20000 Peach Ice az \u00e9rett \u0151szibarack b\u00e1rsonyos \u00e9dess\u00e9g\u00e9t \u00f6tv\u00f6zi egy friss\u00edt\u0151en h\u0171v\u00f6s jegyzettel a p\u00e1ratlan vaping \u00e9lm\u00e9ny \u00e9rdek\u00e9ben. Ez az innovat\u00edv eldobhat\u00f3 vape fejlett kett\u0151s h\u00e1l\u00f3s technol\u00f3gi\u00e1t haszn\u00e1l, hogy ak\u00e1r 20 000 slukkig fenntartsa a gy\u00fcm\u00f6lcs\u00f6ss\u00e9g \u00e9s a h\u0171t\u00e9s k\u00f6z\u00f6tti finom egyens\u00falyt. Nagy teljes\u00edtm\u00e9ny\u0171 650mAh akkumul\u00e1torral, intelligens LED kijelz\u0151vel \u00e9s 20ml pr\u00e9mium e-folyad\u00e9kkal felszerelve, az els\u0151 slukkol\u00e1st\u00f3l az utols\u00f3ig egyenletes min\u0151s\u00e9get k\u00edn\u00e1l.<\/p>\n<h3 class=\"text-lg font-bold text-text-100 mt-1 -mb-1.5\">Peach Ice teljes\u00edtm\u00e9nyjellemz\u0151k:<\/h3>\n<p class=\"whitespace-normal break-words\"><strong>S.i.L.C. Technology:<\/strong> Optimaliz\u00e1lja a barackos \u00e9dess\u00e9g \u00e9s a friss\u00edt\u0151 h\u0171s\u00edt\u0151 hat\u00e1s kombin\u00e1ci\u00f3j\u00e1t.<\/p>\n<p class=\"whitespace-normal break-words\"><strong>Rugalmas felhaszn\u00e1l\u00e1si m\u00f3dok:<\/strong> 20.000 h\u0171v\u00f6s sz\u00edv\u00e1s gazdas\u00e1gos \u00f6ko \u00fczemm\u00f3dban vagy 12.000 intenz\u00edv sz\u00edv\u00e1s energia \u00fczemm\u00f3dban<\/p>\n<p class=\"whitespace-normal break-words\"><strong>Fejlett h\u00e1l\u00f3s rendszerek:<\/strong> Maxim\u00e1lja a gy\u00fcm\u00f6lcs \u00edz\u00e9t \u00e9s a h\u0171s\u00edt\u0151 hat\u00e1st<\/p>\n<p class=\"whitespace-normal break-words\"><strong>Intelligens kijelz\u0151k:<\/strong> Az akkumul\u00e1tor \u00e9lettartam\u00e1nak \u00e9s az e-folyad\u00e9k t\u00f6lt\u00f6tts\u00e9gi szintj\u00e9nek \u00e9l\u0151 nyomon k\u00f6vet\u00e9se<\/p>\n<p class=\"whitespace-normal break-words\"><strong>Pr\u00e9mium t\u00f6ltel\u00e9k:<\/strong> 20ml kiv\u00e1l\u00f3 min\u0151s\u00e9g\u0171 e-folyad\u00e9k 5% nikotintartalommal<\/p>\n<h3 class=\"text-lg font-bold text-text-100 mt-1 -mb-1.5\">Fedezzen fel t\u00f6bb VOZOL VAPE-t a vozolpuff-on<\/h3>\n<p class=\"whitespace-normal break-words\">Fedezzen fel t\u00f6bb pr\u00e9mium g\u0151z\u00f6lg\u0151 term\u00e9ket a <strong><a class=\"underline\" href=\"https:\/\/vozolpuff.de\/hu\/\">Online bolt<\/a><\/strong> vagy b\u00f6ng\u00e9sszen a teljes <strong><a class=\"underline\" href=\"https:\/\/vozolpuff.de\/hu\/product-category\/vozol-vape\/\">VOZOL VAPE kollekci\u00f3<\/a><\/strong>. A n\u00e9pszer\u0171 <strong><a class=\"underline\" href=\"https:\/\/vozolpuff.de\/hu\/product-category\/vozol-vape\/vozol-gear-power-20000\/\">Vozol Gear Power 20000 sorozat<\/a><\/strong> megtal\u00e1lhat\u00f3 sz\u00e9les v\u00e1laszt\u00e9kunkban.<\/p>","protected":false},"excerpt":{"rendered":"<div>\n<div class=\"grid-cols-1 grid gap-2.5 [&amp;_&gt;_*]:min-w-0\">\n<p class=\"whitespace-normal break-words\">Vozol Gear Power 20000 Peach Ice Einweg-Vape mit samtiger Pfirsich-Eis-Kombination. S.i.L.C Dual-Mesh-Technologie, 12.000-20.000 Z\u00fcge, 650mAh Akku und LED-Display f\u00fcr optimalen Dampfgenuss in Eco- oder Power-Modus.<\/p>\n<\/div>\n<\/div>\n<div class=\"flex flex-col gap-2 py-2\"><\/div>\n","protected":false},"featured_media":1164,"comment_status":"open","ping_status":"closed","template":"","meta":{"_acf_changed":false},"product_brand":[],"product_cat":[33],"product_tag":[],"class_list":{"0":"post-1162","1":"product","2":"type-product","3":"status-publish","4":"has-post-thumbnail","6":"product_cat-vozol-gear-power-20000","8":"first","9":"instock","10":"shipping-taxable","11":"purchasable","12":"product-type-variable"},"acf":[],"_links":{"self":[{"href":"https:\/\/vozolpuff.de\/hu\/wp-json\/wp\/v2\/product\/1162","targetHints":{"allow":["GET"]}}],"collection":[{"href":"https:\/\/vozolpuff.de\/hu\/wp-json\/wp\/v2\/product"}],"about":[{"href":"https:\/\/vozolpuff.de\/hu\/wp-json\/wp\/v2\/types\/product"}],"replies":[{"embeddable":true,"href":"https:\/\/vozolpuff.de\/hu\/wp-json\/wp\/v2\/comments?post=1162"}],"wp:featuredmedia":[{"embeddable":true,"href":"https:\/\/vozolpuff.de\/hu\/wp-json\/wp\/v2\/media\/1164"}],"wp:attachment":[{"href":"https:\/\/vozolpuff.de\/hu\/wp-json\/wp\/v2\/media?parent=1162"}],"wp:term":[{"taxonomy":"product_brand","embeddable":true,"href":"https:\/\/vozolpuff.de\/hu\/wp-json\/wp\/v2\/product_brand?post=1162"},{"taxonomy":"product_cat","embeddable":true,"href":"https:\/\/vozolpuff.de\/hu\/wp-json\/wp\/v2\/product_cat?post=1162"},{"taxonomy":"product_tag","embeddable":true,"href":"https:\/\/vozolpuff.de\/hu\/wp-json\/wp\/v2\/product_tag?post=1162"}],"curies":[{"name":"wp","href":"https:\/\/api.w.org\/{rel}","templated":true}]}}