{"id":1168,"date":"2025-08-25T10:58:08","date_gmt":"2025-08-25T08:58:08","guid":{"rendered":"https:\/\/vozolpuff.de\/?post_type=product&#038;p=1168"},"modified":"2026-04-26T04:50:25","modified_gmt":"2026-04-26T02:50:25","slug":"vozol-gear-power-20000-strawberry-watermelon","status":"publish","type":"product","link":"https:\/\/vozolpuff.de\/hu\/termek\/vozol-gear-power-20000-strawberry-watermelon\/","title":{"rendered":"Vozol Gear Power 20000 eper g\u00f6r\u00f6gdinnye"},"content":{"rendered":"<h2 class=\"text-xl font-bold text-text-100 mt-1 -mb-0.5\">Vozol Gear Power 20000 Eper-g\u00f6r\u00f6gdinnye eldobhat\u00f3 e-cigaretta<\/h2>\n<p class=\"whitespace-normal break-words\">\u00c9lvezze a ny\u00e1ri frissess\u00e9get a Vozol Gear Power 20000 Strawberry Watermelon-nal, amely \u00e9des eper \u00e9s l\u00e9d\u00fas g\u00f6r\u00f6gdinnye kombin\u00e1ci\u00f3j\u00e1val friss\u00edt\u0151 \u00edz\u00e9lm\u00e9nyt ny\u00fajt. Ez a pr\u00e9mium eldobhat\u00f3 vape a S.i.L.C Mesh-Coil innov\u00e1ci\u00f3j\u00e1val gy\u0151zi meg, \u00e9s 12 000 \u00e9s 20 000 k\u00f6z\u00f6tt tiszta gy\u00fcm\u00f6lcs\u00f6s \u00edz\u0171 slukkot k\u00edn\u00e1l. A tart\u00f3s 650 mAh-s akkumul\u00e1tor, a felhaszn\u00e1l\u00f3bar\u00e1t LED-es fel\u00fclet \u00e9s a 20 ml-es els\u0151 oszt\u00e1ly\u00fa e-liquid korl\u00e1tlan g\u0151z\u00e9lvezet\u00e9st biztos\u00edtanak a nap b\u00e1rmely szak\u00e1ban.<\/p>\n<h3 class=\"text-lg font-bold text-text-100 mt-1 -mb-1.5\">Strawberry Watermelon term\u00e9k el\u0151nyei:<\/h3>\n<p class=\"whitespace-normal break-words\"><strong>S.i.L.C. h\u00e1l\u00f3 t\u00f6k\u00e9letess\u00e9ge:<\/strong> Fokozza az eper term\u00e9szetes \u00e9dess\u00e9g\u00e9t \u00e9s a g\u00f6r\u00f6gdinnye frissess\u00e9g\u00e9t.<\/p>\n<p class=\"whitespace-normal break-words\"><strong>Testreszabhat\u00f3 teljes\u00edtm\u00e9ny:<\/strong> 20 000 gy\u00fcm\u00f6lcs\u00f6s slukk az Eco be\u00e1ll\u00edt\u00e1sban vagy 12 000 er\u0151teljes slukk a Power be\u00e1ll\u00edt\u00e1sban<\/p>\n<p class=\"whitespace-normal break-words\"><strong>Innovat\u00edv tekercs szerkezet:<\/strong> Egyenletesen \u00e9s intenz\u00edven emeli ki mindk\u00e9t gy\u00fcm\u00f6lcs\u00f6ss\u00e9get<\/p>\n<p class=\"whitespace-normal break-words\"><strong>Pontos fel\u00fcgyelet:<\/strong> Az akkumul\u00e1tor t\u00f6lt\u00f6tts\u00e9gi szintj\u00e9nek \u00e9s a folyad\u00e9kfogyaszt\u00e1snak pontos kijelz\u00e9se<\/p>\n<p class=\"whitespace-normal break-words\"><strong>Min\u0151s\u00e9gi e-folyad\u00e9k:<\/strong> 20 ml pr\u00e9mium t\u00f6ltet 5% (50 mg) nikotintartalommal<\/p>\n<h3 class=\"text-lg font-bold text-text-100 mt-1 -mb-1.5\">Fedezzen fel t\u00f6bb VOZOL VAPE-t a vozolpuff-on<\/h3>\n<p class=\"whitespace-normal break-words\">Fedezzen fel t\u00f6bb pr\u00e9mium g\u0151z\u00f6lg\u0151 term\u00e9ket a <strong><a class=\"underline\" href=\"https:\/\/vozolpuff.de\/hu\/\">Online bolt<\/a><\/strong> vagy b\u00f6ng\u00e9sszen a teljes <strong><a class=\"underline\" href=\"https:\/\/vozolpuff.de\/hu\/product-category\/vozol-vape\/\">VOZOL VAPE kollekci\u00f3<\/a><\/strong>. A n\u00e9pszer\u0171 <strong><a class=\"underline\" href=\"https:\/\/vozolpuff.de\/hu\/product-category\/vozol-vape\/vozol-gear-power-20000\/\">Vozol Gear Power 20000 sorozat<\/a><\/strong> megtal\u00e1lhat\u00f3 sz\u00e9les v\u00e1laszt\u00e9kunkban.<\/p>","protected":false},"excerpt":{"rendered":"<div>\n<div class=\"grid-cols-1 grid gap-2.5 [&amp;_&gt;_*]:min-w-0\">\n<p class=\"whitespace-normal break-words\">Vozol Gear Power 20000 Strawberry Watermelon Einweg-Vape mit sommerlicher Erdbeer-Wassermelonen-Kombination. S.i.L.C Mesh-Technologie, 12.000-20.000 Z\u00fcge, 650mAh Akku und LED-Display f\u00fcr optimalen Dampfgenuss in Eco- oder Power-Modus.<\/p>\n<\/div>\n<\/div>\n<div class=\"flex flex-col gap-2 py-2\"><\/div>\n","protected":false},"featured_media":1170,"comment_status":"open","ping_status":"closed","template":"","meta":{"_acf_changed":false},"product_brand":[],"product_cat":[33],"product_tag":[],"class_list":{"0":"post-1168","1":"product","2":"type-product","3":"status-publish","4":"has-post-thumbnail","6":"product_cat-vozol-gear-power-20000","8":"first","9":"instock","10":"shipping-taxable","11":"purchasable","12":"product-type-variable"},"acf":[],"_links":{"self":[{"href":"https:\/\/vozolpuff.de\/hu\/wp-json\/wp\/v2\/product\/1168","targetHints":{"allow":["GET"]}}],"collection":[{"href":"https:\/\/vozolpuff.de\/hu\/wp-json\/wp\/v2\/product"}],"about":[{"href":"https:\/\/vozolpuff.de\/hu\/wp-json\/wp\/v2\/types\/product"}],"replies":[{"embeddable":true,"href":"https:\/\/vozolpuff.de\/hu\/wp-json\/wp\/v2\/comments?post=1168"}],"wp:featuredmedia":[{"embeddable":true,"href":"https:\/\/vozolpuff.de\/hu\/wp-json\/wp\/v2\/media\/1170"}],"wp:attachment":[{"href":"https:\/\/vozolpuff.de\/hu\/wp-json\/wp\/v2\/media?parent=1168"}],"wp:term":[{"taxonomy":"product_brand","embeddable":true,"href":"https:\/\/vozolpuff.de\/hu\/wp-json\/wp\/v2\/product_brand?post=1168"},{"taxonomy":"product_cat","embeddable":true,"href":"https:\/\/vozolpuff.de\/hu\/wp-json\/wp\/v2\/product_cat?post=1168"},{"taxonomy":"product_tag","embeddable":true,"href":"https:\/\/vozolpuff.de\/hu\/wp-json\/wp\/v2\/product_tag?post=1168"}],"curies":[{"name":"wp","href":"https:\/\/api.w.org\/{rel}","templated":true}]}}