{"id":1178,"date":"2025-08-25T14:13:47","date_gmt":"2025-08-25T12:13:47","guid":{"rendered":"https:\/\/vozolpuff.de\/?post_type=product&#038;p=1178"},"modified":"2026-03-31T16:14:19","modified_gmt":"2026-03-31T14:14:19","slug":"vozol-gear-shisha-25000-two-apples","status":"publish","type":"product","link":"https:\/\/vozolpuff.de\/hu\/termek\/vozol-gear-shisha-25000-two-apples\/","title":{"rendered":"Vozol Gear Shisha 25000 K\u00e9t alma"},"content":{"rendered":"<h2 class=\"text-xl font-bold text-text-100 mt-1 -mb-0.5\">Vozol Gear Shisha 25000 Two Apples eldobhat\u00f3 e-cigaretta<\/h2>\n<p class=\"whitespace-normal break-words\">A <strong>Vozol Gear Shisha 25000 K\u00e9t alma<\/strong> egyes\u00edti a klasszikus dupla alma \u00edzkombin\u00e1ci\u00f3t egy ultramodern eldobhat\u00f3 p\u00e1rologtat\u00f3ban. Leny\u0171g\u00f6z\u0151, ak\u00e1r 25 000 sz\u00edv\u00e1sig terjed\u0151 kapacit\u00e1s\u00e1val az energiatakar\u00e9kos Eco m\u00f3dban kompromisszumok n\u00e9lk\u00fcl \u00e9lvezheti a hossz\u00fa \u00e9lvezetet. Az er\u0151teljes Power m\u00f3d az innovat\u00edv Dual-Mesh-Coil technol\u00f3gi\u00e1nak k\u00f6sz\u00f6nhet\u0151en intenz\u00edvebb \u00edz\u00e9lm\u00e9nyt ny\u00fajt. Az aerodinamikailag optimaliz\u00e1lt l\u00e9g\u00e1raml\u00e1s-rendszer kifejezetten a DTL-rajong\u00f3k sz\u00e1m\u00e1ra lett kifejlesztve, \u00e9s k\u00f6nnyed, b\u00e1rsonyos sz\u00edv\u00e1st garant\u00e1l. Robusztus 1000 mAh-s akkumul\u00e1torral, nagy \u0171rtartalm\u00fa 24 ml-es folyad\u00e9ktart\u00e1llyal \u00e9s \u00e1ttekinthet\u0151 2,1 h\u00fcvelykes sz\u00ednes kijelz\u0151vel ell\u00e1tva ez a k\u00e9sz\u00fcl\u00e9k t\u00f6k\u00e9letes harm\u00f3ni\u00e1ban \u00f6tv\u00f6zi a kitart\u00e1st, az innov\u00e1ci\u00f3t \u00e9s a k\u00e9nyelmet.<\/p>\n<h3 class=\"text-lg font-bold text-text-100 mt-1 -mb-1.5\">A Vozol Gear Shisha 25000 Two Apples m\u0171szaki jellemz\u0151i:<\/h3>\n<p class=\"whitespace-normal break-words\"><strong>Energiat\u00e1rol\u00e1s:<\/strong> 1000 mAh nagy teljes\u00edtm\u00e9ny\u0171 akkumul\u00e1tor<br \/>\n<strong>Eco \u00fczemm\u00f3d:<\/strong> Ak\u00e1r 25 000 g\u0151zmozdony<br \/>\n<strong>T\u00e1pell\u00e1t\u00e1s:<\/strong> Ak\u00e1r 18 000 g\u0151zmozdony<br \/>\n<strong>Nikotin er\u0151ss\u00e9g:<\/strong> 5mg\/ml a kiel\u00e9g\u00edt\u0151 g\u0151z\u00f6l\u00e9si \u00e9lm\u00e9ny\u00e9rt<br \/>\n<strong>Vontat\u00e1si technol\u00f3gia:<\/strong> DTL (Direct-to-Lung) a nagy mennyis\u00e9g\u0171 g\u0151zfelh\u0151k\u00e9rt<br \/>\n<strong>F\u0171t\u0151elemek:<\/strong> Kett\u0151s h\u00e1l\u00f3s tekercsek az optim\u00e1lis \u00edz \u00e9s g\u0151zfejleszt\u00e9s \u00e9rdek\u00e9ben<br \/>\n<strong>Intelligens funkci\u00f3k:<\/strong> Audiointerakci\u00f3 a modern m\u0171k\u00f6d\u00e9shez<br \/>\n<strong>Megjelen\u00edt\u00e9s:<\/strong> 2,1 h\u00fcvelykes sz\u00ednes kijelz\u0151 az \u00e1llapot figyel\u00e9s\u00e9hez<br \/>\n<strong>Leveg\u0151ell\u00e1t\u00e1s:<\/strong> V\u00e1ltoz\u00f3 l\u00e9g\u00e1raml\u00e1s-szab\u00e1lyoz\u00e1s a szem\u00e9lyre szabott g\u0151z\u00e9lm\u00e9ny\u00e9rt<\/p>\n<h3 class=\"text-lg font-bold text-text-100 mt-1 -mb-1.5\">Fedezzen fel t\u00f6bb VOZOL VAPE-t a vozolpuff-on<\/h3>\n<p class=\"whitespace-normal break-words\">Fedezzen fel t\u00f6bb pr\u00e9mium g\u0151z\u00f6lg\u0151 term\u00e9ket a <strong><a class=\"underline\" href=\"https:\/\/vozolpuff.de\/hu\/\">F\u0151 v\u00e1laszt\u00e9k<\/a><\/strong>b\u00f6ng\u00e9sszen a teljes k\u00edn\u00e1latunkban <strong><a class=\"underline\" href=\"https:\/\/vozolpuff.de\/hu\/product-category\/vozol-vape\/\">VOZOL VAPE kollekci\u00f3<\/a><\/strong> vagy fedezze fel az \u00f6sszes el\u00e9rhet\u0151 <strong><a class=\"underline\" href=\"https:\/\/vozolpuff.de\/hu\/product-category\/vozol-vape\/vozol-gear-shisha-25000\/\">Vozol Gear Shisha 25000 \u00edzek<\/a><\/strong>.<\/p>","protected":false},"excerpt":{"rendered":"<div>\n<div class=\"grid-cols-1 grid gap-2.5 [&amp;_&gt;_*]:min-w-0\">\n<p class=\"whitespace-normal break-words\">Vozol Gear Shisha 25000 Two Apples Einweg-Vape mit klassischem Doppel-Apfel-Geschmack. Dual-Mesh-Technologie, 18.000-25.000 Z\u00fcge, 1000mAh Akku, 24ml E-Liquid und 2,1-Zoll-Farbdisplay f\u00fcr DTL-Dampfgenuss in Eco- oder Power-Modus.<\/p>\n<\/div>\n<\/div>\n<div class=\"flex flex-col gap-2 py-2\"><\/div>\n","protected":false},"featured_media":1181,"comment_status":"open","ping_status":"closed","template":"","meta":{"_acf_changed":false},"product_brand":[],"product_cat":[34],"product_tag":[],"class_list":{"0":"post-1178","1":"product","2":"type-product","3":"status-publish","4":"has-post-thumbnail","6":"product_cat-vozol-gear-shisha-25000","8":"first","9":"instock","10":"shipping-taxable","11":"purchasable","12":"product-type-variable"},"acf":[],"_links":{"self":[{"href":"https:\/\/vozolpuff.de\/hu\/wp-json\/wp\/v2\/product\/1178","targetHints":{"allow":["GET"]}}],"collection":[{"href":"https:\/\/vozolpuff.de\/hu\/wp-json\/wp\/v2\/product"}],"about":[{"href":"https:\/\/vozolpuff.de\/hu\/wp-json\/wp\/v2\/types\/product"}],"replies":[{"embeddable":true,"href":"https:\/\/vozolpuff.de\/hu\/wp-json\/wp\/v2\/comments?post=1178"}],"wp:featuredmedia":[{"embeddable":true,"href":"https:\/\/vozolpuff.de\/hu\/wp-json\/wp\/v2\/media\/1181"}],"wp:attachment":[{"href":"https:\/\/vozolpuff.de\/hu\/wp-json\/wp\/v2\/media?parent=1178"}],"wp:term":[{"taxonomy":"product_brand","embeddable":true,"href":"https:\/\/vozolpuff.de\/hu\/wp-json\/wp\/v2\/product_brand?post=1178"},{"taxonomy":"product_cat","embeddable":true,"href":"https:\/\/vozolpuff.de\/hu\/wp-json\/wp\/v2\/product_cat?post=1178"},{"taxonomy":"product_tag","embeddable":true,"href":"https:\/\/vozolpuff.de\/hu\/wp-json\/wp\/v2\/product_tag?post=1178"}],"curies":[{"name":"wp","href":"https:\/\/api.w.org\/{rel}","templated":true}]}}