{"id":1184,"date":"2025-08-25T14:17:26","date_gmt":"2025-08-25T12:17:26","guid":{"rendered":"https:\/\/vozolpuff.de\/?post_type=product&#038;p=1184"},"modified":"2026-03-31T16:14:12","modified_gmt":"2026-03-31T14:14:12","slug":"vozol-gear-shisha-25000-watermelon-ice","status":"publish","type":"product","link":"https:\/\/vozolpuff.de\/hu\/termek\/vozol-gear-shisha-25000-watermelon-ice\/","title":{"rendered":"Vozol Gear Shisha 25000 g\u00f6r\u00f6gdinnye j\u00e9g"},"content":{"rendered":"<h2 class=\"text-xl font-bold text-text-100 mt-1 -mb-0.5\">Vozol Gear Shisha 25000 Watermelon Ice eldobhat\u00f3 e-cigaretta<\/h2>\n<p class=\"whitespace-normal break-words\">Tapasztalat a <strong>Vozol Gear Shisha 25000 g\u00f6r\u00f6gdinnye j\u00e9g<\/strong> A l\u00e9d\u00fas g\u00f6r\u00f6gdinnye \u00e9s a friss\u00edt\u0151 h\u0171v\u00f6ss\u00e9g t\u00f6k\u00e9letes \u00f6tv\u00f6zete. Ez a pr\u00e9mium eldobhat\u00f3 eszk\u00f6z energiatakar\u00e9kos Eco m\u00f3dban rendk\u00edv\u00fcli 25 000 sz\u00edv\u00e1st biztos\u00edt a hosszabb g\u0151z\u00f6lg\u00e9si \u00e9lm\u00e9ny \u00e9rdek\u00e9ben. A nagy teljes\u00edtm\u00e9ny\u0171 Power m\u00f3d az el\u0151rehaladott kett\u0151s h\u00e1l\u00f3s tekercs technol\u00f3gi\u00e1val intenz\u00edvebb \u00edz\u00e9lm\u00e9nyt biztos\u00edt. Az \u00e1raml\u00e1si dinamik\u00e1j\u00fa l\u00e9g\u00fat kialak\u00edt\u00e1s t\u00f6k\u00e9letesen megfelel a ig\u00e9nyes DTL-g\u0151z\u00f6l\u0151k k\u00f6vetelm\u00e9nyeinek, \u00e9s azonnali, selymes sz\u00edv\u00e1sokat biztos\u00edt. A nagy teljes\u00edtm\u00e9ny\u0171 1000 mAh-s akkumul\u00e1tor, a nagym\u00e9ret\u0171 24 ml-es e-liquid tart\u00e1ly \u00e9s a modern 2,1 h\u00fcvelykes mega kijelz\u0151 kombin\u00e1ci\u00f3ja ide\u00e1lis szimbi\u00f3zist teremt a tart\u00f3ss\u00e1g, a funkcionalit\u00e1s \u00e9s a k\u00e9nyelmes kezelhet\u0151s\u00e9g k\u00f6z\u00f6tt.<\/p>\n<h3 class=\"text-lg font-bold text-text-100 mt-1 -mb-1.5\">A Vozol Gear Shisha 25000 Watermelon Ice specifik\u00e1ci\u00f3i:<\/h3>\n<p class=\"whitespace-normal break-words\"><strong>Akkumul\u00e1tor kapacit\u00e1s:<\/strong> 1000 mAh az hosszabb haszn\u00e1lati id\u0151 \u00e9rdek\u00e9ben<br \/>\n<strong>Eco \u00fczemm\u00f3d:<\/strong> Ak\u00e1r 25 000 friss\u00edt\u0151 slukk<br \/>\n<strong>Teljes\u00edtm\u00e9ny \u00fczemm\u00f3d:<\/strong> Ak\u00e1r 18 000 intenz\u00edv vonat<br \/>\n<strong>Nikotin tartalom:<\/strong> 5 mg\/ml a kiel\u00e9g\u00edt\u0151 g\u0151z\u00e9lm\u00e9ny\u00e9rt<br \/>\n<strong>G\u0151zst\u00edlus:<\/strong> DTL (Direct To Lung) a leny\u0171g\u00f6z\u0151 felh\u0151k\u00e9pz\u0151d\u00e9shez<br \/>\n<strong>Tekercsrendszer:<\/strong> Kett\u0151s h\u00e1l\u00f3technol\u00f3gia az \u00edz \u00e9s a g\u0151ztermel\u00e9s fokoz\u00e1s\u00e1\u00e9rt<br \/>\n<strong>Interaktivit\u00e1s:<\/strong> Audio-visszacsatol\u00e1s a modern felhaszn\u00e1l\u00f3i \u00e9lm\u00e9ny \u00e9rdek\u00e9ben<br \/>\n<strong>Megjelen\u00edt\u00e9si technol\u00f3gia:<\/strong> 2,1 h\u00fcvelykes sz\u00ednes k\u00e9perny\u0151 a k\u00f6nny\u0171 fel\u00fcgyelet \u00e9rdek\u00e9ben<br \/>\n<strong>L\u00e9g\u00e1raml\u00e1si rendszer:<\/strong> \u00c1ll\u00edthat\u00f3 l\u00e9g\u00e1ram-szab\u00e1lyoz\u00e1s a szem\u00e9lyre szabott slukkokhoz<\/p>\n<h3 class=\"text-lg font-bold text-text-100 mt-1 -mb-1.5\">Fedezzen fel t\u00f6bb VOZOL VAPE-t a vozolpuff-on<\/h3>\n<p class=\"whitespace-normal break-words\">Fedezzen fel t\u00f6bb pr\u00e9mium g\u0151z\u00f6lg\u0151 term\u00e9ket a <strong><a class=\"underline\" href=\"https:\/\/vozolpuff.de\/hu\/\">F\u0151 v\u00e1laszt\u00e9k<\/a><\/strong>b\u00f6ng\u00e9sszen a teljes k\u00edn\u00e1latunkban <strong><a class=\"underline\" href=\"https:\/\/vozolpuff.de\/hu\/product-category\/vozol-vape\/\">VOZOL VAPE kollekci\u00f3<\/a><\/strong> vagy fedezze fel az \u00f6sszes el\u00e9rhet\u0151 <strong><a class=\"underline\" href=\"https:\/\/vozolpuff.de\/hu\/product-category\/vozol-vape\/vozol-gear-shisha-25000\/\">Vozol Gear Shisha 25000 \u00edzek<\/a><\/strong>.<\/p>","protected":false},"excerpt":{"rendered":"<div>\n<div class=\"grid-cols-1 grid gap-2.5 [&amp;_&gt;_*]:min-w-0\">\n<p class=\"whitespace-normal break-words\">Vozol Gear Shisha 25000 Watermelon Ice Einweg-Vape mit saftiger Wassermelone und erfrischender K\u00fchle. Dual-Mesh-Technologie, 18.000-25.000 Z\u00fcge, 1000mAh Akku, 24ml E-Liquid und 2,1-Zoll-Farbdisplay f\u00fcr DTL-Dampfgenuss.<\/p>\n<\/div>\n<\/div>\n<div class=\"flex flex-col gap-2 py-2\"><\/div>\n","protected":false},"featured_media":1188,"comment_status":"open","ping_status":"closed","template":"","meta":{"_acf_changed":false},"product_brand":[],"product_cat":[34],"product_tag":[],"class_list":{"0":"post-1184","1":"product","2":"type-product","3":"status-publish","4":"has-post-thumbnail","6":"product_cat-vozol-gear-shisha-25000","8":"first","9":"instock","10":"shipping-taxable","11":"purchasable","12":"product-type-variable"},"acf":[],"_links":{"self":[{"href":"https:\/\/vozolpuff.de\/hu\/wp-json\/wp\/v2\/product\/1184","targetHints":{"allow":["GET"]}}],"collection":[{"href":"https:\/\/vozolpuff.de\/hu\/wp-json\/wp\/v2\/product"}],"about":[{"href":"https:\/\/vozolpuff.de\/hu\/wp-json\/wp\/v2\/types\/product"}],"replies":[{"embeddable":true,"href":"https:\/\/vozolpuff.de\/hu\/wp-json\/wp\/v2\/comments?post=1184"}],"wp:featuredmedia":[{"embeddable":true,"href":"https:\/\/vozolpuff.de\/hu\/wp-json\/wp\/v2\/media\/1188"}],"wp:attachment":[{"href":"https:\/\/vozolpuff.de\/hu\/wp-json\/wp\/v2\/media?parent=1184"}],"wp:term":[{"taxonomy":"product_brand","embeddable":true,"href":"https:\/\/vozolpuff.de\/hu\/wp-json\/wp\/v2\/product_brand?post=1184"},{"taxonomy":"product_cat","embeddable":true,"href":"https:\/\/vozolpuff.de\/hu\/wp-json\/wp\/v2\/product_cat?post=1184"},{"taxonomy":"product_tag","embeddable":true,"href":"https:\/\/vozolpuff.de\/hu\/wp-json\/wp\/v2\/product_tag?post=1184"}],"curies":[{"name":"wp","href":"https:\/\/api.w.org\/{rel}","templated":true}]}}