{"id":1190,"date":"2025-08-25T14:20:01","date_gmt":"2025-08-25T12:20:01","guid":{"rendered":"https:\/\/vozolpuff.de\/?post_type=product&#038;p=1190"},"modified":"2026-03-31T16:14:06","modified_gmt":"2026-03-31T14:14:06","slug":"vozol-gear-shisha-25000-mango-freeze","status":"publish","type":"product","link":"https:\/\/vozolpuff.de\/hu\/termek\/vozol-gear-shisha-25000-mango-freeze\/","title":{"rendered":"Vozol Gear Shisha 25000 Mango Freeze 25000 Mango Freeze"},"content":{"rendered":"<h2 class=\"text-xl font-bold text-text-100 mt-1 -mb-0.5\">Vozol Gear Shisha 25000 Mango Freeze eldobhat\u00f3 e-cigaretta<\/h2>\n<p class=\"whitespace-normal break-words\">A <strong>Vozol Gear Shisha 25000 Mango Freeze 25000 Mango Freeze<\/strong> egyes\u00edti a tr\u00f3pusi mang\u00f3 \u00e9dess\u00e9g\u00e9t az intenz\u00edv frissess\u00e9ggel egy forradalmi eldobhat\u00f3 p\u00e1rologtat\u00f3ban. A hat\u00e9kony \u00f6ko \u00fczemm\u00f3dban ak\u00e1r 25 000 slukkot is el\u00e9r\u0151 kiemelked\u0151 hat\u00f3t\u00e1vols\u00e1g\u00e1val megszak\u00edt\u00e1s n\u00e9lk\u00fcli, v\u00e9gtelen g\u0151z\u00f6l\u00e9st tesz lehet\u0151v\u00e9. A dinamikus teljes\u00edtm\u00e9ny \u00fczemm\u00f3d a fejlett kett\u0151s h\u00e1l\u00f3s tekercs innov\u00e1ci\u00f3nak k\u00f6sz\u00f6nhet\u0151en fokozott \u00edz\u00e9lm\u00e9nyt ny\u00fajt. A folyad\u00e9kra optimaliz\u00e1lt l\u00e9g\u00e1raml\u00e1s kialak\u00edt\u00e1sa kifejezetten a DTL szerelmeseinek k\u00e9sz\u00fclt, \u00e9s azonnali, egyenletes g\u0151zelvon\u00e1st biztos\u00edt. Az er\u0151teljes 1000mAh-s t\u00e1pcell\u00e1val, a terjedelmes 24ml-es folyad\u00e9ktart\u00e1llyal \u00e9s az informat\u00edv 2,1 h\u00fcvelykes mega k\u00e9perny\u0151vel ez a k\u00e9sz\u00fcl\u00e9k t\u00f6k\u00e9letes egyens\u00falyt k\u00edn\u00e1l a kitart\u00e1s, a teljes\u00edtm\u00e9ny \u00e9s a k\u00f6nny\u0171 haszn\u00e1lat k\u00f6z\u00f6tt.<\/p>\n<h3 class=\"text-lg font-bold text-text-100 mt-1 -mb-1.5\">A Vozol Gear Shisha 25000 Mango Freeze term\u00e9kjellemz\u0151i:<\/h3>\n<p class=\"whitespace-normal break-words\"><strong>Az akkumul\u00e1tor teljes\u00edtm\u00e9nye:<\/strong> 1000mAh a hosszabb m\u0171k\u00f6d\u00e9shez<br \/>\n<strong>Eco funkci\u00f3:<\/strong> Ak\u00e1r 25 000 tr\u00f3pusi vonat<br \/>\n<strong>Teljes\u00edtm\u00e9nyfunkci\u00f3:<\/strong> Ak\u00e1r 18,000 er\u0151teljes h\u00faz\u00e1s<br \/>\n<strong>nikotinkoncentr\u00e1ci\u00f3:<\/strong> 5mg\/ml a g\u0151zmozdonyok teljes\u00edt\u00e9s\u00e9hez<br \/>\n<strong>Inhal\u00e1ci\u00f3s technika:<\/strong> DTL (Direct To Lung) nagy mennyis\u00e9g\u0171 g\u0151z eset\u00e9n<br \/>\n<strong>P\u00e1rologtat\u00f3 rendszer:<\/strong> Kett\u0151s h\u00e1l\u00f3s tekercsek az optim\u00e1lis \u00edz \u00e9s g\u0151ztermel\u00e9s \u00e9rdek\u00e9ben<br \/>\n<strong>Tov\u00e1bbi funkci\u00f3k:<\/strong> Audiointerakci\u00f3 a modern m\u0171k\u00f6d\u00e9shez<br \/>\n<strong>K\u00e9perny\u0151technol\u00f3gia:<\/strong> 2,1 h\u00fcvelykes sz\u00ednes kijelz\u0151 a k\u00e9nyelmes vez\u00e9rl\u00e9shez<br \/>\n<strong>Leveg\u0151szab\u00e1lyoz\u00e1s:<\/strong> \u00c1ll\u00edthat\u00f3 l\u00e9g\u00e1raml\u00e1s az egy\u00e9ni g\u0151zbe\u00e1ll\u00edt\u00e1sokhoz<\/p>\n<h3 class=\"text-lg font-bold text-text-100 mt-1 -mb-1.5\">Fedezzen fel t\u00f6bb VOZOL VAPE-t a vozolpuff-on<\/h3>\n<p class=\"whitespace-normal break-words\">Fedezzen fel t\u00f6bb pr\u00e9mium g\u0151z\u00f6lg\u0151 term\u00e9ket a <strong><a class=\"underline\" href=\"https:\/\/vozolpuff.de\/hu\/\">F\u0151 v\u00e1laszt\u00e9k<\/a><\/strong>b\u00f6ng\u00e9sszen a teljes k\u00edn\u00e1latunkban <strong><a class=\"underline\" href=\"https:\/\/vozolpuff.de\/hu\/product-category\/vozol-vape\/\">VOZOL VAPE kollekci\u00f3<\/a><\/strong> vagy fedezze fel az \u00f6sszes el\u00e9rhet\u0151 <strong><a class=\"underline\" href=\"https:\/\/vozolpuff.de\/hu\/product-category\/vozol-vape\/vozol-gear-shisha-25000\/\">Vozol Gear Shisha 25000 \u00edzek<\/a><\/strong>.<\/p>","protected":false},"excerpt":{"rendered":"<div>\n<div class=\"grid-cols-1 grid gap-2.5 [&amp;_&gt;_*]:min-w-0\">\n<p class=\"whitespace-normal break-words\">Vozol Gear Shisha 25000 Mango Freeze Einweg-Vape mit tropischer Mango und intensiver Frische. Dual-Mesh-Technologie, 18.000-25.000 Z\u00fcge, 1000mAh Akku, 24ml E-Liquid und 2,1-Zoll-Farbdisplay f\u00fcr DTL-Dampfgenuss.<\/p>\n<\/div>\n<\/div>\n<div class=\"flex flex-col gap-2 py-2\"><\/div>\n","protected":false},"featured_media":1192,"comment_status":"open","ping_status":"closed","template":"","meta":{"_acf_changed":false},"product_brand":[],"product_cat":[34],"product_tag":[],"class_list":{"0":"post-1190","1":"product","2":"type-product","3":"status-publish","4":"has-post-thumbnail","6":"product_cat-vozol-gear-shisha-25000","8":"first","9":"instock","10":"shipping-taxable","11":"purchasable","12":"product-type-variable"},"acf":[],"_links":{"self":[{"href":"https:\/\/vozolpuff.de\/hu\/wp-json\/wp\/v2\/product\/1190","targetHints":{"allow":["GET"]}}],"collection":[{"href":"https:\/\/vozolpuff.de\/hu\/wp-json\/wp\/v2\/product"}],"about":[{"href":"https:\/\/vozolpuff.de\/hu\/wp-json\/wp\/v2\/types\/product"}],"replies":[{"embeddable":true,"href":"https:\/\/vozolpuff.de\/hu\/wp-json\/wp\/v2\/comments?post=1190"}],"wp:featuredmedia":[{"embeddable":true,"href":"https:\/\/vozolpuff.de\/hu\/wp-json\/wp\/v2\/media\/1192"}],"wp:attachment":[{"href":"https:\/\/vozolpuff.de\/hu\/wp-json\/wp\/v2\/media?parent=1190"}],"wp:term":[{"taxonomy":"product_brand","embeddable":true,"href":"https:\/\/vozolpuff.de\/hu\/wp-json\/wp\/v2\/product_brand?post=1190"},{"taxonomy":"product_cat","embeddable":true,"href":"https:\/\/vozolpuff.de\/hu\/wp-json\/wp\/v2\/product_cat?post=1190"},{"taxonomy":"product_tag","embeddable":true,"href":"https:\/\/vozolpuff.de\/hu\/wp-json\/wp\/v2\/product_tag?post=1190"}],"curies":[{"name":"wp","href":"https:\/\/api.w.org\/{rel}","templated":true}]}}