{"id":1195,"date":"2025-08-25T14:23:34","date_gmt":"2025-08-25T12:23:34","guid":{"rendered":"https:\/\/vozolpuff.de\/?post_type=product&#038;p=1195"},"modified":"2026-03-31T16:14:00","modified_gmt":"2026-03-31T14:14:00","slug":"vozol-gear-shisha-25000-blackcurrant-ice","status":"publish","type":"product","link":"https:\/\/vozolpuff.de\/hu\/termek\/vozol-gear-shisha-25000-blackcurrant-ice\/","title":{"rendered":"Vozol Gear Shisha 25000 Fekete ribizli j\u00e9g"},"content":{"rendered":"<h2 class=\"text-xl font-bold text-text-100 mt-1 -mb-0.5\">Vozol Gear Shisha 25000 Blackcurrant Ice eldobhat\u00f3 e-cigaretta<\/h2>\n<p class=\"whitespace-normal break-words\">Mer\u00fclj\u00f6n el a <strong>Vozol Gear Shisha 25000 Fekete ribizli j\u00e9g<\/strong>ahol az intenz\u00edv feketeribizli tal\u00e1lkozik az \u00e9l\u00e9nk\u00edt\u0151 h\u0171v\u00f6ss\u00e9ggel. Ez a legmodernebb eldobhat\u00f3 k\u00e9sz\u00fcl\u00e9k hihetetlen 25 000 slukkol\u00e1ssal ny\u0171g\u00f6z le az er\u0151forr\u00e1s-k\u00edm\u00e9l\u0151 Eco \u00fczemm\u00f3dban a hossz\u00fa g\u0151z\u00f6l\u00e9si id\u0151szakok \u00e9rdek\u00e9ben. Az er\u0151teljes Power \u00fczemm\u00f3d az innovat\u00edv dupla h\u00e1l\u00f3s p\u00e1rologtat\u00f3 technol\u00f3gi\u00e1val intenz\u00edvebb \u00edzdimenzi\u00f3kat hoz l\u00e9tre. Az aerodinamikailag t\u00f6k\u00e9letes\u00edtett l\u00e9gcsatorna-rendszer kiz\u00e1r\u00f3lag a DTL szakemberei sz\u00e1m\u00e1ra lett kifejlesztve, \u00e9s biztos\u00edtja a k\u00f6nnyed, b\u00e1rsonyos g\u0151zelvon\u00e1st. A robusztus 1000mAh energiat\u00e1rol\u00f3, a nagyvonal\u00fa 24ml folyad\u00e9ktart\u00e1ly \u00e9s a legmodernebb 2,1 h\u00fcvelykes sz\u00ednes k\u00e9perny\u0151 kombin\u00e1ci\u00f3ja t\u00f6k\u00e9letes harm\u00f3ni\u00e1t teremt a tart\u00f3ss\u00e1g, az innov\u00e1ci\u00f3 \u00e9s a k\u00e9nyelem k\u00f6z\u00f6tt.<\/p>\n<h3 class=\"text-lg font-bold text-text-100 mt-1 -mb-1.5\">A Vozol Gear Shisha 25000 Blackcurrant Ice felszerel\u00e9s\u00e9nek r\u00e9szletei:<\/h3>\n<p class=\"whitespace-normal break-words\"><strong>Energiaell\u00e1t\u00e1s:<\/strong> 1000mAh nagy kapacit\u00e1s\u00fa akkumul\u00e1tor<br \/>\n<strong>Gazdas\u00e1gos \u00fczemm\u00f3d:<\/strong> Ak\u00e1r 25 000 s\u00f6rvonat<br \/>\n<strong>Intenz\u00edv \u00fczemm\u00f3d:<\/strong> Ak\u00e1r 18 000 meger\u0151s\u00edtett vonat<br \/>\n<strong>Nikotin tartalom:<\/strong> 5mg\/ml a kiel\u00e9g\u00edt\u0151 g\u0151z\u00f6l\u00e9sekhez<br \/>\n<strong>G\u0151ztechnol\u00f3gia:<\/strong> DTL (Direct To Lung) a leny\u0171g\u00f6z\u0151 felh\u0151termel\u00e9shez<br \/>\n<strong>F\u0171t\u0151tekercsek:<\/strong> Kett\u0151s h\u00e1l\u00f3s technol\u00f3gia a maxim\u00e1lis \u00edz \u00e9s g\u0151zmennyis\u00e9g \u00e9rdek\u00e9ben<br \/>\n<strong>Intelligens elemek:<\/strong> Hangreakci\u00f3 a modern felhaszn\u00e1l\u00f3i \u00e9lm\u00e9ny\u00e9rt<br \/>\n<strong>Megjelen\u00edt\u0151 rendszer:<\/strong> 2,1 h\u00fcvelykes sz\u00ednes monitor a k\u00f6nny\u0171 kezelhet\u0151s\u00e9g \u00e9rdek\u00e9ben<br \/>\n<strong>Szell\u0151z\u00e9svez\u00e9rl\u00e9s:<\/strong> V\u00e1ltoztathat\u00f3 l\u00e9g\u00e1raml\u00e1s be\u00e1ll\u00edt\u00e1sa a szem\u00e9lyre szabott g\u0151zpreferenci\u00e1khoz<\/p>\n<h3 class=\"text-lg font-bold text-text-100 mt-1 -mb-1.5\">Fedezzen fel t\u00f6bb VOZOL VAPE-t a vozolpuff-on<\/h3>\n<p class=\"whitespace-normal break-words\">Fedezzen fel t\u00f6bb pr\u00e9mium g\u0151z\u00f6lg\u0151 term\u00e9ket a <strong><a class=\"underline\" href=\"https:\/\/vozolpuff.de\/hu\/\">F\u0151 v\u00e1laszt\u00e9k<\/a><\/strong>b\u00f6ng\u00e9sszen a teljes k\u00edn\u00e1latunkban <strong><a class=\"underline\" href=\"https:\/\/vozolpuff.de\/hu\/product-category\/vozol-vape\/\">VOZOL VAPE kollekci\u00f3<\/a><\/strong> vagy fedezze fel az \u00f6sszes el\u00e9rhet\u0151 <strong><a class=\"underline\" href=\"https:\/\/vozolpuff.de\/hu\/product-category\/vozol-vape\/vozol-gear-shisha-25000\/\">Vozol Gear Shisha 25000 \u00edzek<\/a><\/strong>.<\/p>","protected":false},"excerpt":{"rendered":"<div>\n<div class=\"grid-cols-1 grid gap-2.5 [&amp;_&gt;_*]:min-w-0\">\n<p class=\"whitespace-normal break-words\">Vozol Gear Shisha 25000 Blackcurrant Ice Einweg-Vape mit intensiver schwarzer Johannisbeere und belebender K\u00fchle. Dual-Mesh-Technologie, 18.000-25.000 Z\u00fcge, 1000mAh Akku, 24ml E-Liquid und 2,1-Zoll-Farbdisplay f\u00fcr DTL-Dampfgenuss.<\/p>\n<\/div>\n<\/div>\n<div class=\"flex flex-col gap-2 py-2\"><\/div>\n","protected":false},"featured_media":1197,"comment_status":"open","ping_status":"closed","template":"","meta":{"_acf_changed":false},"product_brand":[],"product_cat":[34],"product_tag":[],"class_list":{"0":"post-1195","1":"product","2":"type-product","3":"status-publish","4":"has-post-thumbnail","6":"product_cat-vozol-gear-shisha-25000","8":"first","9":"instock","10":"shipping-taxable","11":"purchasable","12":"product-type-variable"},"acf":[],"_links":{"self":[{"href":"https:\/\/vozolpuff.de\/hu\/wp-json\/wp\/v2\/product\/1195","targetHints":{"allow":["GET"]}}],"collection":[{"href":"https:\/\/vozolpuff.de\/hu\/wp-json\/wp\/v2\/product"}],"about":[{"href":"https:\/\/vozolpuff.de\/hu\/wp-json\/wp\/v2\/types\/product"}],"replies":[{"embeddable":true,"href":"https:\/\/vozolpuff.de\/hu\/wp-json\/wp\/v2\/comments?post=1195"}],"wp:featuredmedia":[{"embeddable":true,"href":"https:\/\/vozolpuff.de\/hu\/wp-json\/wp\/v2\/media\/1197"}],"wp:attachment":[{"href":"https:\/\/vozolpuff.de\/hu\/wp-json\/wp\/v2\/media?parent=1195"}],"wp:term":[{"taxonomy":"product_brand","embeddable":true,"href":"https:\/\/vozolpuff.de\/hu\/wp-json\/wp\/v2\/product_brand?post=1195"},{"taxonomy":"product_cat","embeddable":true,"href":"https:\/\/vozolpuff.de\/hu\/wp-json\/wp\/v2\/product_cat?post=1195"},{"taxonomy":"product_tag","embeddable":true,"href":"https:\/\/vozolpuff.de\/hu\/wp-json\/wp\/v2\/product_tag?post=1195"}],"curies":[{"name":"wp","href":"https:\/\/api.w.org\/{rel}","templated":true}]}}