{"id":1203,"date":"2025-08-25T14:45:15","date_gmt":"2025-08-25T12:45:15","guid":{"rendered":"https:\/\/vozolpuff.de\/?post_type=product&#038;p=1203"},"modified":"2026-03-31T16:13:54","modified_gmt":"2026-03-31T14:13:54","slug":"vozol-gear-shisha-25000-mango-peach","status":"publish","type":"product","link":"https:\/\/vozolpuff.de\/hu\/termek\/vozol-gear-shisha-25000-mango-peach\/","title":{"rendered":"Vozol Gear Shisha 25000 Mango Barack"},"content":{"rendered":"<h2 class=\"text-xl font-bold text-text-100 mt-1 -mb-0.5\">Vozol Gear Shisha 25000 Mango Peach eldobhat\u00f3 e-cigaretta<\/h2>\n<p class=\"whitespace-normal break-words\">\u00c9lvezze a <strong>Vozol Gear Shisha 25000 Mango Barack<\/strong> az egzotikus mang\u00f3 \u00e9s a l\u00e9d\u00fas barack \u00e9dess\u00e9g\u00e9nek harmonikus kombin\u00e1ci\u00f3ja. Ez az els\u0151 oszt\u00e1ly\u00fa eldobhat\u00f3 k\u00e9sz\u00fcl\u00e9k rendk\u00edv\u00fcli 25.000 slukkol\u00e1ssal ny\u0171g\u00f6z le energiatakar\u00e9kos Eco \u00fczemm\u00f3dban az \u00e9lvezet v\u00e9gtelen pillanatai\u00e9rt. A teljes\u00edtm\u00e9ny-optimaliz\u00e1lt teljes\u00edtm\u00e9ny \u00fczemm\u00f3d intenz\u00edvebb \u00edz\u00e9lm\u00e9nyeket teremt a fejlett kett\u0151s h\u00e1l\u00f3s tekercsszerkezetnek k\u00f6sz\u00f6nhet\u0151en. A kifinomult l\u00e9g\u00fati koncepci\u00f3t kifejezetten a DTL-rajong\u00f3k sz\u00e1m\u00e1ra tervezt\u00e9k, \u00e9s spont\u00e1n, selymes g\u0151zelvon\u00e1st garant\u00e1l. A megb\u00edzhat\u00f3 1000mAh-s akkumul\u00e1torral, a terjedelmes 24ml-es e-folyad\u00e9ktart\u00e1llyal \u00e9s az \u00e1ttekinthet\u0151 2,1 h\u00fcvelykes mega kijelz\u0151vel felszerelt k\u00e9sz\u00fcl\u00e9k ide\u00e1lis m\u00f3don \u00f6tv\u00f6zi a hossz\u00fa \u00e9lettartamot, a funkcionalit\u00e1st \u00e9s a felhaszn\u00e1l\u00f3i k\u00e9nyelmet.<\/p>\n<h3 class=\"text-lg font-bold text-text-100 mt-1 -mb-1.5\">A Vozol Gear Shisha 25000 Mango Peach jellemz\u0151i:<\/h3>\n<p class=\"whitespace-normal break-words\"><strong>Akkumul\u00e1tor-technol\u00f3gia:<\/strong> 1000mAh a hosszabb haszn\u00e1lathoz<br \/>\n<strong>Hat\u00e9konys\u00e1gi \u00fczemm\u00f3d:<\/strong> Ak\u00e1r 25,000 gy\u00fcm\u00f6lcs\u00f6s puffan\u00e1s<br \/>\n<strong>Teljes\u00edtm\u00e9ny \u00fczemm\u00f3d:<\/strong> Ak\u00e1r 18 000 intenz\u00edv vonat<br \/>\n<strong>Nikotinszint:<\/strong> 5mg\/ml a kiel\u00e9g\u00edt\u0151 g\u0151z\u00f6l\u00e9si \u00e9lm\u00e9ny\u00e9rt<br \/>\n<strong>L\u00e9gz\u00e9stechnika:<\/strong> DTL (Direct To Lung) a terjedelmes g\u0151z\u00f6k kialakul\u00e1sakor<br \/>\n<strong>Tekercs innov\u00e1ci\u00f3:<\/strong> Kett\u0151s h\u00e1l\u00f3s rendszer az optim\u00e1lis \u00edz \u00e9s g\u0151zhozam \u00e9rdek\u00e9ben<br \/>\n<strong>Interakt\u00edv funkci\u00f3k:<\/strong> Audio integr\u00e1ci\u00f3 a korszer\u0171 funkcionalit\u00e1s\u00e9rt<br \/>\n<strong>Megjelen\u00edt\u00e9s innov\u00e1ci\u00f3:<\/strong> 2,1 h\u00fcvelykes sz\u00ednes k\u00e9perny\u0151 az intuit\u00edv \u00e1llapotmegjelen\u00edt\u00e9shez<br \/>\n<strong>L\u00e9g\u00e1raml\u00e1s-szab\u00e1lyoz\u00e1s:<\/strong> \u00c1ll\u00edthat\u00f3 l\u00e9g\u00e1raml\u00e1si be\u00e1ll\u00edt\u00e1s az egy\u00e9ni testreszab\u00e1shoz<\/p>\n<h3 class=\"text-lg font-bold text-text-100 mt-1 -mb-1.5\">Fedezzen fel t\u00f6bb VOZOL VAPE-t a vozolpuff-on<\/h3>\n<p class=\"whitespace-normal break-words\">Fedezzen fel t\u00f6bb pr\u00e9mium g\u0151z\u00f6lg\u0151 term\u00e9ket a <strong><a class=\"underline\" href=\"https:\/\/vozolpuff.de\/hu\/\">F\u0151 v\u00e1laszt\u00e9k<\/a><\/strong>b\u00f6ng\u00e9sszen a teljes k\u00edn\u00e1latunkban <strong><a class=\"underline\" href=\"https:\/\/vozolpuff.de\/hu\/product-category\/vozol-vape\/\">VOZOL VAPE kollekci\u00f3<\/a><\/strong> vagy fedezze fel az \u00f6sszes el\u00e9rhet\u0151 <strong><a class=\"underline\" href=\"https:\/\/vozolpuff.de\/hu\/product-category\/vozol-vape\/vozol-gear-shisha-25000\/\">Vozol Gear Shisha 25000 \u00edzek<\/a><\/strong>.<\/p>","protected":false},"excerpt":{"rendered":"<div>\n<div class=\"grid-cols-1 grid gap-2.5 [&amp;_&gt;_*]:min-w-0\">\n<p class=\"whitespace-normal break-words\">Vozol Gear Shisha 25000 Mango Peach Einweg-Vape mit harmonischer Mango-Pfirsich-Kombination. Dual-Mesh-Technologie, 18.000-25.000 Z\u00fcge, 1000mAh Akku, 24ml E-Liquid und 2,1-Zoll-Farbdisplay f\u00fcr DTL-Dampfgenuss.<\/p>\n<\/div>\n<\/div>\n<div class=\"flex flex-col gap-2 py-2\"><\/div>\n","protected":false},"featured_media":1206,"comment_status":"open","ping_status":"closed","template":"","meta":{"_acf_changed":false},"product_brand":[],"product_cat":[34],"product_tag":[],"class_list":{"0":"post-1203","1":"product","2":"type-product","3":"status-publish","4":"has-post-thumbnail","6":"product_cat-vozol-gear-shisha-25000","8":"first","9":"instock","10":"shipping-taxable","11":"purchasable","12":"product-type-variable"},"acf":[],"_links":{"self":[{"href":"https:\/\/vozolpuff.de\/hu\/wp-json\/wp\/v2\/product\/1203","targetHints":{"allow":["GET"]}}],"collection":[{"href":"https:\/\/vozolpuff.de\/hu\/wp-json\/wp\/v2\/product"}],"about":[{"href":"https:\/\/vozolpuff.de\/hu\/wp-json\/wp\/v2\/types\/product"}],"replies":[{"embeddable":true,"href":"https:\/\/vozolpuff.de\/hu\/wp-json\/wp\/v2\/comments?post=1203"}],"wp:featuredmedia":[{"embeddable":true,"href":"https:\/\/vozolpuff.de\/hu\/wp-json\/wp\/v2\/media\/1206"}],"wp:attachment":[{"href":"https:\/\/vozolpuff.de\/hu\/wp-json\/wp\/v2\/media?parent=1203"}],"wp:term":[{"taxonomy":"product_brand","embeddable":true,"href":"https:\/\/vozolpuff.de\/hu\/wp-json\/wp\/v2\/product_brand?post=1203"},{"taxonomy":"product_cat","embeddable":true,"href":"https:\/\/vozolpuff.de\/hu\/wp-json\/wp\/v2\/product_cat?post=1203"},{"taxonomy":"product_tag","embeddable":true,"href":"https:\/\/vozolpuff.de\/hu\/wp-json\/wp\/v2\/product_tag?post=1203"}],"curies":[{"name":"wp","href":"https:\/\/api.w.org\/{rel}","templated":true}]}}