{"id":1213,"date":"2025-08-25T14:50:49","date_gmt":"2025-08-25T12:50:49","guid":{"rendered":"https:\/\/vozolpuff.de\/?post_type=product&#038;p=1213"},"modified":"2026-03-31T16:13:41","modified_gmt":"2026-03-31T14:13:41","slug":"vozol-gear-shisha-25000-blueberry-ice","status":"publish","type":"product","link":"https:\/\/vozolpuff.de\/hu\/termek\/vozol-gear-shisha-25000-blueberry-ice\/","title":{"rendered":"Vozol Gear Shisha 25000 \u00e1fonya j\u00e9g"},"content":{"rendered":"<h2 class=\"text-xl font-bold text-text-100 mt-1 -mb-0.5\">Vozol Gear Shisha 25000 Blueberry Ice eldobhat\u00f3 e-cigaretta<\/h2>\n<p class=\"whitespace-normal break-words\">A <strong>Vozol Gear Shisha 25000 \u00e1fonya j\u00e9g<\/strong> egyes\u00edti az \u00e9des \u00e1fonya \u00edzeket az intenz\u00edv frissess\u00e9ggel egy kifinomult eldobhat\u00f3 p\u00e1rologtat\u00f3ban. Kiv\u00e9teles, ak\u00e1r 25 000 puffol\u00e1sos kapacit\u00e1s\u00e1val gazdas\u00e1gos \u00f6ko \u00fczemm\u00f3dban megszak\u00edt\u00e1s n\u00e9lk\u00fcli, hosszan tart\u00f3 g\u0151z\u00f6l\u00e9s-\u00e9lvezetet garant\u00e1l. A dinamikus teljes\u00edtm\u00e9ny \u00fczemm\u00f3d intenz\u00edvebb \u00edz\u00e9lm\u00e9nyt ny\u00fajt a legmodernebb kett\u0151s h\u00e1l\u00f3s tekercs technol\u00f3gi\u00e1nak k\u00f6sz\u00f6nhet\u0151en. Az aerodinamikailag optimaliz\u00e1lt l\u00e9gcsatorna-kialak\u00edt\u00e1s kiz\u00e1r\u00f3lag a DTL rajong\u00f3k sz\u00e1m\u00e1ra k\u00e9sz\u00fclt, \u00e9s azonnali, b\u00e1rsonyosan sima g\u0151zelvon\u00e1st biztos\u00edt. A megb\u00edzhat\u00f3 1000mAh-s akkumul\u00e1torral, nagyvonal\u00fa 24ml-es e-folyad\u00e9ktart\u00e1llyal \u00e9s informat\u00edv 2,1 h\u00fcvelykes mega k\u00e9perny\u0151vel felszerelt k\u00e9sz\u00fcl\u00e9k t\u00f6k\u00e9letes egyens\u00falyban \u00f6tv\u00f6zi a tart\u00f3ss\u00e1got, az innov\u00e1ci\u00f3t \u00e9s a k\u00e9nyelmet.<\/p>\n<h3 class=\"text-lg font-bold text-text-100 mt-1 -mb-1.5\">A Vozol Gear Shisha 25000 Blueberry Ice kiemelt term\u00e9kei:<\/h3>\n<p class=\"whitespace-normal break-words\"><strong>Energiat\u00e1rol\u00e1s:<\/strong> 1000mAh a hosszabb \u00fczemid\u0151\u00e9rt<br \/>\n<strong>Gazdas\u00e1gos \u00fczemm\u00f3d:<\/strong> Ak\u00e1r 25 000 h\u0171v\u00f6s vonat<br \/>\n<strong>Turb\u00f3 \u00fczemm\u00f3d:<\/strong> Ak\u00e1r 18,000 er\u0151teljes h\u00faz\u00e1s<br \/>\n<strong>Nikotin tartalom:<\/strong> 5mg\/ml a kiel\u00e9g\u00edt\u0151 g\u0151z\u00f6lg\u00e9sekhez<br \/>\n<strong>Vontat\u00e1si technol\u00f3gia:<\/strong> DTL (Direct To Lung) nagy mennyis\u00e9g\u0171 g\u0151z eset\u00e9n<br \/>\n<strong>F\u0171t\u00e9si technol\u00f3gia:<\/strong> Kett\u0151s h\u00e1l\u00f3s p\u00e1rologtat\u00f3 a maxim\u00e1lis \u00edz \u00e9s g\u0151zmennyis\u00e9g \u00e9rdek\u00e9ben<br \/>\n<strong>Tov\u00e1bbi jellemz\u0151k:<\/strong> Audiointerakci\u00f3 a kort\u00e1rs haszn\u00e1latra<br \/>\n<strong>Megjelen\u00edt\u0151 rendszer:<\/strong> 2,1 h\u00fcvelykes sz\u00ednes kijelz\u0151 a k\u00f6nny\u0171 kezelhet\u0151s\u00e9g \u00e9rdek\u00e9ben<br \/>\n<strong>Leveg\u0151\u00e1raml\u00e1s-szab\u00e1lyoz\u00e1s:<\/strong> \u00c1ll\u00edthat\u00f3 l\u00e9g\u00e1raml\u00e1s-szab\u00e1lyoz\u00e1s a szem\u00e9lyre szabott be\u00e1ll\u00edt\u00e1sokhoz<\/p>\n<h3 class=\"text-lg font-bold text-text-100 mt-1 -mb-1.5\">Fedezzen fel t\u00f6bb VOZOL VAPE-t a vozolpuff-on<\/h3>\n<p class=\"whitespace-normal break-words\">Fedezzen fel t\u00f6bb pr\u00e9mium g\u0151z\u00f6lg\u0151 term\u00e9ket a <strong><a class=\"underline\" href=\"https:\/\/vozolpuff.de\/hu\/\">F\u0151 v\u00e1laszt\u00e9k<\/a><\/strong>b\u00f6ng\u00e9sszen a teljes k\u00edn\u00e1latunkban <strong><a class=\"underline\" href=\"https:\/\/vozolpuff.de\/hu\/product-category\/vozol-vape\/\">VOZOL VAPE kollekci\u00f3<\/a><\/strong> vagy fedezze fel az \u00f6sszes el\u00e9rhet\u0151 <strong><a class=\"underline\" href=\"https:\/\/vozolpuff.de\/hu\/product-category\/vozol-vape\/vozol-gear-shisha-25000\/\">Vozol Gear Shisha 25000 \u00edzek<\/a><\/strong>.<\/p>","protected":false},"excerpt":{"rendered":"<div>\n<div class=\"grid-cols-1 grid gap-2.5 [&amp;_&gt;_*]:min-w-0\">\n<div>\n<div class=\"grid-cols-1 grid gap-2.5 [&amp;_&gt;_*]:min-w-0\">\n<p class=\"whitespace-normal break-words\">Vozol Gear Shisha 25000 Blueberry Ice Einweg-Vape mit s\u00fc\u00dfen Blaubeeren und intensiver Frische. Dual-Mesh-Technologie, 18.000-25.000 Z\u00fcge, 1000mAh Akku, 24ml E-Liquid und 2,1-Zoll-Farbdisplay f\u00fcr DTL-Dampfgenuss.<\/p>\n<\/div>\n<\/div>\n<\/div>\n<\/div>\n<div class=\"flex flex-col gap-2 py-2\"><\/div>\n","protected":false},"featured_media":1215,"comment_status":"open","ping_status":"closed","template":"","meta":{"_acf_changed":false},"product_brand":[],"product_cat":[34],"product_tag":[],"class_list":{"0":"post-1213","1":"product","2":"type-product","3":"status-publish","4":"has-post-thumbnail","6":"product_cat-vozol-gear-shisha-25000","8":"first","9":"instock","10":"shipping-taxable","11":"purchasable","12":"product-type-variable"},"acf":[],"_links":{"self":[{"href":"https:\/\/vozolpuff.de\/hu\/wp-json\/wp\/v2\/product\/1213","targetHints":{"allow":["GET"]}}],"collection":[{"href":"https:\/\/vozolpuff.de\/hu\/wp-json\/wp\/v2\/product"}],"about":[{"href":"https:\/\/vozolpuff.de\/hu\/wp-json\/wp\/v2\/types\/product"}],"replies":[{"embeddable":true,"href":"https:\/\/vozolpuff.de\/hu\/wp-json\/wp\/v2\/comments?post=1213"}],"wp:featuredmedia":[{"embeddable":true,"href":"https:\/\/vozolpuff.de\/hu\/wp-json\/wp\/v2\/media\/1215"}],"wp:attachment":[{"href":"https:\/\/vozolpuff.de\/hu\/wp-json\/wp\/v2\/media?parent=1213"}],"wp:term":[{"taxonomy":"product_brand","embeddable":true,"href":"https:\/\/vozolpuff.de\/hu\/wp-json\/wp\/v2\/product_brand?post=1213"},{"taxonomy":"product_cat","embeddable":true,"href":"https:\/\/vozolpuff.de\/hu\/wp-json\/wp\/v2\/product_cat?post=1213"},{"taxonomy":"product_tag","embeddable":true,"href":"https:\/\/vozolpuff.de\/hu\/wp-json\/wp\/v2\/product_tag?post=1213"}],"curies":[{"name":"wp","href":"https:\/\/api.w.org\/{rel}","templated":true}]}}