{"id":1219,"date":"2025-08-25T14:53:59","date_gmt":"2025-08-25T12:53:59","guid":{"rendered":"https:\/\/vozolpuff.de\/?post_type=product&#038;p=1219"},"modified":"2026-03-31T16:13:35","modified_gmt":"2026-03-31T14:13:35","slug":"vozol-gear-shisha-25000-perfume-lemon","status":"publish","type":"product","link":"https:\/\/vozolpuff.de\/hu\/termek\/vozol-gear-shisha-25000-perfume-lemon\/","title":{"rendered":"Vozol Gear Shisha 25000 Parf\u00fcm citrom"},"content":{"rendered":"<h2 class=\"text-xl font-bold text-text-100 mt-1 -mb-0.5\">Vozol Gear Shisha 25000 Parf\u00fcm Lemon eldobhat\u00f3 e-cigaretta<\/h2>\n<p class=\"whitespace-normal break-words\">Fedezze fel a <strong>Vozol Gear Shisha 25000 Parf\u00fcm citrom<\/strong> kifinomult citrusos kompoz\u00edci\u00f3 eleg\u00e1ns illatokkal. Ez a pr\u00e9mium eldobhat\u00f3 k\u00e9sz\u00fcl\u00e9k hihetetlen 25 000 f\u00faj\u00e1ssal ny\u0171g\u00f6z le az er\u0151forr\u00e1s-takar\u00e9kos \u00f6ko \u00fczemm\u00f3dban a v\u00e9gtelen ideig tart\u00f3 \u00e9lvezet \u00e9rdek\u00e9ben. Az er\u0151teljes Power \u00fczemm\u00f3d fokozott \u00edz\u00e9lm\u00e9nyeket teremt az innovat\u00edv dupla h\u00e1l\u00f3s p\u00e1rologtat\u00f3 technol\u00f3gia seg\u00edts\u00e9g\u00e9vel. Az \u00e1raml\u00e1si dinamik\u00e1j\u00e1t tekintve t\u00f6k\u00e9letes\u00edtett l\u00e9gutak rendszere kifejezetten a DTL szerelmeseinek lett kifejlesztve, \u00e9s biztos\u00edtja a k\u00f6nnyed, selymes g\u0151zfelsz\u00edv\u00f3d\u00e1st. A robusztus 1000mAh-s t\u00e1pegys\u00e9g, a 24 ml-es, terjedelmes folyad\u00e9ktart\u00e1ly \u00e9s a legmodernebb 2,1 h\u00fcvelykes sz\u00ednes monitor kombin\u00e1ci\u00f3ja ide\u00e1lis harm\u00f3ni\u00e1t teremt a tart\u00f3ss\u00e1g, a funkcionalit\u00e1s \u00e9s a felhaszn\u00e1l\u00f3i k\u00e9nyelem k\u00f6z\u00f6tt.<\/p>\n<h3 class=\"text-lg font-bold text-text-100 mt-1 -mb-1.5\">A Vozol Gear Shisha 25000 Parf\u00fcm Citrom jellemz\u0151i:<\/h3>\n<p class=\"whitespace-normal break-words\"><strong>Az akkumul\u00e1tor teljes\u00edtm\u00e9nye:<\/strong> 1000mAh nagy kapacit\u00e1s\u00fa akkumul\u00e1tor<br \/>\n<strong>Hat\u00e9konys\u00e1gi \u00fczemm\u00f3d:<\/strong> Ak\u00e1r 25,000 illatos\u00edtott pufi<br \/>\n<strong>Teljes\u00edtm\u00e9ny \u00fczemm\u00f3d:<\/strong> Ak\u00e1r 18 000 intenz\u00edv vonat<br \/>\n<strong>nikotinkoncentr\u00e1ci\u00f3:<\/strong> 5mg\/ml a kiel\u00e9g\u00edt\u0151 g\u0151z\u00f6lg\u00e9shez<br \/>\n<strong>G\u0151z\u00f6s m\u00f3dszer:<\/strong> DTL (Direct To Lung) terjedelmes felh\u0151k\u00e9pz\u0151d\u00e9s eset\u00e9n<br \/>\n<strong>Tekercsrendszer:<\/strong> Kett\u0151s h\u00e1l\u00f3s innov\u00e1ci\u00f3 az optim\u00e1lis \u00edz \u00e9s g\u0151ztermel\u00e9s \u00e9rdek\u00e9ben<br \/>\n<strong>Intelligens funkci\u00f3k:<\/strong> Hangreakci\u00f3 a modern felhaszn\u00e1l\u00f3i \u00e9lm\u00e9ny\u00e9rt<br \/>\n<strong>Megjelen\u00edt\u00e9si technol\u00f3gia:<\/strong> 2,1 h\u00fcvelykes sz\u00ednes k\u00e9perny\u0151 az intuit\u00edv vez\u00e9rl\u00e9shez<br \/>\n<strong>Szell\u0151z\u00e9skezel\u00e9s:<\/strong> V\u00e1ltoztathat\u00f3 l\u00e9g\u00e1raml\u00e1s-szab\u00e1lyoz\u00e1s az egy\u00e9ni testreszab\u00e1shoz<\/p>\n<h3 class=\"text-lg font-bold text-text-100 mt-1 -mb-1.5\">Fedezzen fel t\u00f6bb VOZOL VAPE-t a vozolpuff-on<\/h3>\n<p class=\"whitespace-normal break-words\">Fedezzen fel t\u00f6bb pr\u00e9mium g\u0151z\u00f6lg\u0151 term\u00e9ket a <strong><a class=\"underline\" href=\"https:\/\/vozolpuff.de\/hu\/\">F\u0151 v\u00e1laszt\u00e9k<\/a><\/strong>b\u00f6ng\u00e9sszen a teljes k\u00edn\u00e1latunkban <strong><a class=\"underline\" href=\"https:\/\/vozolpuff.de\/hu\/product-category\/vozol-vape\/\">VOZOL VAPE kollekci\u00f3<\/a><\/strong> vagy fedezze fel az \u00f6sszes el\u00e9rhet\u0151 <strong><a class=\"underline\" href=\"https:\/\/vozolpuff.de\/hu\/product-category\/vozol-vape\/vozol-gear-shisha-25000\/\">Vozol Gear Shisha 25000 \u00edzek<\/a><\/strong>.<\/p>","protected":false},"excerpt":{"rendered":"<div>\n<div class=\"grid-cols-1 grid gap-2.5 [&amp;_&gt;_*]:min-w-0\">\n<p class=\"whitespace-normal break-words\">Vozol Gear Shisha 25000 Perfume Lemon Einweg-Vape mit raffinierter Zitrus-Komposition und eleganten Duftnoten. Dual-Mesh-Technologie, 18.000-25.000 Z\u00fcge, 1000mAh Akku, 24ml E-Liquid und 2,1-Zoll-Farbdisplay f\u00fcr DTL-Dampfgenuss.<\/p>\n<\/div>\n<\/div>\n<div class=\"flex flex-col gap-2 py-2\"><\/div>\n","protected":false},"featured_media":1221,"comment_status":"open","ping_status":"closed","template":"","meta":{"_acf_changed":false},"product_brand":[],"product_cat":[34],"product_tag":[],"class_list":{"0":"post-1219","1":"product","2":"type-product","3":"status-publish","4":"has-post-thumbnail","6":"product_cat-vozol-gear-shisha-25000","8":"first","9":"instock","10":"shipping-taxable","11":"purchasable","12":"product-type-variable"},"acf":[],"_links":{"self":[{"href":"https:\/\/vozolpuff.de\/hu\/wp-json\/wp\/v2\/product\/1219","targetHints":{"allow":["GET"]}}],"collection":[{"href":"https:\/\/vozolpuff.de\/hu\/wp-json\/wp\/v2\/product"}],"about":[{"href":"https:\/\/vozolpuff.de\/hu\/wp-json\/wp\/v2\/types\/product"}],"replies":[{"embeddable":true,"href":"https:\/\/vozolpuff.de\/hu\/wp-json\/wp\/v2\/comments?post=1219"}],"wp:featuredmedia":[{"embeddable":true,"href":"https:\/\/vozolpuff.de\/hu\/wp-json\/wp\/v2\/media\/1221"}],"wp:attachment":[{"href":"https:\/\/vozolpuff.de\/hu\/wp-json\/wp\/v2\/media?parent=1219"}],"wp:term":[{"taxonomy":"product_brand","embeddable":true,"href":"https:\/\/vozolpuff.de\/hu\/wp-json\/wp\/v2\/product_brand?post=1219"},{"taxonomy":"product_cat","embeddable":true,"href":"https:\/\/vozolpuff.de\/hu\/wp-json\/wp\/v2\/product_cat?post=1219"},{"taxonomy":"product_tag","embeddable":true,"href":"https:\/\/vozolpuff.de\/hu\/wp-json\/wp\/v2\/product_tag?post=1219"}],"curies":[{"name":"wp","href":"https:\/\/api.w.org\/{rel}","templated":true}]}}