{"id":1228,"date":"2025-08-25T14:58:54","date_gmt":"2025-08-25T12:58:54","guid":{"rendered":"https:\/\/vozolpuff.de\/?post_type=product&#038;p=1228"},"modified":"2026-03-31T16:13:22","modified_gmt":"2026-03-31T14:13:22","slug":"vozol-gear-shisha-25000-blue-razz-ice","status":"publish","type":"product","link":"https:\/\/vozolpuff.de\/hu\/termek\/vozol-gear-shisha-25000-blue-razz-ice\/","title":{"rendered":"Vozol Gear Shisha 25000 k\u00e9k Razz Ice"},"content":{"rendered":"<h2 class=\"text-xl font-bold text-text-100 mt-1 -mb-0.5\">Vozol Gear Shisha 25000 Blue Razz Ice eldobhat\u00f3 e-cigaretta<\/h2>\n<p class=\"whitespace-normal break-words\">Tapasztalat a <strong>Vozol Gear Shisha 25000 k\u00e9k Razz Ice<\/strong> a k\u00e9k m\u00e1lna \u00e9s az intenz\u00edv h\u0171v\u00f6ss\u00e9g izgalmas f\u00fazi\u00f3ja. Ez az innovat\u00edv eldobhat\u00f3 p\u00e1rologtat\u00f3 leny\u0171g\u00f6z\u0151 25 000 puffot k\u00edn\u00e1l energiatakar\u00e9kos Eco \u00fczemm\u00f3dban a kompromisszumok n\u00e9lk\u00fcli, hosszan tart\u00f3 g\u0151zf\u00e1zisok\u00e9rt. Az er\u0151teljes Power \u00fczemm\u00f3d a forradalmi kett\u0151s h\u00e1l\u00f3s tekercstechnol\u00f3gia r\u00e9v\u00e9n fokozott \u00edz\u00e9lm\u00e9nyt tesz lehet\u0151v\u00e9. Az aerodinamikusan kialak\u00edtott l\u00e9gcsatornarendszer kiz\u00e1r\u00f3lag a DTL szak\u00e9rt\u0151i sz\u00e1m\u00e1ra lett kifejlesztve, \u00e9s azonnali, b\u00e1rsonyosan sima g\u0151zfelv\u00e9telt biztos\u00edt. Az er\u0151teljes 1000mAh energiacella, a nagyvonal\u00fa 24ml-es folyad\u00e9ktart\u00e1ly \u00e9s a nagy felbont\u00e1s\u00fa 2,1 h\u00fcvelykes sz\u00ednes kijelz\u0151 kombin\u00e1ci\u00f3ja a tart\u00f3ss\u00e1g, az innov\u00e1ci\u00f3 \u00e9s a felhaszn\u00e1l\u00f3i k\u00e9nyelem t\u00f6k\u00e9letes egys\u00e9g\u00e9t alkotja.<\/p>\n<h3 class=\"text-lg font-bold text-text-100 mt-1 -mb-1.5\">A Vozol Gear Shisha 25000 Blue Razz Ice m\u0171szaki adatai:<\/h3>\n<p class=\"whitespace-normal break-words\"><strong>Energiaell\u00e1t\u00e1s:<\/strong> 1000mAh a hosszan tart\u00f3 teljes\u00edtm\u00e9ny\u00e9rt<br \/>\n<strong>Gazdas\u00e1gos \u00fczemm\u00f3d:<\/strong> Ak\u00e1r 25 000 s\u00f6rvonat<br \/>\n<strong>T\u00e1pell\u00e1t\u00e1s:<\/strong> Ak\u00e1r 18 000 nagy teljes\u00edtm\u00e9ny\u0171 vonat<br \/>\n<strong>Nikotin er\u0151ss\u00e9g:<\/strong> 5mg\/ml a kiel\u00e9g\u00edt\u0151 g\u0151zpillanatok\u00e9rt<br \/>\n<strong>Inhal\u00e1ci\u00f3s t\u00edpus:<\/strong> DTL (Direct To Lung) a leny\u0171g\u00f6z\u0151 g\u0151zfelh\u0151kh\u00f6z<br \/>\n<strong>F\u0171t\u00e9si rendszer:<\/strong> Kett\u0151s h\u00e1l\u00f3s tekercsek a fokozott \u00edz \u00e9s g\u0151ztermel\u00e9s \u00e9rdek\u00e9ben<br \/>\n<strong>Intelligens funkci\u00f3k:<\/strong> Audi\u00f3 visszajelz\u00e9s a korszer\u0171 felhaszn\u00e1l\u00f3vezet\u00e9shez<br \/>\n<strong>Monitor technol\u00f3gia:<\/strong> 2,1 h\u00fcvelykes sz\u00ednes k\u00e9perny\u0151 a k\u00f6nny\u0171 fel\u00fcgyelet \u00e9rdek\u00e9ben<br \/>\n<strong>L\u00e9g\u00e1raml\u00e1si technol\u00f3gia:<\/strong> Testreszabhat\u00f3 leveg\u0151ell\u00e1t\u00e1s az egy\u00e9nre szabott p\u00e1rologtat\u00e1si \u00e9lm\u00e9ny\u00e9rt<\/p>\n<h3 class=\"text-lg font-bold text-text-100 mt-1 -mb-1.5\">Fedezzen fel t\u00f6bb VOZOL VAPE-t a vozolpuff-on<\/h3>\n<p class=\"whitespace-normal break-words\">Fedezzen fel t\u00f6bb pr\u00e9mium g\u0151z\u00f6lg\u0151 term\u00e9ket a <strong><a class=\"underline\" href=\"https:\/\/vozolpuff.de\/hu\/\">F\u0151 v\u00e1laszt\u00e9k<\/a><\/strong>b\u00f6ng\u00e9sszen a teljes k\u00edn\u00e1latunkban <strong><a class=\"underline\" href=\"https:\/\/vozolpuff.de\/hu\/product-category\/vozol-vape\/\">VOZOL VAPE kollekci\u00f3<\/a><\/strong> vagy fedezze fel az \u00f6sszes el\u00e9rhet\u0151 <strong><a class=\"underline\" href=\"https:\/\/vozolpuff.de\/hu\/product-category\/vozol-vape\/vozol-gear-shisha-25000\/\">Vozol Gear Shisha 25000 \u00edzek<\/a><\/strong>.<\/p>","protected":false},"excerpt":{"rendered":"<div>\n<div class=\"grid-cols-1 grid gap-2.5 [&amp;_&gt;_*]:min-w-0\">\n<p class=\"whitespace-normal break-words\">Vozol Gear Shisha 25000 Blue Razz Ice Einweg-Vape mit aufregender blauer Himbeer-Eis-Kombination. Dual-Mesh-Technologie, 18.000-25.000 Z\u00fcge, 1000mAh Akku, 24ml E-Liquid und 2,1-Zoll-Farbdisplay f\u00fcr DTL-Dampfgenuss.<\/p>\n<\/div>\n<\/div>\n<div class=\"flex flex-col gap-2 py-2\"><\/div>\n","protected":false},"featured_media":1230,"comment_status":"open","ping_status":"closed","template":"","meta":{"_acf_changed":false},"product_brand":[],"product_cat":[34],"product_tag":[],"class_list":{"0":"post-1228","1":"product","2":"type-product","3":"status-publish","4":"has-post-thumbnail","6":"product_cat-vozol-gear-shisha-25000","8":"first","9":"instock","10":"shipping-taxable","11":"purchasable","12":"product-type-variable"},"acf":[],"_links":{"self":[{"href":"https:\/\/vozolpuff.de\/hu\/wp-json\/wp\/v2\/product\/1228","targetHints":{"allow":["GET"]}}],"collection":[{"href":"https:\/\/vozolpuff.de\/hu\/wp-json\/wp\/v2\/product"}],"about":[{"href":"https:\/\/vozolpuff.de\/hu\/wp-json\/wp\/v2\/types\/product"}],"replies":[{"embeddable":true,"href":"https:\/\/vozolpuff.de\/hu\/wp-json\/wp\/v2\/comments?post=1228"}],"wp:featuredmedia":[{"embeddable":true,"href":"https:\/\/vozolpuff.de\/hu\/wp-json\/wp\/v2\/media\/1230"}],"wp:attachment":[{"href":"https:\/\/vozolpuff.de\/hu\/wp-json\/wp\/v2\/media?parent=1228"}],"wp:term":[{"taxonomy":"product_brand","embeddable":true,"href":"https:\/\/vozolpuff.de\/hu\/wp-json\/wp\/v2\/product_brand?post=1228"},{"taxonomy":"product_cat","embeddable":true,"href":"https:\/\/vozolpuff.de\/hu\/wp-json\/wp\/v2\/product_cat?post=1228"},{"taxonomy":"product_tag","embeddable":true,"href":"https:\/\/vozolpuff.de\/hu\/wp-json\/wp\/v2\/product_tag?post=1228"}],"curies":[{"name":"wp","href":"https:\/\/api.w.org\/{rel}","templated":true}]}}