{"id":1252,"date":"2025-08-25T15:09:19","date_gmt":"2025-08-25T13:09:19","guid":{"rendered":"https:\/\/vozolpuff.de\/?post_type=product&#038;p=1252"},"modified":"2026-03-31T16:12:56","modified_gmt":"2026-03-31T14:12:56","slug":"vozol-gear-shisha-25000-cherry-cola","status":"publish","type":"product","link":"https:\/\/vozolpuff.de\/hu\/termek\/vozol-gear-shisha-25000-cherry-cola\/","title":{"rendered":"Vozol Gear Shisha 25000 Cherry Cola"},"content":{"rendered":"<h2 class=\"text-xl font-bold text-text-100 mt-1 -mb-0.5\">Vozol Gear Shisha 25000 Cherry Cola eldobhat\u00f3 e-cigaretta<\/h2>\n<p class=\"whitespace-normal break-words\">Mer\u00fclj\u00f6n el a <strong>Vozol Gear Shisha 25000 Cherry Cola<\/strong>ahol az \u00e9des cseresznye jegyek tal\u00e1lkoznak a klasszikus k\u00f3la \u00edz\u00e9vel. Ez az els\u0151 oszt\u00e1ly\u00fa eldobhat\u00f3 k\u00e9sz\u00fcl\u00e9k hihetetlen 25 000 slukkol\u00e1ssal ny\u0171g\u00f6z le az er\u0151forr\u00e1s-k\u00edm\u00e9l\u0151 Eco \u00fczemm\u00f3dban az \u00e9lvezet v\u00e9gtelen pillanatai\u00e9rt. Az er\u0151teljes Power \u00fczemm\u00f3d a legmodernebb kett\u0151s h\u00e1l\u00f3s p\u00e1rologtat\u00f3 technol\u00f3gi\u00e1val intenz\u00edvebb \u00edzdimenzi\u00f3kat hoz l\u00e9tre. Az \u00e1raml\u00e1si dinamik\u00e1t tekintve t\u00f6k\u00e9letes\u00edtett l\u00e9gcsatorna-kialak\u00edt\u00e1s kifejezetten a DTL-rajong\u00f3k sz\u00e1m\u00e1ra lett kital\u00e1lva, \u00e9s biztos\u00edtja a k\u00f6nnyed, selymes g\u0151zelvon\u00e1st. A megb\u00edzhat\u00f3 1000mAh-s akkumul\u00e1torral, egy terjedelmes 24ml-es e-folyad\u00e9k tart\u00e1lyral \u00e9s egy informat\u00edv 2,1 h\u00fcvelykes mega k\u00e9perny\u0151vel felszerelt k\u00e9sz\u00fcl\u00e9k t\u00f6k\u00e9letes harm\u00f3ni\u00e1ban \u00f6tv\u00f6zi a hossz\u00fa \u00e9lettartamot, a funkcionalit\u00e1st \u00e9s a k\u00e9nyelmet.<\/p>\n<h3 class=\"text-lg font-bold text-text-100 mt-1 -mb-1.5\">A Vozol Gear Shisha 25000 Cherry Cola kiemelt term\u00e9kei:<\/h3>\n<p class=\"whitespace-normal break-words\"><strong>Az akkumul\u00e1tor teljes\u00edtm\u00e9nye:<\/strong> 1000mAh nagyteljes\u00edtm\u00e9ny\u0171 akkumul\u00e1tor<br \/>\n<strong>Hat\u00e9konys\u00e1gi \u00fczemm\u00f3d:<\/strong> Ak\u00e1r 25.000 bubor\u00e9kos vonat<br \/>\n<strong>Intenz\u00edv \u00fczemm\u00f3d:<\/strong> Ak\u00e1r 18,000 er\u0151teljes h\u00faz\u00e1s<br \/>\n<strong>Nikotin tartalom:<\/strong> 5mg\/ml a kiel\u00e9g\u00edt\u0151 g\u0151z\u00f6l\u00e9sekhez<br \/>\n<strong>G\u0151ztechnol\u00f3gia:<\/strong> DTL (Direct To Lung) a terjedelmes felh\u0151termel\u00e9shez<br \/>\n<strong>Tekercsrendszer:<\/strong> Kett\u0151s h\u00e1l\u00f3s technol\u00f3gia a maxim\u00e1lis \u00edz \u00e9s g\u0151zmennyis\u00e9g \u00e9rdek\u00e9ben<br \/>\n<strong>Tov\u00e1bbi funkci\u00f3k:<\/strong> Audiointerakci\u00f3 a korszer\u0171 felhaszn\u00e1l\u00f3i \u00e9lm\u00e9ny\u00e9rt<br \/>\n<strong>Megjelen\u00edt\u0151 rendszer:<\/strong> 2,1 h\u00fcvelykes sz\u00ednes monitor az intuit\u00edv kezel\u00e9shez<br \/>\n<strong>Szell\u0151z\u00e9svez\u00e9rl\u00e9s:<\/strong> V\u00e1ltoztathat\u00f3 l\u00e9g\u00e1raml\u00e1s be\u00e1ll\u00edt\u00e1sa a szem\u00e9lyre szabott g\u0151zpreferenci\u00e1khoz<\/p>\n<h3 class=\"text-lg font-bold text-text-100 mt-1 -mb-1.5\">Fedezzen fel t\u00f6bb VOZOL VAPE-t a vozolpuff-on<\/h3>\n<p class=\"whitespace-normal break-words\">Fedezzen fel t\u00f6bb pr\u00e9mium g\u0151z\u00f6lg\u0151 term\u00e9ket a <strong><a class=\"underline\" href=\"https:\/\/vozolpuff.de\/hu\/\">F\u0151 v\u00e1laszt\u00e9k<\/a><\/strong>b\u00f6ng\u00e9sszen a teljes k\u00edn\u00e1latunkban <strong><a class=\"underline\" href=\"https:\/\/vozolpuff.de\/hu\/product-category\/vozol-vape\/\">VOZOL VAPE kollekci\u00f3<\/a><\/strong> vagy fedezze fel az \u00f6sszes el\u00e9rhet\u0151 <strong><a class=\"underline\" href=\"https:\/\/vozolpuff.de\/hu\/product-category\/vozol-vape\/vozol-gear-shisha-25000\/\">Vozol Gear Shisha 25000 \u00edzek<\/a><\/strong>.<\/p>","protected":false},"excerpt":{"rendered":"<div>\n<div class=\"grid-cols-1 grid gap-2.5 [&amp;_&gt;_*]:min-w-0\">\n<p class=\"whitespace-normal break-words\">Vozol Gear Shisha 25000 Cherry Cola Einweg-Vape mit s\u00fc\u00dfen Kirschen und klassischem Cola-Geschmack. Dual-Mesh-Technologie, 18.000-25.000 Z\u00fcge, 1000mAh Akku, 24ml E-Liquid und 2,1-Zoll-Farbdisplay f\u00fcr DTL-Dampfgenuss.<\/p>\n<\/div>\n<\/div>\n<div class=\"flex flex-col gap-2 py-2\"><\/div>\n","protected":false},"featured_media":1254,"comment_status":"open","ping_status":"closed","template":"","meta":{"_acf_changed":false},"product_brand":[],"product_cat":[34],"product_tag":[],"class_list":{"0":"post-1252","1":"product","2":"type-product","3":"status-publish","4":"has-post-thumbnail","6":"product_cat-vozol-gear-shisha-25000","8":"first","9":"instock","10":"shipping-taxable","11":"purchasable","12":"product-type-variable"},"acf":[],"_links":{"self":[{"href":"https:\/\/vozolpuff.de\/hu\/wp-json\/wp\/v2\/product\/1252","targetHints":{"allow":["GET"]}}],"collection":[{"href":"https:\/\/vozolpuff.de\/hu\/wp-json\/wp\/v2\/product"}],"about":[{"href":"https:\/\/vozolpuff.de\/hu\/wp-json\/wp\/v2\/types\/product"}],"replies":[{"embeddable":true,"href":"https:\/\/vozolpuff.de\/hu\/wp-json\/wp\/v2\/comments?post=1252"}],"wp:featuredmedia":[{"embeddable":true,"href":"https:\/\/vozolpuff.de\/hu\/wp-json\/wp\/v2\/media\/1254"}],"wp:attachment":[{"href":"https:\/\/vozolpuff.de\/hu\/wp-json\/wp\/v2\/media?parent=1252"}],"wp:term":[{"taxonomy":"product_brand","embeddable":true,"href":"https:\/\/vozolpuff.de\/hu\/wp-json\/wp\/v2\/product_brand?post=1252"},{"taxonomy":"product_cat","embeddable":true,"href":"https:\/\/vozolpuff.de\/hu\/wp-json\/wp\/v2\/product_cat?post=1252"},{"taxonomy":"product_tag","embeddable":true,"href":"https:\/\/vozolpuff.de\/hu\/wp-json\/wp\/v2\/product_tag?post=1252"}],"curies":[{"name":"wp","href":"https:\/\/api.w.org\/{rel}","templated":true}]}}