{"id":1258,"date":"2025-08-25T15:15:30","date_gmt":"2025-08-25T13:15:30","guid":{"rendered":"https:\/\/vozolpuff.de\/?post_type=product&#038;p=1258"},"modified":"2026-03-31T16:12:49","modified_gmt":"2026-03-31T14:12:49","slug":"vozol-gear-shisha-25000-blue-mojito","status":"publish","type":"product","link":"https:\/\/vozolpuff.de\/hu\/termek\/vozol-gear-shisha-25000-blue-mojito\/","title":{"rendered":"Vozol Gear Shisha 25000 Blue Mojito 25000 K\u00e9k Mojito"},"content":{"rendered":"<h2 class=\"text-xl font-bold text-text-100 mt-1 -mb-0.5\">Vozol Gear Shisha 25000 Blue Mojito eldobhat\u00f3 e-cigaretta<\/h2>\n<p class=\"whitespace-normal break-words\">\u00c9lvezze a <strong>Vozol Gear Shisha 25000 Blue Mojito 25000 K\u00e9k Mojito<\/strong> a friss\u00edt\u0151 kokt\u00e9l\u00e9l\u00e9lm\u00e9ny k\u00e9k bogy\u00f3s gy\u00fcm\u00f6lcs\u00f6kkel \u00e9s menta akcentussal. Ez a kifinomult, eldobhat\u00f3 k\u00e9sz\u00fcl\u00e9k rendk\u00edv\u00fcli 25 000 f\u00faj\u00e1ssal ny\u0171g\u00f6z le energiatakar\u00e9kos Eco \u00fczemm\u00f3dban a hosszabb ideig tart\u00f3 \u00e9lvezet \u00e9rdek\u00e9ben. A teljes\u00edtm\u00e9ny-optimaliz\u00e1lt teljes\u00edtm\u00e9ny \u00fczemm\u00f3d intenz\u00edvebb \u00edz\u00e9lm\u00e9nyeket teremt a fejlett kett\u0151s h\u00e1l\u00f3s tekercsszerkezetnek k\u00f6sz\u00f6nhet\u0151en. A folyad\u00e9ktechnikailag kifinomult l\u00e9g\u00e1raml\u00e1si koncepci\u00f3t kifejezetten a DTL-szak\u00e9rt\u0151k sz\u00e1m\u00e1ra tervezt\u00e9k, \u00e9s spont\u00e1n, egyenletes g\u0151zelvon\u00e1st garant\u00e1l. Az er\u0151teljes 1000mAh-s akkumul\u00e1torral, nagym\u00e9ret\u0171 24ml-es e-folyad\u00e9ktart\u00e1llyal \u00e9s \u00e1ttekinthet\u0151 2,1 h\u00fcvelykes mega kijelz\u0151vel felszerelt k\u00e9sz\u00fcl\u00e9k ide\u00e1lis m\u00f3don \u00f6tv\u00f6zi a kitart\u00e1st, a teljes\u00edtm\u00e9nyt \u00e9s az egyszer\u0171 haszn\u00e1latot.<\/p>\n<h3 class=\"text-lg font-bold text-text-100 mt-1 -mb-1.5\">A Vozol Gear Shisha 25000 Blue Mojito felszerel\u00e9s\u00e9nek r\u00e9szletei:<\/h3>\n<p class=\"whitespace-normal break-words\"><strong>Akkumul\u00e1tor-technol\u00f3gia:<\/strong> 1000mAh a hosszabb haszn\u00e1lathoz<br \/>\n<strong>Eco funkci\u00f3:<\/strong> Ak\u00e1r 25 000 kokt\u00e9lvonat<br \/>\n<strong>Teljes\u00edtm\u00e9ny funkci\u00f3:<\/strong> Ak\u00e1r 18 000 meger\u0151s\u00edtett vonat<br \/>\n<strong>Nikotinszint:<\/strong> 5mg\/ml a teljes g\u0151z\u00f6l\u00e9si \u00e9lm\u00e9nyek\u00e9rt<br \/>\n<strong>L\u00e9gz\u00e9stechnika:<\/strong> DTL (Direct To Lung) a leny\u0171g\u00f6z\u0151 g\u0151zfejl\u0151d\u00e9shez<br \/>\n<strong>P\u00e1rologtat\u00f3 innov\u00e1ci\u00f3:<\/strong> Kett\u0151s h\u00e1l\u00f3s rendszer a maxim\u00e1lis \u00edz \u00e9s g\u0151zhozam \u00e9rdek\u00e9ben<br \/>\n<strong>Interakt\u00edv elemek:<\/strong> Audio integr\u00e1ci\u00f3 a korszer\u0171 funkcionalit\u00e1s\u00e9rt<br \/>\n<strong>Megjelen\u00edt\u00e9s innov\u00e1ci\u00f3:<\/strong> 2,1 h\u00fcvelykes sz\u00ednes k\u00e9perny\u0151 a k\u00e9nyelmes \u00e1llapotmegjelen\u00edt\u00e9shez<br \/>\n<strong>L\u00e9g\u00e1raml\u00e1s kialak\u00edt\u00e1sa:<\/strong> \u00c1ll\u00edthat\u00f3 l\u00e9g\u00e1raml\u00e1si be\u00e1ll\u00edt\u00e1s a testreszabott \u00e9lm\u00e9nyekhez<\/p>\n<h3 class=\"text-lg font-bold text-text-100 mt-1 -mb-1.5\">Fedezzen fel t\u00f6bb VOZOL VAPE-t a vozolpuff-on<\/h3>\n<p class=\"whitespace-normal break-words\">Fedezzen fel t\u00f6bb pr\u00e9mium g\u0151z\u00f6lg\u0151 term\u00e9ket a <strong><a class=\"underline\" href=\"https:\/\/vozolpuff.de\/hu\/\">F\u0151 v\u00e1laszt\u00e9k<\/a><\/strong>b\u00f6ng\u00e9sszen a teljes k\u00edn\u00e1latunkban <strong><a class=\"underline\" href=\"https:\/\/vozolpuff.de\/hu\/product-category\/vozol-vape\/\">VOZOL VAPE kollekci\u00f3<\/a><\/strong> vagy fedezze fel az \u00f6sszes el\u00e9rhet\u0151 <strong><a class=\"underline\" href=\"https:\/\/vozolpuff.de\/hu\/product-category\/vozol-vape\/vozol-gear-shisha-25000\/\">Vozol Gear Shisha 25000 \u00edzek<\/a><\/strong>.<\/p>","protected":false},"excerpt":{"rendered":"<p class=\"whitespace-normal break-words\">A Vozol Gear Shisha 25000 Blue Mojito eldobhat\u00f3 vape friss\u00edt\u0151 mojito \u00edzt k\u00edn\u00e1l k\u00e9k bogy\u00f3s gy\u00fcm\u00f6lcs\u00f6kkel. Ak\u00e1r 25 000 slukk, 1000mAh akkumul\u00e1tor, dual mesh technol\u00f3gia \u00e9s 2,1\u2033-es sz\u00ednes kijelz\u0151. DTL-optimaliz\u00e1lt az intenz\u00edv g\u0151z\u00f6l\u00e9si \u00e9lm\u00e9nyekhez.<\/p>","protected":false},"featured_media":1260,"comment_status":"open","ping_status":"closed","template":"","meta":{"_acf_changed":false},"product_brand":[],"product_cat":[34],"product_tag":[],"class_list":{"0":"post-1258","1":"product","2":"type-product","3":"status-publish","4":"has-post-thumbnail","6":"product_cat-vozol-gear-shisha-25000","8":"first","9":"instock","10":"shipping-taxable","11":"purchasable","12":"product-type-variable"},"acf":[],"_links":{"self":[{"href":"https:\/\/vozolpuff.de\/hu\/wp-json\/wp\/v2\/product\/1258","targetHints":{"allow":["GET"]}}],"collection":[{"href":"https:\/\/vozolpuff.de\/hu\/wp-json\/wp\/v2\/product"}],"about":[{"href":"https:\/\/vozolpuff.de\/hu\/wp-json\/wp\/v2\/types\/product"}],"replies":[{"embeddable":true,"href":"https:\/\/vozolpuff.de\/hu\/wp-json\/wp\/v2\/comments?post=1258"}],"wp:featuredmedia":[{"embeddable":true,"href":"https:\/\/vozolpuff.de\/hu\/wp-json\/wp\/v2\/media\/1260"}],"wp:attachment":[{"href":"https:\/\/vozolpuff.de\/hu\/wp-json\/wp\/v2\/media?parent=1258"}],"wp:term":[{"taxonomy":"product_brand","embeddable":true,"href":"https:\/\/vozolpuff.de\/hu\/wp-json\/wp\/v2\/product_brand?post=1258"},{"taxonomy":"product_cat","embeddable":true,"href":"https:\/\/vozolpuff.de\/hu\/wp-json\/wp\/v2\/product_cat?post=1258"},{"taxonomy":"product_tag","embeddable":true,"href":"https:\/\/vozolpuff.de\/hu\/wp-json\/wp\/v2\/product_tag?post=1258"}],"curies":[{"name":"wp","href":"https:\/\/api.w.org\/{rel}","templated":true}]}}