{"id":1264,"date":"2025-08-25T15:32:47","date_gmt":"2025-08-25T13:32:47","guid":{"rendered":"https:\/\/vozolpuff.de\/?post_type=product&#038;p=1264"},"modified":"2026-03-31T16:12:42","modified_gmt":"2026-03-31T14:12:42","slug":"vozol-gear-shisha-25000-berry-mint","status":"publish","type":"product","link":"https:\/\/vozolpuff.de\/hu\/termek\/vozol-gear-shisha-25000-berry-mint\/","title":{"rendered":"Vozol Gear Shisha 25000 Berry Menta"},"content":{"rendered":"<h2 class=\"text-xl font-bold text-text-100 mt-1 -mb-0.5\">Vozol Gear Shisha 25000 Berry Menta eldobhat\u00f3 vape<\/h2>\n<p class=\"whitespace-normal break-words\">A Vozol Gear Shisha 25000 Berry Mint az \u00e9rett bogy\u00f3s gy\u00fcm\u00f6lcs\u00f6k \u00e9des frissess\u00e9g\u00e9t \u00e9s az \u00e9l\u00e9nk\u00edt\u0151 ment\u00e1t \u00f6tv\u00f6zi a friss\u00edt\u0151 g\u0151z \u00e9lm\u00e9ny\u00e9\u00e9rt. Eco \u00fczemm\u00f3dban ak\u00e1r 25 000 slukkol\u00e1ssal hosszan tart\u00f3, arom\u00e1s intenzit\u00e1ssal teli g\u0151z\u00f6l\u00e9seket \u00e9lvezhet. A Power \u00fczemm\u00f3d kett\u0151s h\u00e1l\u00f3s tekercsekkel fokozza a bogy\u00f3s gy\u00fcm\u00f6lcs\u00f6k \u00edz\u00e9t, \u00e9s h\u0171s mentolos jegyeket biztos\u00edt minden egyes sz\u00edv\u00e1sn\u00e1l.<\/p>\n<p class=\"whitespace-normal break-words\">Az innovat\u00edv \u00e1raml\u00e1sdinamikus l\u00e9g\u00fati rendszert kifejezetten a DTL p\u00e1rol\u00f3k sz\u00e1m\u00e1ra fejlesztett\u00e9k ki, \u00e9s k\u00f6nnyed, sima sz\u00edv\u00e1st biztos\u00edt. Az 1000mAh nagyteljes\u00edtm\u00e9ny\u0171 akkumul\u00e1tor, a b\u0151s\u00e9ges 24ml-es e-folyad\u00e9k tart\u00e1ly \u00e9s a modern 2,1 h\u00fcvelykes sz\u00ednes kijelz\u0151 kombin\u00e1ci\u00f3ja t\u00f6k\u00e9letes t\u00e1rss\u00e1 teszi ezt az e-cigarett\u00e1t.<\/p>\n<h3 class=\"text-lg font-bold text-text-100 mt-1 -mb-1.5\">Vozol Gear Shisha 25000 Berry Mint specifik\u00e1ci\u00f3k:<\/h3>\n<p class=\"whitespace-normal break-words\"><strong>Akkumul\u00e1tor:<\/strong> 1000mAh hossz\u00fa t\u00e1v\u00fa teljes\u00edtm\u00e9ny<br \/>\n<strong>Eco \u00fczemm\u00f3d:<\/strong> Legfeljebb 25 000 vonat<br \/>\n<strong>Teljes\u00edtm\u00e9ny \u00fczemm\u00f3d:<\/strong> Ak\u00e1r 18 000 vonat<br \/>\n<strong>Nikotin tartalom:<\/strong> 5mg\/ml az optim\u00e1lis el\u00e9gedetts\u00e9g \u00e9rdek\u00e9ben<br \/>\n<strong>G\u0151zt\u00edpus:<\/strong> DTL (Direct To Lung) a terjedelmes felh\u0151k eset\u00e9ben<br \/>\n<strong>Tekercstechnol\u00f3gia:<\/strong> Kett\u0151s h\u00e1l\u00f3 az intenz\u00edv \u00edz\u00e9rt<br \/>\n<strong>Intelligens funkci\u00f3k:<\/strong> Audi\u00f3interakci\u00f3 az intuit\u00edv m\u0171k\u00f6d\u00e9shez<br \/>\n<strong>Megjelen\u00edt\u00e9s:<\/strong> 2,1 h\u00fcvelykes sz\u00ednes k\u00e9perny\u0151 az \u00e1llapotfigyel\u00e9shez<br \/>\n<strong>L\u00e9g\u00e1raml\u00e1s:<\/strong> \u00c1ll\u00edthat\u00f3 leveg\u0151ell\u00e1t\u00e1s a szem\u00e9lyre szabott be\u00e1ll\u00edt\u00e1sokhoz<\/p>\n<h3 class=\"text-lg font-bold text-text-100 mt-1 -mb-1.5\">Fedezzen fel t\u00f6bb VOZOL VAPE-t a vozolpuff-on<\/h3>\n<p class=\"whitespace-normal break-words\">Fedezzen fel t\u00f6bb pr\u00e9mium e-cigarett\u00e1t a <strong><a class=\"underline\" href=\"https:\/\/vozolpuff.de\/hu\/\">Kezd\u0151lap<\/a><\/strong>, fedezze fel a teljes <strong><a class=\"underline\" href=\"https:\/\/vozolpuff.de\/hu\/product-category\/vozol-vape\/\">VOZOL VAPE kollekci\u00f3<\/a><\/strong> vagy b\u00f6ng\u00e9szhet az \u00f6sszes el\u00e9rhet\u0151 <strong><a class=\"underline\" href=\"https:\/\/vozolpuff.de\/hu\/product-category\/vozol-vape\/vozol-gear-shisha-25000\/\">Vozol Gear Shisha 25000 \u00edzek<\/a><\/strong>.<\/p>","protected":false},"excerpt":{"rendered":"<p class=\"whitespace-normal break-words\">A Vozol Gear Shisha 25000 Berry Mint eldobhat\u00f3 vape az \u00e9des bogy\u00f3s gy\u00fcm\u00f6lcs\u00f6ket \u00e9s a friss\u00edt\u0151 ment\u00e1t \u00f6tv\u00f6zi. Ak\u00e1r 25 000 slukk, 1000mAh akkumul\u00e1tor, kett\u0151s h\u00e1l\u00f3s tekercs \u00e9s 2,1\u2033-es sz\u00ednes kijelz\u0151. DTL-optimaliz\u00e1lt a terjedelmes g\u0151zfelh\u0151kh\u00f6z \u00e9s az intenz\u00edv \u00edzhez.<\/p>","protected":false},"featured_media":1266,"comment_status":"open","ping_status":"closed","template":"","meta":{"_acf_changed":false},"product_brand":[],"product_cat":[34],"product_tag":[],"class_list":{"0":"post-1264","1":"product","2":"type-product","3":"status-publish","4":"has-post-thumbnail","6":"product_cat-vozol-gear-shisha-25000","8":"first","9":"instock","10":"shipping-taxable","11":"purchasable","12":"product-type-variable"},"acf":[],"_links":{"self":[{"href":"https:\/\/vozolpuff.de\/hu\/wp-json\/wp\/v2\/product\/1264","targetHints":{"allow":["GET"]}}],"collection":[{"href":"https:\/\/vozolpuff.de\/hu\/wp-json\/wp\/v2\/product"}],"about":[{"href":"https:\/\/vozolpuff.de\/hu\/wp-json\/wp\/v2\/types\/product"}],"replies":[{"embeddable":true,"href":"https:\/\/vozolpuff.de\/hu\/wp-json\/wp\/v2\/comments?post=1264"}],"wp:featuredmedia":[{"embeddable":true,"href":"https:\/\/vozolpuff.de\/hu\/wp-json\/wp\/v2\/media\/1266"}],"wp:attachment":[{"href":"https:\/\/vozolpuff.de\/hu\/wp-json\/wp\/v2\/media?parent=1264"}],"wp:term":[{"taxonomy":"product_brand","embeddable":true,"href":"https:\/\/vozolpuff.de\/hu\/wp-json\/wp\/v2\/product_brand?post=1264"},{"taxonomy":"product_cat","embeddable":true,"href":"https:\/\/vozolpuff.de\/hu\/wp-json\/wp\/v2\/product_cat?post=1264"},{"taxonomy":"product_tag","embeddable":true,"href":"https:\/\/vozolpuff.de\/hu\/wp-json\/wp\/v2\/product_tag?post=1264"}],"curies":[{"name":"wp","href":"https:\/\/api.w.org\/{rel}","templated":true}]}}