{"id":1268,"date":"2025-08-25T15:38:38","date_gmt":"2025-08-25T13:38:38","guid":{"rendered":"https:\/\/vozolpuff.de\/?post_type=product&#038;p=1268"},"modified":"2026-03-31T16:12:35","modified_gmt":"2026-03-31T14:12:35","slug":"vozol-gear-shisha-25000-frozen-strawberry-kiwi","status":"publish","type":"product","link":"https:\/\/vozolpuff.de\/hu\/termek\/vozol-gear-shisha-25000-frozen-strawberry-kiwi\/","title":{"rendered":"Vozol Gear Shisha 25000 Fagyasztott eper kiwi"},"content":{"rendered":"<h2 class=\"text-xl font-bold text-text-100 mt-1 -mb-0.5\">Vozol Gear Shisha 25000 Frozen Strawberry Kiwi eldobhat\u00f3 vape<\/h2>\n<p class=\"whitespace-normal break-words\">Tapasztalja meg az \u00e9des eper \u00e9s az egzotikus kivi jeges \u00edzrobban\u00e1s\u00e1t a Vozol Gear Shisha 25000 Frozen Strawberry Kiwi fagyasztott eperrel. Ez az \u00ednycsikland\u00f3 kever\u00e9k leny\u0171g\u00f6z\u0151, 25 000 slukk fagyos frissess\u00e9get k\u00edn\u00e1l er\u0151forr\u00e1s-k\u00edm\u00e9l\u0151 \u00f6ko \u00fczemm\u00f3dban. Az innovat\u00edv kett\u0151s h\u00e1l\u00f3s tekercstechnol\u00f3gia power \u00fczemm\u00f3dban intenz\u00edv gy\u00fcm\u00f6lcs\u00edzeket szabad\u00edt fel, \u00e9s minden egyes bel\u00e9gz\u00e9ssel friss\u00edt\u0151en jeges jegyet biztos\u00edt.<\/p>\n<p class=\"whitespace-normal break-words\">Az aerodinamikailag t\u00f6k\u00e9letes\u00edtett l\u00e9gcsatorna-rendszer a DTL p\u00e1rol\u00f3k sz\u00e1m\u00e1ra lett optimaliz\u00e1lva, \u00e9s garant\u00e1lja a k\u00f6nnyed, selymes sz\u00edv\u00e1st t\u00f6k\u00e9letes konzisztenci\u00e1val. A robusztus 1000mAh-s akkumul\u00e1torrendszerrel, nagyvonal\u00fa 24 ml-es \u00edzkapacit\u00e1ssal \u00e9s nagy felbont\u00e1s\u00fa 2,1 h\u00fcvelykes k\u00e9perny\u0151vel felszerelt k\u00e9sz\u00fcl\u00e9k maxim\u00e1lis funkcionalit\u00e1st k\u00edn\u00e1l.<\/p>\n<h3 class=\"text-lg font-bold text-text-100 mt-1 -mb-1.5\">Vozol Gear Shisha 25000 Frozen Strawberry Kiwi specifik\u00e1ci\u00f3k:<\/h3>\n<p class=\"whitespace-normal break-words\"><strong>T\u00e1pegys\u00e9g:<\/strong> 1000mAh a hosszabb \u00fczemid\u0151\u00e9rt<br \/>\n<strong>Eco \u00fczemm\u00f3d:<\/strong> Legfeljebb 25 000 vonat<br \/>\n<strong>T\u00e1pell\u00e1t\u00e1s:<\/strong> Ak\u00e1r 18 000 vonat<br \/>\n<strong>Nikotin er\u0151ss\u00e9g:<\/strong> 5mg\/ml az optim\u00e1lis r\u00fag\u00e1s\u00e9rt<br \/>\n<strong>Sz\u00edv\u00e1si st\u00edlus:<\/strong> DTL (Direct To Lung) a nagy felh\u0151termel\u00e9shez<br \/>\n<strong>P\u00e1rologtat\u00f3 technol\u00f3gia:<\/strong> Kett\u0151s h\u00e1l\u00f3 a maxim\u00e1lis \u00edzintenzit\u00e1s\u00e9rt<br \/>\n<strong>Intelligens elemek:<\/strong> Audio visszajelz\u00e9s a kort\u00e1rs interakci\u00f3hoz<br \/>\n<strong>Megjelen\u00edt\u00e9si technol\u00f3gia:<\/strong> 2,1 h\u00fcvelykes sz\u00ednes monitor a teljes k\u00f6r\u0171 vez\u00e9rl\u00e9shez<br \/>\n<strong>L\u00e9g\u00e1raml\u00e1si rendszer:<\/strong> V\u00e1ltoztathat\u00f3 leveg\u0151ell\u00e1t\u00e1s a szem\u00e9lyre szabott be\u00e1ll\u00edt\u00e1sokhoz<\/p>\n<h3 class=\"text-lg font-bold text-text-100 mt-1 -mb-1.5\">Fedezzen fel t\u00f6bb VOZOL VAPE-t a vozolpuff-on<\/h3>\n<p class=\"whitespace-normal break-words\">Fedezzen fel t\u00f6bb pr\u00e9mium e-cigarett\u00e1t a <strong><a class=\"underline\" href=\"https:\/\/vozolpuff.de\/hu\/\">Kezd\u0151lap<\/a><\/strong>, fedezze fel a teljes <strong><a class=\"underline\" href=\"https:\/\/vozolpuff.de\/hu\/product-category\/vozol-vape\/\">VOZOL VAPE kollekci\u00f3<\/a><\/strong> vagy b\u00f6ng\u00e9szhet az \u00f6sszes el\u00e9rhet\u0151 <strong><a class=\"underline\" href=\"https:\/\/vozolpuff.de\/hu\/product-category\/vozol-vape\/vozol-gear-shisha-25000\/\">Vozol Gear Shisha 25000 \u00edzek<\/a><\/strong>.<\/p>","protected":false},"excerpt":{"rendered":"<p class=\"whitespace-normal break-words\">A Vozol Gear Shisha 25000 Frozen Strawberry Kiwi eldobhat\u00f3 vape az \u00e9des eper \u00e9s az egzotikus kivi jeges \u00edzrobban\u00e1s\u00e1t k\u00edn\u00e1lja. Ak\u00e1r 25 000 slukk, 1000mAh akkumul\u00e1tor, dual mesh technol\u00f3gia \u00e9s 2,1\u2033-es kijelz\u0151. DTL-optimaliz\u00e1lt a fagyos frissess\u00e9ghez.<\/p>\n<p class=\"whitespace-normal break-words\">","protected":false},"featured_media":1271,"comment_status":"open","ping_status":"closed","template":"","meta":{"_acf_changed":false},"product_brand":[],"product_cat":[34],"product_tag":[],"class_list":{"0":"post-1268","1":"product","2":"type-product","3":"status-publish","4":"has-post-thumbnail","6":"product_cat-vozol-gear-shisha-25000","8":"first","9":"instock","10":"shipping-taxable","11":"purchasable","12":"product-type-variable"},"acf":[],"_links":{"self":[{"href":"https:\/\/vozolpuff.de\/hu\/wp-json\/wp\/v2\/product\/1268","targetHints":{"allow":["GET"]}}],"collection":[{"href":"https:\/\/vozolpuff.de\/hu\/wp-json\/wp\/v2\/product"}],"about":[{"href":"https:\/\/vozolpuff.de\/hu\/wp-json\/wp\/v2\/types\/product"}],"replies":[{"embeddable":true,"href":"https:\/\/vozolpuff.de\/hu\/wp-json\/wp\/v2\/comments?post=1268"}],"wp:featuredmedia":[{"embeddable":true,"href":"https:\/\/vozolpuff.de\/hu\/wp-json\/wp\/v2\/media\/1271"}],"wp:attachment":[{"href":"https:\/\/vozolpuff.de\/hu\/wp-json\/wp\/v2\/media?parent=1268"}],"wp:term":[{"taxonomy":"product_brand","embeddable":true,"href":"https:\/\/vozolpuff.de\/hu\/wp-json\/wp\/v2\/product_brand?post=1268"},{"taxonomy":"product_cat","embeddable":true,"href":"https:\/\/vozolpuff.de\/hu\/wp-json\/wp\/v2\/product_cat?post=1268"},{"taxonomy":"product_tag","embeddable":true,"href":"https:\/\/vozolpuff.de\/hu\/wp-json\/wp\/v2\/product_tag?post=1268"}],"curies":[{"name":"wp","href":"https:\/\/api.w.org\/{rel}","templated":true}]}}