{"id":1276,"date":"2025-08-25T15:41:06","date_gmt":"2025-08-25T13:41:06","guid":{"rendered":"https:\/\/vozolpuff.de\/?post_type=product&#038;p=1276"},"modified":"2026-03-31T16:12:28","modified_gmt":"2026-03-31T14:12:28","slug":"vozol-gear-shisha-25000-passion-fruit-lychee-orange","status":"publish","type":"product","link":"https:\/\/vozolpuff.de\/hu\/termek\/vozol-gear-shisha-25000-passion-fruit-lychee-orange\/","title":{"rendered":"Vozol Gear v\u00edzipipa 25000 Passion Fruit Lychee narancs"},"content":{"rendered":"<h2 class=\"text-xl font-bold text-text-100 mt-1 -mb-0.5\">Vozol Gear Shisha 25000 Passi\u00f3gy\u00fcm\u00f6lcs-licsi-narancs eldobhat\u00f3 e-cigaretta<\/h2>\n<p class=\"whitespace-normal break-words\">Induljon el egy tr\u00f3pusi utaz\u00e1sra a Vozol Gear Shisha 25000 Passion Fruit Lychee Orange-szal. Ez a finom h\u00e1romf\u00e9le gy\u00fcm\u00f6lcs kever\u00e9k \u00f6tv\u00f6zi a passi\u00f3gy\u00fcm\u00f6lcs intenzit\u00e1s\u00e1t, a licsi egzotikum\u00e1t \u00e9s a narancs frissess\u00e9g\u00e9t egy p\u00e1ratlan \u00edz\u00e9lm\u00e9nyben. Az energiahat\u00e9kony Eco m\u00f3dban ak\u00e1r 25 000 slukkot is \u00e9lvezhet ebb\u0151l a komplex aromakombin\u00e1ci\u00f3b\u00f3l.<\/p>\n<p class=\"whitespace-normal break-words\">A fejlett Dual Mesh rendszer Power m\u00f3dban minden egyes gy\u00fcm\u00f6lcs\u00f6s \u00edzt feler\u0151s\u00edt, \u00e9s harmonikus egyens\u00falyt teremt a \u00e9des \u00e9s friss elemek k\u00f6z\u00f6tt. A l\u00e9grendszer tudom\u00e1nyosan kidolgozott \u00e1raml\u00e1si mechanik\u00e1ja kifejezetten a DTL-vaping rajong\u00f3k sz\u00e1m\u00e1ra lett kifejlesztve, \u00e9s sima, er\u0151teljes inhal\u00e1ci\u00f3t biztos\u00edt.<\/p>\n<p class=\"whitespace-normal break-words\">1000 mAh-s tart\u00f3s energiat\u00e1rol\u00f3j\u00e1val, 24 ml-es e-liquid tart\u00e1ly\u00e1val \u00e9s \u00e1ttekinthet\u0151 2,1 h\u00fcvelykes sz\u00ednes kijelz\u0151j\u00e9vel ez a pr\u00e9mium k\u00e9sz\u00fcl\u00e9k \u00f6tv\u00f6zi a tart\u00f3ss\u00e1got \u00e9s a felhaszn\u00e1l\u00f3bar\u00e1t kezelhet\u0151s\u00e9get.<\/p>\n<h3 class=\"text-lg font-bold text-text-100 mt-1 -mb-1.5\">Vozol Gear Shisha 25000 Passion Fruit Lychee Orange tulajdons\u00e1gok:<\/h3>\n<p class=\"whitespace-normal break-words\"><strong>Akkumul\u00e1tor kapacit\u00e1s:<\/strong> 1000mAh a hosszan tart\u00f3 haszn\u00e1lathoz<br \/>\n<strong>Eco \u00fczemm\u00f3d:<\/strong> Legfeljebb 25 000 vonat<br \/>\n<strong>Teljes\u00edtm\u00e9ny \u00fczemm\u00f3d:<\/strong> Ak\u00e1r 18 000 vonat<br \/>\n<strong>Nikotin tartalom:<\/strong> 5mg\/ml a kiel\u00e9g\u00edt\u0151 hat\u00e1s el\u00e9r\u00e9s\u00e9hez<br \/>\n<strong>G\u0151z \u00fczemm\u00f3d:<\/strong> DTL (Direct To Lung) a terjedelmes g\u0151zfelh\u0151k eset\u00e9ben<br \/>\n<strong>F\u0171t\u0151tekercsek:<\/strong> Kett\u0151s h\u00e1l\u00f3zat a kiv\u00e1l\u00f3 \u00edzreprodukci\u00f3\u00e9rt<br \/>\n<strong>Modern jellemz\u0151k:<\/strong> Audio interf\u00e9sz intelligens haszn\u00e1latra<br \/>\n<strong>Megjelen\u00edt\u00e9si technol\u00f3gia:<\/strong> 2,1 h\u00fcvelykes sz\u00ednes k\u00e9perny\u0151 a k\u00f6nny\u0171 kezelhet\u0151s\u00e9g \u00e9rdek\u00e9ben<br \/>\n<strong>L\u00e9g\u00e1raml\u00e1s:<\/strong> Pontosan szab\u00e1lyozhat\u00f3 szell\u0151z\u00e9s az optim\u00e1lis huzat \u00e9rdek\u00e9ben<\/p>\n<h3 class=\"text-lg font-bold text-text-100 mt-1 -mb-1.5\">Fedezzen fel t\u00f6bb VOZOL VAPE-t a vozolpuff-on<\/h3>\n<p class=\"whitespace-normal break-words\">Fedezzen fel t\u00f6bb pr\u00e9mium e-cigarett\u00e1t a <strong><a class=\"underline\" href=\"https:\/\/vozolpuff.de\/hu\/\">Kezd\u0151lap<\/a><\/strong>, fedezze fel a teljes <strong><a class=\"underline\" href=\"https:\/\/vozolpuff.de\/hu\/product-category\/vozol-vape\/\">VOZOL VAPE kollekci\u00f3<\/a><\/strong> vagy b\u00f6ng\u00e9szhet az \u00f6sszes el\u00e9rhet\u0151 <strong><a class=\"underline\" href=\"https:\/\/vozolpuff.de\/hu\/product-category\/vozol-vape\/vozol-gear-shisha-25000\/\">Vozol Gear Shisha 25000 \u00edzek<\/a><\/strong>.<\/p>","protected":false},"excerpt":{"rendered":"<p class=\"whitespace-normal break-words\">A Vozol Gear Shisha 25000 Passion Fruit Lychee Orange eldobhat\u00f3 vape tr\u00f3pusi passi\u00f3gy\u00fcm\u00f6lcs\u00f6t, egzotikus licsit \u00e9s friss narancsot \u00f6tv\u00f6z. Ak\u00e1r 25 000 slukk, 1000 mAh-s akkumul\u00e1tor, kett\u0151s h\u00e1l\u00f3s rendszer \u00e9s 2,1 h\u00fcvelykes kijelz\u0151. DTL-optimaliz\u00e1lt komplex \u00edz\u00e9lm\u00e9ny\u00e9rt.<\/p>\n<p class=\"whitespace-normal break-words\">","protected":false},"featured_media":1278,"comment_status":"open","ping_status":"closed","template":"","meta":{"_acf_changed":false},"product_brand":[],"product_cat":[34],"product_tag":[],"class_list":{"0":"post-1276","1":"product","2":"type-product","3":"status-publish","4":"has-post-thumbnail","6":"product_cat-vozol-gear-shisha-25000","8":"first","9":"instock","10":"shipping-taxable","11":"purchasable","12":"product-type-variable"},"acf":[],"_links":{"self":[{"href":"https:\/\/vozolpuff.de\/hu\/wp-json\/wp\/v2\/product\/1276","targetHints":{"allow":["GET"]}}],"collection":[{"href":"https:\/\/vozolpuff.de\/hu\/wp-json\/wp\/v2\/product"}],"about":[{"href":"https:\/\/vozolpuff.de\/hu\/wp-json\/wp\/v2\/types\/product"}],"replies":[{"embeddable":true,"href":"https:\/\/vozolpuff.de\/hu\/wp-json\/wp\/v2\/comments?post=1276"}],"wp:featuredmedia":[{"embeddable":true,"href":"https:\/\/vozolpuff.de\/hu\/wp-json\/wp\/v2\/media\/1278"}],"wp:attachment":[{"href":"https:\/\/vozolpuff.de\/hu\/wp-json\/wp\/v2\/media?parent=1276"}],"wp:term":[{"taxonomy":"product_brand","embeddable":true,"href":"https:\/\/vozolpuff.de\/hu\/wp-json\/wp\/v2\/product_brand?post=1276"},{"taxonomy":"product_cat","embeddable":true,"href":"https:\/\/vozolpuff.de\/hu\/wp-json\/wp\/v2\/product_cat?post=1276"},{"taxonomy":"product_tag","embeddable":true,"href":"https:\/\/vozolpuff.de\/hu\/wp-json\/wp\/v2\/product_tag?post=1276"}],"curies":[{"name":"wp","href":"https:\/\/api.w.org\/{rel}","templated":true}]}}