{"id":1287,"date":"2025-08-25T15:46:37","date_gmt":"2025-08-25T13:46:37","guid":{"rendered":"https:\/\/vozolpuff.de\/?post_type=product&#038;p=1287"},"modified":"2026-03-31T16:12:14","modified_gmt":"2026-03-31T14:12:14","slug":"vozol-gear-shisha-25000-grape-mint","status":"publish","type":"product","link":"https:\/\/vozolpuff.de\/hu\/termek\/vozol-gear-shisha-25000-grape-mint\/","title":{"rendered":"Vozol Gear Shisha 25000 sz\u0151l\u0151 menta"},"content":{"rendered":"<h2 class=\"text-xl font-bold text-text-100 mt-1 -mb-0.5\">Vozol Gear Shisha 25000 Grape Mint eldobhat\u00f3 e-cigaretta<\/h2>\n<p class=\"whitespace-normal break-words\">A Vozol Gear Shisha 25000 Grape Mint seg\u00edts\u00e9g\u00e9vel \u00e9lvezheti az \u00e9des sz\u0151l\u0151arom\u00e1k \u00e9s a friss\u00edt\u0151 menta t\u00f6k\u00e9letes harm\u00f3ni\u00e1j\u00e1t. Ez a rendk\u00edv\u00fcli \u00edzkombin\u00e1ci\u00f3 Eco m\u00f3dban ak\u00e1r 25 000 slukkot is biztos\u00edt, \u00e9s minden bel\u00e9gz\u00e9ssel k\u00e9nyezteti \u00d6nt. A kifinomult kett\u0151s h\u00e1l\u00f3s tekercsrendszer Power m\u00f3dban fokozza a gy\u00fcm\u00f6lcs\u00f6s sz\u0151l\u0151jegyeket \u00e9s er\u0151s\u00edti a h\u0171s\u00edt\u0151 menta frissess\u00e9g\u00e9t.<\/p>\n<p class=\"whitespace-normal break-words\">A l\u00e9gcsatorna-rendszer fejlett \u00e1raml\u00e1si mechanik\u00e1ja megfelel a DTL g\u0151z\u00e9lvezet\u00e9s legmagasabb k\u00f6vetelm\u00e9nyeinek, \u00e9s garant\u00e1lja a sima, azonnali sz\u00edv\u00e1st. A nagy teljes\u00edtm\u00e9ny\u0171 1000 mAh-s akkumul\u00e1torral, a nagy \u0171rtartalm\u00fa 24 ml-es folyad\u00e9ktart\u00e1llyal \u00e9s a j\u00f3l \u00e1ttekinthet\u0151 2,1 h\u00fcvelykes kijelz\u0151vel ez a k\u00e9sz\u00fcl\u00e9k \u00f6tv\u00f6zi a tart\u00f3ss\u00e1got, a funkcionalit\u00e1st \u00e9s a felhaszn\u00e1l\u00f3bar\u00e1t kezelhet\u0151s\u00e9get.<\/p>\n<h3 class=\"text-lg font-bold text-text-100 mt-1 -mb-1.5\">Vozol Gear Shisha 25000 Grape Mint jellemz\u0151k:<\/h3>\n<p class=\"whitespace-normal break-words\"><strong>Akkumul\u00e1tor:<\/strong> 1000 mAh az hosszabb haszn\u00e1lathoz<br \/>\n<strong>Eco \u00fczemm\u00f3d:<\/strong> Legfeljebb 25 000 vonat<br \/>\n<strong>Teljes\u00edtm\u00e9ny \u00fczemm\u00f3d:<\/strong> Ak\u00e1r 18 000 vonat<br \/>\n<strong>Nikotin er\u0151ss\u00e9g:<\/strong> 5mg\/ml a kiel\u00e9g\u00edt\u0151 tal\u00e1latokhoz<br \/>\n<strong>Sz\u00edv\u00e1si st\u00edlus:<\/strong> DTL (Direct To Lung) nagy g\u0151zfelh\u0151k\u00e9rt<br \/>\n<strong>Tekercs kialak\u00edt\u00e1sa:<\/strong> Kett\u0151s h\u00e1l\u00f3 az \u00edz \u00e9s a g\u0151zfejl\u0151d\u00e9s fokoz\u00e1sa \u00e9rdek\u00e9ben<br \/>\n<strong>Interakt\u00edv elemek:<\/strong> Audio-visszacsatol\u00e1s a modern kezel\u00e9shez<br \/>\n<strong>Megjelen\u00edt\u00e9s:<\/strong> 2,1 h\u00fcvelykes sz\u00ednes k\u00e9perny\u0151 az egyszer\u0171 ellen\u0151rz\u00e9shez<br \/>\n<strong>L\u00e9g\u00e1ram-szab\u00e1lyoz\u00e1s:<\/strong> Az egy\u00e9ni preferenci\u00e1knak megfelel\u0151en \u00e1ll\u00edthat\u00f3 l\u00e9g\u00e1raml\u00e1s<\/p>\n<h3 class=\"text-lg font-bold text-text-100 mt-1 -mb-1.5\">Fedezzen fel t\u00f6bb VOZOL VAPE-t a vozolpuff-on<\/h3>\n<p class=\"whitespace-normal break-words\">Fedezzen fel t\u00f6bb pr\u00e9mium e-cigarett\u00e1t a <strong><a class=\"underline\" href=\"https:\/\/vozolpuff.de\/hu\/\">Kezd\u0151lap<\/a><\/strong>, fedezze fel a teljes <strong><a class=\"underline\" href=\"https:\/\/vozolpuff.de\/hu\/product-category\/vozol-vape\/\">VOZOL VAPE kollekci\u00f3<\/a><\/strong> vagy b\u00f6ng\u00e9szhet az \u00f6sszes el\u00e9rhet\u0151 <strong><a class=\"underline\" href=\"https:\/\/vozolpuff.de\/hu\/product-category\/vozol-vape\/vozol-gear-shisha-25000\/\">Vozol Gear Shisha 25000 \u00edzek<\/a><\/strong>.<\/p>","protected":false},"excerpt":{"rendered":"<p class=\"whitespace-normal break-words\">A Vozol Gear Shisha 25000 Grape Mint eldobhat\u00f3 vape \u00e9des sz\u0151l\u0151arom\u00e1kat \u00e9s friss\u00edt\u0151 ment\u00e1t \u00f6tv\u00f6z. Ak\u00e1r 25 000 slukk, 1000 mAh-s akkumul\u00e1tor, kett\u0151s h\u00e1l\u00f3s tekercsrendszer \u00e9s 2,1 h\u00fcvelykes kijelz\u0151. DTL-optimaliz\u00e1lt, gy\u00fcm\u00f6lcs\u00f6s \u00e9lvezet h\u0171s\u00edt\u0151 hat\u00e1ssal.<\/p>","protected":false},"featured_media":1289,"comment_status":"open","ping_status":"closed","template":"","meta":{"_acf_changed":false},"product_brand":[],"product_cat":[34],"product_tag":[],"class_list":{"0":"post-1287","1":"product","2":"type-product","3":"status-publish","4":"has-post-thumbnail","6":"product_cat-vozol-gear-shisha-25000","8":"first","9":"instock","10":"shipping-taxable","11":"purchasable","12":"product-type-variable"},"acf":[],"_links":{"self":[{"href":"https:\/\/vozolpuff.de\/hu\/wp-json\/wp\/v2\/product\/1287","targetHints":{"allow":["GET"]}}],"collection":[{"href":"https:\/\/vozolpuff.de\/hu\/wp-json\/wp\/v2\/product"}],"about":[{"href":"https:\/\/vozolpuff.de\/hu\/wp-json\/wp\/v2\/types\/product"}],"replies":[{"embeddable":true,"href":"https:\/\/vozolpuff.de\/hu\/wp-json\/wp\/v2\/comments?post=1287"}],"wp:featuredmedia":[{"embeddable":true,"href":"https:\/\/vozolpuff.de\/hu\/wp-json\/wp\/v2\/media\/1289"}],"wp:attachment":[{"href":"https:\/\/vozolpuff.de\/hu\/wp-json\/wp\/v2\/media?parent=1287"}],"wp:term":[{"taxonomy":"product_brand","embeddable":true,"href":"https:\/\/vozolpuff.de\/hu\/wp-json\/wp\/v2\/product_brand?post=1287"},{"taxonomy":"product_cat","embeddable":true,"href":"https:\/\/vozolpuff.de\/hu\/wp-json\/wp\/v2\/product_cat?post=1287"},{"taxonomy":"product_tag","embeddable":true,"href":"https:\/\/vozolpuff.de\/hu\/wp-json\/wp\/v2\/product_tag?post=1287"}],"curies":[{"name":"wp","href":"https:\/\/api.w.org\/{rel}","templated":true}]}}