{"id":1297,"date":"2025-08-25T15:51:35","date_gmt":"2025-08-25T13:51:35","guid":{"rendered":"https:\/\/vozolpuff.de\/?post_type=product&#038;p=1297"},"modified":"2026-03-31T16:12:01","modified_gmt":"2026-03-31T14:12:01","slug":"vozol-gear-shisha-25000-moscow-evenings","status":"publish","type":"product","link":"https:\/\/vozolpuff.de\/hu\/termek\/vozol-gear-shisha-25000-moscow-evenings\/","title":{"rendered":"Vozol Gear Shisha 25000 Moszkvai est\u00e9k"},"content":{"rendered":"<h2 class=\"text-xl font-bold text-text-100 mt-1 -mb-0.5\">Vozol Gear Shisha 25000 Moszkvai est\u00e9k eldobhat\u00f3 vape<\/h2>\n<p class=\"whitespace-normal break-words\">Mer\u00fclj\u00f6n el a misztikus hangulatban a Vozol Gear Shisha 25000 Moszkvai Est\u00e9kkel. Ez a kifinomult \u00edzkompoz\u00edci\u00f3 a hideg est\u00e9k eleganci\u00e1j\u00e1t ragadja meg, \u00e9s ak\u00e1r 25 000 slukkot is k\u00edn\u00e1l energiatakar\u00e9kos Eco \u00fczemm\u00f3dban. A kifinomult, kett\u0151s h\u00e1l\u00f3s f\u0171t\u00e9si rendszer power \u00fczemm\u00f3dban feler\u0151s\u00edti a komplex \u00edz\u00e1rnyalatokat \u00e9s kiv\u00e9teles \u00edz\u00e9lm\u00e9nyt ny\u00fajt.<\/p>\n<p class=\"whitespace-normal break-words\">Az aerodinamikailag optimaliz\u00e1lt l\u00e9g\u00e1raml\u00e1st kifejezetten az ig\u00e9nyes DTL vaperek sz\u00e1m\u00e1ra tervezt\u00e9k, \u00e9s egyenletes, er\u0151teljes sz\u00edv\u00e1st biztos\u00edt. A megb\u00edzhat\u00f3 1000mAh-s akkumul\u00e1tor rendszerrel, a terjedelmes 24ml-es folyad\u00e9ktart\u00e1llyal \u00e9s az informat\u00edv 2,1 h\u00fcvelykes sz\u00ednes kijelz\u0151vel ez a k\u00e9sz\u00fcl\u00e9k \u00faj m\u00e9rc\u00e9t \u00e1ll\u00edt fel a k\u00e9nyelem \u00e9s a teljes\u00edtm\u00e9ny tekintet\u00e9ben.<\/p>\n<h3 class=\"text-lg font-bold text-text-100 mt-1 -mb-1.5\">Vozol Gear Shisha 25000 Moszkva esti felszerel\u00e9s:<\/h3>\n<p class=\"whitespace-normal break-words\"><strong>Akkumul\u00e1tor kapacit\u00e1s:<\/strong> 1000mAh a hosszabb \u00fczemid\u0151\u00e9rt<br \/>\n<strong>Eco \u00fczemm\u00f3d:<\/strong> Legfeljebb 25 000 vonat<br \/>\n<strong>Teljes\u00edtm\u00e9ny \u00fczemm\u00f3d:<\/strong> Ak\u00e1r 18 000 vonat<br \/>\n<strong>Nikotin tartalom:<\/strong> 5mg\/ml az optim\u00e1lis torkolati hat\u00e1s\u00e9rt<br \/>\n<strong>G\u0151ztechnol\u00f3gia:<\/strong> DTL (Direct To Lung) a maxim\u00e1lis g\u0151ztermel\u00e9shez<br \/>\n<strong>P\u00e1rologtat\u00f3 technol\u00f3gia:<\/strong> Kett\u0151s h\u00e1l\u00f3 a kiv\u00e1l\u00f3 \u00edzvisszaad\u00e1s\u00e9rt<br \/>\n<strong>Modern jellemz\u0151k:<\/strong> Audi\u00f3 visszajelz\u00e9s az intuit\u00edv haszn\u00e1lathoz<br \/>\n<strong>Kijelz\u0151panel:<\/strong> 2,1 h\u00fcvelykes sz\u00ednes kijelz\u0151 a r\u00e9szletes inform\u00e1ci\u00f3khoz<br \/>\n<strong>Leveg\u0151szab\u00e1lyoz\u00e1s:<\/strong> Pontosan szab\u00e1lyozhat\u00f3 l\u00e9g\u00e1raml\u00e1s a szem\u00e9lyes preferenci\u00e1knak megfelel\u0151en<\/p>\n<h3 class=\"text-lg font-bold text-text-100 mt-1 -mb-1.5\">Fedezzen fel t\u00f6bb VOZOL VAPE-t a vozolpuff-on<\/h3>\n<p class=\"whitespace-normal break-words\">Fedezzen fel t\u00f6bb pr\u00e9mium e-cigarett\u00e1t a <strong><a class=\"underline\" href=\"https:\/\/vozolpuff.de\/hu\/\">Kezd\u0151lap<\/a><\/strong>, fedezze fel a teljes <strong><a class=\"underline\" href=\"https:\/\/vozolpuff.de\/hu\/product-category\/vozol-vape\/\">VOZOL VAPE kollekci\u00f3<\/a><\/strong> vagy b\u00f6ng\u00e9szhet az \u00f6sszes el\u00e9rhet\u0151 <strong><a class=\"underline\" href=\"https:\/\/vozolpuff.de\/hu\/product-category\/vozol-vape\/vozol-gear-shisha-25000\/\">Vozol Gear Shisha 25000 \u00edzek<\/a><\/strong>.<\/p>","protected":false},"excerpt":{"rendered":"<p class=\"whitespace-normal break-words\">A Vozol Gear Shisha 25000 Moscow Evenings eldobhat\u00f3 vape a hideg est\u00e9k misztikus hangulat\u00e1t ragadja meg egy kifinomult \u00edzkompoz\u00edci\u00f3ban. Ak\u00e1r 25 000 slukk, 1000mAh akkumul\u00e1tor, kett\u0151s h\u00e1l\u00f3s rendszer \u00e9s 2,1\u2033-es kijelz\u0151. DTL-optimaliz\u00e1lt az eleg\u00e1ns \u00edz\u00e1rnyalatokhoz.<\/p>","protected":false},"featured_media":1299,"comment_status":"open","ping_status":"closed","template":"","meta":{"_acf_changed":false},"product_brand":[],"product_cat":[34],"product_tag":[],"class_list":{"0":"post-1297","1":"product","2":"type-product","3":"status-publish","4":"has-post-thumbnail","6":"product_cat-vozol-gear-shisha-25000","8":"first","9":"instock","10":"shipping-taxable","11":"purchasable","12":"product-type-variable"},"acf":[],"_links":{"self":[{"href":"https:\/\/vozolpuff.de\/hu\/wp-json\/wp\/v2\/product\/1297","targetHints":{"allow":["GET"]}}],"collection":[{"href":"https:\/\/vozolpuff.de\/hu\/wp-json\/wp\/v2\/product"}],"about":[{"href":"https:\/\/vozolpuff.de\/hu\/wp-json\/wp\/v2\/types\/product"}],"replies":[{"embeddable":true,"href":"https:\/\/vozolpuff.de\/hu\/wp-json\/wp\/v2\/comments?post=1297"}],"wp:featuredmedia":[{"embeddable":true,"href":"https:\/\/vozolpuff.de\/hu\/wp-json\/wp\/v2\/media\/1299"}],"wp:attachment":[{"href":"https:\/\/vozolpuff.de\/hu\/wp-json\/wp\/v2\/media?parent=1297"}],"wp:term":[{"taxonomy":"product_brand","embeddable":true,"href":"https:\/\/vozolpuff.de\/hu\/wp-json\/wp\/v2\/product_brand?post=1297"},{"taxonomy":"product_cat","embeddable":true,"href":"https:\/\/vozolpuff.de\/hu\/wp-json\/wp\/v2\/product_cat?post=1297"},{"taxonomy":"product_tag","embeddable":true,"href":"https:\/\/vozolpuff.de\/hu\/wp-json\/wp\/v2\/product_tag?post=1297"}],"curies":[{"name":"wp","href":"https:\/\/api.w.org\/{rel}","templated":true}]}}