{"id":1302,"date":"2025-08-25T15:54:22","date_gmt":"2025-08-25T13:54:22","guid":{"rendered":"https:\/\/vozolpuff.de\/?post_type=product&#038;p=1302"},"modified":"2026-03-31T16:11:53","modified_gmt":"2026-03-31T14:11:53","slug":"vozol-gear-shisha-25000-maiden-killer","status":"publish","type":"product","link":"https:\/\/vozolpuff.de\/hu\/termek\/vozol-gear-shisha-25000-maiden-killer\/","title":{"rendered":"Vozol Gear Shisha 25000 Maiden Killer"},"content":{"rendered":"<h2 class=\"text-xl font-bold text-text-100 mt-1 -mb-0.5\">Vozol Gear Shisha 25000 Maiden Killer egyszer haszn\u00e1latos vape<\/h2>\n<p class=\"whitespace-normal break-words\">A Vozol Gear Shisha 25000 Maiden Killer cs\u00e1b\u00edt\u00f3 \u00edzkombin\u00e1ci\u00f3j\u00e1val \u00e9s ellen\u00e1llhatatlan \u00e9dess\u00e9g\u00e9vel ny\u0171g\u00f6z le. Az er\u0151forr\u00e1s-k\u00edm\u00e9l\u0151 Eco \u00fczemm\u00f3dban leny\u0171g\u00f6z\u0151 25 000 slukkol\u00e1ssal kompromisszumok n\u00e9lk\u00fcli, hosszan tart\u00f3 \u00e9lvezetet tapasztalhat meg. Az innovat\u00edv kett\u0151s h\u00e1l\u00f3s tekercstechnol\u00f3gia power \u00fczemm\u00f3dban intenz\u00edv \u00edzdimenzi\u00f3kat bontakoztat ki, \u00e9s kiv\u00e9teles g\u0151zs\u0171r\u0171s\u00e9get biztos\u00edt.<\/p>\n<p class=\"whitespace-normal break-words\">Az \u00e1raml\u00e1sra optimaliz\u00e1lt csatornarendszert a DTL rajong\u00f3k sz\u00e1m\u00e1ra fejlesztett\u00e9k ki, \u00e9s t\u00f6k\u00e9letes konzisztenci\u00e1j\u00fa, sima, azonnali sz\u00edv\u00e1st garant\u00e1l. Az er\u0151teljes 1000mAh-s akkumul\u00e1tor, a nagyvonal\u00fa 24ml-es \u00edzmennyis\u00e9g \u00e9s a modern 2,1 h\u00fcvelykes \u00e9rint\u0151kijelz\u0151 kombin\u00e1ci\u00f3ja teszi ezt a k\u00e9sz\u00fcl\u00e9ket n\u00e9lk\u00fcl\u00f6zhetetlen vaping t\u00e1rss\u00e1.<\/p>\n<h3 class=\"text-lg font-bold text-text-100 mt-1 -mb-1.5\">Vozol Gear Shisha 25000 Maiden Killer specifik\u00e1ci\u00f3k:<\/h3>\n<p class=\"whitespace-normal break-words\"><strong>T\u00e1pegys\u00e9g:<\/strong> 1000mAh a hosszan tart\u00f3 teljes\u00edtm\u00e9ny\u00e9rt<br \/>\n<strong>Eco v\u00e1ltozat:<\/strong> Legfeljebb 25 000 vonat<br \/>\n<strong>Teljes\u00edtm\u00e9nyv\u00e1ltozat:<\/strong> Ak\u00e1r 18 000 vonat<br \/>\n<strong>Nikotinszint:<\/strong> 5mg\/ml a kiel\u00e9g\u00edt\u0151 hat\u00e1s el\u00e9r\u00e9s\u00e9hez<br \/>\n<strong>G\u0151z \u00fczemm\u00f3d:<\/strong> DTL (Direct To Lung) a terjedelmes felh\u0151k eset\u00e9ben<br \/>\n<strong>F\u0171t\u0151tekercsek:<\/strong> Kett\u0151s h\u00e1l\u00f3 a kiv\u00e1l\u00f3 \u00edz\u00e1tvitel\u00e9rt<br \/>\n<strong>Intelligens funkci\u00f3k:<\/strong> Hangos \u00e9rtes\u00edt\u00e9sek az intelligens m\u0171k\u00f6d\u00e9shez<br \/>\n<strong>Vizualiz\u00e1ci\u00f3:<\/strong> 2,1 h\u00fcvelykes sz\u00ednes kijelz\u0151 a teljes k\u00f6r\u0171 vez\u00e9rl\u00e9shez<br \/>\n<strong>Leveg\u0151\u00e1raml\u00e1si sebess\u00e9g:<\/strong> \u00c1ll\u00edthat\u00f3 szell\u0151z\u00e9s a szem\u00e9lyre szabott huzat\u00e9rt<\/p>\n<h3 class=\"text-lg font-bold text-text-100 mt-1 -mb-1.5\">Fedezzen fel t\u00f6bb VOZOL VAPE-t a vozolpuff-on<\/h3>\n<p class=\"whitespace-normal break-words\">Fedezzen fel t\u00f6bb pr\u00e9mium e-cigarett\u00e1t a <strong><a class=\"underline\" href=\"https:\/\/vozolpuff.de\/hu\/\">Kezd\u0151lap<\/a><\/strong>, fedezze fel a teljes <strong><a class=\"underline\" href=\"https:\/\/vozolpuff.de\/hu\/product-category\/vozol-vape\/\">VOZOL VAPE kollekci\u00f3<\/a><\/strong> vagy b\u00f6ng\u00e9szhet az \u00f6sszes el\u00e9rhet\u0151 <strong><a class=\"underline\" href=\"https:\/\/vozolpuff.de\/hu\/product-category\/vozol-vape\/vozol-gear-shisha-25000\/\">Vozol Gear Shisha 25000 \u00edzek<\/a><\/strong>.<\/p>","protected":false},"excerpt":{"rendered":"<p class=\"whitespace-normal break-words\">A Vozol Gear Shisha 25000 Maiden Killer eldobhat\u00f3 vape cs\u00e1b\u00edt\u00f3 \u00edzkombin\u00e1ci\u00f3j\u00e1val \u00e9s ellen\u00e1llhatatlan \u00e9dess\u00e9g\u00e9vel ny\u0171g\u00f6z le. Ak\u00e1r 25 000 slukk, 1000mAh akkumul\u00e1tor, kett\u0151s h\u00e1l\u00f3s tekercs technol\u00f3gia \u00e9s 2,1\u2033-es kijelz\u0151. DTL-optimaliz\u00e1lt az intenz\u00edv \u00edzdimenzi\u00f3khoz.<\/p>\n<p class=\"whitespace-normal break-words\">","protected":false},"featured_media":1304,"comment_status":"open","ping_status":"closed","template":"","meta":{"_acf_changed":false},"product_brand":[],"product_cat":[34],"product_tag":[],"class_list":{"0":"post-1302","1":"product","2":"type-product","3":"status-publish","4":"has-post-thumbnail","6":"product_cat-vozol-gear-shisha-25000","8":"first","9":"instock","10":"shipping-taxable","11":"purchasable","12":"product-type-variable"},"acf":[],"_links":{"self":[{"href":"https:\/\/vozolpuff.de\/hu\/wp-json\/wp\/v2\/product\/1302","targetHints":{"allow":["GET"]}}],"collection":[{"href":"https:\/\/vozolpuff.de\/hu\/wp-json\/wp\/v2\/product"}],"about":[{"href":"https:\/\/vozolpuff.de\/hu\/wp-json\/wp\/v2\/types\/product"}],"replies":[{"embeddable":true,"href":"https:\/\/vozolpuff.de\/hu\/wp-json\/wp\/v2\/comments?post=1302"}],"wp:featuredmedia":[{"embeddable":true,"href":"https:\/\/vozolpuff.de\/hu\/wp-json\/wp\/v2\/media\/1304"}],"wp:attachment":[{"href":"https:\/\/vozolpuff.de\/hu\/wp-json\/wp\/v2\/media?parent=1302"}],"wp:term":[{"taxonomy":"product_brand","embeddable":true,"href":"https:\/\/vozolpuff.de\/hu\/wp-json\/wp\/v2\/product_brand?post=1302"},{"taxonomy":"product_cat","embeddable":true,"href":"https:\/\/vozolpuff.de\/hu\/wp-json\/wp\/v2\/product_cat?post=1302"},{"taxonomy":"product_tag","embeddable":true,"href":"https:\/\/vozolpuff.de\/hu\/wp-json\/wp\/v2\/product_tag?post=1302"}],"curies":[{"name":"wp","href":"https:\/\/api.w.org\/{rel}","templated":true}]}}