{"id":1312,"date":"2025-08-25T15:59:29","date_gmt":"2025-08-25T13:59:29","guid":{"rendered":"https:\/\/vozolpuff.de\/?post_type=product&#038;p=1312"},"modified":"2026-03-31T16:11:38","modified_gmt":"2026-03-31T14:11:38","slug":"vozol-gear-shisha-25000-berry-ice","status":"publish","type":"product","link":"https:\/\/vozolpuff.de\/hu\/termek\/vozol-gear-shisha-25000-berry-ice\/","title":{"rendered":"Vozol Gear Shisha 25000 Berry Ice"},"content":{"rendered":"<h2 class=\"text-xl font-bold text-text-100 mt-1 -mb-0.5\">Vozol Gear Shisha 25000 Berry Ice eldobhat\u00f3 vape<\/h2>\n<p class=\"whitespace-normal break-words\">A Vozol Gear Shisha 25000 Berry Ice a vegyes bogy\u00f3s gy\u00fcm\u00f6lcs\u00f6k term\u00e9szetes \u00e9dess\u00e9g\u00e9t \u00f6tv\u00f6zi az \u00e9l\u00e9nk\u00edt\u0151 h\u0171v\u00f6ss\u00e9ggel a friss\u00edt\u0151 p\u00e1rologtat\u00e1si \u00e9lm\u00e9ny \u00e9rdek\u00e9ben. A gazdas\u00e1gos \u00f6ko \u00fczemm\u00f3dban ak\u00e1r 25 000 slukkol\u00e1ssal \u00f3r\u00e1kon \u00e1t \u00e9lvezheti a megszak\u00edt\u00e1s n\u00e9lk\u00fcli \u00e9lvezetet. A forradalmi kett\u0151s h\u00e1l\u00f3s technol\u00f3gia power \u00fczemm\u00f3dban feler\u0151s\u00edti a gy\u00fcm\u00f6lcs\u00f6s bogy\u00f3s gy\u00fcm\u00f6lcs\u00f6s \u00edzeket, \u00e9s minden slukknak kellemesen h\u0171v\u00f6s jegyet ad.<\/p>\n<p class=\"whitespace-normal break-words\">A prec\u00edzen kalibr\u00e1lt l\u00e9g\u00e1raml\u00e1si rendszert kifejezetten a DTL p\u00e1rologtat\u00f3k sz\u00e1m\u00e1ra fejlesztett\u00e9k ki, \u00e9s biztos\u00edtja a sima, er\u0151teljes bel\u00e9gz\u00e9st. A robusztus 1000mAh akkumul\u00e1tor, a nagyvonal\u00fa 24ml folyad\u00e9ktart\u00e1ly \u00e9s a nagy felbont\u00e1s\u00fa 2,1 h\u00fcvelykes kijelz\u0151 kombin\u00e1ci\u00f3ja teszi ezt a k\u00e9sz\u00fcl\u00e9ket az ig\u00e9nyes vaperek els\u0151 sz\u00e1m\u00fa v\u00e1laszt\u00e1s\u00e1v\u00e1.<\/p>\n<h3 class=\"text-lg font-bold text-text-100 mt-1 -mb-1.5\">Vozol Gear Shisha 25000 Berry Ice Jellemz\u0151k:<\/h3>\n<p class=\"whitespace-normal break-words\"><strong>Energiaforr\u00e1s:<\/strong> 1000mAh a hosszabb munkamenetekhez<br \/>\n<strong>\u00d6ko be\u00e1ll\u00edt\u00e1s:<\/strong> Legfeljebb 25 000 vonat<br \/>\n<strong>Teljes\u00edtm\u00e9nybe\u00e1ll\u00edt\u00e1s:<\/strong> Ak\u00e1r 18 000 vonat<br \/>\n<strong>Nikotin er\u0151ss\u00e9g:<\/strong> 5mg\/ml az optim\u00e1lis r\u00fag\u00e1s\u00e9rt<br \/>\n<strong>Inhal\u00e1ci\u00f3s st\u00edlus:<\/strong> DTL (Direct To Lung) a nagy felh\u0151termel\u00e9shez<br \/>\n<strong>P\u00e1rologtat\u00f3 kialak\u00edt\u00e1sa:<\/strong> Kett\u0151s h\u00e1l\u00f3 a maxim\u00e1lis \u00edzintenzit\u00e1s\u00e9rt<br \/>\n<strong>Interakt\u00edv funkci\u00f3k:<\/strong> Audi\u00f3 visszajelz\u00e9s az intuit\u00edv kezel\u00e9shez<br \/>\n<strong>Kijelz\u0151 egys\u00e9g:<\/strong> 2,1 h\u00fcvelykes sz\u00ednes monitor az \u00e1tfog\u00f3 t\u00e1j\u00e9koztat\u00e1shoz<br \/>\n<strong>Szell\u0151z\u00e9svez\u00e9rl\u00e9s:<\/strong> Testreszabhat\u00f3 leveg\u0151ell\u00e1t\u00e1s a szem\u00e9lyes be\u00e1ll\u00edt\u00e1sokhoz<\/p>\n<h3 class=\"text-lg font-bold text-text-100 mt-1 -mb-1.5\">Fedezzen fel t\u00f6bb VOZOL VAPE-t a vozolpuff-on<\/h3>\n<p class=\"whitespace-normal break-words\">Fedezzen fel t\u00f6bb pr\u00e9mium e-cigarett\u00e1t a <strong><a class=\"underline\" href=\"https:\/\/vozolpuff.de\/hu\/\">Kezd\u0151lap<\/a><\/strong>, fedezze fel a teljes <strong><a class=\"underline\" href=\"https:\/\/vozolpuff.de\/hu\/product-category\/vozol-vape\/\">VOZOL VAPE kollekci\u00f3<\/a><\/strong> vagy b\u00f6ng\u00e9szhet az \u00f6sszes el\u00e9rhet\u0151 <strong><a class=\"underline\" href=\"https:\/\/vozolpuff.de\/hu\/product-category\/vozol-vape\/vozol-gear-shisha-25000\/\">Vozol Gear Shisha 25000 \u00edzek<\/a><\/strong>.<\/p>","protected":false},"excerpt":{"rendered":"<p class=\"whitespace-normal break-words\">A Vozol Gear Shisha 25000 Berry Ice eldobhat\u00f3 vape egyes\u00edti a vegyes bogy\u00f3s gy\u00fcm\u00f6lcs\u00f6k term\u00e9szetes \u00e9dess\u00e9g\u00e9t az \u00e9l\u00e9nk\u00edt\u0151 h\u0171v\u00f6ss\u00e9ggel. Ak\u00e1r 25 000 slukk, 1000mAh akkumul\u00e1tor, dual mesh technol\u00f3gia \u00e9s 2,1\u2033-es kijelz\u0151. DTL-optimaliz\u00e1lt a friss\u00edt\u0151 p\u00e1rologtat\u00e1si \u00e9lvezethez gy\u00fcm\u00f6lcs\u00f6s intenzit\u00e1ssal.<\/p>","protected":false},"featured_media":1314,"comment_status":"open","ping_status":"closed","template":"","meta":{"_acf_changed":false},"product_brand":[],"product_cat":[34],"product_tag":[],"class_list":{"0":"post-1312","1":"product","2":"type-product","3":"status-publish","4":"has-post-thumbnail","6":"product_cat-vozol-gear-shisha-25000","8":"first","9":"instock","10":"shipping-taxable","11":"purchasable","12":"product-type-variable"},"acf":[],"_links":{"self":[{"href":"https:\/\/vozolpuff.de\/hu\/wp-json\/wp\/v2\/product\/1312","targetHints":{"allow":["GET"]}}],"collection":[{"href":"https:\/\/vozolpuff.de\/hu\/wp-json\/wp\/v2\/product"}],"about":[{"href":"https:\/\/vozolpuff.de\/hu\/wp-json\/wp\/v2\/types\/product"}],"replies":[{"embeddable":true,"href":"https:\/\/vozolpuff.de\/hu\/wp-json\/wp\/v2\/comments?post=1312"}],"wp:featuredmedia":[{"embeddable":true,"href":"https:\/\/vozolpuff.de\/hu\/wp-json\/wp\/v2\/media\/1314"}],"wp:attachment":[{"href":"https:\/\/vozolpuff.de\/hu\/wp-json\/wp\/v2\/media?parent=1312"}],"wp:term":[{"taxonomy":"product_brand","embeddable":true,"href":"https:\/\/vozolpuff.de\/hu\/wp-json\/wp\/v2\/product_brand?post=1312"},{"taxonomy":"product_cat","embeddable":true,"href":"https:\/\/vozolpuff.de\/hu\/wp-json\/wp\/v2\/product_cat?post=1312"},{"taxonomy":"product_tag","embeddable":true,"href":"https:\/\/vozolpuff.de\/hu\/wp-json\/wp\/v2\/product_tag?post=1312"}],"curies":[{"name":"wp","href":"https:\/\/api.w.org\/{rel}","templated":true}]}}