{"id":1316,"date":"2025-08-25T16:01:50","date_gmt":"2025-08-25T14:01:50","guid":{"rendered":"https:\/\/vozolpuff.de\/?post_type=product&#038;p=1316"},"modified":"2026-03-31T16:11:31","modified_gmt":"2026-03-31T14:11:31","slug":"vozol-gear-shisha-25000-peach-ice","status":"publish","type":"product","link":"https:\/\/vozolpuff.de\/hu\/termek\/vozol-gear-shisha-25000-peach-ice\/","title":{"rendered":"Vozol Gear Shisha 25000 Barack j\u00e9g"},"content":{"rendered":"<h2 class=\"text-xl font-bold text-text-100 mt-1 -mb-0.5\">Vozol Gear Shisha 25000 Peach Ice eldobhat\u00f3 vape<\/h2>\n<p class=\"whitespace-normal break-words\">Tapasztald meg az \u00e9rett \u0151szibarack b\u00e1rsonyos \u00e9dess\u00e9g\u00e9t friss\u00edt\u0151 h\u0171v\u00f6ss\u00e9ggel p\u00e1ros\u00edtva a Vozol Gear Shisha 25000 Peach Ice-val. Ez az \u00ednycsikland\u00f3 \u00edzkombin\u00e1ci\u00f3 leny\u0171g\u00f6z\u0151, 25 000 slukkot k\u00edn\u00e1l, tele m\u00e9ly \u00edzzel, k\u00f6rnyezetbar\u00e1t \u00f6ko \u00fczemm\u00f3dban. A fejlett kett\u0151s h\u00e1l\u00f3s f\u0171t\u0151rendszer Power \u00fczemm\u00f3dban fokozza a l\u00e9d\u00fas barack \u00edzeket \u00e9s kellemes h\u0171s\u00edt\u0151 hat\u00e1st biztos\u00edt.<\/p>\n<p class=\"whitespace-normal break-words\">Az aerodinamikailag optimaliz\u00e1lt l\u00e9g\u00e1raml\u00e1si technol\u00f3gi\u00e1t a DTL p\u00e1rol\u00f3k sz\u00e1m\u00e1ra tervezt\u00e9k, \u00e9s sima, azonnali sz\u00edv\u00e1st tesz lehet\u0151v\u00e9 t\u00f6k\u00e9letes konzisztenci\u00e1val. Az er\u0151teljes 1000mAh-s akkumul\u00e1torrendszerrel, a terjedelmes 24ml-es \u00edzes\u00edt\u0151 tart\u00e1llyal \u00e9s az informat\u00edv 2,1 h\u00fcvelykes sz\u00ednes kijelz\u0151vel ez a pr\u00e9mium k\u00e9sz\u00fcl\u00e9k \u00faj m\u00e9rc\u00e9t \u00e1ll\u00edt fel.<\/p>\n<h3 class=\"text-lg font-bold text-text-100 mt-1 -mb-1.5\">Vozol Gear Shisha 25000 Peach Ice Jellemz\u0151k:<\/h3>\n<p class=\"whitespace-normal break-words\"><strong>Az akkumul\u00e1tor teljes\u00edtm\u00e9nye:<\/strong> 1000mAh a hossz\u00fa t\u00e1v\u00fa teljes\u00edtm\u00e9ny\u00e9rt<br \/>\n<strong>Eco \u00fczemm\u00f3d:<\/strong> Legfeljebb 25 000 vonat<br \/>\n<strong>T\u00e1pell\u00e1t\u00e1s:<\/strong> Ak\u00e1r 18 000 vonat<br \/>\n<strong>nikotinkoncentr\u00e1ci\u00f3:<\/strong> 5mg\/ml a kiel\u00e9g\u00edt\u0151 g\u0151z\u00f6l\u00e9si \u00e9lm\u00e9ny\u00e9rt<br \/>\n<strong>G\u0151z \u00fczemm\u00f3d:<\/strong> DTL (Direct To Lung) a terjedelmes g\u0151zfelh\u0151k eset\u00e9ben<br \/>\n<strong>Tekercsrendszer:<\/strong> Kett\u0151s h\u00e1l\u00f3 a kiv\u00e1l\u00f3 \u00edz\u00e1tvitel\u00e9rt<br \/>\n<strong>Technikai innov\u00e1ci\u00f3:<\/strong> Audio integr\u00e1ci\u00f3 a modern m\u0171k\u00f6d\u00e9shez<br \/>\n<strong>K\u00e9perny\u0151technol\u00f3gia:<\/strong> 2,1 h\u00fcvelykes sz\u00ednes k\u00e9perny\u0151 a r\u00e9szletes megjelen\u00edt\u00e9shez<br \/>\n<strong>L\u00e9g\u00e1raml\u00e1s:<\/strong> Pontosan szab\u00e1lyozhat\u00f3 szell\u0151z\u00e9s az optim\u00e1lis huzat \u00e9rdek\u00e9ben<\/p>\n<h3 class=\"text-lg font-bold text-text-100 mt-1 -mb-1.5\">Fedezzen fel t\u00f6bb VOZOL VAPE-t a vozolpuff-on<\/h3>\n<p class=\"whitespace-normal break-words\">Fedezzen fel t\u00f6bb pr\u00e9mium e-cigarett\u00e1t a <strong><a class=\"underline\" href=\"https:\/\/vozolpuff.de\/hu\/\">Kezd\u0151lap<\/a><\/strong>, fedezze fel a teljes <strong><a class=\"underline\" href=\"https:\/\/vozolpuff.de\/hu\/product-category\/vozol-vape\/\">VOZOL VAPE kollekci\u00f3<\/a><\/strong> vagy b\u00f6ng\u00e9szhet az \u00f6sszes el\u00e9rhet\u0151 <strong><a class=\"underline\" href=\"https:\/\/vozolpuff.de\/hu\/product-category\/vozol-vape\/vozol-gear-shisha-25000\/\">Vozol Gear Shisha 25000 \u00edzek<\/a><\/strong>.<\/p>","protected":false},"excerpt":{"rendered":"<p class=\"whitespace-normal break-words\">A Vozol Gear Shisha 25000 Peach Ice eldobhat\u00f3 vape az \u00e9rett \u0151szibarack b\u00e1rsonyos \u00e9dess\u00e9g\u00e9t \u00f6tv\u00f6zi a friss\u00edt\u0151 h\u0171v\u00f6ss\u00e9ggel. Ak\u00e1r 25 000 slukk, 1000mAh akkumul\u00e1tor, kett\u0151s h\u00e1l\u00f3s f\u0171t\u0151rendszer \u00e9s 2,1\u2033-es kijelz\u0151. DTL-optimaliz\u00e1lt l\u00e9d\u00fas \u0151szibarackos jegyekhez h\u0171s\u00edt\u0151 hat\u00e1ssal.<\/p>\n<p class=\"whitespace-normal break-words\">","protected":false},"featured_media":1319,"comment_status":"open","ping_status":"closed","template":"","meta":{"_acf_changed":false},"product_brand":[],"product_cat":[34],"product_tag":[],"class_list":{"0":"post-1316","1":"product","2":"type-product","3":"status-publish","4":"has-post-thumbnail","6":"product_cat-vozol-gear-shisha-25000","8":"first","9":"instock","10":"shipping-taxable","11":"purchasable","12":"product-type-variable"},"acf":[],"_links":{"self":[{"href":"https:\/\/vozolpuff.de\/hu\/wp-json\/wp\/v2\/product\/1316","targetHints":{"allow":["GET"]}}],"collection":[{"href":"https:\/\/vozolpuff.de\/hu\/wp-json\/wp\/v2\/product"}],"about":[{"href":"https:\/\/vozolpuff.de\/hu\/wp-json\/wp\/v2\/types\/product"}],"replies":[{"embeddable":true,"href":"https:\/\/vozolpuff.de\/hu\/wp-json\/wp\/v2\/comments?post=1316"}],"wp:featuredmedia":[{"embeddable":true,"href":"https:\/\/vozolpuff.de\/hu\/wp-json\/wp\/v2\/media\/1319"}],"wp:attachment":[{"href":"https:\/\/vozolpuff.de\/hu\/wp-json\/wp\/v2\/media?parent=1316"}],"wp:term":[{"taxonomy":"product_brand","embeddable":true,"href":"https:\/\/vozolpuff.de\/hu\/wp-json\/wp\/v2\/product_brand?post=1316"},{"taxonomy":"product_cat","embeddable":true,"href":"https:\/\/vozolpuff.de\/hu\/wp-json\/wp\/v2\/product_cat?post=1316"},{"taxonomy":"product_tag","embeddable":true,"href":"https:\/\/vozolpuff.de\/hu\/wp-json\/wp\/v2\/product_tag?post=1316"}],"curies":[{"name":"wp","href":"https:\/\/api.w.org\/{rel}","templated":true}]}}