{"id":1322,"date":"2025-08-25T16:04:16","date_gmt":"2025-08-25T14:04:16","guid":{"rendered":"https:\/\/vozolpuff.de\/?post_type=product&#038;p=1322"},"modified":"2026-03-31T16:11:22","modified_gmt":"2026-03-31T14:11:22","slug":"vozol-gear-shisha-25000-strawberry-margarita","status":"publish","type":"product","link":"https:\/\/vozolpuff.de\/hu\/termek\/vozol-gear-shisha-25000-strawberry-margarita\/","title":{"rendered":"Vozol Gear Shisha 25000 eper margarita"},"content":{"rendered":"<h2 class=\"text-xl font-bold text-text-100 mt-1 -mb-0.5\">Vozol Gear Shisha 25000 Strawberry Margarita eldobhat\u00f3 vape<\/h2>\n<p class=\"whitespace-normal break-words\">A Vozol Gear Shisha 25000 Strawberry Margarita elrep\u00edti \u00d6nt egy ny\u00e1ri kokt\u00e9lok vil\u00e1g\u00e1ba, \u00e9des eperrel \u00e9s friss\u00edt\u0151 margarita \u00edzekkel. Az er\u0151forr\u00e1s-k\u00edm\u00e9l\u0151 Eco m\u00f3dban ak\u00e1r 25 000 slukkot is \u00e9lvezhet ebb\u0151l a finom \u00edzkombin\u00e1ci\u00f3b\u00f3l. Az innovat\u00edv Dual-Mesh tekercstechnol\u00f3gia Power m\u00f3dban komplex aromar\u00e9tegeket bont ki, \u00e9s hiteles kokt\u00e9l\u00e9lm\u00e9nyt teremt.<\/p>\n<p class=\"whitespace-normal break-words\">A l\u00e9g\u00e1raml\u00e1s szempontj\u00e1b\u00f3l t\u00f6k\u00e9letes\u00edtett l\u00e9gcsatorna-rendszer optim\u00e1lisan illeszkedik a DTL-g\u0151z\u00f6l\u0151kh\u00f6z, \u00e9s k\u00f6nnyed, selymes inhal\u00e1ci\u00f3t garant\u00e1l. Megb\u00edzhat\u00f3 1000 mAh-s energiat\u00e1rol\u00f3val, nagym\u00e9ret\u0171 24 ml-es folyad\u00e9ktart\u00e1llyal \u00e9s nagy felbont\u00e1s\u00fa 2,1 h\u00fcvelykes k\u00e9perny\u0151vel ell\u00e1tott k\u00e9sz\u00fcl\u00e9k\u00fcnk a legjobb funkcionalit\u00e1st \u00e9s st\u00edlust k\u00edn\u00e1lja.<\/p>\n<h3 class=\"text-lg font-bold text-text-100 mt-1 -mb-1.5\">Vozol Gear Shisha 25000 Strawberry Margarita m\u0171szaki adatok:<\/h3>\n<p class=\"whitespace-normal break-words\"><strong>Energiaforr\u00e1s:<\/strong> 1000 mAh a hosszabb \u00fczemid\u0151\u00e9rt<br \/>\n<strong>Eco \u00fczemm\u00f3d:<\/strong> Legfeljebb 25 000 vonat<br \/>\n<strong>Teljes\u00edtm\u00e9ny \u00fczemm\u00f3d:<\/strong> Ak\u00e1r 18 000 vonat<br \/>\n<strong>Nikotin tartalom:<\/strong> 5 mg\/ml kiel\u00e9g\u00edt\u0151 hat\u00e1s el\u00e9r\u00e9se \u00e9rdek\u00e9ben<br \/>\n<strong>Vaping technika:<\/strong> DTL (Direct To Lung) a leny\u0171g\u00f6z\u0151 felh\u0151k\u00e9pz\u0151d\u00e9shez<br \/>\n<strong>P\u00e1rologtat\u00f3 technol\u00f3gia:<\/strong> Kett\u0151s h\u00e1l\u00f3zat a kiv\u00e1l\u00f3 \u00edzreprodukci\u00f3\u00e9rt<br \/>\n<strong>Intelligens funkci\u00f3k:<\/strong> Audio visszajelz\u00e9s a modern interakci\u00f3hoz<br \/>\n<strong>Megjelen\u00edt\u0151 rendszer:<\/strong> 2,1 h\u00fcvelykes sz\u00ednes monitor a teljes k\u00f6r\u0171 vez\u00e9rl\u00e9shez<br \/>\n<strong>L\u00e9g\u00e1raml\u00e1s-szab\u00e1lyoz\u00e1s:<\/strong> V\u00e1ltoztathat\u00f3 leveg\u0151ell\u00e1t\u00e1s a szem\u00e9lyre szabott be\u00e1ll\u00edt\u00e1sokhoz<\/p>\n<h3 class=\"text-lg font-bold text-text-100 mt-1 -mb-1.5\">Fedezzen fel t\u00f6bb VOZOL VAPE-t a vozolpuff-on<\/h3>\n<p class=\"whitespace-normal break-words\">Fedezzen fel t\u00f6bb pr\u00e9mium e-cigarett\u00e1t a <strong><a class=\"underline\" href=\"https:\/\/vozolpuff.de\/hu\/\">Kezd\u0151lap<\/a><\/strong>, fedezze fel a teljes <strong><a class=\"underline\" href=\"https:\/\/vozolpuff.de\/hu\/product-category\/vozol-vape\/\">VOZOL VAPE kollekci\u00f3<\/a><\/strong> vagy b\u00f6ng\u00e9szhet az \u00f6sszes el\u00e9rhet\u0151 <strong><a class=\"underline\" href=\"https:\/\/vozolpuff.de\/hu\/product-category\/vozol-vape\/vozol-gear-shisha-25000\/\">Vozol Gear Shisha 25000 \u00edzek<\/a><\/strong>.<\/p>","protected":false},"excerpt":{"rendered":"<p class=\"whitespace-normal break-words\">A Vozol Gear Shisha 25000 Strawberry Margarita eldobhat\u00f3 vape \u00e9des eper \u00e9s margarita \u00edzekkel ny\u00e1ri kokt\u00e9lhangulatba rep\u00edt. Ak\u00e1r 25 000 slukk, 1000 mAh-s akkumul\u00e1tor, Dual Mesh technol\u00f3gia \u00e9s 2,1 h\u00fcvelykes kijelz\u0151. DTL-optimaliz\u00e1lt az autentikus kokt\u00e9l\u00e9lm\u00e9ny\u00e9rt.<\/p>\n<p class=\"whitespace-normal break-words\">","protected":false},"featured_media":1324,"comment_status":"open","ping_status":"closed","template":"","meta":{"_acf_changed":false},"product_brand":[],"product_cat":[34],"product_tag":[],"class_list":{"0":"post-1322","1":"product","2":"type-product","3":"status-publish","4":"has-post-thumbnail","6":"product_cat-vozol-gear-shisha-25000","8":"first","9":"instock","10":"shipping-taxable","11":"purchasable","12":"product-type-variable"},"acf":[],"_links":{"self":[{"href":"https:\/\/vozolpuff.de\/hu\/wp-json\/wp\/v2\/product\/1322","targetHints":{"allow":["GET"]}}],"collection":[{"href":"https:\/\/vozolpuff.de\/hu\/wp-json\/wp\/v2\/product"}],"about":[{"href":"https:\/\/vozolpuff.de\/hu\/wp-json\/wp\/v2\/types\/product"}],"replies":[{"embeddable":true,"href":"https:\/\/vozolpuff.de\/hu\/wp-json\/wp\/v2\/comments?post=1322"}],"wp:featuredmedia":[{"embeddable":true,"href":"https:\/\/vozolpuff.de\/hu\/wp-json\/wp\/v2\/media\/1324"}],"wp:attachment":[{"href":"https:\/\/vozolpuff.de\/hu\/wp-json\/wp\/v2\/media?parent=1322"}],"wp:term":[{"taxonomy":"product_brand","embeddable":true,"href":"https:\/\/vozolpuff.de\/hu\/wp-json\/wp\/v2\/product_brand?post=1322"},{"taxonomy":"product_cat","embeddable":true,"href":"https:\/\/vozolpuff.de\/hu\/wp-json\/wp\/v2\/product_cat?post=1322"},{"taxonomy":"product_tag","embeddable":true,"href":"https:\/\/vozolpuff.de\/hu\/wp-json\/wp\/v2\/product_tag?post=1322"}],"curies":[{"name":"wp","href":"https:\/\/api.w.org\/{rel}","templated":true}]}}