{"id":1326,"date":"2025-08-25T16:06:34","date_gmt":"2025-08-25T14:06:34","guid":{"rendered":"https:\/\/vozolpuff.de\/?post_type=product&#038;p=1326"},"modified":"2026-03-31T16:11:15","modified_gmt":"2026-03-31T14:11:15","slug":"vozol-gear-shisha-25000-watermelon-mint","status":"publish","type":"product","link":"https:\/\/vozolpuff.de\/hu\/termek\/vozol-gear-shisha-25000-watermelon-mint\/","title":{"rendered":"Vozol Gear Shisha 25000 g\u00f6r\u00f6gdinnye menta"},"content":{"rendered":"<h2 class=\"text-xl font-bold text-text-100 mt-1 -mb-0.5\">Vozol Gear Shisha 25000 g\u00f6r\u00f6gdinnye menta eldobhat\u00f3 vape<\/h2>\n<p class=\"whitespace-normal break-words\">\u00c9lvezze a l\u00e9d\u00fas g\u00f6r\u00f6gdinnye \u00e9s az \u00e9l\u00e9nk\u00edt\u0151 menta t\u00f6k\u00e9letes szimbi\u00f3zis\u00e1t a Vozol Gear Shisha 25000 Watermelon Mint\u00e1val. Ez a friss\u00edt\u0151 \u00edzkombin\u00e1ci\u00f3 ak\u00e1r 25 000 slukk tiszta ny\u00e1ri frissess\u00e9get biztos\u00edt energiatakar\u00e9kos Eco \u00fczemm\u00f3dban. A fejlett kett\u0151s h\u00e1l\u00f3s rendszer az energia \u00fczemm\u00f3dban fokozza a gy\u00fcm\u00f6lcs\u00f6s g\u00f6r\u00f6gdinnye \u00edzeket \u00e9s h\u0171s\u00edt\u0151 ment\u00e1s jegyeket biztos\u00edt minden egyes bel\u00e9gz\u00e9ssel.<\/p>\n<p class=\"whitespace-normal break-words\">A leveg\u0151 rendszer tudom\u00e1nyosan kifejlesztett \u00e1raml\u00e1si mechanik\u00e1ja kifejezetten a DTL vaping rajong\u00f3k sz\u00e1m\u00e1ra k\u00e9sz\u00fclt, \u00e9s sima, er\u0151teljes sz\u00edv\u00e1st biztos\u00edt. A hossz\u00fa \u00e9lettartam\u00fa 1000mAh-s akkumul\u00e1torrendszerrel, a terjedelmes 24ml-es e-folyad\u00e9ktart\u00e1llyal \u00e9s az \u00e1ttekinthet\u0151 2,1 h\u00fcvelykes sz\u00ednes kijelz\u0151vel ez a pr\u00e9mium k\u00e9sz\u00fcl\u00e9k egyes\u00edti a teljes\u00edtm\u00e9nyt \u00e9s az egyszer\u0171 haszn\u00e1latot.<\/p>\n<h3 class=\"text-lg font-bold text-text-100 mt-1 -mb-1.5\">Vozol Gear Shisha 25000 g\u00f6r\u00f6gdinnye menta Jellemz\u0151k:<\/h3>\n<p class=\"whitespace-normal break-words\"><strong>Akkumul\u00e1tor kapacit\u00e1s:<\/strong> 1000mAh a hosszan tart\u00f3 haszn\u00e1lathoz<br \/>\n<strong>Eco v\u00e1ltozat:<\/strong> Legfeljebb 25 000 vonat<br \/>\n<strong>Teljes\u00edtm\u00e9nyv\u00e1ltozat:<\/strong> Ak\u00e1r 18 000 vonat<br \/>\n<strong>Nikotinszint:<\/strong> 5mg\/ml az optim\u00e1lis torkolati hat\u00e1s\u00e9rt<br \/>\n<strong>G\u0151z \u00fczemm\u00f3d:<\/strong> DTL (Direct To Lung) a maxim\u00e1lis g\u0151ztermel\u00e9shez<br \/>\n<strong>F\u0171t\u0151tekercs:<\/strong> Kett\u0151s h\u00e1l\u00f3 a fokozott \u00edzkifejl\u0151d\u00e9s\u00e9rt<br \/>\n<strong>Modern technol\u00f3gia:<\/strong> Audio interf\u00e9sz intelligens haszn\u00e1latra<br \/>\n<strong>Megjelen\u00edt\u00e9si technol\u00f3gia:<\/strong> 2,1 h\u00fcvelykes sz\u00ednes k\u00e9perny\u0151 a k\u00f6nny\u0171 kezelhet\u0151s\u00e9g \u00e9rdek\u00e9ben<br \/>\n<strong>Leveg\u0151szab\u00e1lyoz\u00e1s:<\/strong> \u00c1ll\u00edthat\u00f3 szell\u0151z\u00e9s az egy\u00e9ni preferenci\u00e1knak megfelel\u0151en<\/p>\n<h3 class=\"text-lg font-bold text-text-100 mt-1 -mb-1.5\">Fedezzen fel t\u00f6bb VOZOL VAPE-t a vozolpuff-on<\/h3>\n<p class=\"whitespace-normal break-words\">Fedezzen fel t\u00f6bb pr\u00e9mium e-cigarett\u00e1t a <strong><a class=\"underline\" href=\"https:\/\/vozolpuff.de\/hu\/\">Kezd\u0151lap<\/a><\/strong>, fedezze fel a teljes <strong><a class=\"underline\" href=\"https:\/\/vozolpuff.de\/hu\/product-category\/vozol-vape\/\">VOZOL VAPE kollekci\u00f3<\/a><\/strong> vagy b\u00f6ng\u00e9szhet az \u00f6sszes el\u00e9rhet\u0151 <strong><a class=\"underline\" href=\"https:\/\/vozolpuff.de\/hu\/product-category\/vozol-vape\/vozol-gear-shisha-25000\/\">Vozol Gear Shisha 25000 \u00edzek<\/a><\/strong>.<\/p>","protected":false},"excerpt":{"rendered":"<p class=\"whitespace-normal break-words\">A Vozol Gear Shisha 25000 Watermelon Mint eldobhat\u00f3 vape t\u00f6k\u00e9letes szimbi\u00f3zisban egyes\u00edti a l\u00e9d\u00fas g\u00f6r\u00f6gdinny\u00e9t \u00e9s az \u00e9l\u00e9nk\u00edt\u0151 ment\u00e1t. Ak\u00e1r 25 000 slukk, 1000mAh akkumul\u00e1tor, kett\u0151s h\u00e1l\u00f3s rendszer \u00e9s 2,1\u2033-es kijelz\u0151. DTL-optimaliz\u00e1lt friss\u00edt\u0151 ny\u00e1ri frissess\u00e9g h\u0171s\u00edt\u0151 ment\u00e1s jegyekkel.<\/p>","protected":false},"featured_media":1328,"comment_status":"open","ping_status":"closed","template":"","meta":{"_acf_changed":false},"product_brand":[],"product_cat":[34],"product_tag":[],"class_list":{"0":"post-1326","1":"product","2":"type-product","3":"status-publish","4":"has-post-thumbnail","6":"product_cat-vozol-gear-shisha-25000","8":"first","9":"instock","10":"shipping-taxable","11":"purchasable","12":"product-type-variable"},"acf":[],"_links":{"self":[{"href":"https:\/\/vozolpuff.de\/hu\/wp-json\/wp\/v2\/product\/1326","targetHints":{"allow":["GET"]}}],"collection":[{"href":"https:\/\/vozolpuff.de\/hu\/wp-json\/wp\/v2\/product"}],"about":[{"href":"https:\/\/vozolpuff.de\/hu\/wp-json\/wp\/v2\/types\/product"}],"replies":[{"embeddable":true,"href":"https:\/\/vozolpuff.de\/hu\/wp-json\/wp\/v2\/comments?post=1326"}],"wp:featuredmedia":[{"embeddable":true,"href":"https:\/\/vozolpuff.de\/hu\/wp-json\/wp\/v2\/media\/1328"}],"wp:attachment":[{"href":"https:\/\/vozolpuff.de\/hu\/wp-json\/wp\/v2\/media?parent=1326"}],"wp:term":[{"taxonomy":"product_brand","embeddable":true,"href":"https:\/\/vozolpuff.de\/hu\/wp-json\/wp\/v2\/product_brand?post=1326"},{"taxonomy":"product_cat","embeddable":true,"href":"https:\/\/vozolpuff.de\/hu\/wp-json\/wp\/v2\/product_cat?post=1326"},{"taxonomy":"product_tag","embeddable":true,"href":"https:\/\/vozolpuff.de\/hu\/wp-json\/wp\/v2\/product_tag?post=1326"}],"curies":[{"name":"wp","href":"https:\/\/api.w.org\/{rel}","templated":true}]}}