{"id":1330,"date":"2025-08-25T16:08:58","date_gmt":"2025-08-25T14:08:58","guid":{"rendered":"https:\/\/vozolpuff.de\/?post_type=product&#038;p=1330"},"modified":"2026-03-31T16:11:08","modified_gmt":"2026-03-31T14:11:08","slug":"vozol-gear-shisha-25000-blackberry-ice","status":"publish","type":"product","link":"https:\/\/vozolpuff.de\/hu\/termek\/vozol-gear-shisha-25000-blackberry-ice\/","title":{"rendered":"Vozol Gear Shisha 25000 szeder j\u00e9g"},"content":{"rendered":"<h2 class=\"text-xl font-bold text-text-100 mt-1 -mb-0.5\">Vozol Gear Shisha 25000 Blackberry Ice eldobhat\u00f3 vape<\/h2>\n<p class=\"whitespace-normal break-words\">A Vozol Gear Shisha 25000 Blackberry Ice a s\u00f6t\u00e9t szeder intenz\u00edv \u00e9dess\u00e9g\u00e9t \u00e9s a friss\u00edt\u0151 h\u0171v\u00f6ss\u00e9get \u00f6tv\u00f6zi a kiv\u00e9teles g\u0151z\u00f6l\u00e9si \u00e9lm\u00e9ny \u00e9rdek\u00e9ben. A leny\u0171g\u00f6z\u0151 25 000 sz\u00edv\u00e1s takar\u00e9kos \u00f6ko \u00fczemm\u00f3dban, kompromisszumok n\u00e9lk\u00fcl, hosszan tart\u00f3 \u00e9lvezetet ny\u00fajt. A forradalmi kett\u0151s h\u00e1l\u00f3s tekercstechnol\u00f3gia power \u00fczemm\u00f3dban kibontja a m\u00e9ly szeder \u00edzeket, \u00e9s minden slukk kellemes h\u0171s\u00edt\u0151 hat\u00e1st biztos\u00edt.<\/p>\n<p class=\"whitespace-normal break-words\">A prec\u00edzen kifejlesztett, folyad\u00e9kdinamikai tulajdons\u00e1gokkal rendelkez\u0151 l\u00e9g\u00e1raml\u00e1si rendszer a DTL p\u00e1rol\u00f3k sz\u00e1m\u00e1ra lett optimaliz\u00e1lva, \u00e9s k\u00edm\u00e9letes, azonnali bel\u00e9gz\u00e9st tesz lehet\u0151v\u00e9. A nagy teljes\u00edtm\u00e9ny\u0171 1000mAh akkumul\u00e1tor, a nagyvonal\u00fa 24ml \u00edzmennyis\u00e9g \u00e9s a modern 2,1 h\u00fcvelykes \u00e9rint\u0151kijelz\u0151 kombin\u00e1ci\u00f3ja n\u00e9lk\u00fcl\u00f6zhetetlen t\u00e1rss\u00e1 teszi ezt a k\u00e9sz\u00fcl\u00e9ket.<\/p>\n<h3 class=\"text-lg font-bold text-text-100 mt-1 -mb-1.5\">Vozol Gear Shisha 25000 Blackberry Ice Jellemz\u0151k:<\/h3>\n<p class=\"whitespace-normal break-words\"><strong>Energiaell\u00e1t\u00e1s:<\/strong> 1000mAh a hosszan tart\u00f3 munkamenetekhez<br \/>\n<strong>\u00d6ko be\u00e1ll\u00edt\u00e1s:<\/strong> Legfeljebb 25 000 vonat<br \/>\n<strong>Teljes\u00edtm\u00e9nybe\u00e1ll\u00edt\u00e1s:<\/strong> Ak\u00e1r 18 000 vonat<br \/>\n<strong>Nikotin tartalom:<\/strong> 5mg\/ml a kiel\u00e9g\u00edt\u0151 tal\u00e1latokhoz<br \/>\n<strong>Inhal\u00e1ci\u00f3s t\u00edpus:<\/strong> DTL (Direct To Lung) a terjedelmes felh\u0151k eset\u00e9ben<br \/>\n<strong>Tekercskonfigur\u00e1ci\u00f3:<\/strong> Kett\u0151s h\u00e1l\u00f3 a kiv\u00e1l\u00f3 \u00edz\u00e1tvitel\u00e9rt<br \/>\n<strong>Intelligens funkci\u00f3k:<\/strong> Audi\u00f3 \u00e9rtes\u00edt\u00e9sek az intuit\u00edv m\u0171k\u00f6d\u00e9shez<br \/>\n<strong>Vizualiz\u00e1ci\u00f3:<\/strong> 2,1 h\u00fcvelykes sz\u00ednes kijelz\u0151 az \u00e1tfog\u00f3 \u00e1ttekint\u00e9shez<br \/>\n<strong>Leveg\u0151\u00e1raml\u00e1si sebess\u00e9g:<\/strong> \u00c1ll\u00edthat\u00f3 leveg\u0151ell\u00e1t\u00e1s a szem\u00e9lyre szabott huzathoz<\/p>\n<h3 class=\"text-lg font-bold text-text-100 mt-1 -mb-1.5\">Fedezzen fel t\u00f6bb VOZOL VAPE-t a vozolpuff-on<\/h3>\n<p class=\"whitespace-normal break-words\">Fedezzen fel t\u00f6bb pr\u00e9mium e-cigarett\u00e1t a <strong><a class=\"underline\" href=\"https:\/\/vozolpuff.de\/hu\/\">Kezd\u0151lap<\/a><\/strong>, fedezze fel a teljes <strong><a class=\"underline\" href=\"https:\/\/vozolpuff.de\/hu\/product-category\/vozol-vape\/\">VOZOL VAPE kollekci\u00f3<\/a><\/strong> vagy b\u00f6ng\u00e9szhet az \u00f6sszes el\u00e9rhet\u0151 <strong><a class=\"underline\" href=\"https:\/\/vozolpuff.de\/hu\/product-category\/vozol-vape\/vozol-gear-shisha-25000\/\">Vozol Gear Shisha 25000 \u00edzek<\/a><\/strong>.<\/p>","protected":false},"excerpt":{"rendered":"<p class=\"whitespace-normal break-words\">A Vozol Gear Shisha 25000 Blackberry Ice eldobhat\u00f3 vape egyes\u00edti a s\u00f6t\u00e9t szeder intenz\u00edv \u00e9dess\u00e9g\u00e9t a friss\u00edt\u0151 h\u0171v\u00f6ss\u00e9ggel. Ak\u00e1r 25 000 slukk, 1000mAh akkumul\u00e1tor, kett\u0151s h\u00e1l\u00f3s tekercs technol\u00f3gia \u00e9s 2,1\u2033-es kijelz\u0151. DTL-optimaliz\u00e1lt a kiv\u00e9teles, h\u0171s\u00edt\u0151 hat\u00e1s\u00fa p\u00e1rologtat\u00e1si \u00e9lm\u00e9ny\u00e9rt.<\/p>\n<p class=\"whitespace-normal break-words\">","protected":false},"featured_media":1332,"comment_status":"open","ping_status":"closed","template":"","meta":{"_acf_changed":false},"product_brand":[],"product_cat":[34],"product_tag":[],"class_list":{"0":"post-1330","1":"product","2":"type-product","3":"status-publish","4":"has-post-thumbnail","6":"product_cat-vozol-gear-shisha-25000","8":"first","9":"instock","10":"shipping-taxable","11":"purchasable","12":"product-type-variable"},"acf":[],"_links":{"self":[{"href":"https:\/\/vozolpuff.de\/hu\/wp-json\/wp\/v2\/product\/1330","targetHints":{"allow":["GET"]}}],"collection":[{"href":"https:\/\/vozolpuff.de\/hu\/wp-json\/wp\/v2\/product"}],"about":[{"href":"https:\/\/vozolpuff.de\/hu\/wp-json\/wp\/v2\/types\/product"}],"replies":[{"embeddable":true,"href":"https:\/\/vozolpuff.de\/hu\/wp-json\/wp\/v2\/comments?post=1330"}],"wp:featuredmedia":[{"embeddable":true,"href":"https:\/\/vozolpuff.de\/hu\/wp-json\/wp\/v2\/media\/1332"}],"wp:attachment":[{"href":"https:\/\/vozolpuff.de\/hu\/wp-json\/wp\/v2\/media?parent=1330"}],"wp:term":[{"taxonomy":"product_brand","embeddable":true,"href":"https:\/\/vozolpuff.de\/hu\/wp-json\/wp\/v2\/product_brand?post=1330"},{"taxonomy":"product_cat","embeddable":true,"href":"https:\/\/vozolpuff.de\/hu\/wp-json\/wp\/v2\/product_cat?post=1330"},{"taxonomy":"product_tag","embeddable":true,"href":"https:\/\/vozolpuff.de\/hu\/wp-json\/wp\/v2\/product_tag?post=1330"}],"curies":[{"name":"wp","href":"https:\/\/api.w.org\/{rel}","templated":true}]}}