{"id":2167,"date":"2025-08-28T16:55:01","date_gmt":"2025-08-28T14:55:01","guid":{"rendered":"https:\/\/vozolpuff.de\/?post_type=product&#038;p=2167"},"modified":"2025-08-28T16:56:15","modified_gmt":"2025-08-28T14:56:15","slug":"randm-tornado-15000-peach-mango","status":"publish","type":"product","link":"https:\/\/vozolpuff.de\/hu\/termek\/randm-tornado-15000-peach-mango\/","title":{"rendered":"RandM Tornado 15000 Barack Mango"},"content":{"rendered":"<h2 class=\"text-xl font-bold text-text-100 mt-1 -mb-0.5\">RandM Tornado 15000 Barackos mang\u00f3 eldobhat\u00f3 vape<\/h2>\n<p class=\"whitespace-normal break-words\">Tapasztalja meg az \u00e9des \u0151szibarack \u00e9s az egzotikus mang\u00f3 t\u00f6k\u00e9letes harm\u00f3ni\u00e1j\u00e1t a RandM Tornado 15000 Peach Mango term\u00e9kkel. Ez a pr\u00e9mium eldobhat\u00f3 e-cigaretta ak\u00e1r 15 000 \u00e9lvezetes sz\u00edv\u00e1st biztos\u00edt egy nagyvonal\u00fa 25 ml-es e-folyad\u00e9ktart\u00e1llyal. K\u00fcl\u00f6nb\u00f6z\u0151 nikotin er\u0151ss\u00e9gekben kaphat\u00f3 (0%, 2%, 3%, 5%) az egy\u00e9ni p\u00e1rologtat\u00e1si \u00e9lvezet \u00e9rdek\u00e9ben.<\/p>\n<h3 class=\"text-lg font-bold text-text-100 mt-1 -mb-1.5\">A Peach Mango v\u00e1ltozat m\u0171szaki jellemz\u0151i:<\/h3>\n<p class=\"whitespace-normal break-words\"><strong>Hossz\u00fa \u00e9lettartam\u00fa 850mAh akkumul\u00e1tor:<\/strong> A nagy kapacit\u00e1s\u00fa akkumul\u00e1tor a teljes \u00e9lettartam alatt megb\u00edzhat\u00f3 teljes\u00edtm\u00e9nyt garant\u00e1l, \u00e9s az utols\u00f3 slukkig folyamatos g\u0151ztermel\u00e9st biztos\u00edt.<\/p>\n<p class=\"whitespace-normal break-words\"><strong>Nagy t\u00e9rfogat\u00fa 25 ML tart\u00e1ly:<\/strong> A kib\u0151v\u00edtett e-folyad\u00e9k tart\u00e1ly elegend\u0151 kapacit\u00e1st k\u00edn\u00e1l a hosszan tart\u00f3 g\u0151z\u00f6l\u00e9s gyakori megszak\u00edt\u00e1sok n\u00e9lk\u00fcli \u00e9lvezet\u00e9hez.<\/p>\n<p class=\"whitespace-normal break-words\"><strong>Prec\u00edzi\u00f3s h\u00e1l\u00f3s tekercs 0,90\u03a9:<\/strong> Az innovat\u00edv h\u00e1l\u00f3s technol\u00f3gia optim\u00e1lis \u00edzkifejl\u0151d\u00e9st \u00e9s egyenletes h\u0151eloszl\u00e1st biztos\u00edt az intenz\u00edv barackos-mang\u00f3s \u00edzek \u00e9rdek\u00e9ben.<\/p>\n<p class=\"whitespace-normal break-words\"><strong>C-t\u00edpus\u00fa gyorst\u00f6lt\u00e9s:<\/strong> A legkorszer\u0171bb t\u00f6lt\u00e9si technol\u00f3gia hat\u00e9kony energiaell\u00e1t\u00e1st tesz lehet\u0151v\u00e9, \u00e9s minim\u00e1lisra cs\u00f6kkenti a v\u00e1rakoz\u00e1si id\u0151t.<\/p>\n<p class=\"whitespace-normal break-words\"><strong>Leny\u0171g\u00f6z\u0151 15 000 vonat:<\/strong> Maxim\u00e1lis hozam a hossz\u00fa t\u00e1v\u00fa el\u00e9gedetts\u00e9g \u00e9rdek\u00e9ben, a min\u0151s\u00e9g \u00e9s az \u00edzintenzit\u00e1s cs\u00f6kken\u00e9se n\u00e9lk\u00fcl.<\/p>\n<p class=\"whitespace-normal break-words\"><strong>Dinamikus RGB vil\u00e1g\u00edt\u00e1s:<\/strong> A st\u00edlusos f\u00e9nyhat\u00e1sok kiemelik a pr\u00e9mium kateg\u00f3ri\u00e1s kialak\u00edt\u00e1st, \u00e9s praktikus \u00e1llapotjelz\u0151k\u00e9nt szolg\u00e1lnak.<\/p>\n<h3 class=\"text-lg font-bold text-text-100 mt-1 -mb-1.5\">Fedezzen fel m\u00e9g t\u00f6bb FUMOT VAPE-t a vozolpuff-on<\/h3>\n<p class=\"whitespace-normal break-words\">Fedezzen fel t\u00f6bb els\u0151 oszt\u00e1ly\u00fa g\u0151z\u00f6lg\u0151 term\u00e9ket a <strong><a class=\"underline\" href=\"https:\/\/vozolpuff.de\/hu\/\">F\u0151 v\u00e1laszt\u00e9k<\/a><\/strong>, fedezze fel a teljes <strong><a class=\"underline\" href=\"https:\/\/vozolpuff.de\/hu\/product-category\/fumot-vape\/\">FUMOT VAPE kollekci\u00f3<\/a><\/strong> vagy b\u00f6ng\u00e9szhet az \u00f6sszes el\u00e9rhet\u0151 <strong><a class=\"underline\" href=\"https:\/\/vozolpuff.de\/hu\/product-category\/fumot-vape\/randm-tornado-15000\/\">RandM Tornado 15000 \u00edzek<\/a><\/strong> a t\u00f6k\u00e9letes g\u0151z\u00f6l\u00e9si \u00e9lm\u00e9ny\u00e9rt.<\/p>","protected":false},"excerpt":{"rendered":"<p>A RandM Tornado 15000 Peach Mango eldobhat\u00f3 vape az \u00e9des barack \u00e9s az egzotikus mang\u00f3 t\u00f6k\u00e9letes harm\u00f3ni\u00e1j\u00e1t k\u00edn\u00e1lja. 15.000 puff, 25ml-es tart\u00e1ly, 0,90\u03a9-os h\u00e1l\u00f3s tekercs \u00e9s 850mAh-s akkumul\u00e1tor C t\u00edpus\u00fa t\u00f6lt\u00e9ssel. RGB vil\u00e1g\u00edt\u00e1ssal egy\u00fctt.<\/p>","protected":false},"featured_media":2170,"comment_status":"open","ping_status":"closed","template":"","meta":{"_acf_changed":false},"product_brand":[],"product_cat":[44],"product_tag":[],"class_list":{"0":"post-2167","1":"product","2":"type-product","3":"status-publish","4":"has-post-thumbnail","6":"product_cat-randm-tornado-15000","8":"first","9":"instock","10":"shipping-taxable","11":"purchasable","12":"product-type-variable"},"acf":[],"_links":{"self":[{"href":"https:\/\/vozolpuff.de\/hu\/wp-json\/wp\/v2\/product\/2167","targetHints":{"allow":["GET"]}}],"collection":[{"href":"https:\/\/vozolpuff.de\/hu\/wp-json\/wp\/v2\/product"}],"about":[{"href":"https:\/\/vozolpuff.de\/hu\/wp-json\/wp\/v2\/types\/product"}],"replies":[{"embeddable":true,"href":"https:\/\/vozolpuff.de\/hu\/wp-json\/wp\/v2\/comments?post=2167"}],"wp:featuredmedia":[{"embeddable":true,"href":"https:\/\/vozolpuff.de\/hu\/wp-json\/wp\/v2\/media\/2170"}],"wp:attachment":[{"href":"https:\/\/vozolpuff.de\/hu\/wp-json\/wp\/v2\/media?parent=2167"}],"wp:term":[{"taxonomy":"product_brand","embeddable":true,"href":"https:\/\/vozolpuff.de\/hu\/wp-json\/wp\/v2\/product_brand?post=2167"},{"taxonomy":"product_cat","embeddable":true,"href":"https:\/\/vozolpuff.de\/hu\/wp-json\/wp\/v2\/product_cat?post=2167"},{"taxonomy":"product_tag","embeddable":true,"href":"https:\/\/vozolpuff.de\/hu\/wp-json\/wp\/v2\/product_tag?post=2167"}],"curies":[{"name":"wp","href":"https:\/\/api.w.org\/{rel}","templated":true}]}}