{"id":2177,"date":"2025-08-28T16:59:17","date_gmt":"2025-08-28T14:59:17","guid":{"rendered":"https:\/\/vozolpuff.de\/?post_type=product&#038;p=2177"},"modified":"2026-04-26T04:52:47","modified_gmt":"2026-04-26T02:52:47","slug":"randm-tornado-15000-dragon-fruit","status":"publish","type":"product","link":"https:\/\/vozolpuff.de\/hu\/termek\/randm-tornado-15000-dragon-fruit\/","title":{"rendered":"RandM Tornado 15000 s\u00e1rk\u00e1nygy\u00fcm\u00f6lcs"},"content":{"rendered":"<h2 class=\"text-xl font-bold text-text-100 mt-1 -mb-0.5\">RandM Tornado 15000 Dragon Fruit eldobhat\u00f3 vape<\/h2>\n<p class=\"whitespace-normal break-words\">A RandM Tornado 15000 egzotikus Dragon Fruit \u00edze tr\u00f3pusi t\u00e1jakra rep\u00edti \u00d6nt. A leny\u0171g\u00f6z\u0151, 15.000 slukk kapacit\u00e1ssal \u00e9s 25 ml-es, el\u0151re felt\u00f6lt\u00f6tt tart\u00e1llyal ez az eldobhat\u00f3 e-cigaretta p\u00e1ratlan g\u0151z\u00f6l\u00e9si \u00e9lm\u00e9nyt ny\u00fajt. V\u00e1lasszon a 0%, 2%, 3% \u00e9s 5% nikotin k\u00f6z\u00f6tt, hogy megfeleljen szem\u00e9lyes preferenci\u00e1inak.<\/p>\n<h3 class=\"text-lg font-bold text-text-100 mt-1 -mb-1.5\">S\u00e1rk\u00e1nygy\u00fcm\u00f6lcs specifik\u00e1ci\u00f3k r\u00e9szletesen:<\/h3>\n<p class=\"whitespace-normal break-words\"><strong>Nagy teljes\u00edtm\u00e9ny\u0171 850mAh energiat\u00e1rol\u00f3:<\/strong> A leg\u00fajabb akkumul\u00e1tortechnol\u00f3gi\u00e1val felszerelve a hossz\u00fa \u00e9lettartam\u00fa teljes\u00edtm\u00e9ny \u00e9s a teljes \u00e9lettartam alatt egyenletes g\u0151zmin\u0151s\u00e9g \u00e9rdek\u00e9ben.<\/p>\n<p class=\"whitespace-normal break-words\"><strong>Volumenes 25 ML-es e-folyad\u00e9k tart\u00e1ly:<\/strong> A nagy kapacit\u00e1s biztos\u00edtja a hosszan tart\u00f3 g\u0151z\u00f6l\u00e9st megszak\u00edt\u00e1sok vagy \u00fajrat\u00f6lt\u00e9s n\u00e9lk\u00fcl.<\/p>\n<p class=\"whitespace-normal break-words\"><strong>Nagy teljes\u00edtm\u00e9ny\u0171 h\u00e1l\u00f3s tekercs 0,90\u03a9:<\/strong> A fejlett p\u00e1rologtat\u00f3 technol\u00f3gia a s\u00e1rk\u00e1nygy\u00fcm\u00f6lcs teljes aromapotenci\u00e1lj\u00e1t kihozza, \u00e9s intenz\u00edv \u00edz\u00e9lm\u00e9nyt ny\u00fajt.<\/p>\n<p class=\"whitespace-normal break-words\"><strong>C t\u00edpus\u00fa gyors t\u00f6lt\u0151port:<\/strong> J\u00f6v\u0151t\u00e1ll\u00f3 t\u00f6lt\u00e9si technol\u00f3gia a minim\u00e1lis t\u00f6lt\u00e9si id\u0151 \u00e9s a maxim\u00e1lis k\u00e9nyelem \u00e9rdek\u00e9ben a mindennapi \u00e9letben.<\/p>\n<p class=\"whitespace-normal break-words\"><strong>Gigantikus, 15 000 vonat befogad\u00f3k\u00e9pess\u00e9ge:<\/strong> Kiv\u00e9teles v\u00e1laszt\u00e9k a t\u00f6bb hetes g\u0151z\u00e9lvezethez min\u0151s\u00e9groml\u00e1s vagy \u00edzingadoz\u00e1s n\u00e9lk\u00fcl.<\/p>\n<p class=\"whitespace-normal break-words\"><strong>L\u00e1tv\u00e1nyos RGB f\u00e9nyj\u00e1t\u00e9k:<\/strong> A sz\u00ednes vil\u00e1g\u00edt\u00e1s minden vonatnak k\u00fcl\u00f6nleges jelleget k\u00f6lcs\u00f6n\u00f6z, \u00e9s intelligens kezel\u00e9si kijelz\u0151k\u00e9nt is szolg\u00e1l.<\/p>\n<h3 class=\"text-lg font-bold text-text-100 mt-1 -mb-1.5\">Fedezzen fel m\u00e9g t\u00f6bb FUMOT VAPE-t a vozolpuff-on<\/h3>\n<p class=\"whitespace-normal break-words\">Fedezzen fel t\u00f6bb els\u0151 oszt\u00e1ly\u00fa g\u0151z\u00f6lg\u0151 term\u00e9ket a <strong><a class=\"underline\" href=\"https:\/\/vozolpuff.de\/hu\/\">F\u0151 v\u00e1laszt\u00e9k<\/a><\/strong>, fedezze fel a teljes <strong><a class=\"underline\" href=\"https:\/\/vozolpuff.de\/hu\/product-category\/fumot-vape\/\">FUMOT VAPE kollekci\u00f3<\/a><\/strong> vagy b\u00f6ng\u00e9szhet az \u00f6sszes el\u00e9rhet\u0151 <strong><a class=\"underline\" href=\"https:\/\/vozolpuff.de\/hu\/product-category\/fumot-vape\/randm-tornado-15000\/\">RandM Tornado 15000 \u00edzek<\/a><\/strong> a t\u00f6k\u00e9letes g\u0151z\u00f6l\u00e9si \u00e9lm\u00e9ny\u00e9rt.<\/p>","protected":false},"excerpt":{"rendered":"<p>A RandM Tornado 15000 Dragon Fruit eldobhat\u00f3 vape egzotikus Dragon Fruit \u00edz\u00e9vel tr\u00f3pusi t\u00e1jakra rep\u00edti \u00d6nt. 15.000 puff, 25ml-es tart\u00e1ly, 0,90\u03a9-os h\u00e1l\u00f3s tekercs \u00e9s 850mAh-s akkumul\u00e1tor C-t\u00edpus\u00fa t\u00f6lt\u00e9ssel. RGB f\u00e9nyj\u00e1t\u00e9kot tartalmaz.<\/p>","protected":false},"featured_media":2180,"comment_status":"open","ping_status":"closed","template":"","meta":{"_acf_changed":false},"product_brand":[],"product_cat":[44],"product_tag":[],"class_list":{"0":"post-2177","1":"product","2":"type-product","3":"status-publish","4":"has-post-thumbnail","6":"product_cat-randm-tornado-15000","8":"first","9":"instock","10":"shipping-taxable","11":"purchasable","12":"product-type-variable"},"acf":[],"_links":{"self":[{"href":"https:\/\/vozolpuff.de\/hu\/wp-json\/wp\/v2\/product\/2177","targetHints":{"allow":["GET"]}}],"collection":[{"href":"https:\/\/vozolpuff.de\/hu\/wp-json\/wp\/v2\/product"}],"about":[{"href":"https:\/\/vozolpuff.de\/hu\/wp-json\/wp\/v2\/types\/product"}],"replies":[{"embeddable":true,"href":"https:\/\/vozolpuff.de\/hu\/wp-json\/wp\/v2\/comments?post=2177"}],"wp:featuredmedia":[{"embeddable":true,"href":"https:\/\/vozolpuff.de\/hu\/wp-json\/wp\/v2\/media\/2180"}],"wp:attachment":[{"href":"https:\/\/vozolpuff.de\/hu\/wp-json\/wp\/v2\/media?parent=2177"}],"wp:term":[{"taxonomy":"product_brand","embeddable":true,"href":"https:\/\/vozolpuff.de\/hu\/wp-json\/wp\/v2\/product_brand?post=2177"},{"taxonomy":"product_cat","embeddable":true,"href":"https:\/\/vozolpuff.de\/hu\/wp-json\/wp\/v2\/product_cat?post=2177"},{"taxonomy":"product_tag","embeddable":true,"href":"https:\/\/vozolpuff.de\/hu\/wp-json\/wp\/v2\/product_tag?post=2177"}],"curies":[{"name":"wp","href":"https:\/\/api.w.org\/{rel}","templated":true}]}}