{"id":2187,"date":"2025-08-28T17:06:46","date_gmt":"2025-08-28T15:06:46","guid":{"rendered":"https:\/\/vozolpuff.de\/?post_type=product&#038;p=2187"},"modified":"2025-08-28T17:07:34","modified_gmt":"2025-08-28T15:07:34","slug":"randm-tornado-15000-strawberry-grape","status":"publish","type":"product","link":"https:\/\/vozolpuff.de\/hu\/termek\/randm-tornado-15000-strawberry-grape\/","title":{"rendered":"RandM Tornado 15000 Eper sz\u0151l\u0151"},"content":{"rendered":"<h2 class=\"text-xl font-bold text-text-100 mt-1 -mb-0.5\">RandM Tornado 15000 Eper sz\u0151l\u0151 eldobhat\u00f3 vape<\/h2>\n<p class=\"whitespace-normal break-words\">\u00c9lvezze a l\u00e9d\u00fas eper \u00e9s az \u00e9rett sz\u0151l\u0151 cs\u00e1b\u00edt\u00f3 kombin\u00e1ci\u00f3j\u00e1t a RandM Tornado 15000 Strawberry Grape term\u00e9kkel. Ez a kiv\u00e1l\u00f3 min\u0151s\u00e9g\u0171 eldobhat\u00f3 e-cigaretta kompakt kivitelben \u00f6tv\u00f6zi a gy\u00fcm\u00f6lcs\u00f6ss\u00e9get \u00e9s az eleganci\u00e1t. A 15 000 sz\u00edv\u00e1s \u00e9s a 25 ml-es tart\u00e1ly hossz\u00fa t\u00e1v\u00fa \u00e9lvezetet ny\u00fajt a 0%, 2%, 3% \u00e9s 5% nikotiner\u0151ss\u00e9g\u0171 v\u00e1ltozatokban.<\/p>\n<h3 class=\"text-lg font-bold text-text-100 mt-1 -mb-1.5\">Eper Sz\u0151l\u0151 Teljes\u00edtm\u00e9nyjellemz\u0151k:<\/h3>\n<p class=\"whitespace-normal break-words\"><strong>Megb\u00edzhat\u00f3 850mAh akkumul\u00e1tor:<\/strong> A robusztus energiaforr\u00e1s \u00e1lland\u00f3 teljes\u00edtm\u00e9nyt garant\u00e1l \u00e9s egyenletes g\u0151ztermel\u00e9st biztos\u00edt a teljes \u00e9lettartam alatt.<\/p>\n<p class=\"whitespace-normal break-words\"><strong>Meghosszabb\u00edtott 25 ML folyad\u00e9kt\u00e1rol\u00e1s:<\/strong> A nagy kapacit\u00e1s lehet\u0151v\u00e9 teszi a t\u00f6bb \u00f3r\u00e1s p\u00e1rologtat\u00e1si \u00e9lvezetet bosszant\u00f3 megszak\u00edt\u00e1sok vagy karbantart\u00e1si munk\u00e1latok n\u00e9lk\u00fcl.<\/p>\n<p class=\"whitespace-normal break-words\"><strong>Optimaliz\u00e1lt 0,90\u03a9-os szem\u0171 tekercs:<\/strong> A speci\u00e1lisan kifejlesztett p\u00e1rologtat\u00f3 technol\u00f3gia maximaliz\u00e1lja az aromakihozatal\u00e1t \u00e9s biztos\u00edtja az autentikus eper-sz\u0151l\u0151 \u00edzeket.<\/p>\n<p class=\"whitespace-normal break-words\"><strong>Hat\u00e9kony Type-C csatlakoz\u00e1s:<\/strong> A modern t\u00f6lt\u0151interf\u00e9sz garant\u00e1lja az akkumul\u00e1torok gyors t\u00f6lt\u00e9s\u00e9t, \u00e9s a lehet\u0151 legkisebbre cs\u00f6kkenti az \u00e1ll\u00e1sid\u0151t.<\/p>\n<p class=\"whitespace-normal break-words\"><strong>Leny\u0171g\u00f6z\u0151, 15 000 f\u00faj\u00e1snyi teljes\u00edtm\u00e9ny:<\/strong> Kiv\u00e1l\u00f3 \u00e9lettartam a hosszabb g\u0151zf\u00e1zisokhoz az \u00edzmin\u0151s\u00e9g \u00e9s a g\u0151z s\u0171r\u0171s\u00e9g\u00e9nek cs\u00f6kkent\u00e9se n\u00e9lk\u00fcl.<\/p>\n<p class=\"whitespace-normal break-words\"><strong>\u00c9l\u00e9nk RGB megvil\u00e1g\u00edt\u00e1s:<\/strong> A vonz\u00f3 sz\u00edns\u00e9m\u00e1k vizu\u00e1lis hangs\u00falyt adnak \u00e9s megb\u00edzhat\u00f3 inform\u00e1ci\u00f3t ny\u00fajtanak a k\u00e9sz\u00fcl\u00e9k aktu\u00e1lis \u00e1llapot\u00e1r\u00f3l.<\/p>\n<h3 class=\"text-lg font-bold text-text-100 mt-1 -mb-1.5\">Fedezzen fel m\u00e9g t\u00f6bb FUMOT VAPE-t a vozolpuff-on<\/h3>\n<p class=\"whitespace-normal break-words\">Fedezzen fel t\u00f6bb els\u0151 oszt\u00e1ly\u00fa g\u0151z\u00f6lg\u0151 term\u00e9ket a <strong><a class=\"underline\" href=\"https:\/\/vozolpuff.de\/hu\/\">F\u0151 v\u00e1laszt\u00e9k<\/a><\/strong>, fedezze fel a teljes <strong><a class=\"underline\" href=\"https:\/\/vozolpuff.de\/hu\/product-category\/fumot-vape\/\">FUMOT VAPE kollekci\u00f3<\/a><\/strong> vagy b\u00f6ng\u00e9szhet az \u00f6sszes el\u00e9rhet\u0151 <strong><a class=\"underline\" href=\"https:\/\/vozolpuff.de\/hu\/product-category\/fumot-vape\/randm-tornado-15000\/\">RandM Tornado 15000 \u00edzek<\/a><\/strong> a t\u00f6k\u00e9letes g\u0151z\u00f6l\u00e9si \u00e9lm\u00e9ny\u00e9rt.<\/p>","protected":false},"excerpt":{"rendered":"<div>\n<div class=\"grid-cols-1 grid gap-2.5 [&amp;_&gt;_*]:min-w-0 !gap-3.5\">\n<div>\n<div class=\"grid-cols-1 grid gap-2.5 [&amp;_&gt;_*]:min-w-0 !gap-3.5\">\n<p class=\"whitespace-normal break-words\">Die RandM Tornado 15000 Strawberry Grape Einweg-Vape kombiniert s\u00fc\u00dfe Erdbeeren mit saftigen Trauben. Mit 15.000 Z\u00fcgen, 25ml Tank, 850mAh Akku und RGB-Beleuchtung bietet sie langanhaltenden Dampfgenuss. Erh\u00e4ltlich in 0%, 2%, 3% und 5% Nikotin.<\/p>\n<\/div>\n<\/div>\n<div class=\"h-8\"><\/div>\n<\/div>\n<\/div>\n<div class=\"h-8\"><\/div>\n","protected":false},"featured_media":2190,"comment_status":"open","ping_status":"closed","template":"","meta":{"_acf_changed":false},"product_brand":[],"product_cat":[44],"product_tag":[],"class_list":{"0":"post-2187","1":"product","2":"type-product","3":"status-publish","4":"has-post-thumbnail","6":"product_cat-randm-tornado-15000","8":"first","9":"instock","10":"shipping-taxable","11":"purchasable","12":"product-type-variable"},"acf":[],"_links":{"self":[{"href":"https:\/\/vozolpuff.de\/hu\/wp-json\/wp\/v2\/product\/2187","targetHints":{"allow":["GET"]}}],"collection":[{"href":"https:\/\/vozolpuff.de\/hu\/wp-json\/wp\/v2\/product"}],"about":[{"href":"https:\/\/vozolpuff.de\/hu\/wp-json\/wp\/v2\/types\/product"}],"replies":[{"embeddable":true,"href":"https:\/\/vozolpuff.de\/hu\/wp-json\/wp\/v2\/comments?post=2187"}],"wp:featuredmedia":[{"embeddable":true,"href":"https:\/\/vozolpuff.de\/hu\/wp-json\/wp\/v2\/media\/2190"}],"wp:attachment":[{"href":"https:\/\/vozolpuff.de\/hu\/wp-json\/wp\/v2\/media?parent=2187"}],"wp:term":[{"taxonomy":"product_brand","embeddable":true,"href":"https:\/\/vozolpuff.de\/hu\/wp-json\/wp\/v2\/product_brand?post=2187"},{"taxonomy":"product_cat","embeddable":true,"href":"https:\/\/vozolpuff.de\/hu\/wp-json\/wp\/v2\/product_cat?post=2187"},{"taxonomy":"product_tag","embeddable":true,"href":"https:\/\/vozolpuff.de\/hu\/wp-json\/wp\/v2\/product_tag?post=2187"}],"curies":[{"name":"wp","href":"https:\/\/api.w.org\/{rel}","templated":true}]}}