{"id":2197,"date":"2025-08-28T17:15:34","date_gmt":"2025-08-28T15:15:34","guid":{"rendered":"https:\/\/vozolpuff.de\/?post_type=product&#038;p=2197"},"modified":"2025-08-28T17:15:34","modified_gmt":"2025-08-28T15:15:34","slug":"randm-tornado-15000-mr-blue","status":"publish","type":"product","link":"https:\/\/vozolpuff.de\/hu\/termek\/randm-tornado-15000-mr-blue\/","title":{"rendered":"RandM Tornado 15000 Mr Blue"},"content":{"rendered":"<h2 class=\"text-xl font-bold text-text-100 mt-1 -mb-0.5\">RandM Tornado 15000 Mr Blue eldobhat\u00f3 e-cigaretta<\/h2>\n<p class=\"whitespace-normal break-words\">Mer\u00fclj\u00f6n el Mr Blue titokzatos vil\u00e1g\u00e1ban a RandM Tornado 15000-rel. Ez a rendk\u00edv\u00fcli \u00edzkompoz\u00edci\u00f3 egyed\u00fcl\u00e1ll\u00f3 g\u0151z\u00f6l\u00e9si \u00e9lm\u00e9nyt ny\u00fajt, ak\u00e1r 15 000 slukkig. A nagym\u00e9ret\u0171, 25 ml-es e-liquid tart\u00e1ly \u00e9s a 0%, 2%, 3% \u00e9s 5% nikotin k\u00f6z\u00f6tti v\u00e1laszt\u00e1si lehet\u0151s\u00e9g teszi ezt az eldobhat\u00f3 e-cigarett\u00e1t t\u00f6k\u00e9letes t\u00e1rs\u00e1v\u00e1.<\/p>\n<h3 class=\"text-lg font-bold text-text-100 mt-1 -mb-1.5\">Mr Blue felszerelts\u00e9gi r\u00e9szletek:<\/h3>\n<p class=\"whitespace-normal break-words\"><strong>Nagy teljes\u00edtm\u00e9ny\u0171 850 mAh-s akkumul\u00e1tor:<\/strong> A pr\u00e9mium akkumul\u00e1tor technol\u00f3gia folyamatosan stabil energi\u00e1t biztos\u00edt \u00e9s optim\u00e1lis m\u0171k\u00f6d\u00e9st garant\u00e1l a teljes lemer\u00fcl\u00e9sig.<\/p>\n<p class=\"whitespace-normal break-words\"><strong>Nagy kapacit\u00e1s\u00fa 25 ml-es tart\u00e1ly:<\/strong> A megfelel\u0151 m\u00e9ret\u0171 tart\u00e1ly maxim\u00e1lis g\u0151z\u00e9lvezet\u00e9st biztos\u00edt, an\u00e9lk\u00fcl, hogy gyakori sz\u00fcneteket vagy karbantart\u00e1si intervallumokat kellene beiktatni.<\/p>\n<p class=\"whitespace-normal break-words\"><strong>Speci\u00e1lis h\u00e1l\u00f3s tekercs 0,90 \u03a9:<\/strong> A prec\u00edzi\u00f3san gy\u00e1rtott f\u0171t\u0151elemek kihozz\u00e1k a Mr Blue Aroma jellegzetes \u00edzvil\u00e1g\u00e1t \u00e9s gondoskodnak a t\u00f6k\u00e9letes \u00edzr\u0151l.<\/p>\n<p class=\"whitespace-normal break-words\"><strong>C t\u00edpus\u00fa t\u00e1pcsatlakoz\u00f3:<\/strong> A legmodernebb t\u00f6lt\u00e9si technol\u00f3gia vill\u00e1mgyors energiafelv\u00e9telt tesz lehet\u0151v\u00e9 \u00e9s minimaliz\u00e1lja a nem produkt\u00edv v\u00e1rakoz\u00e1si id\u0151ket.<\/p>\n<p class=\"whitespace-normal break-words\"><strong>Monument\u00e1lis 15 000 h\u00faz\u00e1s kitart\u00e1s:<\/strong> Leny\u0171g\u00f6z\u0151 kapacit\u00e1s hossz\u00fa t\u00e1v\u00fa haszn\u00e1latra, a g\u0151zmennyis\u00e9g vagy az aroma intenzit\u00e1s\u00e1nak roml\u00e1sa n\u00e9lk\u00fcl.<\/p>\n<p class=\"whitespace-normal break-words\"><strong>T\u00f6bbsz\u00edn\u0171 RGB rendszer:<\/strong> Az innovat\u00edv vil\u00e1g\u00edt\u00e1si technika hangulatos l\u00e9gk\u00f6rt teremt \u00e9s pontos funkci\u00f3kijelz\u0151k\u00e9nt is szolg\u00e1l.<\/p>\n<h3 class=\"text-lg font-bold text-text-100 mt-1 -mb-1.5\">Fedezzen fel m\u00e9g t\u00f6bb FUMOT VAPE-t a vozolpuff-on<\/h3>\n<p class=\"whitespace-normal break-words\">Fedezzen fel t\u00f6bb els\u0151 oszt\u00e1ly\u00fa g\u0151z\u00f6lg\u0151 term\u00e9ket a <strong><a class=\"underline\" href=\"https:\/\/vozolpuff.de\/hu\/\">F\u0151 v\u00e1laszt\u00e9k<\/a><\/strong>, fedezze fel a teljes <strong><a class=\"underline\" href=\"https:\/\/vozolpuff.de\/hu\/product-category\/fumot-vape\/\">FUMOT VAPE kollekci\u00f3<\/a><\/strong> vagy b\u00f6ng\u00e9szhet az \u00f6sszes el\u00e9rhet\u0151 <strong><a class=\"underline\" href=\"https:\/\/vozolpuff.de\/hu\/product-category\/fumot-vape\/randm-tornado-15000\/\">RandM Tornado 15000 \u00edzek<\/a><\/strong> a t\u00f6k\u00e9letes g\u0151z\u00f6l\u00e9si \u00e9lm\u00e9ny\u00e9rt.<\/p>","protected":false},"excerpt":{"rendered":"<div>\n<div class=\"grid-cols-1 grid gap-2.5 [&amp;_&gt;_*]:min-w-0 !gap-3.5\">\n<p class=\"whitespace-normal break-words\">Die RandM Tornado 15000 Mr Blue Einweg-Vape bietet ein geheimnisvolles Geschmackserlebnis. Mit 15.000 Z\u00fcgen, 25ml Tank, 850mAh Akku und RGB-Beleuchtung sorgt sie f\u00fcr langanhaltenden Dampfgenuss. Erh\u00e4ltlich in 0%, 2%, 3% und 5% Nikotin.<\/p>\n<\/div>\n<\/div>\n<div class=\"h-8\"><\/div>\n","protected":false},"featured_media":2200,"comment_status":"open","ping_status":"closed","template":"","meta":{"_acf_changed":false},"product_brand":[],"product_cat":[44],"product_tag":[],"class_list":{"0":"post-2197","1":"product","2":"type-product","3":"status-publish","4":"has-post-thumbnail","6":"product_cat-randm-tornado-15000","8":"first","9":"instock","10":"shipping-taxable","11":"purchasable","12":"product-type-variable"},"acf":[],"_links":{"self":[{"href":"https:\/\/vozolpuff.de\/hu\/wp-json\/wp\/v2\/product\/2197","targetHints":{"allow":["GET"]}}],"collection":[{"href":"https:\/\/vozolpuff.de\/hu\/wp-json\/wp\/v2\/product"}],"about":[{"href":"https:\/\/vozolpuff.de\/hu\/wp-json\/wp\/v2\/types\/product"}],"replies":[{"embeddable":true,"href":"https:\/\/vozolpuff.de\/hu\/wp-json\/wp\/v2\/comments?post=2197"}],"wp:featuredmedia":[{"embeddable":true,"href":"https:\/\/vozolpuff.de\/hu\/wp-json\/wp\/v2\/media\/2200"}],"wp:attachment":[{"href":"https:\/\/vozolpuff.de\/hu\/wp-json\/wp\/v2\/media?parent=2197"}],"wp:term":[{"taxonomy":"product_brand","embeddable":true,"href":"https:\/\/vozolpuff.de\/hu\/wp-json\/wp\/v2\/product_brand?post=2197"},{"taxonomy":"product_cat","embeddable":true,"href":"https:\/\/vozolpuff.de\/hu\/wp-json\/wp\/v2\/product_cat?post=2197"},{"taxonomy":"product_tag","embeddable":true,"href":"https:\/\/vozolpuff.de\/hu\/wp-json\/wp\/v2\/product_tag?post=2197"}],"curies":[{"name":"wp","href":"https:\/\/api.w.org\/{rel}","templated":true}]}}