{"id":2207,"date":"2025-08-28T17:18:42","date_gmt":"2025-08-28T15:18:42","guid":{"rendered":"https:\/\/vozolpuff.de\/?post_type=product&#038;p=2207"},"modified":"2025-08-28T17:18:43","modified_gmt":"2025-08-28T15:18:43","slug":"randm-tornado-15000-lush-ice","status":"publish","type":"product","link":"https:\/\/vozolpuff.de\/hu\/termek\/randm-tornado-15000-lush-ice\/","title":{"rendered":"RandM Tornado 15000 Lush Ice"},"content":{"rendered":"<h2 class=\"text-xl font-bold text-text-100 mt-1 -mb-0.5\">RandM Tornado 15000 Lush Ice eldobhat\u00f3 e-cigaretta<\/h2>\n<p class=\"whitespace-normal break-words\">Friss\u00fclj\u00f6n fel a RandM Tornado 15000 Lush Ice-szal \u2013 egy \u00e9l\u00e9nk\u00edt\u0151 kombin\u00e1ci\u00f3ja \u00e9des g\u00f6r\u00f6gdinny\u00e9nek \u00e9s intenz\u00edv mentolnak. Ez a h\u0171s\u00edt\u0151, eldobhat\u00f3 e-cigaretta ak\u00e1r 15 000 friss\u00edt\u0151 slukkot k\u00edn\u00e1l egy 25 ml-es, el\u0151re felt\u00f6lt\u00f6tt tart\u00e1lyb\u00f3l. 0%, 2%, 3% \u00e9s 5% nikotintartalommal kaphat\u00f3, minden \u00edzl\u00e9snek megfelel\u0151en.<\/p>\n<h3 class=\"text-lg font-bold text-text-100 mt-1 -mb-1.5\">Lush Ice m\u0171szaki felszerelts\u00e9g:<\/h3>\n<p class=\"whitespace-normal break-words\"><strong>Tart\u00f3s 850 mAh akkumul\u00e1tor:<\/strong> A nagy teljes\u00edtm\u00e9ny\u0171 energiacell\u00e1k folyamatos h\u0171t\u00e9st \u00e9s \u00e1lland\u00f3 teljes\u00edtm\u00e9nyt biztos\u00edtanak a term\u00e9k teljes \u00e9lettartama alatt.<\/p>\n<p class=\"whitespace-normal break-words\"><strong>Nagy kapacit\u00e1s\u00fa 25 ml-es tart\u00e1ly:<\/strong> A nagy folyad\u00e9kkapacit\u00e1s garant\u00e1lja a tart\u00f3s frissess\u00e9get, an\u00e9lk\u00fcl, hogy megzavarn\u00e1 a g\u0151z\u00f6l\u00e9s \u00e9lm\u00e9ny\u00e9t.<\/p>\n<p class=\"whitespace-normal break-words\"><strong>H\u0151m\u00e9rs\u00e9kletet optimaliz\u00e1l\u00f3 0,90 \u03a9-os h\u00e1l\u00f3s tekercs:<\/strong> A speci\u00e1lisan \u00f6sszehangolt p\u00e1rologtat\u00f3 technol\u00f3gia fokozza a mentol hat\u00e1s\u00e1t \u00e9s autentikus Lush Ice \u00e9lm\u00e9nyt ny\u00fajt.<\/p>\n<p class=\"whitespace-normal break-words\"><strong>Turbo Type-C t\u00f6lt\u00e9s:<\/strong> A forradalmian \u00faj gyors t\u00f6lt\u00e9si technol\u00f3gia jelent\u0151sen ler\u00f6vid\u00edti a t\u00f6lt\u00e9si ciklusokat \u00e9s maximaliz\u00e1lja a rendelkez\u00e9sre \u00e1ll\u00f3 g\u0151z\u00f6l\u00e9si id\u0151t.<\/p>\n<p class=\"whitespace-normal break-words\"><strong>Hatalmas 15 000 l\u00e9p\u00e9s hat\u00f3t\u00e1vols\u00e1g:<\/strong> Kiv\u00e9teles hat\u00e9konys\u00e1g, hetekig tart\u00f3 frissess\u00e9g min\u0151s\u00e9groml\u00e1s \u00e9s h\u0171t\u00e9si teljes\u00edtm\u00e9nycs\u00f6kken\u00e9s n\u00e9lk\u00fcl.<\/p>\n<p class=\"whitespace-normal break-words\"><strong>Prizmatikus RGB-effektusok:<\/strong> Leny\u0171g\u00f6z\u0151 f\u00e9nyj\u00e1t\u00e9kok hangs\u00falyozz\u00e1k a jeges t\u00e9m\u00e1t \u00e9s megb\u00edzhat\u00f3an jelzik az \u00fczem\u00e1llapotot.<\/p>\n<h3 class=\"text-lg font-bold text-text-100 mt-1 -mb-1.5\">Fedezzen fel m\u00e9g t\u00f6bb FUMOT VAPE-t a vozolpuff-on<\/h3>\n<p class=\"whitespace-normal break-words\">Fedezzen fel t\u00f6bb els\u0151 oszt\u00e1ly\u00fa g\u0151z\u00f6lg\u0151 term\u00e9ket a <strong><a class=\"underline\" href=\"https:\/\/vozolpuff.de\/hu\/\">F\u0151 v\u00e1laszt\u00e9k<\/a><\/strong>, fedezze fel a teljes <strong><a class=\"underline\" href=\"https:\/\/vozolpuff.de\/hu\/product-category\/fumot-vape\/\">FUMOT VAPE kollekci\u00f3<\/a><\/strong> vagy b\u00f6ng\u00e9szhet az \u00f6sszes el\u00e9rhet\u0151 <strong><a class=\"underline\" href=\"https:\/\/vozolpuff.de\/hu\/product-category\/fumot-vape\/randm-tornado-15000\/\">RandM Tornado 15000 \u00edzek<\/a><\/strong> a t\u00f6k\u00e9letes g\u0151z\u00f6l\u00e9si \u00e9lm\u00e9ny\u00e9rt.<\/p>","protected":false},"excerpt":{"rendered":"<div>\n<div class=\"grid-cols-1 grid gap-2.5 [&amp;_&gt;_*]:min-w-0 !gap-3.5\">\n<p class=\"whitespace-normal break-words\">Die RandM Tornado 15000 Lush Ice Einweg-Vape kombiniert s\u00fc\u00dfe Wassermelone mit intensivem Menthol-Kick. Mit 15.000 Z\u00fcgen, 25ml Tank, 850mAh Akku und RGB-Beleuchtung bietet sie erfrischenden Dampfgenuss. Erh\u00e4ltlich in 0%, 2%, 3% und 5% Nikotin.<\/p>\n<\/div>\n<\/div>\n<div class=\"h-8\"><\/div>\n","protected":false},"featured_media":2210,"comment_status":"open","ping_status":"closed","template":"","meta":{"_acf_changed":false},"product_brand":[],"product_cat":[44],"product_tag":[],"class_list":{"0":"post-2207","1":"product","2":"type-product","3":"status-publish","4":"has-post-thumbnail","6":"product_cat-randm-tornado-15000","8":"first","9":"instock","10":"shipping-taxable","11":"purchasable","12":"product-type-variable"},"acf":[],"_links":{"self":[{"href":"https:\/\/vozolpuff.de\/hu\/wp-json\/wp\/v2\/product\/2207","targetHints":{"allow":["GET"]}}],"collection":[{"href":"https:\/\/vozolpuff.de\/hu\/wp-json\/wp\/v2\/product"}],"about":[{"href":"https:\/\/vozolpuff.de\/hu\/wp-json\/wp\/v2\/types\/product"}],"replies":[{"embeddable":true,"href":"https:\/\/vozolpuff.de\/hu\/wp-json\/wp\/v2\/comments?post=2207"}],"wp:featuredmedia":[{"embeddable":true,"href":"https:\/\/vozolpuff.de\/hu\/wp-json\/wp\/v2\/media\/2210"}],"wp:attachment":[{"href":"https:\/\/vozolpuff.de\/hu\/wp-json\/wp\/v2\/media?parent=2207"}],"wp:term":[{"taxonomy":"product_brand","embeddable":true,"href":"https:\/\/vozolpuff.de\/hu\/wp-json\/wp\/v2\/product_brand?post=2207"},{"taxonomy":"product_cat","embeddable":true,"href":"https:\/\/vozolpuff.de\/hu\/wp-json\/wp\/v2\/product_cat?post=2207"},{"taxonomy":"product_tag","embeddable":true,"href":"https:\/\/vozolpuff.de\/hu\/wp-json\/wp\/v2\/product_tag?post=2207"}],"curies":[{"name":"wp","href":"https:\/\/api.w.org\/{rel}","templated":true}]}}