{"id":2217,"date":"2025-08-28T17:22:02","date_gmt":"2025-08-28T15:22:02","guid":{"rendered":"https:\/\/vozolpuff.de\/?post_type=product&#038;p=2217"},"modified":"2025-08-28T17:22:02","modified_gmt":"2025-08-28T15:22:02","slug":"randm-tornado-15000-ice-pop","status":"publish","type":"product","link":"https:\/\/vozolpuff.de\/hu\/termek\/randm-tornado-15000-ice-pop\/","title":{"rendered":"RandM Tornado 15000 Ice Pop"},"content":{"rendered":"<h2 class=\"text-xl font-bold text-text-100 mt-1 -mb-0.5\">RandM Tornado 15000 Ice Pop eldobhat\u00f3 vape<\/h2>\n<p class=\"whitespace-normal break-words\">K\u00e9nyeztesse mag\u00e1t nosztalgikus eml\u00e9kekkel a RandM Tornado 15000 Ice Pop - a ny\u00e1ri j\u00e9gkr\u00e9m pillanatokra eml\u00e9keztet\u0151 j\u00e9ghideg \u00e9lvezet. Ez az eldobhat\u00f3 e-cigaretta 15 000 slukkol\u00e1ssal \u00e9s 25 ml kapacit\u00e1s\u00fa tart\u00e1llyal jeges felfriss\u00fcl\u00e9st k\u00edn\u00e1l. A szem\u00e9lyre szabott \u00e9lvezet \u00e9rdek\u00e9ben 0%, 2%, 3% \u00e9s 5% nikotiner\u0151ss\u00e9gben kaphat\u00f3.<\/p>\n<h3 class=\"text-lg font-bold text-text-100 mt-1 -mb-1.5\">Ice Pop funkcion\u00e1lis jellemz\u0151k:<\/h3>\n<p class=\"whitespace-normal break-words\"><strong>Nagy energi\u00e1j\u00fa 850mAh akkumul\u00e1tor:<\/strong> A nagy teljes\u00edtm\u00e9ny\u0171 akkumul\u00e1tortechnol\u00f3gia folyamatos fagymentes teljes\u00edtm\u00e9nyt \u00e9s stabil \u00e1ramell\u00e1t\u00e1st garant\u00e1l az optim\u00e1lis h\u0171t\u00e9si hat\u00e9konys\u00e1g \u00e9rdek\u00e9ben.<\/p>\n<p class=\"whitespace-normal break-words\"><strong>Nagy kapacit\u00e1s\u00fa 25 ML tart\u00e1ly:<\/strong> A nagy e-folyad\u00e9k t\u00e9rfogat biztos\u00edtja a hosszabb ice pop \u00fcl\u00e9seket az \u00fajrat\u00f6lt\u00e9s gondja n\u00e9lk\u00fcl.<\/p>\n<p class=\"whitespace-normal break-words\"><strong>Fagyoptimaliz\u00e1l\u00f3 0,90\u03a9-os h\u00e1l\u00f3s tekercs:<\/strong> A szem\u00e9lyre szabott f\u0171t\u00e9si technol\u00f3gia maximaliz\u00e1lja a h\u0171t\u00e9si hat\u00e1st, \u00e9s t\u00f6k\u00e9letesen sz\u00e1ll\u00edtja az autentikus ice pop \u00edzeket.<\/p>\n<p class=\"whitespace-normal break-words\"><strong>Express Type-C t\u00f6lt\u0151port:<\/strong> A legmodernebb t\u00f6lt\u0151interf\u00e9sz minimaliz\u00e1lja az akkumul\u00e1tor t\u00f6lt\u00e9si idej\u00e9t \u00e9s maximaliz\u00e1lja a j\u00e9ghideg g\u0151zpillanatok sz\u00e1m\u00e1t.<\/p>\n<p class=\"whitespace-normal break-words\"><strong>Gigantikus, 15 000 vonat befogad\u00f3k\u00e9pess\u00e9ge:<\/strong> Fenomen\u00e1lis kitart\u00e1s a hossz\u00fa t\u00e1v\u00fa h\u0171t\u00e9shez az \u00edz \u00e9s az intenzit\u00e1s cs\u00f6kken\u00e9se n\u00e9lk\u00fcl.<\/p>\n<p class=\"whitespace-normal break-words\"><strong>Spektr\u00e1lis RGB vil\u00e1g\u00edt\u00e1s:<\/strong> A leny\u0171g\u00f6z\u0151 sz\u00ednv\u00e1ltoz\u00e1sok t\u00e9li hangulatot teremtenek, \u00e9s pontos \u00fczemjelz\u0151k\u00e9nt szolg\u00e1lnak.<\/p>\n<h3 class=\"text-lg font-bold text-text-100 mt-1 -mb-1.5\">Fedezzen fel m\u00e9g t\u00f6bb FUMOT VAPE-t a vozolpuff-on<\/h3>\n<p class=\"whitespace-normal break-words\">Fedezzen fel t\u00f6bb els\u0151 oszt\u00e1ly\u00fa g\u0151z\u00f6lg\u0151 term\u00e9ket a <strong><a class=\"underline\" href=\"https:\/\/vozolpuff.de\/hu\/\">F\u0151 v\u00e1laszt\u00e9k<\/a><\/strong>, fedezze fel a teljes <strong><a class=\"underline\" href=\"https:\/\/vozolpuff.de\/hu\/product-category\/fumot-vape\/\">FUMOT VAPE kollekci\u00f3<\/a><\/strong> vagy b\u00f6ng\u00e9szhet az \u00f6sszes el\u00e9rhet\u0151 <strong><a class=\"underline\" href=\"https:\/\/vozolpuff.de\/hu\/product-category\/fumot-vape\/randm-tornado-15000\/\">RandM Tornado 15000 \u00edzek<\/a><\/strong> a t\u00f6k\u00e9letes g\u0151z\u00f6l\u00e9si \u00e9lm\u00e9ny\u00e9rt.<\/p>","protected":false},"excerpt":{"rendered":"<div>\n<div class=\"grid-cols-1 grid gap-2.5 [&amp;_&gt;_*]:min-w-0 !gap-3.5\">\n<p class=\"whitespace-normal break-words\">Die RandM Tornado 15000 Ice Pop Einweg-Vape bietet nostalgischen Eis-am-Stiel-Geschmack mit eisiger Erfrischung. Mit 15.000 Z\u00fcgen, 25ml Tank, 850mAh Akku und RGB-Beleuchtung sorgt sie f\u00fcr sommerliches Dampfvergn\u00fcgen. Erh\u00e4ltlich in 0%, 2%, 3% und 5% Nikotin.<\/p>\n<\/div>\n<\/div>\n<div class=\"h-8\"><\/div>\n","protected":false},"featured_media":2220,"comment_status":"open","ping_status":"closed","template":"","meta":{"_acf_changed":false},"product_brand":[],"product_cat":[44],"product_tag":[],"class_list":{"0":"post-2217","1":"product","2":"type-product","3":"status-publish","4":"has-post-thumbnail","6":"product_cat-randm-tornado-15000","8":"first","9":"instock","10":"shipping-taxable","11":"purchasable","12":"product-type-variable"},"acf":[],"_links":{"self":[{"href":"https:\/\/vozolpuff.de\/hu\/wp-json\/wp\/v2\/product\/2217","targetHints":{"allow":["GET"]}}],"collection":[{"href":"https:\/\/vozolpuff.de\/hu\/wp-json\/wp\/v2\/product"}],"about":[{"href":"https:\/\/vozolpuff.de\/hu\/wp-json\/wp\/v2\/types\/product"}],"replies":[{"embeddable":true,"href":"https:\/\/vozolpuff.de\/hu\/wp-json\/wp\/v2\/comments?post=2217"}],"wp:featuredmedia":[{"embeddable":true,"href":"https:\/\/vozolpuff.de\/hu\/wp-json\/wp\/v2\/media\/2220"}],"wp:attachment":[{"href":"https:\/\/vozolpuff.de\/hu\/wp-json\/wp\/v2\/media?parent=2217"}],"wp:term":[{"taxonomy":"product_brand","embeddable":true,"href":"https:\/\/vozolpuff.de\/hu\/wp-json\/wp\/v2\/product_brand?post=2217"},{"taxonomy":"product_cat","embeddable":true,"href":"https:\/\/vozolpuff.de\/hu\/wp-json\/wp\/v2\/product_cat?post=2217"},{"taxonomy":"product_tag","embeddable":true,"href":"https:\/\/vozolpuff.de\/hu\/wp-json\/wp\/v2\/product_tag?post=2217"}],"curies":[{"name":"wp","href":"https:\/\/api.w.org\/{rel}","templated":true}]}}