{"id":2227,"date":"2025-08-28T17:25:11","date_gmt":"2025-08-28T15:25:11","guid":{"rendered":"https:\/\/vozolpuff.de\/?post_type=product&#038;p=2227"},"modified":"2025-08-28T17:25:11","modified_gmt":"2025-08-28T15:25:11","slug":"randm-tornado-15000-strawberry-kiwi","status":"publish","type":"product","link":"https:\/\/vozolpuff.de\/hu\/termek\/randm-tornado-15000-strawberry-kiwi\/","title":{"rendered":"RandM Tornado 15000 eper Kiwi"},"content":{"rendered":"<h2 class=\"text-xl font-bold text-text-100 mt-1 -mb-0.5\">RandM Tornado 15000 Strawberry Kiwi eldobhat\u00f3 vape<\/h2>\n<p class=\"whitespace-normal break-words\">Cs\u00e1b\u00edtsa el \u00edzlel\u0151bimb\u00f3it a piros eper \u00e9s a savanyk\u00e1s kivi harmonikus kombin\u00e1ci\u00f3j\u00e1val a RandM Tornado 15000 Strawberry Kiwi. Ez a gy\u00fcm\u00f6lcs\u00f6s eldobhat\u00f3 e-cigaretta az \u00e9dess\u00e9get \u00e9s a savass\u00e1got \u00f6tv\u00f6zi a kiegyens\u00falyozott \u00edz\u00e9lm\u00e9ny \u00e9rdek\u00e9ben. 15 000 sz\u00edv\u00e1s \u00e9s 25 ml kapacit\u00e1ssal, 0%, 2%, 3% \u00e9s 5% nikotinban kaphat\u00f3.<\/p>\n<h3 class=\"text-lg font-bold text-text-100 mt-1 -mb-1.5\">Strawberry Kiwi A term\u00e9k tulajdons\u00e1gai:<\/h3>\n<p class=\"whitespace-normal break-words\"><strong>Robusztus 850mAh energiat\u00e1rol\u00f3:<\/strong> A megb\u00edzhat\u00f3 \u00e1ramforr\u00e1s biztos\u00edtja a folyamatos g\u0151ztermel\u00e9st, \u00e9s a teljes haszn\u00e1lati id\u0151 alatt meg\u0151rzi a gy\u00fcm\u00f6lcs\u00edzek frissess\u00e9g\u00e9t.<\/p>\n<p class=\"whitespace-normal break-words\"><strong>T\u00e1gas 25 ML folyad\u00e9ktart\u00e1ly:<\/strong> A nagym\u00e9ret\u0171 v\u00edztart\u00e1ly lehet\u0151v\u00e9 teszi a kiterjedt gy\u00fcm\u00f6lcs\u00e9lvezetet zavar\u00f3 sz\u00fcnetek vagy szervizel\u00e9si k\u00f6vetelm\u00e9nyek n\u00e9lk\u00fcl.<\/p>\n<p class=\"whitespace-normal break-words\"><strong>\u00cdzfokoz\u00f3 0,90\u03a9-os h\u00e1l\u00f3s tekercs:<\/strong> A prec\u00edzen kalibr\u00e1lt p\u00e1rologtat\u00e1si technol\u00f3gia kihozza a term\u00e9szetes epres-kiwis jegyeket, \u00e9s hiteles \u00edz\u00e9lm\u00e9nyt ny\u00fajt.<\/p>\n<p class=\"whitespace-normal break-words\"><strong>Nagy sebess\u00e9g\u0171 Type-C interf\u00e9sz:<\/strong> A fejlett t\u00f6lt\u00e9si technol\u00f3gia minim\u00e1lisra cs\u00f6kkenti az \u00e1ll\u00e1sid\u0151t, \u00e9s optimaliz\u00e1lja a rendelkez\u00e9sre \u00e1ll\u00f3 \u00e9lvezeti id\u0151t.<\/p>\n<p class=\"whitespace-normal break-words\"><strong>Fenomen\u00e1lis 15 000 f\u00faj\u00e1snyi teljes\u00edtm\u00e9ny:<\/strong> Kiv\u00e9teles kapacit\u00e1s a hosszan tart\u00f3 gy\u00fcm\u00f6lcs\u00f6k \u00e9lvezet\u00e9hez, az \u00edzek tisztas\u00e1g\u00e1nak \u00e9s a p\u00e1ra min\u0151s\u00e9g\u00e9nek vesz\u00e9lyeztet\u00e9se n\u00e9lk\u00fcl.<\/p>\n<p class=\"whitespace-normal break-words\"><strong>F\u00e9nyes RGB technol\u00f3gia:<\/strong> A dinamikus sz\u00ednhat\u00e1sok \u00e9l\u00e9nk g\u0151z\u00f6l\u00e9si \u00e9lm\u00e9nyt ny\u00fajtanak, \u00e9s pontos inform\u00e1ci\u00f3t ny\u00fajtanak az \u00f6sszes k\u00e9sz\u00fcl\u00e9k \u00e1llapot\u00e1r\u00f3l.<\/p>\n<h3 class=\"text-lg font-bold text-text-100 mt-1 -mb-1.5\">Fedezzen fel m\u00e9g t\u00f6bb FUMOT VAPE-t a vozolpuff-on<\/h3>\n<p class=\"whitespace-normal break-words\">Fedezzen fel t\u00f6bb els\u0151 oszt\u00e1ly\u00fa g\u0151z\u00f6lg\u0151 term\u00e9ket a <strong><a class=\"underline\" href=\"https:\/\/vozolpuff.de\/hu\/\">F\u0151 v\u00e1laszt\u00e9k<\/a><\/strong>, fedezze fel a teljes <strong><a class=\"underline\" href=\"https:\/\/vozolpuff.de\/hu\/product-category\/fumot-vape\/\">FUMOT VAPE kollekci\u00f3<\/a><\/strong> vagy b\u00f6ng\u00e9szhet az \u00f6sszes el\u00e9rhet\u0151 <strong><a class=\"underline\" href=\"https:\/\/vozolpuff.de\/hu\/product-category\/fumot-vape\/randm-tornado-15000\/\">RandM Tornado 15000 \u00edzek<\/a><\/strong> a t\u00f6k\u00e9letes g\u0151z\u00f6l\u00e9si \u00e9lm\u00e9ny\u00e9rt.<\/p>","protected":false},"excerpt":{"rendered":"<div>\n<div class=\"grid-cols-1 grid gap-2.5 [&amp;_&gt;_*]:min-w-0 !gap-3.5\">\n<p class=\"whitespace-normal break-words\">Die RandM Tornado 15000 Strawberry Kiwi Einweg-Vape vereint s\u00fc\u00dfe Erdbeeren mit s\u00e4uerlichen Kiwis zu einem ausgewogenen Geschmackserlebnis. Mit 15.000 Z\u00fcgen, 25ml Tank, 850mAh Akku und RGB-Beleuchtung. Erh\u00e4ltlich in 0%, 2%, 3% und 5% Nikotin.<\/p>\n<\/div>\n<\/div>\n<div class=\"h-8\"><\/div>\n","protected":false},"featured_media":2230,"comment_status":"open","ping_status":"closed","template":"","meta":{"_acf_changed":false},"product_brand":[],"product_cat":[44],"product_tag":[],"class_list":{"0":"post-2227","1":"product","2":"type-product","3":"status-publish","4":"has-post-thumbnail","6":"product_cat-randm-tornado-15000","8":"first","9":"instock","10":"shipping-taxable","11":"purchasable","12":"product-type-variable"},"acf":[],"_links":{"self":[{"href":"https:\/\/vozolpuff.de\/hu\/wp-json\/wp\/v2\/product\/2227","targetHints":{"allow":["GET"]}}],"collection":[{"href":"https:\/\/vozolpuff.de\/hu\/wp-json\/wp\/v2\/product"}],"about":[{"href":"https:\/\/vozolpuff.de\/hu\/wp-json\/wp\/v2\/types\/product"}],"replies":[{"embeddable":true,"href":"https:\/\/vozolpuff.de\/hu\/wp-json\/wp\/v2\/comments?post=2227"}],"wp:featuredmedia":[{"embeddable":true,"href":"https:\/\/vozolpuff.de\/hu\/wp-json\/wp\/v2\/media\/2230"}],"wp:attachment":[{"href":"https:\/\/vozolpuff.de\/hu\/wp-json\/wp\/v2\/media?parent=2227"}],"wp:term":[{"taxonomy":"product_brand","embeddable":true,"href":"https:\/\/vozolpuff.de\/hu\/wp-json\/wp\/v2\/product_brand?post=2227"},{"taxonomy":"product_cat","embeddable":true,"href":"https:\/\/vozolpuff.de\/hu\/wp-json\/wp\/v2\/product_cat?post=2227"},{"taxonomy":"product_tag","embeddable":true,"href":"https:\/\/vozolpuff.de\/hu\/wp-json\/wp\/v2\/product_tag?post=2227"}],"curies":[{"name":"wp","href":"https:\/\/api.w.org\/{rel}","templated":true}]}}