{"id":2237,"date":"2025-08-28T17:28:29","date_gmt":"2025-08-28T15:28:29","guid":{"rendered":"https:\/\/vozolpuff.de\/?post_type=product&#038;p=2237"},"modified":"2025-08-28T17:28:29","modified_gmt":"2025-08-28T15:28:29","slug":"randm-tornado-15000-kiwi-passion-fruit-guava","status":"publish","type":"product","link":"https:\/\/vozolpuff.de\/hu\/termek\/randm-tornado-15000-kiwi-passion-fruit-guava\/","title":{"rendered":"RandM Tornado 15000 Kiwi Golgotavir\u00e1g Guava"},"content":{"rendered":"<h2 class=\"text-xl font-bold text-text-100 mt-1 -mb-0.5\">RandM Tornado 15000 Kiwi Passion Fruit Guava Eldobhat\u00f3 Vape<\/h2>\n<p class=\"whitespace-normal break-words\">Induljon el egy tr\u00f3pusi \u00edzvil\u00e1g\u00fa utaz\u00e1sra a RandM Tornado 15000 Kiwi Passion Fruit Guava term\u00e9kkel. Ez az egzotikus h\u00e1rmas gy\u00fcm\u00f6lcskever\u00e9k a savanyk\u00e1s kivit, az arom\u00e1s maracuj\u00e1t \u00e9s az \u00e9des guav\u00e1t egyes\u00edti, hogy paradicsomi g\u0151z\u00f6l\u00e9si \u00e9lm\u00e9nyt ny\u00fajtson. 15 000 slukk \u00e9s 25 ml kapacit\u00e1s a 0%, 2%, 3% \u00e9s 5% nikotiner\u0151ss\u00e9g\u0171 v\u00e1ltozatokban.<\/p>\n<h3 class=\"text-lg font-bold text-text-100 mt-1 -mb-1.5\">Kiwi Passion Fruit Guava K\u00fcl\u00f6nlegess\u00e9gek:<\/h3>\n<p class=\"whitespace-normal break-words\"><strong>Nagy kapacit\u00e1s\u00fa 850mAh akkumul\u00e1tor:<\/strong> A pr\u00e9mium energiatechnol\u00f3gia stabil tr\u00f3pusi gy\u00fcm\u00f6lcs\u00edzeket biztos\u00edt, \u00e9s egyenletes teljes\u00edtm\u00e9nyt ny\u00fajt a teljes egzotikus \u00e9lm\u00e9ny \u00e9rdek\u00e9ben.<\/p>\n<p class=\"whitespace-normal break-words\"><strong>Volumenes 25 ML e-liquid rendszer:<\/strong> A megn\u00f6velt tart\u00e1lykapacit\u00e1s intenz\u00edv tr\u00f3pusi utaz\u00e1sokat tesz lehet\u0151v\u00e9 an\u00e9lk\u00fcl, hogy megszakadna a paradicsomi \u00edz\u00e9lm\u00e9ny.<\/p>\n<p class=\"whitespace-normal break-words\"><strong>Tr\u00f3pusi gy\u00fcm\u00f6lcs\u00f6kre optimaliz\u00e1lt 0,90\u03a9-os h\u00e1l\u00f3s tekercs:<\/strong> A speci\u00e1lisan kifejlesztett p\u00e1rologtat\u00e1si technol\u00f3gia kivonja mindh\u00e1rom gy\u00fcm\u00f6lcs komplex arom\u00e1j\u00e1t, \u00e9s t\u00f6k\u00e9letes \u00edzharm\u00f3ni\u00e1t teremt.<\/p>\n<p class=\"whitespace-normal break-words\"><strong>Lightning Type-C t\u00f6lt\u0151:<\/strong> Az ultragyors t\u00f6lt\u00e9si technol\u00f3gia minimaliz\u00e1lja a v\u00e1rakoz\u00e1si id\u0151t, \u00e9s maximaliz\u00e1lja az egzotikus g\u0151z\u00f6l\u00e9si kalandokra sz\u00e1nt id\u0151t.<\/p>\n<p class=\"whitespace-normal break-words\"><strong>Monument\u00e1lis 15 000 h\u00faz\u00e1s kitart\u00e1s:<\/strong> Leny\u0171g\u00f6z\u0151 hossz\u00fa \u00e9lettartam a tr\u00f3pusi \u00e1lmok hetekig, an\u00e9lk\u00fcl, hogy elvesz\u00edten\u00e9 jellegzetes gy\u00fcm\u00f6lcs\u00f6s komplexit\u00e1s\u00e1t.<\/p>\n<p class=\"whitespace-normal break-words\"><strong>Tr\u00f3pusi RGB f\u00e9nyj\u00e1t\u00e9k:<\/strong> A sz\u00ednes vil\u00e1g\u00edt\u00e1s paradicsomi hangulatot id\u00e9z \u00e9s megb\u00edzhat\u00f3 funkcion\u00e1lis jelz\u0151k\u00e9nt m\u0171k\u00f6dik.<\/p>\n<h3 class=\"text-lg font-bold text-text-100 mt-1 -mb-1.5\">Fedezzen fel m\u00e9g t\u00f6bb FUMOT VAPE-t a vozolpuff-on<\/h3>\n<p class=\"whitespace-normal break-words\">Fedezzen fel t\u00f6bb els\u0151 oszt\u00e1ly\u00fa g\u0151z\u00f6lg\u0151 term\u00e9ket a <strong><a class=\"underline\" href=\"https:\/\/vozolpuff.de\/hu\/\">F\u0151 v\u00e1laszt\u00e9k<\/a><\/strong>, fedezze fel a teljes <strong><a class=\"underline\" href=\"https:\/\/vozolpuff.de\/hu\/product-category\/fumot-vape\/\">FUMOT VAPE kollekci\u00f3<\/a><\/strong> vagy b\u00f6ng\u00e9szhet az \u00f6sszes el\u00e9rhet\u0151 <strong><a class=\"underline\" href=\"https:\/\/vozolpuff.de\/hu\/product-category\/fumot-vape\/randm-tornado-15000\/\">RandM Tornado 15000 \u00edzek<\/a><\/strong> a t\u00f6k\u00e9letes g\u0151z\u00f6l\u00e9si \u00e9lm\u00e9ny\u00e9rt.<\/p>","protected":false},"excerpt":{"rendered":"<div>\n<div class=\"grid-cols-1 grid gap-2.5 [&amp;_&gt;_*]:min-w-0 !gap-3.5\">\n<p class=\"whitespace-normal break-words\">Die RandM Tornado 15000 Kiwi Passion Fruit Guava Einweg-Vape bietet eine exotische Dreifach-Frucht-Mischung aus s\u00e4uerlicher Kiwi, aromatischer Passionsfrucht und s\u00fc\u00dfer Guave. Mit 15.000 Z\u00fcgen, 25ml Tank und 850mAh Akku. Erh\u00e4ltlich in 0%, 2%, 3% und 5% Nikotin.<\/p>\n<\/div>\n<\/div>\n<div class=\"h-8\"><\/div>\n","protected":false},"featured_media":2240,"comment_status":"open","ping_status":"closed","template":"","meta":{"_acf_changed":false},"product_brand":[],"product_cat":[44],"product_tag":[],"class_list":{"0":"post-2237","1":"product","2":"type-product","3":"status-publish","4":"has-post-thumbnail","6":"product_cat-randm-tornado-15000","8":"first","9":"instock","10":"shipping-taxable","11":"purchasable","12":"product-type-variable"},"acf":[],"_links":{"self":[{"href":"https:\/\/vozolpuff.de\/hu\/wp-json\/wp\/v2\/product\/2237","targetHints":{"allow":["GET"]}}],"collection":[{"href":"https:\/\/vozolpuff.de\/hu\/wp-json\/wp\/v2\/product"}],"about":[{"href":"https:\/\/vozolpuff.de\/hu\/wp-json\/wp\/v2\/types\/product"}],"replies":[{"embeddable":true,"href":"https:\/\/vozolpuff.de\/hu\/wp-json\/wp\/v2\/comments?post=2237"}],"wp:featuredmedia":[{"embeddable":true,"href":"https:\/\/vozolpuff.de\/hu\/wp-json\/wp\/v2\/media\/2240"}],"wp:attachment":[{"href":"https:\/\/vozolpuff.de\/hu\/wp-json\/wp\/v2\/media?parent=2237"}],"wp:term":[{"taxonomy":"product_brand","embeddable":true,"href":"https:\/\/vozolpuff.de\/hu\/wp-json\/wp\/v2\/product_brand?post=2237"},{"taxonomy":"product_cat","embeddable":true,"href":"https:\/\/vozolpuff.de\/hu\/wp-json\/wp\/v2\/product_cat?post=2237"},{"taxonomy":"product_tag","embeddable":true,"href":"https:\/\/vozolpuff.de\/hu\/wp-json\/wp\/v2\/product_tag?post=2237"}],"curies":[{"name":"wp","href":"https:\/\/api.w.org\/{rel}","templated":true}]}}