{"id":2247,"date":"2025-08-28T17:32:48","date_gmt":"2025-08-28T15:32:48","guid":{"rendered":"https:\/\/vozolpuff.de\/?post_type=product&#038;p=2247"},"modified":"2025-08-28T17:32:49","modified_gmt":"2025-08-28T15:32:49","slug":"randm-tornado-15000-triple-berry","status":"publish","type":"product","link":"https:\/\/vozolpuff.de\/hu\/termek\/randm-tornado-15000-triple-berry\/","title":{"rendered":"RandM Tornado 15000 Tripla bogy\u00f3s gy\u00fcm\u00f6lcs\u00f6k"},"content":{"rendered":"<h2 class=\"text-xl font-bold text-text-100 mt-1 -mb-0.5\">RandM Tornado 15000 Triple Berry eldobhat\u00f3 vape<\/h2>\n<p class=\"whitespace-normal break-words\">Tapasztald meg a v\u00e9gs\u0151 bogy\u00f3s gy\u00fcm\u00f6lcsrobban\u00e1st a RandM Tornado 15000 Triple Berryvel. Ez az \u00edzletes kever\u00e9k h\u00e1rom k\u00fcl\u00f6nb\u00f6z\u0151 bogy\u00f3s gy\u00fcm\u00f6lcsfajt\u00e1t egyes\u00edt, hogy intenz\u00edv \u00edzcsokrot hozzon l\u00e9tre. Ez az eldobhat\u00f3 e-cigaretta 15.000 slukkot k\u00edn\u00e1l egy 25 ml-es tart\u00e1lyb\u00f3l, \u00e9s hosszan tart\u00f3 bogy\u00f3s gy\u00fcm\u00f6lcs\u00f6s \u00e9lvezetet k\u00edn\u00e1l 0%, 2%, 3% \u00e9s 5% nikotin er\u0151ss\u00e9gben.<\/p>\n<h3 class=\"text-lg font-bold text-text-100 mt-1 -mb-1.5\">Triple Berry teljes\u00edtm\u00e9nyjellemz\u0151k:<\/h3>\n<p class=\"whitespace-normal break-words\"><strong>Er\u0151teljes 850mAh \u00fajrat\u00f6lthet\u0151 akkumul\u00e1tor:<\/strong> A nagy teljes\u00edtm\u00e9ny\u0171 akkumul\u00e1tor-rendszer biztos\u00edtja a bogy\u00f3s gy\u00fcm\u00f6lcs\u00f6k \u00e1lland\u00f3 \u00edzintenzit\u00e1s\u00e1t \u00e9s garant\u00e1lja a k\u00e9sz\u00fcl\u00e9k teljes \u00e9lettartama alatt az \u00e1lland\u00f3 min\u0151s\u00e9get.<\/p>\n<p class=\"whitespace-normal break-words\"><strong>Nagyvonal\u00fa, 25 ML-es aromatart\u00e1ly:<\/strong> A kiterjedt folyad\u00e9kt\u00e1rol\u00e1s lehet\u0151v\u00e9 teszi a hosszabb bogy\u00f3p\u00e1rz\u00e1si munkameneteket bosszant\u00f3 megszak\u00edt\u00e1sok vagy karbantart\u00e1si k\u00f6vetelm\u00e9nyek n\u00e9lk\u00fcl.<\/p>\n<p class=\"whitespace-normal break-words\"><strong>Bogy\u00f3optimaliz\u00e1l\u00f3 0,90\u03a9-os szemes tekercs:<\/strong> A finomra hangolt f\u0171t\u0151elemek fokozz\u00e1k a term\u00e9szetes bogy\u00f3s gy\u00fcm\u00f6lcs\u00f6k \u00edz\u00e9t, \u00e9s autentikus, h\u00e1rom bogy\u00f3s gy\u00fcm\u00f6lcs\u00f6s \u00edzprofilt hoznak l\u00e9tre.<\/p>\n<p class=\"whitespace-normal break-words\"><strong>C t\u00edpus\u00fa gyorst\u00f6lt\u00e9s:<\/strong> A legmodernebb gyorst\u00f6lt\u00e9si technol\u00f3gia jelent\u0151sen cs\u00f6kkenti a t\u00f6lt\u00e9si id\u0151t \u00e9s meghosszabb\u00edtja az akt\u00edv bogy\u00f3k \u00e9lvezeti f\u00e1zisait.<\/p>\n<p class=\"whitespace-normal break-words\"><strong>Kolossz\u00e1lis 15 000 vonat teljes\u00edtm\u00e9nye:<\/strong> Kiv\u00e9teles v\u00e1laszt\u00e9k a bogy\u00f3s gy\u00fcm\u00f6lcs\u00f6k hossz\u00fa t\u00e1v\u00fa \u00e9lvezet\u00e9hez, an\u00e9lk\u00fcl, hogy az \u00edzek m\u00e9lys\u00e9g\u00e9ben vagy a g\u0151zmennyis\u00e9gben kompromisszumot kellene k\u00f6tni.<\/p>\n<p class=\"whitespace-normal break-words\"><strong>Ragyog\u00f3 RGB megvil\u00e1g\u00edt\u00e1s:<\/strong> Az \u00e9l\u00e9nk f\u00e9nyhat\u00e1sok kiemelik a bogy\u00f3s gy\u00fcm\u00f6lcs\u00f6k t\u00e9m\u00e1j\u00e1t, \u00e9s a k\u00e9sz\u00fcl\u00e9k \u00e1llapot\u00e1nak pontos kijelz\u00e9s\u00e9re szolg\u00e1lnak.<\/p>\n<h3 class=\"text-lg font-bold text-text-100 mt-1 -mb-1.5\">Fedezzen fel m\u00e9g t\u00f6bb FUMOT VAPE-t a vozolpuff-on<\/h3>\n<p class=\"whitespace-normal break-words\">Fedezzen fel t\u00f6bb els\u0151 oszt\u00e1ly\u00fa g\u0151z\u00f6lg\u0151 term\u00e9ket a <strong><a class=\"underline\" href=\"https:\/\/vozolpuff.de\/hu\/\">F\u0151 v\u00e1laszt\u00e9k<\/a><\/strong>, fedezze fel a teljes <strong><a class=\"underline\" href=\"https:\/\/vozolpuff.de\/hu\/product-category\/fumot-vape\/\">FUMOT VAPE kollekci\u00f3<\/a><\/strong> vagy b\u00f6ng\u00e9szhet az \u00f6sszes el\u00e9rhet\u0151 <strong><a class=\"underline\" href=\"https:\/\/vozolpuff.de\/hu\/product-category\/fumot-vape\/randm-tornado-15000\/\">RandM Tornado 15000 \u00edzek<\/a><\/strong> a t\u00f6k\u00e9letes g\u0151z\u00f6l\u00e9si \u00e9lm\u00e9ny\u00e9rt.<\/p>","protected":false},"excerpt":{"rendered":"<div>\n<div class=\"grid-cols-1 grid gap-2.5 [&amp;_&gt;_*]:min-w-0 !gap-3.5\">\n<p class=\"whitespace-normal break-words\">Die RandM Tornado 15000 Triple Berry Einweg-Vape vereint drei verschiedene Beerensorten zu einem intensiven Geschmacksbouquet. Mit 15.000 Z\u00fcgen, 25ml Tank, 850mAh Akku und RGB-Beleuchtung bietet sie langanhaltenden Beerengenuss. Erh\u00e4ltlich in 0%, 2%, 3% und 5% Nikotin.<\/p>\n<\/div>\n<\/div>\n<div class=\"h-8\"><\/div>\n","protected":false},"featured_media":2250,"comment_status":"open","ping_status":"closed","template":"","meta":{"_acf_changed":false},"product_brand":[],"product_cat":[44],"product_tag":[],"class_list":{"0":"post-2247","1":"product","2":"type-product","3":"status-publish","4":"has-post-thumbnail","6":"product_cat-randm-tornado-15000","8":"first","9":"instock","10":"shipping-taxable","11":"purchasable","12":"product-type-variable"},"acf":[],"_links":{"self":[{"href":"https:\/\/vozolpuff.de\/hu\/wp-json\/wp\/v2\/product\/2247","targetHints":{"allow":["GET"]}}],"collection":[{"href":"https:\/\/vozolpuff.de\/hu\/wp-json\/wp\/v2\/product"}],"about":[{"href":"https:\/\/vozolpuff.de\/hu\/wp-json\/wp\/v2\/types\/product"}],"replies":[{"embeddable":true,"href":"https:\/\/vozolpuff.de\/hu\/wp-json\/wp\/v2\/comments?post=2247"}],"wp:featuredmedia":[{"embeddable":true,"href":"https:\/\/vozolpuff.de\/hu\/wp-json\/wp\/v2\/media\/2250"}],"wp:attachment":[{"href":"https:\/\/vozolpuff.de\/hu\/wp-json\/wp\/v2\/media?parent=2247"}],"wp:term":[{"taxonomy":"product_brand","embeddable":true,"href":"https:\/\/vozolpuff.de\/hu\/wp-json\/wp\/v2\/product_brand?post=2247"},{"taxonomy":"product_cat","embeddable":true,"href":"https:\/\/vozolpuff.de\/hu\/wp-json\/wp\/v2\/product_cat?post=2247"},{"taxonomy":"product_tag","embeddable":true,"href":"https:\/\/vozolpuff.de\/hu\/wp-json\/wp\/v2\/product_tag?post=2247"}],"curies":[{"name":"wp","href":"https:\/\/api.w.org\/{rel}","templated":true}]}}