{"id":2257,"date":"2025-08-28T17:36:18","date_gmt":"2025-08-28T15:36:18","guid":{"rendered":"https:\/\/vozolpuff.de\/?post_type=product&#038;p=2257"},"modified":"2025-08-28T17:36:19","modified_gmt":"2025-08-28T15:36:19","slug":"randm-tornado-15000-banana-ice","status":"publish","type":"product","link":"https:\/\/vozolpuff.de\/hu\/termek\/randm-tornado-15000-banana-ice\/","title":{"rendered":"RandM Tornado 15000 Ban\u00e1n j\u00e9g"},"content":{"rendered":"<h2 class=\"text-xl font-bold text-text-100 mt-1 -mb-0.5\">RandM Tornado 15000 Banana Ice eldobhat\u00f3 vape<\/h2>\n<p class=\"whitespace-normal break-words\">\u00c9lvezze az \u00e9rett ban\u00e1n kr\u00e9mes \u00e9dess\u00e9g\u00e9t a RandM Tornado 15000 Banana Ice friss\u00edt\u0151 mentolos befejez\u00e9s\u00e9vel kombin\u00e1lva. Ez az egyed\u00fcl\u00e1ll\u00f3 \u00edzkombin\u00e1ci\u00f3 egyszerre ny\u00fajt melegs\u00e9get \u00e9s h\u0171v\u00f6ss\u00e9get t\u00f6k\u00e9letes egyens\u00falyban. 15 000 slukkol\u00e1ssal \u00e9s 25 ml-es tankkapacit\u00e1ssal, 0%, 2%, 3% \u00e9s 5% nikotin koncentr\u00e1ci\u00f3ban kaphat\u00f3.<\/p>\n<h3 class=\"text-lg font-bold text-text-100 mt-1 -mb-1.5\">Banana Ice technikai k\u00fcl\u00f6nlegess\u00e9gek:<\/h3>\n<p class=\"whitespace-normal break-words\"><strong>Hossz\u00fa \u00e9lettartam\u00fa 850mAh teljes\u00edtm\u00e9ny\u0171 akkumul\u00e1tor:<\/strong> A megb\u00edzhat\u00f3 t\u00e1pegys\u00e9g biztos\u00edtja a Banana Ice \u00e1lland\u00f3 h\u0171t\u00e9s\u00e9t \u00e9s a hosszan tart\u00f3 teljes\u00edtm\u00e9nyt a teljes kr\u00e9mes-friss \u00e9lm\u00e9ny \u00e9rdek\u00e9ben.<\/p>\n<p class=\"whitespace-normal break-words\"><strong>Nagy, 25 ML kapacit\u00e1s\u00fa tart\u00e1ly:<\/strong> A b\u0151s\u00e9ges folyad\u00e9kell\u00e1t\u00e1s biztos\u00edtja a hosszan tart\u00f3 ban\u00e1nmentolos \u00fcl\u00e9seket, bosszant\u00f3 szervizintervallumok n\u00e9lk\u00fcl.<\/p>\n<p class=\"whitespace-normal break-words\"><strong>Kett\u0151s h\u0151m\u00e9rs\u00e9klet\u0171 0,90\u03a9-os h\u00e1l\u00f3s tekercs:<\/strong> Az innovat\u00edv p\u00e1rologtat\u00f3 technol\u00f3gia kiegyens\u00falyozza a meleg ban\u00e1n \u00edz\u00e9t a h\u0171s\u00edt\u0151 mentolhat\u00e1ssal, \u00edgy harmonikus \u00f6ssz\u00e9lm\u00e9nyt ny\u00fajt.<\/p>\n<p class=\"whitespace-normal break-words\"><strong>Turb\u00f3sebess\u00e9g\u0171 Type-C port:<\/strong> A rendk\u00edv\u00fcl hat\u00e9kony t\u00f6lt\u00e9si technol\u00f3gia minim\u00e1lisra cs\u00f6kkenti az akkumul\u00e1tor t\u00f6lt\u00e9si idej\u00e9t, \u00e9s maximaliz\u00e1lja a Banana Ice p\u00e1rolg\u00e1si idej\u00e9t.<\/p>\n<p class=\"whitespace-normal break-words\"><strong>Gigantikus, 15 000 vonat befogad\u00f3k\u00e9pess\u00e9ge:<\/strong> Leny\u0171g\u00f6z\u0151 tart\u00f3ss\u00e1g a ban\u00e1nj\u00e9g hetekig tart\u00f3 \u00e9lvezet\u00e9hez an\u00e9lk\u00fcl, hogy elvesz\u00edten\u00e9 a jellegzetes h\u0151m\u00e9rs\u00e9kleti kontrasztokat.<\/p>\n<p class=\"whitespace-normal break-words\"><strong>Kontrasztos RGB-vil\u00e1g\u00edt\u00e1s:<\/strong> A dinamikus sz\u00ednv\u00e1ltoz\u00e1sok t\u00fckr\u00f6zik a meleg \u00e9s hideg \u00edzvil\u00e1got, \u00e9s minden \u00fczem\u00e1llapotr\u00f3l t\u00e1j\u00e9koztat\u00e1st ny\u00fajtanak.<\/p>\n<h3 class=\"text-lg font-bold text-text-100 mt-1 -mb-1.5\">Fedezzen fel m\u00e9g t\u00f6bb FUMOT VAPE-t a vozolpuff-on<\/h3>\n<p class=\"whitespace-normal break-words\">Fedezzen fel t\u00f6bb els\u0151 oszt\u00e1ly\u00fa g\u0151z\u00f6lg\u0151 term\u00e9ket a <strong><a class=\"underline\" href=\"https:\/\/vozolpuff.de\/hu\/\">F\u0151 v\u00e1laszt\u00e9k<\/a><\/strong>, fedezze fel a teljes <strong><a class=\"underline\" href=\"https:\/\/vozolpuff.de\/hu\/product-category\/fumot-vape\/\">FUMOT VAPE kollekci\u00f3<\/a><\/strong> vagy b\u00f6ng\u00e9szhet az \u00f6sszes el\u00e9rhet\u0151 <strong><a class=\"underline\" href=\"https:\/\/vozolpuff.de\/hu\/product-category\/fumot-vape\/randm-tornado-15000\/\">RandM Tornado 15000 \u00edzek<\/a><\/strong> a t\u00f6k\u00e9letes g\u0151z\u00f6l\u00e9si \u00e9lm\u00e9ny\u00e9rt.<\/p>","protected":false},"excerpt":{"rendered":"<div>\n<div class=\"grid-cols-1 grid gap-2.5 [&amp;_&gt;_*]:min-w-0 !gap-3.5\">\n<p class=\"whitespace-normal break-words\">Die RandM Tornado 15000 Banana Ice Einweg-Vape kombiniert cremige Bananen-S\u00fc\u00dfe mit erfrischendem Menthol-Finish. Mit 15.000 Z\u00fcgen, 25ml Tank, 850mAh Akku und RGB-Beleuchtung bietet sie perfekte Balance zwischen W\u00e4rme und K\u00fchle. Erh\u00e4ltlich in 0%, 2%, 3% und 5% Nikotin.<\/p>\n<\/div>\n<\/div>\n<div class=\"h-8\"><\/div>\n","protected":false},"featured_media":2260,"comment_status":"open","ping_status":"closed","template":"","meta":{"_acf_changed":false},"product_brand":[],"product_cat":[44],"product_tag":[],"class_list":{"0":"post-2257","1":"product","2":"type-product","3":"status-publish","4":"has-post-thumbnail","6":"product_cat-randm-tornado-15000","8":"first","9":"instock","10":"shipping-taxable","11":"purchasable","12":"product-type-variable"},"acf":[],"_links":{"self":[{"href":"https:\/\/vozolpuff.de\/hu\/wp-json\/wp\/v2\/product\/2257","targetHints":{"allow":["GET"]}}],"collection":[{"href":"https:\/\/vozolpuff.de\/hu\/wp-json\/wp\/v2\/product"}],"about":[{"href":"https:\/\/vozolpuff.de\/hu\/wp-json\/wp\/v2\/types\/product"}],"replies":[{"embeddable":true,"href":"https:\/\/vozolpuff.de\/hu\/wp-json\/wp\/v2\/comments?post=2257"}],"wp:featuredmedia":[{"embeddable":true,"href":"https:\/\/vozolpuff.de\/hu\/wp-json\/wp\/v2\/media\/2260"}],"wp:attachment":[{"href":"https:\/\/vozolpuff.de\/hu\/wp-json\/wp\/v2\/media?parent=2257"}],"wp:term":[{"taxonomy":"product_brand","embeddable":true,"href":"https:\/\/vozolpuff.de\/hu\/wp-json\/wp\/v2\/product_brand?post=2257"},{"taxonomy":"product_cat","embeddable":true,"href":"https:\/\/vozolpuff.de\/hu\/wp-json\/wp\/v2\/product_cat?post=2257"},{"taxonomy":"product_tag","embeddable":true,"href":"https:\/\/vozolpuff.de\/hu\/wp-json\/wp\/v2\/product_tag?post=2257"}],"curies":[{"name":"wp","href":"https:\/\/api.w.org\/{rel}","templated":true}]}}