{"id":2267,"date":"2025-08-28T17:39:21","date_gmt":"2025-08-28T15:39:21","guid":{"rendered":"https:\/\/vozolpuff.de\/?post_type=product&#038;p=2267"},"modified":"2025-08-28T17:39:21","modified_gmt":"2025-08-28T15:39:21","slug":"randm-tornado-15000-peach-blueberry-candy","status":"publish","type":"product","link":"https:\/\/vozolpuff.de\/hu\/termek\/randm-tornado-15000-peach-blueberry-candy\/","title":{"rendered":"RandM Tornado 15000 Barackos \u00e1fonya cukorka"},"content":{"rendered":"<h2 class=\"text-xl font-bold text-text-100 mt-1 -mb-0.5\">RandM Tornado 15000 Peach Blueberry Candy eldobhat\u00f3 vape<\/h2>\n<p class=\"whitespace-normal break-words\">K\u00e9nyeztesse mag\u00e1t \u00e9des gyermekkori eml\u00e9kekkel a RandM Tornado 15000 Barackos \u00e1fony\u00e1s cukorka seg\u00edts\u00e9g\u00e9vel. Ez a j\u00e1t\u00e9kos \u00edz a l\u00e9d\u00fas \u0151szibarackot \u00e9s az \u00e9des \u00e1fony\u00e1t kombin\u00e1lja cukros cukork\u00e1s jegyekkel. A 25 ml-es tart\u00e1lyb\u00f3l 15 000 sz\u00edv\u00e1s hosszan tart\u00f3 cukork\u00e1s nosztalgi\u00e1t biztos\u00edt a 0%, 2%, 3% \u00e9s 5% nikotiner\u0151ss\u00e9g\u0171 v\u00e1ltozatokban.<\/p>\n<h3 class=\"text-lg font-bold text-text-100 mt-1 -mb-1.5\">Barackos \u00e1fony\u00e1s cukorka Jellemz\u0151k:<\/h3>\n<p class=\"whitespace-normal break-words\"><strong>Nagy energi\u00e1j\u00fa, 850mAh kapacit\u00e1s\u00fa cukorka akkumul\u00e1tor:<\/strong> A stabil t\u00e1pegys\u00e9g meg\u0151rzi a jellegzetes \u00e9dess\u00e9g \u00e9dess\u00e9g\u00e9t \u00e9s egyenletes teljes\u00edtm\u00e9nyt biztos\u00edt a teljes \u00e9dessz\u00e1j\u00fa \u00e9lm\u00e9ny \u00e9rdek\u00e9ben.<\/p>\n<p class=\"whitespace-normal break-words\"><strong>Nagy kapacit\u00e1s\u00fa, 25 ML-es cukr\u00e1szati tart\u00e1ly:<\/strong> A nagy t\u00e9rfogat\u00fa tart\u00e1ly garant\u00e1lja a kiterjedt cukorka g\u0151zf\u00e1zisokat a nosztalgikus \u00edz\u00e9lm\u00e9ny megszak\u00edt\u00e1sa n\u00e9lk\u00fcl.<\/p>\n<p class=\"whitespace-normal break-words\"><strong>Candy-n\u00f6vel\u0151 0,90\u03a9-os h\u00e1l\u00f3s tekercs:<\/strong> A speci\u00e1lisan kalibr\u00e1lt f\u0171t\u00e9si technol\u00f3gia feler\u0151s\u00edti az \u00e9des cukork\u00e1s jegyeket, \u00e9s t\u00f6k\u00e9letesen kiemeli az \u0151szibarack \u00e9s az \u00e1fonya kombin\u00e1ci\u00f3j\u00e1t.<\/p>\n<p class=\"whitespace-normal break-words\"><strong>Express Type-C cukorkat\u00f6lt\u0151:<\/strong> A vill\u00e1mgyors t\u00f6lt\u00e9s ler\u00f6vid\u00edti az \u00e9des g\u0151zpillanatok k\u00f6z\u00f6tti sz\u00fcneteket, \u00e9s optimaliz\u00e1lja a rendelkez\u00e9sre \u00e1ll\u00f3 nassol\u00e1si id\u0151t.<\/p>\n<p class=\"whitespace-normal break-words\"><strong>Hatalmas, 15 000 f\u00fcst\u00f6l\u00e9s \u00e9des teljes\u00edtm\u00e9ny:<\/strong> Kiv\u00e9teles k\u00e9pess\u00e9g a hossz\u00fa t\u00e1v\u00fa \u00e9dess\u00e9g \u00e9lvezet\u00e9re a jellegzetes \u00e9dess\u00e9g intenzit\u00e1s\u00e1nak elveszt\u00e9se n\u00e9lk\u00fcl.<\/p>\n<p class=\"whitespace-normal break-words\"><strong>Cukorkasz\u00edn\u0171 RGB f\u00e9nyhat\u00e1sok:<\/strong> A j\u00e1t\u00e9kos sz\u00ednes anim\u00e1ci\u00f3k \u00e9desk\u00e9s hangulatot teremtenek, \u00e9s b\u00e1jos m\u0171k\u00f6d\u00e9si jelz\u0151k\u00e9nt szolg\u00e1lnak.<\/p>\n<h3 class=\"text-lg font-bold text-text-100 mt-1 -mb-1.5\">Fedezzen fel m\u00e9g t\u00f6bb FUMOT VAPE-t a vozolpuff-on<\/h3>\n<p class=\"whitespace-normal break-words\">Fedezzen fel t\u00f6bb els\u0151 oszt\u00e1ly\u00fa g\u0151z\u00f6lg\u0151 term\u00e9ket a <strong><a class=\"underline\" href=\"https:\/\/vozolpuff.de\/hu\/\">F\u0151 v\u00e1laszt\u00e9k<\/a><\/strong>, fedezze fel a teljes <strong><a class=\"underline\" href=\"https:\/\/vozolpuff.de\/hu\/product-category\/fumot-vape\/\">FUMOT VAPE kollekci\u00f3<\/a><\/strong> vagy b\u00f6ng\u00e9szhet az \u00f6sszes el\u00e9rhet\u0151 <strong><a class=\"underline\" href=\"https:\/\/vozolpuff.de\/hu\/product-category\/fumot-vape\/randm-tornado-15000\/\">RandM Tornado 15000 \u00edzek<\/a><\/strong> a t\u00f6k\u00e9letes g\u0151z\u00f6l\u00e9si \u00e9lm\u00e9ny\u00e9rt.<\/p>","protected":false},"excerpt":{"rendered":"<div>\n<div class=\"grid-cols-1 grid gap-2.5 [&amp;_&gt;_*]:min-w-0 !gap-3.5\">\n<p class=\"whitespace-normal break-words\">Die RandM Tornado 15000 Peach Blueberry Candy Einweg-Vape kombiniert saftige Pfirsiche und s\u00fc\u00dfe Blaubeeren mit zuckriger Candy-Note. Mit 15.000 Z\u00fcgen, 25ml Tank, 850mAh Akku und RGB-Beleuchtung f\u00fcr s\u00fc\u00dfe Nostalgie. Erh\u00e4ltlich in 0%, 2%, 3% und 5% Nikotin.<\/p>\n<\/div>\n<\/div>\n<div class=\"h-8\"><\/div>\n","protected":false},"featured_media":2270,"comment_status":"open","ping_status":"closed","template":"","meta":{"_acf_changed":false},"product_brand":[],"product_cat":[44],"product_tag":[],"class_list":{"0":"post-2267","1":"product","2":"type-product","3":"status-publish","4":"has-post-thumbnail","6":"product_cat-randm-tornado-15000","8":"first","9":"instock","10":"shipping-taxable","11":"purchasable","12":"product-type-variable"},"acf":[],"_links":{"self":[{"href":"https:\/\/vozolpuff.de\/hu\/wp-json\/wp\/v2\/product\/2267","targetHints":{"allow":["GET"]}}],"collection":[{"href":"https:\/\/vozolpuff.de\/hu\/wp-json\/wp\/v2\/product"}],"about":[{"href":"https:\/\/vozolpuff.de\/hu\/wp-json\/wp\/v2\/types\/product"}],"replies":[{"embeddable":true,"href":"https:\/\/vozolpuff.de\/hu\/wp-json\/wp\/v2\/comments?post=2267"}],"wp:featuredmedia":[{"embeddable":true,"href":"https:\/\/vozolpuff.de\/hu\/wp-json\/wp\/v2\/media\/2270"}],"wp:attachment":[{"href":"https:\/\/vozolpuff.de\/hu\/wp-json\/wp\/v2\/media?parent=2267"}],"wp:term":[{"taxonomy":"product_brand","embeddable":true,"href":"https:\/\/vozolpuff.de\/hu\/wp-json\/wp\/v2\/product_brand?post=2267"},{"taxonomy":"product_cat","embeddable":true,"href":"https:\/\/vozolpuff.de\/hu\/wp-json\/wp\/v2\/product_cat?post=2267"},{"taxonomy":"product_tag","embeddable":true,"href":"https:\/\/vozolpuff.de\/hu\/wp-json\/wp\/v2\/product_tag?post=2267"}],"curies":[{"name":"wp","href":"https:\/\/api.w.org\/{rel}","templated":true}]}}