{"id":2277,"date":"2025-08-28T17:47:38","date_gmt":"2025-08-28T15:47:38","guid":{"rendered":"https:\/\/vozolpuff.de\/?post_type=product&#038;p=2277"},"modified":"2025-08-28T17:47:39","modified_gmt":"2025-08-28T15:47:39","slug":"randm-tornado-15000-apple-peach-pear","status":"publish","type":"product","link":"https:\/\/vozolpuff.de\/hu\/termek\/randm-tornado-15000-apple-peach-pear\/","title":{"rendered":"RandM Tornado 15000 alma barack k\u00f6rte"},"content":{"rendered":"<h2 class=\"text-xl font-bold text-text-100 mt-1 -mb-0.5\">RandM Tornado 15000 Apple Peach Pear eldobhat\u00f3 vape<\/h2>\n<p class=\"whitespace-normal break-words\">K\u00e9nyeztesse mag\u00e1t a ropog\u00f3s alma, a l\u00e9d\u00fas \u0151szibarack \u00e9s az \u00e9des k\u00f6rte harmonikus h\u00e1rmas\u00e1val a RandM Tornado 15000 Apple Peach Pearben. Ez a kiegyens\u00falyozott gy\u00fcm\u00f6lcskompoz\u00edci\u00f3 term\u00e9szetes \u00e9s friss\u00edt\u0151 g\u0151z\u00f6l\u00e9si \u00e9lm\u00e9nyt ny\u00fajt. 15 000 sz\u00edv\u00e1s \u00e9s 25 ml-es tart\u00e1lykapacit\u00e1ssal, 0%, 2%, 3% \u00e9s 5% nikotiner\u0151ss\u00e9gben kaphat\u00f3.<\/p>\n<h3 class=\"text-lg font-bold text-text-100 mt-1 -mb-1.5\">Apple Peach Pear Term\u00e9kle\u00edr\u00e1sok:<\/h3>\n<p class=\"whitespace-normal break-words\"><strong>Er\u0151teljes 850mAh gy\u00fcm\u00f6lcs\u00f6s akkumul\u00e1tor:<\/strong> A robusztus energiaforr\u00e1s frissen tartja a term\u00e9szetes gy\u00fcm\u00f6lcs\u00edzeket, \u00e9s folyamatos teljes\u00edtm\u00e9nyt biztos\u00edt a gy\u00fcm\u00f6lcs\u00f6s teljes id\u0151tartama alatt.<\/p>\n<p class=\"whitespace-normal break-words\"><strong>Kiterjedt 25 ML gy\u00fcm\u00f6lcsrakt\u00e1r:<\/strong> A nagym\u00e9ret\u0171 tart\u00e1lyok lehet\u0151v\u00e9 teszik az intenz\u00edv gy\u00fcm\u00f6lcs\u00f6s t\u00far\u00e1kat an\u00e9lk\u00fcl, hogy megszak\u00edtan\u00e1k a gy\u00fcm\u00f6lcs\u00f6k autentikus \u00e9lvezet\u00e9t.<\/p>\n<p class=\"whitespace-normal break-words\"><strong>Gy\u00fcm\u00f6lcs\u00f6kre optimaliz\u00e1l\u00f3 0,90\u03a9-os h\u00e1l\u00f3s tekercs:<\/strong> A prec\u00edzi\u00f3s p\u00e1rologtat\u00e1si technol\u00f3gia mindh\u00e1rom gy\u00fcm\u00f6lcs jellegzetes jegyeit kivonja, \u00e9s t\u00f6k\u00e9letes gy\u00fcm\u00f6lcs\u00f6s szimf\u00f3ni\u00e1t hoz l\u00e9tre.<\/p>\n<p class=\"whitespace-normal break-words\"><strong>Speed Type-C gy\u00fcm\u00f6lcsrakod\u00f3:<\/strong> A legmodernebb t\u00f6lt\u00e9si technol\u00f3gia minim\u00e1lisra cs\u00f6kkenti a v\u00e1rakoz\u00e1si id\u0151t, \u00e9s maximaliz\u00e1lja a term\u00e9szetes gy\u00fcm\u00f6lcs\u00f6k \u00e9lvezet\u00e9nek idej\u00e9t.<\/p>\n<p class=\"whitespace-normal break-words\"><strong>Kiemelked\u0151 15 000 f\u00faj\u00e1snyi gy\u00fcm\u00f6lcsteljes\u00edtm\u00e9ny:<\/strong> Figyelemre m\u00e9lt\u00f3 tart\u00f3ss\u00e1g a hossz\u00fa t\u00e1v\u00fa gy\u00fcm\u00f6lcs\u00f6sl\u00e1togat\u00e1sokhoz, a frissess\u00e9g \u00e9s az \u00edzv\u00e1laszt\u00e9k cs\u00f6kken\u00e9se n\u00e9lk\u00fcl.<\/p>\n<p class=\"whitespace-normal break-words\"><strong>Orchard RGB vil\u00e1g\u00edt\u00e1s:<\/strong> A term\u00e9szetes sz\u00ednj\u00e1t\u00e9kok a naps\u00fct\u00f6tte gy\u00fcm\u00f6lcs\u00f6s\u00f6kre eml\u00e9keztetnek, \u00e9s megb\u00edzhat\u00f3 funkci\u00f3ellen\u0151rz\u00e9sre szolg\u00e1lnak.<\/p>\n<h3 class=\"text-lg font-bold text-text-100 mt-1 -mb-1.5\">Fedezzen fel m\u00e9g t\u00f6bb FUMOT VAPE-t a vozolpuff-on<\/h3>\n<p class=\"whitespace-normal break-words\">Fedezzen fel t\u00f6bb els\u0151 oszt\u00e1ly\u00fa g\u0151z\u00f6lg\u0151 term\u00e9ket a <strong><a class=\"underline\" href=\"https:\/\/vozolpuff.de\/hu\/\">F\u0151 v\u00e1laszt\u00e9k<\/a><\/strong>, fedezze fel a teljes <strong><a class=\"underline\" href=\"https:\/\/vozolpuff.de\/hu\/product-category\/fumot-vape\/\">FUMOT VAPE kollekci\u00f3<\/a><\/strong> vagy b\u00f6ng\u00e9szhet az \u00f6sszes el\u00e9rhet\u0151 <strong><a class=\"underline\" href=\"https:\/\/vozolpuff.de\/hu\/product-category\/fumot-vape\/randm-tornado-15000\/\">RandM Tornado 15000 \u00edzek<\/a><\/strong> a t\u00f6k\u00e9letes g\u0151z\u00f6l\u00e9si \u00e9lm\u00e9ny\u00e9rt.<\/p>","protected":false},"excerpt":{"rendered":"<div>\n<div class=\"grid-cols-1 grid gap-2.5 [&amp;_&gt;_*]:min-w-0 !gap-3.5\">\n<p class=\"whitespace-normal break-words\">Die RandM Tornado 15000 Apple Peach Pear Einweg-Vape vereint knackige \u00c4pfel, saftige Pfirsiche und s\u00fc\u00dfe Birnen zu einer harmonischen Fruchtkomposition. Mit 15.000 Z\u00fcgen, 25ml Tank, 850mAh Akku und RGB-Beleuchtung f\u00fcr nat\u00fcrliches Dampferlebnis. Erh\u00e4ltlich in 0%, 2%, 3% und 5% Nikotin.<\/p>\n<\/div>\n<\/div>\n<div class=\"h-8\"><\/div>\n","protected":false},"featured_media":2284,"comment_status":"open","ping_status":"closed","template":"","meta":{"_acf_changed":false},"product_brand":[],"product_cat":[44],"product_tag":[],"class_list":{"0":"post-2277","1":"product","2":"type-product","3":"status-publish","4":"has-post-thumbnail","6":"product_cat-randm-tornado-15000","8":"first","9":"instock","10":"shipping-taxable","11":"purchasable","12":"product-type-variable"},"acf":[],"_links":{"self":[{"href":"https:\/\/vozolpuff.de\/hu\/wp-json\/wp\/v2\/product\/2277","targetHints":{"allow":["GET"]}}],"collection":[{"href":"https:\/\/vozolpuff.de\/hu\/wp-json\/wp\/v2\/product"}],"about":[{"href":"https:\/\/vozolpuff.de\/hu\/wp-json\/wp\/v2\/types\/product"}],"replies":[{"embeddable":true,"href":"https:\/\/vozolpuff.de\/hu\/wp-json\/wp\/v2\/comments?post=2277"}],"wp:featuredmedia":[{"embeddable":true,"href":"https:\/\/vozolpuff.de\/hu\/wp-json\/wp\/v2\/media\/2284"}],"wp:attachment":[{"href":"https:\/\/vozolpuff.de\/hu\/wp-json\/wp\/v2\/media?parent=2277"}],"wp:term":[{"taxonomy":"product_brand","embeddable":true,"href":"https:\/\/vozolpuff.de\/hu\/wp-json\/wp\/v2\/product_brand?post=2277"},{"taxonomy":"product_cat","embeddable":true,"href":"https:\/\/vozolpuff.de\/hu\/wp-json\/wp\/v2\/product_cat?post=2277"},{"taxonomy":"product_tag","embeddable":true,"href":"https:\/\/vozolpuff.de\/hu\/wp-json\/wp\/v2\/product_tag?post=2277"}],"curies":[{"name":"wp","href":"https:\/\/api.w.org\/{rel}","templated":true}]}}