{"id":2291,"date":"2025-08-28T17:50:33","date_gmt":"2025-08-28T15:50:33","guid":{"rendered":"https:\/\/vozolpuff.de\/?post_type=product&#038;p=2291"},"modified":"2025-08-28T17:50:33","modified_gmt":"2025-08-28T15:50:33","slug":"randm-tornado-15000-berry-lemonade","status":"publish","type":"product","link":"https:\/\/vozolpuff.de\/hu\/termek\/randm-tornado-15000-berry-lemonade\/","title":{"rendered":"RandM Tornado 15000 Berry Lemonade (bogy\u00f3s limon\u00e1d\u00e9)"},"content":{"rendered":"<h2 class=\"text-xl font-bold text-text-100 mt-1 -mb-0.5\">RandM Tornado 15000 Berry Lemonade eldobhat\u00f3 vape<\/h2>\n<p class=\"whitespace-normal break-words\">Friss\u00edtse fel mag\u00e1t a fanyar RandM Tornado 15000 Berry Lemonade - az \u00e9des bogy\u00f3s gy\u00fcm\u00f6lcs\u00f6k \u00e9s a fanyar limon\u00e1d\u00e9 \u00fcd\u00edt\u0151 kever\u00e9ke. Ez a friss\u00edt\u0151 kombin\u00e1ci\u00f3 t\u00f6k\u00e9letes egyens\u00falyt k\u00edn\u00e1l a gy\u00fcm\u00f6lcs\u00f6ss\u00e9g \u00e9s a citrusf\u00e9l\u00e9k frissess\u00e9ge k\u00f6z\u00f6tt. 15 000 slukkol\u00e1ssal \u00e9s 25 ml \u0171rtartalommal, 0%, 2%, 3% \u00e9s 5% nikotin koncentr\u00e1ci\u00f3ban kaphat\u00f3.<\/p>\n<h3 class=\"text-lg font-bold text-text-100 mt-1 -mb-1.5\">Berry Lemonade funkci\u00f3 r\u00e9szletek:<\/h3>\n<p class=\"whitespace-normal break-words\"><strong>Dinamikus 850mAh-s limon\u00e1d\u00e9 akkumul\u00e1tor:<\/strong> Az er\u0151teljes energiacella egyenletesen pezsg\u0151 teljes\u00edtm\u00e9nyt biztos\u00edt, \u00e9s meg\u0151rzi a Berry Lemonade jellegzetes frissess\u00e9g\u00e9t a teljes \u00e9lettartam alatt.<\/p>\n<p class=\"whitespace-normal break-words\"><strong>Friss\u00edt\u0151 25 ML szomjolt\u00f3 tart\u00e1ly:<\/strong> A nagy folyad\u00e9kk\u00e9szlet garant\u00e1lja a hosszabb friss\u00edt\u0151sz\u00fcneteket an\u00e9lk\u00fcl, hogy a szomjolt\u00f3 \u00e9lvezetet zavar\u00f3an megszak\u00edtan\u00e1.<\/p>\n<p class=\"whitespace-normal break-words\"><strong>Bubor\u00e9k-optimaliz\u00e1lt 0,90\u03a9-os h\u00e1l\u00f3s tekercs:<\/strong> A speci\u00e1lisan kifejlesztett p\u00e1rologtat\u00e1si technol\u00f3gia fokozza a pezsg\u0151 limon\u00e1d\u00e9 tulajdons\u00e1gait, \u00e9s harmonikusan kiemeli a bogy\u00f3s gy\u00fcm\u00f6lcs\u00f6k \u00e9dess\u00e9g\u00e9t.<\/p>\n<p class=\"whitespace-normal break-words\"><strong>C-t\u00edpus\u00fa gyorst\u00f6lt\u0151 friss\u00edt\u0151port:<\/strong> Az ultragyors t\u00f6lt\u00e9si technol\u00f3gia drasztikusan cs\u00f6kkenti az \u00e1ll\u00e1sid\u0151t \u00e9s meghosszabb\u00edtja a friss\u00edt\u0151 g\u0151zpillanatok idej\u00e9t.<\/p>\n<p class=\"whitespace-normal break-words\"><strong>Fenomen\u00e1lis, 15 000 f\u00faj\u00e1snyi szomjolt\u00f3 kapacit\u00e1s:<\/strong> Kiv\u00e9teles v\u00e1laszt\u00e9k hetekig tart\u00f3 friss\u00edt\u00e9sre an\u00e9lk\u00fcl, hogy elvesz\u00edten\u00e9 a limon\u00e1d\u00e9 jellegzetes zamat\u00e1t.<\/p>\n<p class=\"whitespace-normal break-words\"><strong>Pezsg\u0151 RGB f\u00e9nyhat\u00e1sok:<\/strong> Az \u00e9l\u00e9nk sz\u00ednes anim\u00e1ci\u00f3k a sz\u00e9nsavas limon\u00e1d\u00e9t imit\u00e1lj\u00e1k, \u00e9s pontos inform\u00e1ci\u00f3t ny\u00fajtanak a k\u00e9sz\u00fcl\u00e9k \u00f6sszes \u00e1llapot\u00e1r\u00f3l.<\/p>\n<h3 class=\"text-lg font-bold text-text-100 mt-1 -mb-1.5\">Fedezzen fel m\u00e9g t\u00f6bb FUMOT VAPE-t a vozolpuff-on<\/h3>\n<p class=\"whitespace-normal break-words\">Fedezzen fel t\u00f6bb els\u0151 oszt\u00e1ly\u00fa g\u0151z\u00f6lg\u0151 term\u00e9ket a <strong><a class=\"underline\" href=\"https:\/\/vozolpuff.de\/hu\/\">F\u0151 v\u00e1laszt\u00e9k<\/a><\/strong>, fedezze fel a teljes <strong><a class=\"underline\" href=\"https:\/\/vozolpuff.de\/hu\/product-category\/fumot-vape\/\">FUMOT VAPE kollekci\u00f3<\/a><\/strong> vagy b\u00f6ng\u00e9szhet az \u00f6sszes el\u00e9rhet\u0151 <strong><a class=\"underline\" href=\"https:\/\/vozolpuff.de\/hu\/product-category\/fumot-vape\/randm-tornado-15000\/\">RandM Tornado 15000 \u00edzek<\/a><\/strong> a t\u00f6k\u00e9letes g\u0151z\u00f6l\u00e9si \u00e9lm\u00e9ny\u00e9rt.<\/p>","protected":false},"excerpt":{"rendered":"<div>\n<div class=\"grid-cols-1 grid gap-2.5 [&amp;_&gt;_*]:min-w-0 !gap-3.5\">\n<p class=\"whitespace-normal break-words\">Die RandM Tornado 15000 Berry Lemonade Einweg-Vape kombiniert s\u00fc\u00dfe Beeren mit s\u00e4uerlicher Limonade zu einer erfrischenden Balance. Mit 15.000 Z\u00fcgen, 25ml Tank, 850mAh Akku und RGB-Beleuchtung bietet sie spritzigen Dampfgenuss. Erh\u00e4ltlich in 0%, 2%, 3% und 5% Nikotin.<\/p>\n<\/div>\n<\/div>\n<div class=\"h-8\"><\/div>\n","protected":false},"featured_media":2294,"comment_status":"open","ping_status":"closed","template":"","meta":{"_acf_changed":false},"product_brand":[],"product_cat":[44],"product_tag":[],"class_list":{"0":"post-2291","1":"product","2":"type-product","3":"status-publish","4":"has-post-thumbnail","6":"product_cat-randm-tornado-15000","8":"first","9":"instock","10":"shipping-taxable","11":"purchasable","12":"product-type-variable"},"acf":[],"_links":{"self":[{"href":"https:\/\/vozolpuff.de\/hu\/wp-json\/wp\/v2\/product\/2291","targetHints":{"allow":["GET"]}}],"collection":[{"href":"https:\/\/vozolpuff.de\/hu\/wp-json\/wp\/v2\/product"}],"about":[{"href":"https:\/\/vozolpuff.de\/hu\/wp-json\/wp\/v2\/types\/product"}],"replies":[{"embeddable":true,"href":"https:\/\/vozolpuff.de\/hu\/wp-json\/wp\/v2\/comments?post=2291"}],"wp:featuredmedia":[{"embeddable":true,"href":"https:\/\/vozolpuff.de\/hu\/wp-json\/wp\/v2\/media\/2294"}],"wp:attachment":[{"href":"https:\/\/vozolpuff.de\/hu\/wp-json\/wp\/v2\/media?parent=2291"}],"wp:term":[{"taxonomy":"product_brand","embeddable":true,"href":"https:\/\/vozolpuff.de\/hu\/wp-json\/wp\/v2\/product_brand?post=2291"},{"taxonomy":"product_cat","embeddable":true,"href":"https:\/\/vozolpuff.de\/hu\/wp-json\/wp\/v2\/product_cat?post=2291"},{"taxonomy":"product_tag","embeddable":true,"href":"https:\/\/vozolpuff.de\/hu\/wp-json\/wp\/v2\/product_tag?post=2291"}],"curies":[{"name":"wp","href":"https:\/\/api.w.org\/{rel}","templated":true}]}}