{"id":2301,"date":"2025-08-28T17:53:36","date_gmt":"2025-08-28T15:53:36","guid":{"rendered":"https:\/\/vozolpuff.de\/?post_type=product&#038;p=2301"},"modified":"2025-08-28T17:53:37","modified_gmt":"2025-08-28T15:53:37","slug":"randm-tornado-15000-blue-razz-cherry","status":"publish","type":"product","link":"https:\/\/vozolpuff.de\/hu\/termek\/randm-tornado-15000-blue-razz-cherry\/","title":{"rendered":"RandM Tornado 15000 k\u00e9k Razz Cherry"},"content":{"rendered":"<h2 class=\"text-xl font-bold text-text-100 mt-1 -mb-0.5\">RandM Tornado 15000 Blue Razz Cherry eldobhat\u00f3 vape<\/h2>\n<p class=\"whitespace-normal break-words\">Mer\u00fclj\u00f6n el a RandM Tornado 15000 Blue Razz Cherry intenz\u00edv vil\u00e1g\u00e1ban - a k\u00e9k m\u00e1lna \u00e9s a l\u00e9d\u00fas cseresznye er\u0151teljes kombin\u00e1ci\u00f3ja. Ez a vibr\u00e1l\u00f3 \u00edz izgalmas egyens\u00falyt k\u00edn\u00e1l a fanyar razz jegyek \u00e9s az \u00e9des cseresznye akcentusok k\u00f6z\u00f6tt. 15 000 sz\u00edv\u00e1s egy 25 ml-es tart\u00e1lyb\u00f3l a 0%, 2%, 3% \u00e9s 5% nikotiner\u0151ss\u00e9gekben.<\/p>\n<h3 class=\"text-lg font-bold text-text-100 mt-1 -mb-1.5\">Blue Razz Cherry teljes\u00edtm\u00e9ny jellemz\u0151i:<\/h3>\n<p class=\"whitespace-normal break-words\"><strong>Nagy teljes\u00edtm\u00e9ny\u0171 850mAh teljes\u00edtm\u00e9ny\u0171 akkumul\u00e1tor:<\/strong> Az er\u0151teljes akkumul\u00e1tortechnol\u00f3gia biztos\u00edtja a Blue Razz Cherry folyamatos intenzit\u00e1s\u00e1t \u00e9s stabil teljes\u00edtm\u00e9nyt garant\u00e1l a teljes izgalmas \u00edz\u00e9lm\u00e9ny \u00e9rdek\u00e9ben.<\/p>\n<p class=\"whitespace-normal break-words\"><strong>Intenz\u00edv 25 ML aromatart\u00e1ly:<\/strong> A terjedelmes folyad\u00e9ktart\u00e1ly lehet\u0151v\u00e9 teszi a hosszan tart\u00f3 Blue Razz Cherry \u00fcl\u00e9seket an\u00e9lk\u00fcl, hogy megszakadna a jellegzetes \u00edz intenzit\u00e1sa.<\/p>\n<p class=\"whitespace-normal break-words\"><strong>Intenzit\u00e1sn\u00f6vel\u0151 0,90\u03a9-os h\u00e1l\u00f3s tekercs:<\/strong> A nagy pontoss\u00e1g\u00fa p\u00e1rologtat\u00f3 technol\u00f3gia maximaliz\u00e1lja a Blue Razz Cherry aroma erej\u00e9t, \u00e9s autentikus bogy\u00f3s meggyes \u00e9lm\u00e9nyt ny\u00fajt.<\/p>\n<p class=\"whitespace-normal break-words\"><strong>Power Type-C intenzit\u00e1s\u00fa t\u00f6lt\u0151:<\/strong> A nagy sebess\u00e9g\u0171 t\u00f6lt\u00e9si technol\u00f3gia minimaliz\u00e1lja az \u00e1ll\u00e1sid\u0151t, \u00e9s maximaliz\u00e1lja az intenz\u00edv \u00edz\u00e9lm\u00e9nyekhez rendelkez\u00e9sre \u00e1ll\u00f3 id\u0151t.<\/p>\n<p class=\"whitespace-normal break-words\"><strong>Er\u0151teljes 15 000 f\u00faj\u00e1s intenzit\u00e1s\u00fa teljes\u00edtm\u00e9ny:<\/strong> Leny\u0171g\u00f6z\u0151 tart\u00f3ss\u00e1g a hossz\u00fa t\u00e1v\u00fa Blue Razz Cherry kalandokhoz an\u00e9lk\u00fcl, hogy az aroma erej\u00e9b\u0151l vagy az \u00edz m\u00e9lys\u00e9g\u00e9b\u0151l kompromisszumot k\u00f6tne.<\/p>\n<p class=\"whitespace-normal break-words\"><strong>Intenz\u00edv RGB sz\u00ednj\u00e1t\u00e9kok:<\/strong> Az er\u0151teljes f\u00e9nyhat\u00e1sok t\u00fckr\u00f6zik a Blue Razz Cherry intenzit\u00e1s\u00e1t, \u00e9s dinamikus m\u0171k\u00f6d\u00e9si jelz\u0151k\u00e9nt m\u0171k\u00f6dnek.<\/p>\n<h3 class=\"text-lg font-bold text-text-100 mt-1 -mb-1.5\">Fedezzen fel m\u00e9g t\u00f6bb FUMOT VAPE-t a vozolpuff-on<\/h3>\n<p class=\"whitespace-normal break-words\">Fedezzen fel t\u00f6bb els\u0151 oszt\u00e1ly\u00fa g\u0151z\u00f6lg\u0151 term\u00e9ket a <strong><a class=\"underline\" href=\"https:\/\/vozolpuff.de\/hu\/\">F\u0151 v\u00e1laszt\u00e9k<\/a><\/strong>, fedezze fel a teljes <strong><a class=\"underline\" href=\"https:\/\/vozolpuff.de\/hu\/product-category\/fumot-vape\/\">FUMOT VAPE kollekci\u00f3<\/a><\/strong> vagy b\u00f6ng\u00e9szhet az \u00f6sszes el\u00e9rhet\u0151 <strong><a class=\"underline\" href=\"https:\/\/vozolpuff.de\/hu\/product-category\/fumot-vape\/randm-tornado-15000\/\">RandM Tornado 15000 \u00edzek<\/a><\/strong> a t\u00f6k\u00e9letes g\u0151z\u00f6l\u00e9si \u00e9lm\u00e9ny\u00e9rt.<\/p>","protected":false},"excerpt":{"rendered":"<div>\n<div class=\"grid-cols-1 grid gap-2.5 [&amp;_&gt;_*]:min-w-0 !gap-3.5\">\n<p class=\"whitespace-normal break-words\">Die RandM Tornado 15000 Blue Razz Cherry Einweg-Vape vereint blaue Himbeeren mit saftigen Kirschen zu einer intensiven Geschmacksbalance. Mit 15.000 Z\u00fcgen, 25ml Tank, 850mAh Akku und RGB-Beleuchtung f\u00fcr kraftvolles Dampferlebnis. Erh\u00e4ltlich in 0%, 2%, 3% und 5% Nikotin.<\/p>\n<\/div>\n<\/div>\n<div class=\"h-8\"><\/div>\n","protected":false},"featured_media":2304,"comment_status":"open","ping_status":"closed","template":"","meta":{"_acf_changed":false},"product_brand":[],"product_cat":[44],"product_tag":[],"class_list":{"0":"post-2301","1":"product","2":"type-product","3":"status-publish","4":"has-post-thumbnail","6":"product_cat-randm-tornado-15000","8":"first","9":"instock","10":"shipping-taxable","11":"purchasable","12":"product-type-variable"},"acf":[],"_links":{"self":[{"href":"https:\/\/vozolpuff.de\/hu\/wp-json\/wp\/v2\/product\/2301","targetHints":{"allow":["GET"]}}],"collection":[{"href":"https:\/\/vozolpuff.de\/hu\/wp-json\/wp\/v2\/product"}],"about":[{"href":"https:\/\/vozolpuff.de\/hu\/wp-json\/wp\/v2\/types\/product"}],"replies":[{"embeddable":true,"href":"https:\/\/vozolpuff.de\/hu\/wp-json\/wp\/v2\/comments?post=2301"}],"wp:featuredmedia":[{"embeddable":true,"href":"https:\/\/vozolpuff.de\/hu\/wp-json\/wp\/v2\/media\/2304"}],"wp:attachment":[{"href":"https:\/\/vozolpuff.de\/hu\/wp-json\/wp\/v2\/media?parent=2301"}],"wp:term":[{"taxonomy":"product_brand","embeddable":true,"href":"https:\/\/vozolpuff.de\/hu\/wp-json\/wp\/v2\/product_brand?post=2301"},{"taxonomy":"product_cat","embeddable":true,"href":"https:\/\/vozolpuff.de\/hu\/wp-json\/wp\/v2\/product_cat?post=2301"},{"taxonomy":"product_tag","embeddable":true,"href":"https:\/\/vozolpuff.de\/hu\/wp-json\/wp\/v2\/product_tag?post=2301"}],"curies":[{"name":"wp","href":"https:\/\/api.w.org\/{rel}","templated":true}]}}